{"id":10779,"date":"2019-05-22T15:46:04","date_gmt":"2019-05-22T08:46:04","guid":{"rendered":"https:\/\/havamall.vn\/?post_type=product&#038;p=10779"},"modified":"2023-09-25T14:57:04","modified_gmt":"2023-09-25T07:57:04","slug":"mut-thom-pineapple-jam-30g","status":"publish","type":"product","link":"https:\/\/havamall.vn\/en\/shop\/mut-thom-pineapple-jam-30g\/","title":{"rendered":"M\u1ee9t Th\u01a1m Golden Farm &#8211; Pineapple Jam"},"content":{"rendered":"<p>M\u1ee9t Th\u01a1m 30g v\u1edbi th\u00e0nh ph\u1ea7n tr\u00e1i th\u01a1m t\u01b0\u01a1i \u0111\u01b0\u1ee3c ch\u1ecdn l\u1ecdc k\u1ef9 c\u00e0ng c\u00f9ng h\u01b0\u01a1ng li\u1ec7u t\u1ef1 nhi\u00ean s\u1ebd mang \u0111\u1ebfn cho b\u1ea1n m\u00f3n m\u1ee9t ng\u1ecdt v\u00e0 chua v\u1eeba ph\u1ea3i, k\u00edch th\u00edch c\u1ea3m gi\u00e1c \u0103n u\u1ed1ng. S\u1ea3n ph\u1ea9m \u0111\u01b0\u1ee3c s\u1ea3n xu\u1ea5t tr\u00ean d\u00e2y chuy\u1ec1n c\u00f4ng ngh\u1ec7 hi\u1ec7n \u0111\u1ea1i, \u0111\u1ea3m b\u1ea3o ch\u1ea5t l\u01b0\u1ee3ng v\u00e0 h\u01b0\u01a1ng v\u1ecb th\u01a1m ngon, an to\u00e0n cho ng\u01b0\u1eddi s\u1eed d\u1ee5ng.<\/p>\n<p><img fetchpriority=\"high\" decoding=\"async\" class=\"size-full wp-image-10780 aligncenter\" src=\"https:\/\/havamall.vn\/wp-content\/uploads\/2019\/05\/9ec79f8a82f39377cfe07deace6baeb0.jpg\" alt=\"\" width=\"564\" height=\"846\" srcset=\"https:\/\/havamall.vn\/wp-content\/uploads\/2019\/05\/9ec79f8a82f39377cfe07deace6baeb0.jpg 564w, https:\/\/havamall.vn\/wp-content\/uploads\/2019\/05\/9ec79f8a82f39377cfe07deace6baeb0-430x645.jpg 430w, https:\/\/havamall.vn\/wp-content\/uploads\/2019\/05\/9ec79f8a82f39377cfe07deace6baeb0-150x225.jpg 150w\" sizes=\"(max-width: 564px) 100vw, 564px\" \/><br \/>\nTh\u00e0nh ph\u1ea7n ch\u00ednh l\u00e0 th\u01a1m t\u01b0\u01a1i \u0111\u01b0\u1ee3c ch\u1ecdn l\u1ef1a k\u1ef9, c\u00f9ng c\u00f4ng ngh\u1ec7 s\u1ea3n xu\u1ea5t hi\u1ec7n \u0111\u1ea1i, an to\u00e0n cho s\u1ee9c kh\u1ecfe ng\u01b0\u1eddi d\u00f9ng.<br \/>\nTh\u01a1m t\u01b0\u01a1i ch\u1ee9a nhi\u1ec1u Vitamin, ch\u1ea5t ch\u1ed1ng oxy h\u00f3a, ch\u1ea5t x\u01a1, gi\u00fap c\u01a1 th\u1ec3 kh\u1ecfe m\u1ea1nh v\u00e0 t\u1ed1t cho da c\u0169ng nh\u01b0 ng\u0103n ch\u1eb7n vi\u1ec7c l\u00e3o h\u00f3a da \u1edf ph\u1ee5 n\u1eef.<\/p>\n<p><img decoding=\"async\" class=\"size-full wp-image-10784 aligncenter\" src=\"https:\/\/havamall.vn\/wp-content\/uploads\/2019\/05\/6d252b55b712a72145779b344c7db41a.jpg\" alt=\"\" width=\"564\" height=\"846\" srcset=\"https:\/\/havamall.vn\/wp-content\/uploads\/2019\/05\/6d252b55b712a72145779b344c7db41a.jpg 564w, https:\/\/havamall.vn\/wp-content\/uploads\/2019\/05\/6d252b55b712a72145779b344c7db41a-430x645.jpg 430w, https:\/\/havamall.vn\/wp-content\/uploads\/2019\/05\/6d252b55b712a72145779b344c7db41a-150x225.jpg 150w\" sizes=\"(max-width: 564px) 100vw, 564px\" \/><\/p>\n<p>M\u00e0u s\u1eafc b\u1eaft m\u1eaft, h\u01b0\u01a1ng th\u01a1m nh\u1eb9 c\u00f9ng h\u01b0\u01a1ng v\u1ecb ngon ng\u1ecdt, k\u00edch th\u00edch v\u1ecb gi\u00e1c c\u1ee7a b\u1ea1n.<br \/>\nM\u1ee9t th\u00edch h\u1ee3p l\u00e0m b\u00e1nh kem, nh\u00e2n b\u00e1nh ng\u1ecdt, \u0103n chung v\u1edbi b\u00e1nh m\u00ec sandwich, hay kem.<\/p>","protected":false},"excerpt":{"rendered":"<p>M\u1ee9t Th\u01a1m 30g v\u1edbi th\u00e0nh ph\u1ea7n tr\u00e1i th\u01a1m t\u01b0\u01a1i \u0111\u01b0\u1ee3c ch\u1ecdn l\u1ecdc k\u1ef9 c\u00e0ng c\u00f9ng h\u01b0\u01a1ng li\u1ec7u t\u1ef1 nhi\u00ean s\u1ebd<\/p>","protected":false},"featured_media":20506,"comment_status":"open","ping_status":"closed","template":"","meta":[],"product_brand":[],"product_cat":[36,133],"product_tag":[],"class_list":{"0":"post-10779","1":"product","2":"type-product","3":"status-publish","4":"has-post-thumbnail","6":"product_cat-thuc-pham-tieu-dung","7":"product_cat-banh-keo-chocolate","8":"pa_brand-golden-farm","10":"first","11":"instock","12":"sale","13":"shipping-taxable","14":"purchasable","15":"product-type-variable","16":"has-default-attributes"},"_links":{"self":[{"href":"https:\/\/havamall.vn\/en\/wp-json\/wp\/v2\/product\/10779"}],"collection":[{"href":"https:\/\/havamall.vn\/en\/wp-json\/wp\/v2\/product"}],"about":[{"href":"https:\/\/havamall.vn\/en\/wp-json\/wp\/v2\/types\/product"}],"replies":[{"embeddable":true,"href":"https:\/\/havamall.vn\/en\/wp-json\/wp\/v2\/comments?post=10779"}],"version-history":[{"count":0,"href":"https:\/\/havamall.vn\/en\/wp-json\/wp\/v2\/product\/10779\/revisions"}],"wp:featuredmedia":[{"embeddable":true,"href":"https:\/\/havamall.vn\/en\/wp-json\/wp\/v2\/media\/20506"}],"wp:attachment":[{"href":"https:\/\/havamall.vn\/en\/wp-json\/wp\/v2\/media?parent=10779"}],"wp:term":[{"taxonomy":"product_brand","embeddable":true,"href":"https:\/\/havamall.vn\/en\/wp-json\/wp\/v2\/product_brand?post=10779"},{"taxonomy":"product_cat","embeddable":true,"href":"https:\/\/havamall.vn\/en\/wp-json\/wp\/v2\/product_cat?post=10779"},{"taxonomy":"product_tag","embeddable":true,"href":"https:\/\/havamall.vn\/en\/wp-json\/wp\/v2\/product_tag?post=10779"}],"curies":[{"name":"wp","href":"https:\/\/api.w.org\/{rel}","templated":true}]}}