{"id":10772,"date":"2019-05-22T15:35:15","date_gmt":"2019-05-22T08:35:15","guid":{"rendered":"https:\/\/havamall.vn\/?post_type=product&#038;p=10772"},"modified":"2023-09-25T14:55:36","modified_gmt":"2023-09-25T07:55:36","slug":"mut-nho-grape-jam-30g","status":"publish","type":"product","link":"https:\/\/havamall.vn\/en\/shop\/mut-nho-grape-jam-30g\/","title":{"rendered":"M\u1ee9t Nho Golden Farm &#8211; Grape Jam"},"content":{"rendered":"<p><span style=\"font-size: 12pt\">M\u1ee9t Nho Golden Farm v\u1edbi th\u00e0nh ph\u1ea7n tr\u00e1i nho t\u01b0\u01a1i \u0111\u01b0\u1ee3c ch\u1ecdn l\u1ecdc k\u1ef9 c\u00e0ng c\u00f9ng h\u01b0\u01a1ng li\u1ec7u t\u1ef1 nhi\u00ean s\u1ebd mang \u0111\u1ebfn cho b\u1ea1n m\u00f3n m\u1ee9t ng\u1ecdt v\u00e0 chua v\u1eeba ph\u1ea3i, k\u00edch th\u00edch c\u1ea3m gi\u00e1c \u0103n u\u1ed1ng. S\u1ea3n ph\u1ea9m \u0111\u01b0\u1ee3c s\u1ea3n xu\u1ea5t tr\u00ean d\u00e2y chuy\u1ec1n c\u00f4ng ngh\u1ec7 hi\u1ec7n \u0111\u1ea1i, \u0111\u1ea3m b\u1ea3o ch\u1ea5t l\u01b0\u1ee3ng v\u00e0 h\u01b0\u01a1ng v\u1ecb th\u01a1m ngon, an to\u00e0n cho ng\u01b0\u1eddi s\u1eed d\u1ee5ng,\u00a0<span style=\"color: #333333\">\u0111\u01b0\u1ee3c l\u00e0m t\u1eeb nh\u1eefng tr\u00e1i nho t\u01b0\u01a1i ngon, \u0111\u01b0\u1ee3c ch\u1ecdn l\u1ef1a k\u0129 c\u00e0ng. Nho ch\u1ee9a h\u00e0m l\u01b0\u1ee3ng cao vitamin C, ch\u1ea5t ch\u1ed1ng oxy h\u00f3a, ch\u1ea5t x\u01a1 n\u00ean r\u1ea5t t\u1ed1t cho s\u1ee9c kh\u1ecfe.<\/span><\/span><\/p>\n<p><img fetchpriority=\"high\" decoding=\"async\" class=\"wp-image-24990 aligncenter\" src=\"https:\/\/havamall.vn\/wp-content\/uploads\/2019\/05\/240390044_294-300x300.png\" alt=\"\" width=\"570\" height=\"569\" srcset=\"https:\/\/havamall.vn\/wp-content\/uploads\/2019\/05\/240390044_294-300x300.png 300w, https:\/\/havamall.vn\/wp-content\/uploads\/2019\/05\/240390044_294-430x430.png 430w, https:\/\/havamall.vn\/wp-content\/uploads\/2019\/05\/240390044_294-150x150.png 150w, https:\/\/havamall.vn\/wp-content\/uploads\/2019\/05\/240390044_294-700x700.png 700w, https:\/\/havamall.vn\/wp-content\/uploads\/2019\/05\/240390044_294-768x768.png 768w, https:\/\/havamall.vn\/wp-content\/uploads\/2019\/05\/240390044_294-1024x1024.png 1024w, https:\/\/havamall.vn\/wp-content\/uploads\/2019\/05\/240390044_294-1200x1200.png 1200w, https:\/\/havamall.vn\/wp-content\/uploads\/2019\/05\/240390044_294-600x600.png 600w, https:\/\/havamall.vn\/wp-content\/uploads\/2019\/05\/240390044_294-100x100.png 100w, https:\/\/havamall.vn\/wp-content\/uploads\/2019\/05\/240390044_294.png 2048w\" sizes=\"(max-width: 570px) 100vw, 570px\" \/><\/p>\n<p>C\u00f3 v\u1ecb chua ng\u1ecdt quy\u1ebfn r\u0169, c\u00f3 th\u1ec3 d\u00f9ng l\u00e0m b\u00e1nh ho\u1eb7c \u0103n k\u00e8m v\u1edbi b\u00e1nh m\u00ec, S\u1ea3n ph\u1ea9m \u0111\u01b0\u1ee3c \u0111\u1ef1ng trong l\u1ecd th\u1ee7y tinh n\u00ean r\u1ea5t d\u1ec5 d\u00e0ng s\u1eed d\u1ee5ng v\u00e0 b\u1ea3o qu\u1ea3n.<\/p>\n<p><img decoding=\"async\" class=\"wp-image-12429 aligncenter\" src=\"https:\/\/havamall.vn\/wp-content\/uploads\/2019\/05\/grape-jam-4-300x200.jpg\" alt=\"\" width=\"579\" height=\"386\" srcset=\"https:\/\/havamall.vn\/wp-content\/uploads\/2019\/05\/grape-jam-4-300x200.jpg 300w, https:\/\/havamall.vn\/wp-content\/uploads\/2019\/05\/grape-jam-4-430x287.jpg 430w, https:\/\/havamall.vn\/wp-content\/uploads\/2019\/05\/grape-jam-4-150x100.jpg 150w, https:\/\/havamall.vn\/wp-content\/uploads\/2019\/05\/grape-jam-4.jpg 600w\" sizes=\"(max-width: 579px) 100vw, 579px\" \/><\/p>\n<p>S\u1ea3n ph\u1ea9m \u0111\u01b0\u1ee3c s\u1ea3n xu\u1ea5t tr\u00ean d\u00e2y chuy\u1ec1n c\u00f4ng ngh\u1ec7 hi\u1ec7n \u0111\u1ea1i c\u1ee7a Golden Farm n\u00ean \u0111\u1ea3m b\u1ea3o v\u1ec7 sinh an to\u00e0n th\u1ef1c ph\u1ea9m. Ng\u01b0\u1eddi ti\u00eau d\u00f9ng c\u00f3 th\u1ec3 ho\u00e0n to\u00e0n y\u00ean t\u00e2m khi l\u1ef1a ch\u1ecdn s\u1ea3n ph\u1ea9m \u0111\u1ec3 s\u1eed d\u1ee5ng trong gia \u0111\u00ecnh c\u0169ng nh\u01b0 trong c\u00e1c chuy\u1ebfn d\u00e3 ngo\u1ea1i c\u00f9ng b\u1ea1n b\u00e8.<\/p>\n<p><img decoding=\"async\" class=\"wp-image-24991 aligncenter\" src=\"https:\/\/havamall.vn\/wp-content\/uploads\/2019\/05\/241433282_-300x300.png\" alt=\"\" width=\"575\" height=\"574\" srcset=\"https:\/\/havamall.vn\/wp-content\/uploads\/2019\/05\/241433282_-300x300.png 300w, https:\/\/havamall.vn\/wp-content\/uploads\/2019\/05\/241433282_-430x430.png 430w, https:\/\/havamall.vn\/wp-content\/uploads\/2019\/05\/241433282_-150x150.png 150w, https:\/\/havamall.vn\/wp-content\/uploads\/2019\/05\/241433282_-700x700.png 700w, https:\/\/havamall.vn\/wp-content\/uploads\/2019\/05\/241433282_-768x768.png 768w, https:\/\/havamall.vn\/wp-content\/uploads\/2019\/05\/241433282_-1024x1024.png 1024w, https:\/\/havamall.vn\/wp-content\/uploads\/2019\/05\/241433282_-1200x1199.png 1200w, https:\/\/havamall.vn\/wp-content\/uploads\/2019\/05\/241433282_-600x600.png 600w, https:\/\/havamall.vn\/wp-content\/uploads\/2019\/05\/241433282_-100x100.png 100w, https:\/\/havamall.vn\/wp-content\/uploads\/2019\/05\/241433282_.png 2048w\" sizes=\"(max-width: 575px) 100vw, 575px\" \/><\/p>","protected":false},"excerpt":{"rendered":"<p>M\u1ee9t Nho Golden Farm v\u1edbi th\u00e0nh ph\u1ea7n tr\u00e1i nho t\u01b0\u01a1i \u0111\u01b0\u1ee3c ch\u1ecdn l\u1ecdc k\u1ef9 c\u00e0ng c\u00f9ng h\u01b0\u01a1ng li\u1ec7u t\u1ef1 nhi\u00ean<\/p>","protected":false},"featured_media":20508,"comment_status":"open","ping_status":"closed","template":"","meta":[],"product_brand":[],"product_cat":[36,133],"product_tag":[],"class_list":{"0":"post-10772","1":"product","2":"type-product","3":"status-publish","4":"has-post-thumbnail","6":"product_cat-thuc-pham-tieu-dung","7":"product_cat-banh-keo-chocolate","8":"pa_brand-golden-farm","10":"first","11":"instock","12":"sale","13":"shipping-taxable","14":"purchasable","15":"product-type-variable","16":"has-default-attributes"},"_links":{"self":[{"href":"https:\/\/havamall.vn\/en\/wp-json\/wp\/v2\/product\/10772"}],"collection":[{"href":"https:\/\/havamall.vn\/en\/wp-json\/wp\/v2\/product"}],"about":[{"href":"https:\/\/havamall.vn\/en\/wp-json\/wp\/v2\/types\/product"}],"replies":[{"embeddable":true,"href":"https:\/\/havamall.vn\/en\/wp-json\/wp\/v2\/comments?post=10772"}],"version-history":[{"count":0,"href":"https:\/\/havamall.vn\/en\/wp-json\/wp\/v2\/product\/10772\/revisions"}],"wp:featuredmedia":[{"embeddable":true,"href":"https:\/\/havamall.vn\/en\/wp-json\/wp\/v2\/media\/20508"}],"wp:attachment":[{"href":"https:\/\/havamall.vn\/en\/wp-json\/wp\/v2\/media?parent=10772"}],"wp:term":[{"taxonomy":"product_brand","embeddable":true,"href":"https:\/\/havamall.vn\/en\/wp-json\/wp\/v2\/product_brand?post=10772"},{"taxonomy":"product_cat","embeddable":true,"href":"https:\/\/havamall.vn\/en\/wp-json\/wp\/v2\/product_cat?post=10772"},{"taxonomy":"product_tag","embeddable":true,"href":"https:\/\/havamall.vn\/en\/wp-json\/wp\/v2\/product_tag?post=10772"}],"curies":[{"name":"wp","href":"https:\/\/api.w.org\/{rel}","templated":true}]}}