{"id":10767,"date":"2019-05-22T15:22:45","date_gmt":"2019-05-22T08:22:45","guid":{"rendered":"https:\/\/havamall.vn\/?post_type=product&#038;p=10767"},"modified":"2023-09-13T15:38:44","modified_gmt":"2023-09-13T08:38:44","slug":"mut-cam-orange-jam-30g","status":"publish","type":"product","link":"https:\/\/havamall.vn\/en\/shop\/mut-cam-orange-jam-30g\/","title":{"rendered":"M\u1ee9t Cam Golden Farm &#8211; Orange Jam"},"content":{"rendered":"<p>M\u1ee9t Cam Golden Fram<span style=\"color: #333333;font-size: 12pt\">\u00a0v\u1edbi th\u00e0nh ph\u1ea7n cam t\u01b0\u01a1i \u0111\u01b0\u1ee3c ch\u1ecdn l\u1ecdc k\u1ef9 c\u00e0ng s\u1ebd mang \u0111\u1ebfn cho b\u1ea1n m\u00f3n m\u1ee9t ng\u1ecdt ng\u1ecdt chua chua, k\u00edch th\u00edch c\u1ea3m gi\u00e1c \u0103n u\u1ed1ng. S\u1ea3n ph\u1ea9m \u0111\u01b0\u1ee3c s\u1ea3n xu\u1ea5t tr\u00ean d\u00e2y chuy\u1ec1n c\u00f4ng ngh\u1ec7 hi\u1ec7n \u0111\u1ea1i, \u0111\u1ea3m b\u1ea3o ch\u1ea5t l\u01b0\u1ee3ng v\u00e0 h\u01b0\u01a1ng v\u1ecb th\u01a1m ngon.\u00a0<\/span><\/p>\n<p><img fetchpriority=\"high\" decoding=\"async\" class=\"size-full wp-image-10768 aligncenter\" src=\"https:\/\/havamall.vn\/wp-content\/uploads\/2019\/05\/76a40566802328b74ecfd6502ee12d0c.jpg\" alt=\"\" width=\"564\" height=\"842\" srcset=\"https:\/\/havamall.vn\/wp-content\/uploads\/2019\/05\/76a40566802328b74ecfd6502ee12d0c.jpg 564w, https:\/\/havamall.vn\/wp-content\/uploads\/2019\/05\/76a40566802328b74ecfd6502ee12d0c-430x642.jpg 430w, https:\/\/havamall.vn\/wp-content\/uploads\/2019\/05\/76a40566802328b74ecfd6502ee12d0c-150x224.jpg 150w\" sizes=\"(max-width: 564px) 100vw, 564px\" \/><\/p>\n<p>Th\u00e0nh ph\u1ea7n ch\u00ednh tr\u00e1i d\u00e2u ch\u00edn m\u1ecdng \u0111\u00e3 qua s\u00e0ng l\u1ecdc v\u00e0 ki\u1ec3m tra k\u1ef9 l\u01b0\u1ee1ng. H\u01b0\u01a1ng v\u1ecb ng\u1ecdt ng\u1ecdt, chua chua k\u00edch th\u00edch c\u1ea3m gi\u00e1c v\u1ecb gi\u00e1c. M\u00e0u s\u1eafc b\u1eaft m\u1eafc, thu h\u00fat \u00e1nh nh\u00ecn v\u00e0 c\u1ea3m gi\u00e1c mu\u1ed1n \u0103n.<\/p>\n<p><img decoding=\"async\" class=\"wp-image-12193 aligncenter\" src=\"https:\/\/havamall.vn\/wp-content\/uploads\/2019\/05\/6d252b55b712a72145779b344c7db41a-1-200x300.jpg\" alt=\"\" width=\"540\" height=\"811\" srcset=\"https:\/\/havamall.vn\/wp-content\/uploads\/2019\/05\/6d252b55b712a72145779b344c7db41a-1-200x300.jpg 200w, https:\/\/havamall.vn\/wp-content\/uploads\/2019\/05\/6d252b55b712a72145779b344c7db41a-1-430x645.jpg 430w, https:\/\/havamall.vn\/wp-content\/uploads\/2019\/05\/6d252b55b712a72145779b344c7db41a-1-150x225.jpg 150w, https:\/\/havamall.vn\/wp-content\/uploads\/2019\/05\/6d252b55b712a72145779b344c7db41a-1.jpg 564w\" sizes=\"(max-width: 540px) 100vw, 540px\" \/><\/p>\n<p>S\u1ea3n ph\u1ea9m s\u1ea3n xu\u1ea5t tr\u00ean d\u00e2y chuy\u1ec1n c\u00f4ng ngh\u1ec7 hi\u1ec7n \u0111\u1ea1i, an to\u00e0n cho ng\u01b0\u1eddi s\u1eed d\u1ee5ng. \u0110\u00f3ng g\u00f3i bao b\u00ec c\u1ea9n th\u1eadn v\u00e0 ki\u1ec3m tra nghi\u00eam ng\u1eb7t.<\/p>\n<p style=\"color: #333333;font-size: 13px\"><span style=\"font-size: 12pt\">Th\u00e0nh ph\u1ea7n ch\u00ednh tr\u00e1i cam t\u01b0\u01a1i \u0111\u00e3 qua s\u00e0ng l\u1ecdc v\u00e0 ki\u1ec3m tra k\u1ef9 l\u01b0\u1ee1ng<\/span><\/p>","protected":false},"excerpt":{"rendered":"<p>M\u1ee9t Cam Golden Fram\u00a0v\u1edbi th\u00e0nh ph\u1ea7n cam t\u01b0\u01a1i \u0111\u01b0\u1ee3c ch\u1ecdn l\u1ecdc k\u1ef9 c\u00e0ng s\u1ebd mang \u0111\u1ebfn cho b\u1ea1n m\u00f3n m\u1ee9t<\/p>","protected":false},"featured_media":32447,"comment_status":"open","ping_status":"closed","template":"","meta":[],"product_brand":[],"product_cat":[130,36,133],"product_tag":[],"class_list":{"0":"post-10767","1":"product","2":"type-product","3":"status-publish","4":"has-post-thumbnail","6":"product_cat-khuyen-mai","7":"product_cat-thuc-pham-tieu-dung","8":"product_cat-banh-keo-chocolate","9":"pa_brand-golden-farm","11":"first","12":"instock","13":"sale","14":"shipping-taxable","15":"purchasable","16":"product-type-variable","17":"has-default-attributes"},"_links":{"self":[{"href":"https:\/\/havamall.vn\/en\/wp-json\/wp\/v2\/product\/10767"}],"collection":[{"href":"https:\/\/havamall.vn\/en\/wp-json\/wp\/v2\/product"}],"about":[{"href":"https:\/\/havamall.vn\/en\/wp-json\/wp\/v2\/types\/product"}],"replies":[{"embeddable":true,"href":"https:\/\/havamall.vn\/en\/wp-json\/wp\/v2\/comments?post=10767"}],"version-history":[{"count":0,"href":"https:\/\/havamall.vn\/en\/wp-json\/wp\/v2\/product\/10767\/revisions"}],"wp:featuredmedia":[{"embeddable":true,"href":"https:\/\/havamall.vn\/en\/wp-json\/wp\/v2\/media\/32447"}],"wp:attachment":[{"href":"https:\/\/havamall.vn\/en\/wp-json\/wp\/v2\/media?parent=10767"}],"wp:term":[{"taxonomy":"product_brand","embeddable":true,"href":"https:\/\/havamall.vn\/en\/wp-json\/wp\/v2\/product_brand?post=10767"},{"taxonomy":"product_cat","embeddable":true,"href":"https:\/\/havamall.vn\/en\/wp-json\/wp\/v2\/product_cat?post=10767"},{"taxonomy":"product_tag","embeddable":true,"href":"https:\/\/havamall.vn\/en\/wp-json\/wp\/v2\/product_tag?post=10767"}],"curies":[{"name":"wp","href":"https:\/\/api.w.org\/{rel}","templated":true}]}}