{"id":10760,"date":"2019-05-22T15:13:45","date_gmt":"2019-05-22T08:13:45","guid":{"rendered":"https:\/\/havamall.vn\/?post_type=product&#038;p=10760"},"modified":"2023-09-25T14:54:33","modified_gmt":"2023-09-25T07:54:33","slug":"mut-dau-strawberry-jam-30g","status":"publish","type":"product","link":"https:\/\/havamall.vn\/en\/shop\/mut-dau-strawberry-jam-30g\/","title":{"rendered":"M\u1ee9t D\u00e2u Golden Farm &#8211; Strawberry Jam"},"content":{"rendered":"<p>M\u1ee9t D\u00e2u Golden Fram l\u00e0 m\u1ed9t nguy\u00ean li\u1ec7u th\u01a1m ngon trong ch\u1ebf bi\u1ebfn c\u00e1c m\u00f3n \u0103n nhanh ho\u1eb7c l\u00e0m b\u00e1nh, gi\u00fap ng\u01b0\u1eddi n\u1ed9i tr\u1ee3 ti\u1ebft ki\u1ec7m th\u1eddi gian v\u00e0 c\u00f4ng s\u1ee9c.S\u1ea3n ph\u1ea9m \u0111\u01b0\u1ee3c l\u00e0m t\u1eeb nguy\u00ean li\u1ec7u t\u1ef1 nhi\u00ean, an to\u00e0n nh\u01b0: tr\u00e1i d\u00e2u, \u0111\u01b0\u1eddng m\u00eda, m\u1ea1ch nha, n\u01b0\u1edbc,&#8230; n\u00ean b\u1ea1n c\u00f3 th\u1ec3 ho\u00e0n to\u00e0n an t\u00e2m v\u1ec1 s\u1ee9c kh\u1ecfe khi s\u1eed d\u1ee5ng, \u0111\u1eb7c bi\u1ec7t v\u1edbi tr\u1ebb nh\u1ecf.<\/p>\n<p><img fetchpriority=\"high\" decoding=\"async\" class=\"wp-image-12195 aligncenter\" src=\"https:\/\/havamall.vn\/wp-content\/uploads\/2019\/05\/9758d5166510b77e01d069ca08c25d52-200x300.jpg\" alt=\"\" width=\"420\" height=\"629\" srcset=\"https:\/\/havamall.vn\/wp-content\/uploads\/2019\/05\/9758d5166510b77e01d069ca08c25d52-200x300.jpg 200w, https:\/\/havamall.vn\/wp-content\/uploads\/2019\/05\/9758d5166510b77e01d069ca08c25d52-430x644.jpg 430w, https:\/\/havamall.vn\/wp-content\/uploads\/2019\/05\/9758d5166510b77e01d069ca08c25d52-150x225.jpg 150w, https:\/\/havamall.vn\/wp-content\/uploads\/2019\/05\/9758d5166510b77e01d069ca08c25d52.jpg 564w\" sizes=\"(max-width: 420px) 100vw, 420px\" \/><\/p>\n<div>\n<div><\/div>\n<\/div>\n<div>V\u1edbi h\u01b0\u01a1ng v\u1ecb chua chua, ng\u1ecdt d\u1ecbu, s\u1ea3n ph\u1ea9m gi\u00fap b\u1ea1n ch\u1ebf bi\u1ebfn nh\u1eefng m\u00f3n \u0103n nhanh &#8211; g\u1ecdn &#8211; nh\u1eb9 cho b\u1eefa s\u00e1ng, b\u1eefa x\u1ebf ho\u1eb7c nh\u1eefng m\u00f3n \u0103n v\u1eb7t cho b\u00e9 y\u00eau v\u00e0 gia \u0111\u00ecnh. L\u1ecd 30g nh\u1ecf g\u1ecdn gi\u00fap ti\u1ebft ki\u1ec7m di\u1ec7n t\u00edch, kh\u00f4ng gian c\u0103n b\u1ebfp ho\u1eb7c thu\u1eadn ti\u1ec7n mang theo cho nh\u1eefng chuy\u1ebfn d\u00e3 ngo\u1ea1i.<\/div>\n<div><\/div>\n<div>\n<p><img decoding=\"async\" class=\"wp-image-12196 aligncenter\" src=\"https:\/\/havamall.vn\/wp-content\/uploads\/2019\/05\/849f71fa9be25717ebdd8541444e5d21-200x300.jpg\" alt=\"\" width=\"417\" height=\"626\" srcset=\"https:\/\/havamall.vn\/wp-content\/uploads\/2019\/05\/849f71fa9be25717ebdd8541444e5d21-200x300.jpg 200w, https:\/\/havamall.vn\/wp-content\/uploads\/2019\/05\/849f71fa9be25717ebdd8541444e5d21-430x645.jpg 430w, https:\/\/havamall.vn\/wp-content\/uploads\/2019\/05\/849f71fa9be25717ebdd8541444e5d21-150x225.jpg 150w, https:\/\/havamall.vn\/wp-content\/uploads\/2019\/05\/849f71fa9be25717ebdd8541444e5d21.jpg 480w\" sizes=\"(max-width: 417px) 100vw, 417px\" \/><\/p>\n<\/div>\n<p>M\u1ee9t D\u00e2u Golden Farm 30g v\u1edbi th\u00e0nh ph\u1ea7n d\u00e2u t\u01b0\u01a1i \u0111\u01b0\u1ee3c ch\u1ecdn l\u1ecdc k\u1ef9 c\u00e0ng s\u1ebd mang \u0111\u1ebfn cho b\u1ea1n m\u00f3n m\u1ee9t ng\u1ecdt ng\u1ecdt chua chua, k\u00edch th\u00edch c\u1ea3m gi\u00e1c \u0103n u\u1ed1ng. S\u1ea3n ph\u1ea9m \u0111\u01b0\u1ee3c s\u1ea3n xu\u1ea5t tr\u00ean d\u00e2y chuy\u1ec1n c\u00f4ng ngh\u1ec7 hi\u1ec7n \u0111\u1ea1i, \u0111\u1ea3m b\u1ea3o ch\u1ea5t l\u01b0\u1ee3ng v\u00e0 h\u01b0\u01a1ng v\u1ecb th\u01a1m ngon. Th\u00e0nh ph\u1ea7n ch\u00ednh tr\u00e1i d\u00e2u ch\u00edn m\u1ecdng \u0111\u00e3 qua s\u00e0ng l\u1ecdc v\u00e0 ki\u1ec3m tra k\u1ef9 l\u01b0\u1ee1ng. H\u01b0\u01a1ng v\u1ecb ng\u1ecdt ng\u1ecdt, chua chua k\u00edch th\u00edch c\u1ea3m gi\u00e1c v\u1ecb gi\u00e1c. M\u00e0u s\u1eafc b\u1eaft m\u1eafc, thu h\u00fat \u00e1nh nh\u00ecn v\u00e0 c\u1ea3m gi\u00e1c mu\u1ed1n \u0103n. S\u1ea3n ph\u1ea9m s\u1ea3n xu\u1ea5t tr\u00ean d\u00e2y chuy\u1ec1n c\u00f4ng ngh\u1ec7 hi\u1ec7n \u0111\u1ea1i, an to\u00e0n cho ng\u01b0\u1eddi s\u1eed d\u1ee5ng. \u0110\u00f3ng g\u00f3i bao b\u00ec c\u1ea9n th\u1eadn v\u00e0 ki\u1ec3m tra nghi\u00eam ng\u1eb7t.<\/p>\n<div>\n<div style=\"color: transparent\"><\/div>\n<\/div>","protected":false},"excerpt":{"rendered":"<p>M\u1ee9t D\u00e2u Golden Fram l\u00e0 m\u1ed9t nguy\u00ean li\u1ec7u th\u01a1m ngon trong ch\u1ebf bi\u1ebfn c\u00e1c m\u00f3n \u0103n nhanh ho\u1eb7c l\u00e0m b\u00e1nh,<\/p>","protected":false},"featured_media":20511,"comment_status":"open","ping_status":"closed","template":"","meta":[],"product_brand":[],"product_cat":[36,133],"product_tag":[],"class_list":{"0":"post-10760","1":"product","2":"type-product","3":"status-publish","4":"has-post-thumbnail","6":"product_cat-thuc-pham-tieu-dung","7":"product_cat-banh-keo-chocolate","8":"pa_brand-golden-farm","10":"first","11":"instock","12":"sale","13":"shipping-taxable","14":"purchasable","15":"product-type-variable","16":"has-default-attributes"},"_links":{"self":[{"href":"https:\/\/havamall.vn\/en\/wp-json\/wp\/v2\/product\/10760"}],"collection":[{"href":"https:\/\/havamall.vn\/en\/wp-json\/wp\/v2\/product"}],"about":[{"href":"https:\/\/havamall.vn\/en\/wp-json\/wp\/v2\/types\/product"}],"replies":[{"embeddable":true,"href":"https:\/\/havamall.vn\/en\/wp-json\/wp\/v2\/comments?post=10760"}],"version-history":[{"count":0,"href":"https:\/\/havamall.vn\/en\/wp-json\/wp\/v2\/product\/10760\/revisions"}],"wp:featuredmedia":[{"embeddable":true,"href":"https:\/\/havamall.vn\/en\/wp-json\/wp\/v2\/media\/20511"}],"wp:attachment":[{"href":"https:\/\/havamall.vn\/en\/wp-json\/wp\/v2\/media?parent=10760"}],"wp:term":[{"taxonomy":"product_brand","embeddable":true,"href":"https:\/\/havamall.vn\/en\/wp-json\/wp\/v2\/product_brand?post=10760"},{"taxonomy":"product_cat","embeddable":true,"href":"https:\/\/havamall.vn\/en\/wp-json\/wp\/v2\/product_cat?post=10760"},{"taxonomy":"product_tag","embeddable":true,"href":"https:\/\/havamall.vn\/en\/wp-json\/wp\/v2\/product_tag?post=10760"}],"curies":[{"name":"wp","href":"https:\/\/api.w.org\/{rel}","templated":true}]}}