{"id":10688,"date":"2019-05-14T12:02:01","date_gmt":"2019-05-14T05:02:01","guid":{"rendered":"https:\/\/havamall.vn\/?post_type=product&#038;p=10688"},"modified":"2021-06-24T15:40:23","modified_gmt":"2021-06-24T08:40:23","slug":"cao-quy-linh-dai-loan-du-vi","status":"publish","type":"product","link":"https:\/\/havamall.vn\/en\/shop\/cao-quy-linh-dai-loan-du-vi\/","title":{"rendered":"Cao Quy Linh \u0110\u00e0i Loan \u0110\u1ee7 V\u1ecb"},"content":{"rendered":"<p>Cao quy linh hay c\u00f2n l\u00e0 quy ph\u1ee5c linh, th\u1ea1ch r\u00f9a, th\u1ea1ch \u0111\u1ed3i m\u1ed3i l\u00e0 m\u1ed9t lo\u1ea1i thu\u1ed1c \u0110\u00f4ng y d\u1ea1ng th\u1ea1ch, c\u0169ng \u0111\u01b0\u1ee3c ph\u1ee5c v\u1ee5 nh\u01b0 m\u00f3n tr\u00e1ng mi\u1ec7ng, l\u00e0 \u0111\u1eb7c s\u1ea3n c\u1ee7a ng\u01b0\u1eddi Hoa v\u00f9ng Ng\u00f4 Ch\u00e2u (Qu\u1ea3ng T\u00e2y), \u0111\u1ed3ng th\u1eddi c\u0169ng l\u00e0 m\u00f3n \u1ea9m th\u1ef1c truy\u1ec1n th\u1ed1ng c\u1ee7a v\u00f9ng L\u01b0\u1ee1ng Qu\u1ea3ng.<\/p>\n<p><img fetchpriority=\"high\" decoding=\"async\" class=\"aligncenter\" src=\"https:\/\/havamall.vn\/wp-content\/uploads\/2019\/05\/TB2SJlpmqmgSKJjSsphXXcy1VXa_!!2451635884.jpg\" width=\"623\" height=\"968\" \/><\/p>\n<p>Cao quy linh \u0111\u01b0\u1ee3c coi l\u00e0 m\u1ed9t m\u00f3n \u0103n d\u01b0\u1ee3c thi\u1ec7n, theo \u0111\u00f4ng y th\u00ec Cao quy linh \u0103n m\u00e1t,c\u00f3 t\u00ednh thanh nhi\u1ec7t, tr\u1eeb th\u1ea5p, ti\u00eau m\u1ee5n, d\u01b0\u1ee1ng nhan nhu\u1eadn tr\u01b0\u1eddng, n\u00ean gi\u00e0 tr\u1ebb l\u1edbn b\u00e9 \u0111\u1ec1u th\u00edch h\u1ee3p,nh\u01b0ng v\u00ec quy linh cao c\u00f3 t\u00ednh m\u00e1t v\u00e0 gi\u1ea3i \u0111\u1ed9c, n\u00ean ph\u1ee5 n\u1eef c\u00f3 thai kh\u00f4ng n\u00ean d\u00f9ng hay nh\u1eefng ng\u01b0\u1eddi c\u00f3 th\u1ec3 ch\u1ea5t y\u1ebfu c\u0169ng kh\u00f4ng n\u00ean \u0103n d\u00f9ng.<\/p>\n<p><img decoding=\"async\" class=\"aligncenter\" src=\"https:\/\/havamall.vn\/wp-content\/uploads\/2019\/05\/TB2JTaNa5P85uJjSZFIXXXISXXa_!!2451635884.jpg\" width=\"633\" height=\"805\" \/><\/p>\n<p>Cao quy linh tho\u1ea1t nh\u00ecn tr\u00f4ng gi\u1ed1ng nh\u01b0 s\u01b0\u01a1ng s\u00e1o, nh\u01b0ng c\u00f3 v\u1ecb h\u01a1i \u0111\u1eafng, m\u00e0u \u0111en, m\u1ec1m v\u00e0 dai h\u01a1n s\u01b0\u01a1ng s\u00e1o, c\u00f3 l\u1ebd l\u00e0 do v\u1ecb \u0111\u1eafng c\u1ee7a b\u1ed3 c\u00f4ng anh v\u00e0 kim ng\u00e2n hoa h\u1ee3p l\u1ea1i.\u00a0Khi \u0103n th\u01b0\u1eddng \u0111\u01b0\u1ee3c d\u00f9ng v\u1edbi m\u1eadt ong ho\u1eb7c s\u1eefa \u0111\u1ec3 b\u1edbt v\u1ecb \u0111\u1eafng.\u00a0Cao quy linh c\u00f3 th\u1ec3 l\u00e0m \u0111\u01b0\u1ee3c nhi\u1ec1u m\u00f3n tr\u00e1ng mi\u1ec7ng nh\u01b0 d\u00f9ng v\u1edbi tr\u00e1i c\u00e2y, \u0103n v\u1eeba m\u00e1t v\u1eeba l\u1ea1nh, hay m\u00f3n ch\u00e8 h\u1ea1t sen n\u1ea5m tuy\u1ebft v\u1edbi quy linh cao c\u0169ng r\u1ea5t ngon.<\/p>\n<p><img decoding=\"async\" class=\"aligncenter\" src=\"https:\/\/havamall.vn\/wp-content\/uploads\/2019\/05\/TB21NuEqrsTMeJjSszgXXacpFXa_!!2451635884.jpg\" width=\"535\" height=\"999\" \/><\/p>\n<p>&nbsp;<\/p>\n<p>&nbsp;<\/p>","protected":false},"excerpt":{"rendered":"<p>V\u1ecb ngon ng\u1ecdt beo b\u00e9o c\u1ee7a s\u1eefa v\u00e0 m\u1eadt ong \u0111i c\u00f9ng l\u00e0m gi\u1ea3m \u0111i v\u1ecb h\u01a1i nh\u1eabn v\u1ed1n c\u00f3 c\u1ee7a m\u00f3n \u0103n v\u1eeba ngon v\u1eeba b\u1ed5 d\u01b0\u1ee1ng n\u00e0y. M\u00f9i v\u1ecb g\u1ea7n gi\u1ed1ng nh\u01b0 s\u01b0\u01a1ng s\u00e1o nh\u01b0ng ngon v\u00e0 dai m\u1ecbn h\u01a1n.<\/p>","protected":false},"featured_media":10703,"comment_status":"open","ping_status":"closed","template":"","meta":[],"product_brand":[],"product_cat":[36,143],"product_tag":[],"class_list":{"0":"post-10688","1":"product","2":"type-product","3":"status-publish","4":"has-post-thumbnail","6":"product_cat-thuc-pham-tieu-dung","7":"product_cat-thuc-pham-dong-hop","9":"first","10":"outofstock","11":"sale","12":"shipping-taxable","13":"purchasable","14":"product-type-variable"},"_links":{"self":[{"href":"https:\/\/havamall.vn\/en\/wp-json\/wp\/v2\/product\/10688"}],"collection":[{"href":"https:\/\/havamall.vn\/en\/wp-json\/wp\/v2\/product"}],"about":[{"href":"https:\/\/havamall.vn\/en\/wp-json\/wp\/v2\/types\/product"}],"replies":[{"embeddable":true,"href":"https:\/\/havamall.vn\/en\/wp-json\/wp\/v2\/comments?post=10688"}],"version-history":[{"count":0,"href":"https:\/\/havamall.vn\/en\/wp-json\/wp\/v2\/product\/10688\/revisions"}],"wp:featuredmedia":[{"embeddable":true,"href":"https:\/\/havamall.vn\/en\/wp-json\/wp\/v2\/media\/10703"}],"wp:attachment":[{"href":"https:\/\/havamall.vn\/en\/wp-json\/wp\/v2\/media?parent=10688"}],"wp:term":[{"taxonomy":"product_brand","embeddable":true,"href":"https:\/\/havamall.vn\/en\/wp-json\/wp\/v2\/product_brand?post=10688"},{"taxonomy":"product_cat","embeddable":true,"href":"https:\/\/havamall.vn\/en\/wp-json\/wp\/v2\/product_cat?post=10688"},{"taxonomy":"product_tag","embeddable":true,"href":"https:\/\/havamall.vn\/en\/wp-json\/wp\/v2\/product_tag?post=10688"}],"curies":[{"name":"wp","href":"https:\/\/api.w.org\/{rel}","templated":true}]}}