{"id":10685,"date":"2019-05-14T11:58:26","date_gmt":"2019-05-14T04:58:26","guid":{"rendered":"https:\/\/havamall.vn\/?post_type=product&#038;p=10685"},"modified":"2025-10-19T08:20:11","modified_gmt":"2025-10-19T01:20:11","slug":"banh-quy-trung-muoi-dai-loan-salted-egg-yolk-malt-sugar-biscuit-180g","status":"publish","type":"product","link":"https:\/\/havamall.vn\/en\/shop\/banh-quy-trung-muoi-dai-loan-salted-egg-yolk-malt-sugar-biscuit-180g\/","title":{"rendered":"B\u00e1nh Quy Tr\u1ee9ng Mu\u1ed1i \u0110\u00e0i Loan &#8211; Salted Egg Yolk Malt Sugar Biscuit"},"content":{"rendered":"<p>B\u00e1nh quy tr\u1ee9ng mu\u1ed1i \u0110\u00e0i Loan Taiwan 180g &#8211; B\u00e1nh ngon c\u1ef1c \u0111\u1ec9nh, d\u1ec5 g\u00e2y nghi\u1ec7n c\u1ef1c HOT \u0111\u01b0\u1ee3c c\u00e1c b\u1ea1n tr\u1ebb s\u0103n l\u00f9ng. Chi\u1ebfc b\u00e1nh quy gi\u00f2n k\u1eb9p l\u1edbp nh\u00e2n tr\u1ee9ng mu\u1ed1i th\u01a1m l\u1eebng, s\u00e1nh d\u1ebbo m\u1ea1ch nha, ngon kh\u00f3 c\u01b0\u1ee1ng. H\u01b0\u01a1ng v\u1ecb c\u1ee7a b\u00e1nh chinh ph\u1ee5c \u0111\u01b0\u1ee3c kh\u1ea9u v\u1ecb tr\u1ebb em c\u0169ng nh\u01b0 ng\u01b0\u1eddi l\u1edbn, ng\u00e0y c\u00e0ng \u0111\u01b0\u1ee3c nhi\u1ec1u ng\u01b0\u1eddi l\u1ef1a ch\u1ecdn.<\/p>\n<p>Gi\u1edbi thi\u1ec7u B\u00e1nh quy tr\u1ee9ng mu\u1ed1i \u0110\u00e0i Loan<\/p>\n<p><strong>\u00a0<\/strong>B\u00e1nh quy tr\u1ee9ng mu\u1ed1i c\u1ee7a \u0110\u00e0i Loan\u00a0\u0111\u01b0\u1ee3c t\u00edn \u0111\u1ed3 \u0103n v\u1eb7t s\u0103n l\u00f9ng kh\u1eafp n\u01a1i. B\u00e1nh h\u01b0\u01a1ng v\u1ecb th\u01a1m ngon, l\u1ea1 mi\u1ec7ng. N\u1ebfu b\u1ea1n y\u00eau th\u00edch v\u1ecb tr\u1ee9ng mu\u1ed1i th\u00ec ch\u1eafc ch\u1eafn kh\u00f4ng \u0111\u01b0\u1ee3c b\u1ecf qua lo\u1ea1i b\u00e1nh n\u00e0y.<\/p>\n<p><img fetchpriority=\"high\" decoding=\"async\" class=\"aligncenter\" src=\"https:\/\/havamall.com\/wp-content\/uploads\/2025\/10\/e97196a4b83aa3a30b30a0431edc459b.jpg\" alt=\"B\u00e1nh quy tr\u1ee9ng mu\u1ed1i \u0110\u00e0i Loan\" width=\"661\" height=\"661\" \/><\/p>\n<p>B\u00e1nh quy tr\u1ee9ng mu\u1ed1i Taiwan\u00a0l\u00e0 lo\u1ea1i b\u00e1nh \u0111\u1ecba ph\u01b0\u01a1ng \u1edf \u0110\u00e0i Loan, n\u1ed5i ti\u1ebfng kh\u1eafp khu v\u1ef1c \u00c1 \u0110\u00f4ng. B\u00e1nh mang h\u01b0\u01a1ng v\u1ecb \u0111\u1eb7c tr\u01b0ng kh\u00f3 t\u00ecm th\u1ea5y \u1edf m\u1ed9t lo\u1ea1i b\u00e1nh n\u00e0o kh\u00e1c, c\u0169ng r\u1ea5t d\u1ec5 g\u00e2y nghi\u1ec7n.<\/p>\n<p>N\u1ebfu ch\u01b0a t\u1eebng \u0111\u01b0\u1ee3c th\u01b0\u1edfng th\u1ee9c lo\u1ea1i b\u00e1nh quy ngon n\u1ed5i ti\u1ebfng n\u00e0y th\u00ec nhanh ch\u00f3ng th\u1eed ngay nh\u00e9, ch\u1eafc ch\u1eafn s\u1ebd l\u00e0m b\u1ea1n h\u00e0i l\u00f2ng.<\/p>\n<p>\u0110\u1eb7c tr\u01b0ng c\u1ee7a B\u00e1nh quy tr\u1ee9ng mu\u1ed1i \u0110\u00e0i Loan<\/p>\n<p><img decoding=\"async\" class=\"aligncenter\" src=\"https:\/\/havamall.com\/wp-content\/uploads\/2025\/10\/banh-quy-trung-muoi-dai-loan-bao-nhieu-calo-2.jpg\" alt=\"B\u00e1nh quy tr\u1ee9ng mu\u1ed1i \u0110\u00e0i Loan bao nhi\u00eau calo? C\u00f3 t\u1ed1t kh\u00f4ng?\" \/><\/p>\n<p><b>\u00a0<\/b>B\u00e1nh quy tr\u1ee9ng \u0110\u00e0i Loan 180g\u00a0c\u00f3 h\u01b0\u01a1ng v\u1ecb th\u01a1m ngon \u0111\u1eb7c bi\u1ec7t. Chi\u1ebfc b\u00e1nh quy th\u01a1m n\u1ee9c m\u00f9i\u00a0tr\u1ee9ng mu\u1ed1i\u00a0ngay t\u1eeb khi m\u1edf v\u1ecf, gi\u00f2n gi\u00f2n, m\u1eb7n m\u1eb7n, h\u1ea5p d\u1eabn v\u00f4 c\u00f9ng.<\/p>\n<p><strong>\u00a0<\/strong>L\u1edbp nh\u00e2n \u1edf gi\u1eefa s\u00e1nh quy\u1ec7n m\u1ea1ch nha v\u00e0 tr\u1ee9ng mu\u1ed1i \u0111\u01b0\u1ee3c t\u00e1n nhuy\u1ec5n v\u00e0o b\u00ean trong. Khi \u0103n, v\u1ecb m\u1eb7n m\u1eb7n ng\u1ecdt ng\u1ecdt h\u00f2a quy\u1ec7n v\u00e0o nhau c\u00f9ng v\u1edbi h\u01b0\u01a1ng v\u1ecb tr\u1ee9ng mu\u1ed1i th\u01a1m n\u1ed3ng, ngon kh\u00f4ng t\u1ea3 \u0111\u01b0\u1ee3c.<\/p>\n<p><strong>\u00a0<\/strong>B\u00e1nh tr\u1ee9ng mu\u1ed1i \u0110\u00e0i Loan\u00a0\u0111\u01b0\u1ee3c g\u00f3i ri\u00eang t\u1eeb c\u00e1i, nh\u1ecf nh\u1eafn, d\u1ec5 th\u01b0\u1edfng th\u1ee9c v\u00e0 b\u1ea3o qu\u1ea3n. Thi\u1ebft k\u1ebf bao b\u00ec \u0111\u1eb9p m\u1eaft, c\u00f3 th\u1ec3 d\u00f9ng l\u00e0m qu\u00e0 cho tr\u1ebb em ho\u1eb7c nh\u1eefng ng\u01b0\u1eddi th\u00e2n y\u00eau.<\/p>\n<p>&nbsp;<\/p>\n<p><strong>\u00a0<\/strong>Tranh\u00a0b\u00e1nh quy tr\u1ee9ng mu\u1ed1i\u00a0c\u00f3 ch\u1ee9a th\u00e0nh ph\u1ea7n d\u1ea7u c\u1ecd ch\u1ee9a\u00a0\u00a0A t\u1ed1t cho s\u1ee9c kh\u1ecfe, l\u00e0m s\u00e1ng m\u1eaft. D\u1ea7u c\u1ecd gi\u1eef cho b\u00e1nh \u0111\u01b0\u1ee3c t\u01b0\u01a1i ngon v\u00e0 gi\u00f2n l\u00e2u h\u01a1n. Ngon n\u1ee9c v\u1edbi h\u01b0\u01a1ng v\u1ecb \u0111\u1eb7c tr\u01b0ng, \u0111\u01b0\u1ee3c kh\u00e1ch du l\u1ecbch \u01b0a chu\u1ed9ng mua v\u1ec1 bi\u1ebfu t\u1eb7ng m\u1ed7i d\u1ecbp gh\u00e9 \u0110\u00e0i Loan.<\/p>\n<p>S\u1eed d\u1ee5ng v\u00e0 b\u1ea3o qu\u1ea3n:<\/p>\n<ul>\n<li>B\u00e1nh quy tr\u1ee9ng \u0110\u00e0i Loan\u00a0c\u00f3 th\u1ec3 \u0103n trong c\u00e1c b\u1eefa ph\u1ee5, ch\u1ed1ng \u0111\u00f3i<\/li>\n<li>Th\u01b0\u1edfng th\u1ee9c\u00a0b\u00e1nh quy \u0110\u00e0i Loan\u00a0v\u1edbi 1 t\u00e1ch tr\u00e0 n\u00f3ng l\u00e0 tuy\u1ec7t v\u1eddi nh\u1ea5t, v\u1eeba t\u0103ng th\u00eam h\u01b0\u01a1ng v\u1ecb th\u01a1m ngon c\u1ee7a b\u00e1nh, v\u1eeba gi\u00fap \u0103n kh\u00f4ng b\u1ecb ng\u1ea5y.<\/li>\n<li>\u0102n b\u00e1nh v\u00e0o bu\u1ed5i s\u00e1ng c\u00f9ng 1 ly s\u1eefa n\u00f3ng cung c\u1ea5p n\u0103ng l\u01b0\u1ee3ng v\u00e0 dinh d\u01b0\u1ee1ng cho b\u00e9 \u0111\u1ebfn tr\u01b0\u1eddng.<\/li>\n<li>L\u00e0m qu\u00e0 bi\u1ebfu t\u1eb7ng trong nh\u1eefng d\u1ecbp \u0111\u1eb7c bi\u1ec7t.<\/li>\n<li>S\u1eed d\u1ee5ng b\u00e1nh tr\u1ee9ng mu\u1ed1i trong c\u00e1c bu\u1ed5i l\u1ec5, li\u00ean hoan, t\u1ee5 t\u1eadp b\u1ea1n b\u00e8 l\u00e0 \u0111i\u1ec1u v\u00f4 c\u00f9ng l\u00fd th\u00fa.<\/li>\n<li>B\u1ea3o qu\u1ea3n n\u01a1i kh\u00f4 r\u00e1o, tr\u00e1nh \u1ea9m, \u00e1nh n\u1eafng tr\u1ef1c ti\u1ebfp.<\/li>\n<\/ul>","protected":false},"excerpt":{"rendered":"<ul>\n<li>B\u00e1nh quy tr\u1ee9ng mu\u1ed1i v\u1edbi v\u1ecb m\u1eb7n m\u1eb7n, gi\u00f2n gi\u00f2n c\u1ee7a l\u1edbp v\u1ecf b\u00e1nh th\u01a1m ngon, b\u00ean trong l\u00e0 lo\u1ea1i kem m\u1ea1ch nha c\u00f3 v\u1ecb tr\u1ee9ng mu\u1ed1i l\u1ea1 mi\u1ec7ng, h\u1ea5p d\u1eabn ngay t\u1eeb nh\u1eefng mi\u1ebfng \u0111\u1ea7u ti\u00ean.<\/li>\n<li>\u0110\u00e2y l\u00e0 s\u1ea3n ph\u1ea9m b\u00e1nh nh\u1eadp kh\u1ea9u cao c\u1ea5p tr\u1ef1c ti\u1ebfp t\u1eeb Taiwan.<\/li>\n<li>G\u00f3i b\u00e1nh to 180g g\u1ed3m 28 c\u00e1i nh\u1ecf b\u00ean trong, ti\u1ec7n cho vi\u1ec7c s\u1eed d\u1ee5ng v\u00e0 b\u1ea3o qu\u1ea3n.<\/li>\n<li>B\u00e1nh Quy Tr\u1ee9ng Mu\u1ed1i \u0110\u00e0i Loan c\u00f3 ch\u1ee9a th\u00e0nh ph\u1ea7n d\u1ea7u c\u1ecd gi\u00fap b\u00e1nh gi\u1eef \u0111\u1ed9 gi\u00f2n r\u1ea5t l\u00e2u, h\u00e0m l\u01b0\u1ee3ng vitamin A cao trong d\u1ea7u c\u1ecd c\u00f2n t\u1ed1t cho s\u1ee9c kh\u1ecfe. Ngo\u00e0i ra, d\u1ea7u c\u1ecd c\u00f2n gi\u00fap k\u00e9o d\u00e0i \u0111\u1ed9 t\u01b0\u01a1i ngon c\u1ee7a b\u00e1nh v\u00e0 gi\u00fap b\u00e1nh gi\u1eef \u0111\u1ed9 gi\u00f2n r\u1ea5t l\u00e2u.<\/li>\n<\/ul>","protected":false},"featured_media":10693,"comment_status":"open","ping_status":"closed","template":"","meta":[],"product_brand":[],"product_cat":[36,133],"product_tag":[],"class_list":{"0":"post-10685","1":"product","2":"type-product","3":"status-publish","4":"has-post-thumbnail","6":"product_cat-thuc-pham-tieu-dung","7":"product_cat-banh-keo-chocolate","8":"pa_brand-shengtian","10":"first","11":"instock","12":"sale","13":"shipping-taxable","14":"purchasable","15":"product-type-variable","16":"has-default-attributes"},"_links":{"self":[{"href":"https:\/\/havamall.vn\/en\/wp-json\/wp\/v2\/product\/10685"}],"collection":[{"href":"https:\/\/havamall.vn\/en\/wp-json\/wp\/v2\/product"}],"about":[{"href":"https:\/\/havamall.vn\/en\/wp-json\/wp\/v2\/types\/product"}],"replies":[{"embeddable":true,"href":"https:\/\/havamall.vn\/en\/wp-json\/wp\/v2\/comments?post=10685"}],"version-history":[{"count":0,"href":"https:\/\/havamall.vn\/en\/wp-json\/wp\/v2\/product\/10685\/revisions"}],"wp:featuredmedia":[{"embeddable":true,"href":"https:\/\/havamall.vn\/en\/wp-json\/wp\/v2\/media\/10693"}],"wp:attachment":[{"href":"https:\/\/havamall.vn\/en\/wp-json\/wp\/v2\/media?parent=10685"}],"wp:term":[{"taxonomy":"product_brand","embeddable":true,"href":"https:\/\/havamall.vn\/en\/wp-json\/wp\/v2\/product_brand?post=10685"},{"taxonomy":"product_cat","embeddable":true,"href":"https:\/\/havamall.vn\/en\/wp-json\/wp\/v2\/product_cat?post=10685"},{"taxonomy":"product_tag","embeddable":true,"href":"https:\/\/havamall.vn\/en\/wp-json\/wp\/v2\/product_tag?post=10685"}],"curies":[{"name":"wp","href":"https:\/\/api.w.org\/{rel}","templated":true}]}}