{"id":10641,"date":"2019-05-14T11:22:38","date_gmt":"2019-05-14T04:22:38","guid":{"rendered":"https:\/\/havamall.vn\/?post_type=product&#038;p=10641"},"modified":"2019-11-18T11:22:05","modified_gmt":"2019-11-18T04:22:05","slug":"tao-do-han-quoc-500gr-boeun-jujube-farm-towns","status":"publish","type":"product","link":"https:\/\/havamall.vn\/en\/shop\/tao-do-han-quoc-500gr-boeun-jujube-farm-towns\/","title":{"rendered":"T\u00e1o \u0110\u1ecf H\u00e0n Qu\u1ed1c 500gr &#8211; Boeun Jujube Farm Towns"},"content":{"rendered":"<p>T\u00e1o \u0111\u1ecf r\u1ea5t ph\u1ed5 bi\u1ebfn t\u1ea1i c\u00e1c n\u01b0\u1edbc \u00c1 \u0110\u00f4ng nh\u01b0: Vi\u1ec7t Nam, Trung Qu\u1ed1c, H\u00e0n Qu\u1ed1c, Nh\u1eadt B\u1ea3n\u2026 m\u1ed7i v\u00f9ng c\u00f3 m\u1ed7i lo\u1ea1i t\u00e1o kh\u00e1c nhau v\u00e0 ch\u1ea5t l\u01b0\u1ee3ng c\u0169ng kh\u00e1c nhau, trong \u0111\u00f3, t\u00e1o \u0111\u1ecf xu\u1ea5t x\u1ee9 t\u1eeb H\u00e0n Qu\u1ed1c lu\u00f4n c\u00f3 ch\u1ea5t l\u01b0\u1ee3ng v\u01b0\u1ee3t tr\u1ed9i h\u01a1n h\u1eb3n.<\/p>\n<p><img fetchpriority=\"high\" decoding=\"async\" class=\"size-full wp-image-10656 aligncenter\" src=\"https:\/\/havamall.vn\/wp-content\/uploads\/2019\/05\/6cdfe352e06d05335c7c.png\" alt=\"\" width=\"420\" height=\"420\" srcset=\"https:\/\/havamall.vn\/wp-content\/uploads\/2019\/05\/6cdfe352e06d05335c7c.png 420w, https:\/\/havamall.vn\/wp-content\/uploads\/2019\/05\/6cdfe352e06d05335c7c-150x150.png 150w\" sizes=\"(max-width: 420px) 100vw, 420px\" \/><\/p>\n<p>T\u00e1o \u0111\u1ecf kh\u00f4 c\u00f3 t\u00ednh gi\u1eef nhi\u1ec7t, v\u1ecb cam, gia\u0300u ch\u1ea5t dinh d\u01b0\u1ee1ng, b\u1edfi ch\u1ee9a c\u00e1c th\u00e0nh ph\u1ea7n nh\u01b0: pr\u00f4t\u00eain, lipit, \u0111\u01b0\u1eddng, can xi, ph\u1ed1t pho, s\u1eaft, v\u00e0 nhi\u1ec1u lo\u1ea1i vitamin A,C, B1, B2, carotene\u2026..<\/p>\n<p>&#8211; S\u1eed d\u1ee5ng th\u01b0\u1eddng xuy\u00ean, s\u1ebd gi\u00fap b\u1ea1n tr\u00e1nh \u0111\u01b0\u1ee3c c\u1ea3m l\u1ea1nh v\u00e0 c\u00f3 t\u00e1c d\u1ee5ng t\u0103ng c\u01b0\u1eddng h\u1ec7 h\u00f4 h\u1ea5p.<\/p>\n<p>&nbsp;<\/p>\n<p>&#8211; Ch\u1ec9 c\u1ea7n nhai v\u00e0 \u0103n qu\u1ea3 t\u00e1o kh\u00f4, n\u00f3 s\u1ebd gi\u00fap r\u1ea5t t\u1ed1t cho h\u1ec7 ti\u00eau ho\u00e1 c\u1ee7a b\u1ea1n v\u00e0 tr\u1ecb \u0111\u01b0\u1ee3c b\u1ec7nh t\u00e1o b\u00f3n<\/p>\n<p>&#8211; Duy tr\u00ec s\u1eed d\u1ee5ng s\u1ebd mang l\u1ea1i cho c\u00e1c b\u1ea1n m\u1ed9t l\u00e0n da kho\u1ebb m\u1ea1nh, m\u1ed9t c\u1ea3m gi\u00e1c \u1ea5m \u00e1p v\u00e0 gi\u00fap ng\u0103n ch\u1eb7n c\u1ea3m gi\u00e1c c\u1ee7a b\u00e0n tay v\u00e0 b\u00e0n ch\u00e2n l\u1ea1nh.<\/p>\n<p>&#8211; Ngoa\u0300i ra ta\u0301o \u0111o\u0309 kh\u00f4 co\u0300n co\u0301 ta\u0301c du\u0323ng: b\u1ed5 m\u00e1u, b\u1ed5 can th\u1eadn, b\u1ed5 tinh, th\u00f4ng ti\u1ec7n, gi\u1ea3i \u0111\u1ed9c, l\u00e0m b\u1ed5 trung kh\u00ed..<\/p>\n<p>&nbsp;<\/p>\n<p>T\u00e1o \u0111\u1ecf c\u00f3 t\u00e1c d\u1ee5ng t\u0103ng s\u1ee9c \u0111\u1ec3 kh\u00e1ng, ch\u1ed1ng oxy ho\u00e1, t\u0103ng c\u01b0\u1eddng tr\u00ed nh\u1edb, ch\u1eefa ch\u1ee9ng \u0111au \u0111\u1ea7u, ng\u0103n ng\u1eeba v\u00e0 \u0111i\u1ec1u tr\u1ecb t\u00e1o b\u00f3n, ng\u1eeba b\u1ec7nh v\u1ec1 d\u1ea1 d\u00e0y..<\/p>\n<p>&nbsp;<\/p>","protected":false},"excerpt":{"rendered":"<p>T\u00e1o \u0111\u1ecf m\u1eadt \u0111\u01b0\u1ee3c s\u1eed d\u1ee5ng nh\u01b0 m\u00f3n \u0103n truy\u1ec1n th\u1ed1ng c\u1ee7a ng\u01b0\u1eddi H\u00e0n Qu\u1ed1c, Tri\u1ec1u Ti\u00ean, Vi\u1ec7t Nam\u2026 Ngo\u00e0i ra, n\u00f3 c\u0169ng \u0111\u01b0\u1ee3c d\u00f9ng \u0111\u1ec3 l\u00e0m m\u1ee9t t\u00e1o, l\u00e0m ch\u00e8 t\u00e1o, ho\u1eb7c xi r\u00f4 tr\u00e0 ng\u00e2m \u0111\u01b0\u1eddng ch\u1ee9a t\u00e1o \u0111\u1ecf \u0111\u01b0\u1ee3c ch\u1ee9a trong c\u00e1c chai l\u1ecd th\u1ee7y tinh, c\u00f2n tr\u00e0 t\u00e1o \u0111\u00f3ng h\u1ed9p hay \u0111\u00f3ng t\u00fai gi\u1ea5y c\u0169ng c\u00f3 s\u1eb5n.<\/p>","protected":false},"featured_media":10661,"comment_status":"open","ping_status":"closed","template":"","meta":[],"product_brand":[],"product_cat":[36,134],"product_tag":[],"class_list":{"0":"post-10641","1":"product","2":"type-product","3":"status-publish","4":"has-post-thumbnail","6":"product_cat-thuc-pham-tieu-dung","7":"product_cat-thucpham-saykho","9":"first","10":"outofstock","11":"sale","12":"shipping-taxable","13":"purchasable","14":"product-type-simple"},"_links":{"self":[{"href":"https:\/\/havamall.vn\/en\/wp-json\/wp\/v2\/product\/10641"}],"collection":[{"href":"https:\/\/havamall.vn\/en\/wp-json\/wp\/v2\/product"}],"about":[{"href":"https:\/\/havamall.vn\/en\/wp-json\/wp\/v2\/types\/product"}],"replies":[{"embeddable":true,"href":"https:\/\/havamall.vn\/en\/wp-json\/wp\/v2\/comments?post=10641"}],"version-history":[{"count":0,"href":"https:\/\/havamall.vn\/en\/wp-json\/wp\/v2\/product\/10641\/revisions"}],"wp:featuredmedia":[{"embeddable":true,"href":"https:\/\/havamall.vn\/en\/wp-json\/wp\/v2\/media\/10661"}],"wp:attachment":[{"href":"https:\/\/havamall.vn\/en\/wp-json\/wp\/v2\/media?parent=10641"}],"wp:term":[{"taxonomy":"product_brand","embeddable":true,"href":"https:\/\/havamall.vn\/en\/wp-json\/wp\/v2\/product_brand?post=10641"},{"taxonomy":"product_cat","embeddable":true,"href":"https:\/\/havamall.vn\/en\/wp-json\/wp\/v2\/product_cat?post=10641"},{"taxonomy":"product_tag","embeddable":true,"href":"https:\/\/havamall.vn\/en\/wp-json\/wp\/v2\/product_tag?post=10641"}],"curies":[{"name":"wp","href":"https:\/\/api.w.org\/{rel}","templated":true}]}}