{"id":10630,"date":"2019-05-14T10:35:15","date_gmt":"2019-05-14T03:35:15","guid":{"rendered":"https:\/\/havamall.vn\/?post_type=product&#038;p=10630"},"modified":"2020-07-02T15:47:30","modified_gmt":"2020-07-02T08:47:30","slug":"ngu-coc-hat-quinoa-diem-mach-hongkong-quinoa-flakes-original","status":"publish","type":"product","link":"https:\/\/havamall.vn\/en\/shop\/ngu-coc-hat-quinoa-diem-mach-hongkong-quinoa-flakes-original\/","title":{"rendered":"Ng\u0169 C\u1ed1c H\u1ea1t Quinoa ( Di\u00eam M\u1ea1ch ) Hongkong &#8211; Quinoa Flakes Original"},"content":{"rendered":"<p>C\u00e1c nghi\u00ean c\u1ee9u \u0111\u00e3 ch\u1ec9 ra m\u1ed9t s\u1ed1 c\u00f4ng d\u1ee5ng c\u1ee7a Quinoa nh\u01b0: Ng\u0103n ng\u1eeba c\u00e1c b\u1ec7nh v\u1ec1 tim m\u1ea1ch, c\u1ea3i thi\u1ec7n s\u1ee9c kh\u1ecfe h\u1ec7 x\u01b0\u01a1ng v\u00e0 r\u0103ng, tham gia v\u00e0o c\u01a1 ch\u1ebf sinh n\u0103ng l\u01b0\u1ee3ng c\u1ee7a t\u1ebf b\u00e0o, h\u00ecnh h\u00e0nh h\u1ed3ng c\u1ea7u, ng\u0103n ng\u1eeba c\u00e1c t\u1ebf b\u00e0o ung th\u01b0, gi\u1ea3m nguy c\u01a1 cao huy\u1ebft \u00e1p\u2026<\/p>\n<div>Lo\u1ea1i h\u1ea1t n\u00e0y \u0111\u01b0\u1ee3c khuy\u1ebfn kh\u00edch s\u1eed d\u1ee5ng l\u00e0m b\u1ed9t \u0103n d\u1eb7m cho tr\u1ebb t\u1eeb 6 th\u00e1ng tu\u1ed5i.<\/div>\n<div><img fetchpriority=\"high\" decoding=\"async\" class=\"wp-image-10623 aligncenter\" src=\"https:\/\/havamall.vn\/wp-content\/uploads\/2019\/05\/52417134_299386624033160_920405860830674944_n.jpg\" alt=\"\" width=\"615\" height=\"614\" srcset=\"https:\/\/havamall.vn\/wp-content\/uploads\/2019\/05\/52417134_299386624033160_920405860830674944_n.jpg 960w, https:\/\/havamall.vn\/wp-content\/uploads\/2019\/05\/52417134_299386624033160_920405860830674944_n-430x430.jpg 430w, https:\/\/havamall.vn\/wp-content\/uploads\/2019\/05\/52417134_299386624033160_920405860830674944_n-150x150.jpg 150w, https:\/\/havamall.vn\/wp-content\/uploads\/2019\/05\/52417134_299386624033160_920405860830674944_n-700x700.jpg 700w\" sizes=\"(max-width: 615px) 100vw, 615px\" \/><\/div>\n<div>Ngo\u00e0i ra, h\u1ea1t Quinoa c\u00f2n d\u00f9ng \u0111\u1ec3 ch\u1ebf bi\u1ebfn m\u1ed9t s\u1ed1 m\u00f3n \u0103n ph\u00f9 h\u1ee3p v\u1edbi m\u1ecdi ng\u01b0\u1eddi t\u1eeb ng\u01b0\u1eddi gi\u00e0, tr\u1ebb em, b\u00e0 m\u1eb9 mang thai, v\u1eadn \u0111\u1ed9ng vi\u00ean\u2026<\/div>\n<div>H\u1ea1t quinoa c\u00f3 ch\u1ee9a \u0111\u1ea7y \u0111\u1ee7 c\u00e1c acid amin thi\u1ebft y\u1ebfu n\u00ean r\u1ea5t t\u1ed1t cho ph\u1ee5 n\u1eef mang thai c\u0169ng nh\u01b0 tr\u1ebb \u1edf giai \u0111o\u1ea1n ph\u00e1t tri\u1ec3n. S\u1eed d\u1ee5ng quinoa th\u01b0\u1eddng xuy\u00ean c\u00f2n c\u00f3 c\u00f4ng d\u1ee5ng ch\u1ed1ng l\u00e3o h\u00f3a cho da, gi\u00fap da d\u1ebb m\u1ecbn m\u00e0n v\u00e0 s\u00e1ng kh\u1ecfe h\u01a1n.<\/div>\n<div><\/div>\n<div><\/div>\n<div><img decoding=\"async\" class=\"wp-image-10644 aligncenter\" src=\"https:\/\/havamall.vn\/wp-content\/uploads\/2019\/05\/aaca9056d56f3031697e.png\" alt=\"\" width=\"697\" height=\"522\" srcset=\"https:\/\/havamall.vn\/wp-content\/uploads\/2019\/05\/aaca9056d56f3031697e.png 960w, https:\/\/havamall.vn\/wp-content\/uploads\/2019\/05\/aaca9056d56f3031697e-430x323.png 430w, https:\/\/havamall.vn\/wp-content\/uploads\/2019\/05\/aaca9056d56f3031697e-150x113.png 150w, https:\/\/havamall.vn\/wp-content\/uploads\/2019\/05\/aaca9056d56f3031697e-700x525.png 700w\" sizes=\"(max-width: 697px) 100vw, 697px\" \/><\/div>\n<div>Quinoa l\u00e0 m\u1ed9t ngu\u1ed3n b\u1ed5 sung l\u00e0nh m\u1ea1nh cho b\u1ea5t k\u1ef3 b\u1eefa \u0103n v\u00e0 n\u00f3 c\u00f3 th\u1ec3 \u0111\u01b0\u1ee3c \u0103n nh\u01b0 b\u1eefa \u0103n s\u00e1ng, hay thay th\u1ebf cho g\u1ea1o ho\u1eb7c ch\u1ea5t l\u00e0m \u0111\u1eb7c cho s\u00fap, m\u00f3n h\u1ea7m.<\/div>\n<div><\/div>","protected":false},"excerpt":{"rendered":"<p>H\u1ea1t Quinoa l\u00e0 vua trong c\u00e1c lo\u1ea1i h\u1ea1t ng\u0169 c\u1ed1c, ch\u1ed1ng tr\u1ecb b\u00e1 b\u1ec7nh, c\u00e0ng ng\u00e0y c\u00e0ng \u0111\u01b0\u1ee3c y\u00eau th\u00edch tr\u00ean to\u00e0n th\u1ebf gi\u1edbi.\u00a0\u00a0Quinoa ch\u1ee9a h\u00e0m l\u01b0\u1ee3ng protein cao, gi\u00e0u Canxi, s\u1eaft, Magie v\u00e0 ch\u1ea5t x\u01a1, vitamin, h\u00e0m l\u01b0\u1ee3ng axit amin thi\u1ebft y\u1ebfu t\u01b0\u01a1ng \u0111\u01b0\u01a1ng v\u1edbi axit amin trong s\u1eefa v\u00e0 kh\u00f4ng ch\u1ee9a Gluten. Do c\u00f3 gi\u00e1 tr\u1ecb dinh d\u01b0\u1ee1ng r\u1ea5t cao n\u00ean h\u1ea1t Quinoa c\u00f2n \u0111\u01b0\u1ee3c g\u1ecdi l\u00e0 \u201cThe mother grain\u201d (m\u1eb9 c\u1ee7a c\u00e1c lo\u1ea1i h\u1ea1t).<\/p>\n<p>&nbsp;<\/p>","protected":false},"featured_media":10637,"comment_status":"open","ping_status":"closed","template":"","meta":[],"product_brand":[],"product_cat":[36,134,143],"product_tag":[],"class_list":{"0":"post-10630","1":"product","2":"type-product","3":"status-publish","4":"has-post-thumbnail","6":"product_cat-thuc-pham-tieu-dung","7":"product_cat-thucpham-saykho","8":"product_cat-thuc-pham-dong-hop","10":"first","11":"outofstock","12":"shipping-taxable","13":"product-type-simple"},"_links":{"self":[{"href":"https:\/\/havamall.vn\/en\/wp-json\/wp\/v2\/product\/10630"}],"collection":[{"href":"https:\/\/havamall.vn\/en\/wp-json\/wp\/v2\/product"}],"about":[{"href":"https:\/\/havamall.vn\/en\/wp-json\/wp\/v2\/types\/product"}],"replies":[{"embeddable":true,"href":"https:\/\/havamall.vn\/en\/wp-json\/wp\/v2\/comments?post=10630"}],"version-history":[{"count":0,"href":"https:\/\/havamall.vn\/en\/wp-json\/wp\/v2\/product\/10630\/revisions"}],"wp:featuredmedia":[{"embeddable":true,"href":"https:\/\/havamall.vn\/en\/wp-json\/wp\/v2\/media\/10637"}],"wp:attachment":[{"href":"https:\/\/havamall.vn\/en\/wp-json\/wp\/v2\/media?parent=10630"}],"wp:term":[{"taxonomy":"product_brand","embeddable":true,"href":"https:\/\/havamall.vn\/en\/wp-json\/wp\/v2\/product_brand?post=10630"},{"taxonomy":"product_cat","embeddable":true,"href":"https:\/\/havamall.vn\/en\/wp-json\/wp\/v2\/product_cat?post=10630"},{"taxonomy":"product_tag","embeddable":true,"href":"https:\/\/havamall.vn\/en\/wp-json\/wp\/v2\/product_tag?post=10630"}],"curies":[{"name":"wp","href":"https:\/\/api.w.org\/{rel}","templated":true}]}}