{"id":10586,"date":"2019-05-13T15:18:24","date_gmt":"2019-05-13T08:18:24","guid":{"rendered":"https:\/\/havamall.vn\/?post_type=product&#038;p=10586"},"modified":"2023-12-02T10:45:44","modified_gmt":"2023-12-02T03:45:44","slug":"phin-ca-phe-la-viet","status":"publish","type":"product","link":"https:\/\/havamall.vn\/en\/shop\/phin-ca-phe-la-viet\/","title":{"rendered":"Phin c\u00e0 ph\u00ea L\u00e0 Vi\u1ec7t"},"content":{"rendered":"<p><strong>Phin c\u00e0 ph\u00ea<\/strong>! M\u1ed9t th\u1ee9\u00a0\u0111\u1ed3 quen thu\u1ed9c v\u00f4 c\u00f9ng\u00a0\u0111\u1ed1i v\u1edbi t\u1ea5t c\u1ea3 ng\u01b0\u1eddi d\u00e2n vi\u1ec7t Nam, m\u1ed9t d\u1ee5ng c\u1ee5 pha c\u00e0 ph\u00ea truy\u1ec1n th\u1ed1ng t\u1eeb bao l\u00e2u nay c\u00f3 m\u1eb7t t\u1ea1i m\u1ecdi gia\u00a0\u0111\u00ecnh, m\u1ed9t th\u1ee9 g\u1eafn li\u1ec1n v\u1edbi sinh ho\u1ea1t h\u00e0ng ng\u00e0y c\u1ee7a t\u1ea5t c\u1ea3 ch\u00fang ta.<\/p>\n<p>H\u00f4m nay, ch\u00fang t\u00f4i s\u1ebd gi\u1edbi thi\u1ec7u\u00a0\u0111\u1ebfn c\u00e1c b\u1ea1n chi\u1ebfc phin c\u00e0 ph\u00ea\u00a0\u0111\u01b0\u1ee3c l\u00e0m th\u1ee7 c\u00f4ng ho\u00e0n to\u00e0n b\u1edfi L\u00e0 Vi\u1ec7t. Chi\u1ebfc phin pha c\u00e0 ph\u00ea b\u1eb1ng\u00a0inox. M\u1ed9t t\u00e1c ph\u1ea9m ngh\u1ec7 thu\u1eadt d\u00e0nh cho nh\u1eefng ng\u01b0\u1eddi y\u00eau c\u00e0 ph\u00ea c\u1ee7a Vi\u1ec7t Nam<\/p>\n<p><img fetchpriority=\"high\" decoding=\"async\" class=\"wp-image-24587 aligncenter\" src=\"https:\/\/havamall.vn\/wp-content\/uploads\/2019\/05\/1e7d9bdb-300x300.png\" alt=\"\" width=\"751\" height=\"751\" srcset=\"https:\/\/havamall.vn\/wp-content\/uploads\/2019\/05\/1e7d9bdb-300x300.png 300w, https:\/\/havamall.vn\/wp-content\/uploads\/2019\/05\/1e7d9bdb-430x430.png 430w, https:\/\/havamall.vn\/wp-content\/uploads\/2019\/05\/1e7d9bdb-150x150.png 150w, https:\/\/havamall.vn\/wp-content\/uploads\/2019\/05\/1e7d9bdb-700x700.png 700w, https:\/\/havamall.vn\/wp-content\/uploads\/2019\/05\/1e7d9bdb-768x768.png 768w, https:\/\/havamall.vn\/wp-content\/uploads\/2019\/05\/1e7d9bdb-600x600.png 600w, https:\/\/havamall.vn\/wp-content\/uploads\/2019\/05\/1e7d9bdb-100x100.png 100w, https:\/\/havamall.vn\/wp-content\/uploads\/2019\/05\/1e7d9bdb.png 1024w\" sizes=\"(max-width: 751px) 100vw, 751px\" \/><\/p>\n<h2>\u0110\u1eb6C\u00a0\u0110I\u1ec2M C\u1ee6A PHIN C\u00c0 PH\u00ca\u00a0L\u00c0 VI\u1ec6T<\/h2>\n<ul>\n<li><strong>Ch\u1ebf t\u00e1c th\u1ee7 c\u00f4ng<\/strong>:\u00a0B\u1eb1ng\u00a0b\u00e0n tay c\u1ee7a nh\u1eefng ng\u01b0\u1eddi ngh\u1ec7 nh\u00e2n v\u1edbi ni\u1ec1m\u00a0\u0111am m\u00ea v\u00f4 h\u1ea1n d\u00e0nh cho c\u00e0 ph\u00ea, \u0111\u00e3 ch\u1ebf t\u00e1c ra nh\u1eefng chi\u1ebfc phin c\u00e0 ph\u00ea tuy\u1ec7t v\u1eddi n\u00e0y \u2013 n\u00f3 l\u00e0 d\u00e0nh cho c\u00e1c b\u1ea1n, nh\u1eefng ng\u01b0\u1eddi y\u00eau c\u00e0 ph\u00ea.<\/li>\n<li><strong>V\u1eadt li\u1ec7u\u00a0Inox 100%<\/strong>: Cho kh\u1ea3 n\u0103ng gi\u1eef nhi\u1ec7t t\u1ed1t h\u01a1n. Qu\u00e1 tr\u00ecnh tr\u00edch xu\u1ea5t s\u1ebd\u00a0\u1ed5n\u00a0\u0111\u1ecbnh h\u01a1n v\u00ec\u00a0inox c\u00f3 kh\u1ea3 n\u0103ng gi\u1eef nhi\u1ec7t cao h\u01a1n nh\u00f4m.<\/li>\n<li><strong>Tay c\u1ea7m b\u1eb1ng g\u1ed7 s\u1ed3i M\u1ef9<\/strong>: V\u1edbi logo c\u1ee7a\u00a0L\u00e0 Vi\u1ec7t tr\u00ean th\u00e2n phin.\u00a0\u0110\u00e2y l\u00e0\u00a0\u0111i\u1ec3m nh\u1ea5n m\u1ed9c m\u1ea1c\u00a0\u0111\u00fang phong c\u00e1ch Vi\u1ec7t Nam, d\u00e0nh cho ng\u01b0\u1eddi Vi\u1ec7t Nam.<\/li>\n<\/ul>\n<div id=\"news-detail\">\n<section class=\"editor-content\">\n<div class=\"container\">\n<p><img decoding=\"async\" class=\"wp-image-595 aligncenter\" src=\"https:\/\/havamall.vn\/wp-content\/uploads\/2019\/05\/43145781_2136752606335969_1931268547573448704_n.jpg\" alt=\"\" width=\"741\" height=\"417\" \/><\/p>\n<p>M\u1ed9t ch\u00fat c\u1ea3i ti\u1ebfn l\u00e0m cho PHIN pha c\u00e0 ph\u00ea th\u00eam th\u00fa v\u1ecb. Ai \u0111\u00e3 quen u\u1ed1ng c\u00e0 ph\u00ea \u0111\u1eadm s\u1ebd d\u00f9ng c\u00e1ch pha c\u0169. L\u01b0\u1edbi g\u00e0i c\u1ee7a ki\u1ec3u pha truy\u1ec1n th\u1ed1ng gi\u00fap n\u00e9n ch\u1eb7t b\u1ed9t trong phin, cho n\u01b0\u1edbc v\u00e0 b\u1ed9t c\u00e0 ph\u00ea \u1edf c\u00f9ng nhau l\u00e2u h\u01a1n, v\u1ecb c\u00e0 ph\u00ea s\u1ebd \u0111\u1eadm.<\/p>\n<p><span class=\"text_exposed_show\">N\u1ebfu nh\u1eafm t\u1edbi m\u1ed9t ly c\u00e0 ph\u00ea c\u00f3 v\u1ecb c\u00e2n b\u1eb1ng nh\u1eb9 h\u01a1n, chi\u1ebfc PHIN l\u00e0 m\u1ed9t d\u1ee5ng c\u1ee5 drip hi\u1ec7u qu\u1ea3. \u0110\u1eb7t \u0111\u0129a chia d\u00f2ng l\u00ean tr\u00ean khi r\u00f3t n\u01b0\u1edbc s\u1ebd gi\u00fap ph\u00e2n b\u1ed5 d\u00f2ng n\u01b0\u1edbc th\u1ea5m \u0111\u1ec1u v\u1edbi b\u1ed9t c\u00e0 ph\u00ea. Kh\u00f4ng c\u00f3 s\u1ee9c n\u00e9n c\u1ee7a l\u01b0\u1edbi g\u00e0i khi\u1ebfn b\u1ed9t tr\u01b0\u01a1ng n\u1edf t\u1ef1 do, n\u01b0\u1edbc ch\u1ea3y xu\u1ed1ng nhanh h\u01a1n mang theo nhi\u1ec1u v\u1ecb chua thanh c\u1ee7a c\u00e1c Amino acid.<\/span><\/p>\n<p><span class=\"text_exposed_show\">Tu\u1ef3 theo l\u01b0\u1ee3ng n\u01b0\u1edbc khi r\u00f3t, L\u00e0 Vi\u1ec7t tin r\u1eb1ng v\u1edbi PHIN, ng\u01b0\u1eddi pha s\u1ebd c\u00f3 cho m\u00ecnh m\u1ed9t v\u1ecb c\u00e0 ph\u00ea ph\u00f9 h\u1ee3p.<\/span><\/p>\n<\/div>\n<\/section>\n<\/div>","protected":false},"excerpt":{"rendered":"<p>H\u00e0ng ng\u00e0y b\u1ea1n hay s\u1eed d\u1ee5ng d\u1ee5ng c\u1ee5 g\u00ec\u00a0\u0111\u1ec3 pha c\u00e0 ph\u00ea\u00a0\u1edf nh\u00e0?<\/p>\n<p>H\u1eb3n\u00a0\u0111\u00f3 s\u1ebd l\u00e0 m\u1ed9t chi\u1ebfc phin pha c\u00e0 ph\u00ea truy\u1ec1n th\u1ed1ng?<\/p>\n<p>Th\u1ebf th\u00ec ch\u1eafc ch\u1eafn b\u1ea1n s\u1ebd y\u00eau th\u00edch chi\u1ebfc phin c\u00e0 ph\u00ea cao c\u1ea5p m\u00e0 L\u00e0 Vi\u1ec7t \u0111\u00e3 k\u1ef3 c\u00f4ng\u00a0thi\u1ebft k\u1ebf m\u1ed9t t\u00e1c ph\u1ea9m ngh\u1ec7 thu\u1eadt ho\u00e0n h\u1ea3o cho nh\u1eefng ai y\u00eau th\u00edch phong c\u00e1ch c\u00e0 ph\u00ea truy\u1ec1n th\u1ed1ng.<\/p>","protected":false},"featured_media":10587,"comment_status":"open","ping_status":"closed","template":"","meta":[],"product_brand":[],"product_cat":[35],"product_tag":[],"class_list":{"0":"post-10586","1":"product","2":"type-product","3":"status-publish","4":"has-post-thumbnail","6":"product_cat-nha-cua-doi-song","7":"pa_brand-la-viet","9":"first","10":"instock","11":"sale","12":"shipping-taxable","13":"purchasable","14":"product-type-simple"},"_links":{"self":[{"href":"https:\/\/havamall.vn\/en\/wp-json\/wp\/v2\/product\/10586"}],"collection":[{"href":"https:\/\/havamall.vn\/en\/wp-json\/wp\/v2\/product"}],"about":[{"href":"https:\/\/havamall.vn\/en\/wp-json\/wp\/v2\/types\/product"}],"replies":[{"embeddable":true,"href":"https:\/\/havamall.vn\/en\/wp-json\/wp\/v2\/comments?post=10586"}],"version-history":[{"count":0,"href":"https:\/\/havamall.vn\/en\/wp-json\/wp\/v2\/product\/10586\/revisions"}],"wp:featuredmedia":[{"embeddable":true,"href":"https:\/\/havamall.vn\/en\/wp-json\/wp\/v2\/media\/10587"}],"wp:attachment":[{"href":"https:\/\/havamall.vn\/en\/wp-json\/wp\/v2\/media?parent=10586"}],"wp:term":[{"taxonomy":"product_brand","embeddable":true,"href":"https:\/\/havamall.vn\/en\/wp-json\/wp\/v2\/product_brand?post=10586"},{"taxonomy":"product_cat","embeddable":true,"href":"https:\/\/havamall.vn\/en\/wp-json\/wp\/v2\/product_cat?post=10586"},{"taxonomy":"product_tag","embeddable":true,"href":"https:\/\/havamall.vn\/en\/wp-json\/wp\/v2\/product_tag?post=10586"}],"curies":[{"name":"wp","href":"https:\/\/api.w.org\/{rel}","templated":true}]}}