{"id":10565,"date":"2019-04-11T11:26:32","date_gmt":"2019-04-11T04:26:32","guid":{"rendered":"https:\/\/havamall.vn\/?post_type=product&#038;p=10565"},"modified":"2021-03-03T15:39:00","modified_gmt":"2021-03-03T08:39:00","slug":"tra-sua-vi-dau-tay-strawberry-milk-tea-2909ml","status":"publish","type":"product","link":"https:\/\/havamall.vn\/en\/shop\/tra-sua-vi-dau-tay-strawberry-milk-tea-2909ml\/","title":{"rendered":"Tr\u00e0 S\u1eefa V\u1ecb D\u00e2u T\u00e2y Strawberry Milk Tea 290ml"},"content":{"rendered":"<div>Tr\u00e0 s\u1eefa \u0110\u00e0i Loan\u00a0lu\u00f4n n\u1ed5i ti\u1ebfng c\u00f3 m\u00f9i v\u1ecb th\u01a1m ngon nay c\u00f2n \u0111\u00f3ng trong chai xinh x\u1eafn \u0111ang l\u00e0 tr\u00e0o l\u01b0u r\u1ea5t hot hi\u1ec7n nay. \u0110\u00e1p \u1ee9ng nhu c\u1ea7u c\u1ee7a c\u00e1c b\u1ea1n tr\u1ebb, PHUCTHINH FOOD \u0111\u00e3 mang \u0111\u1ebfn\u00a0c\u00e1c lo\u1ea1i tr\u00e0 s\u1eefa \u0111\u00f3ng chai, s\u1ea3n xu\u1ea5t tr\u1ef1c ti\u1ebfp t\u1eeb \u0110\u00e0i Loan, \u0111\u1ea3m b\u1ea3o h\u00e0ng m\u1edbi th\u01a1m ngon, b\u1ed5 d\u01b0\u1ee1ng \u0111\u1ec3\u00a0ph\u1ee5c v\u1ee5 c\u00e1c b\u1ea1n.<\/div>\n<div><\/div>\n<div><img fetchpriority=\"high\" decoding=\"async\" class=\"wp-image-12218 aligncenter\" src=\"https:\/\/havamall.vn\/wp-content\/uploads\/2019\/04\/a3b9fc581e0aa5ed4c6232e8c551604c-300x300.jpg\" alt=\"\" width=\"637\" height=\"637\" srcset=\"https:\/\/havamall.vn\/wp-content\/uploads\/2019\/04\/a3b9fc581e0aa5ed4c6232e8c551604c-300x300.jpg 300w, https:\/\/havamall.vn\/wp-content\/uploads\/2019\/04\/a3b9fc581e0aa5ed4c6232e8c551604c-430x430.jpg 430w, https:\/\/havamall.vn\/wp-content\/uploads\/2019\/04\/a3b9fc581e0aa5ed4c6232e8c551604c-150x150.jpg 150w, https:\/\/havamall.vn\/wp-content\/uploads\/2019\/04\/a3b9fc581e0aa5ed4c6232e8c551604c-600x600.jpg 600w, https:\/\/havamall.vn\/wp-content\/uploads\/2019\/04\/a3b9fc581e0aa5ed4c6232e8c551604c-100x100.jpg 100w, https:\/\/havamall.vn\/wp-content\/uploads\/2019\/04\/a3b9fc581e0aa5ed4c6232e8c551604c.jpg 660w\" sizes=\"(max-width: 637px) 100vw, 637px\" \/><\/div>\n<div>\n<p>Tr\u00e0 s\u1eefa \u0110\u00e0i Loan v\u1ecb d\u00e2u t\u00e2y Strawberry Milk Tea chai 290ml\u00a0\u0111\u01b0\u1ee3c\u00a0y\u00eau thi\u0301ch b\u01a1\u0309i h\u01b0\u01a1ng vi\u0323 tra\u0300 va\u0300 s\u01b0\u0303a truy\u00ea\u0300n th\u00f4\u0301ng,\u00a0v\u1ecb tr\u00e0 \u0111\u1eb7c tr\u01b0ng h\u00f2a quy\u1ec7n c\u00f9ng v\u1ecb s\u1eefa b\u00e9o b\u00e9o, \u0111em l\u1ea1i tr\u1ea3i nghi\u1ec7m th\u00fa v\u1ecb cho ng\u01b0\u1eddi d\u00f9ng\u00a0theo c\u00f4ng th\u1ee9c \u0111\u1eb7c ch\u1ebf, th\u01a1m ngon t\u1edbi gi\u1ecdt cu\u1ed1i c\u00f9ng.<\/p>\n<p><img decoding=\"async\" class=\"size-full wp-image-10568 aligncenter\" src=\"https:\/\/havamall.vn\/wp-content\/uploads\/2019\/04\/tra-sua-tinh-yeu-nhap-khau-dai-loan-1519722833-1-5669183-1519722833.jpg\" alt=\"\" width=\"640\" height=\"640\" srcset=\"https:\/\/havamall.vn\/wp-content\/uploads\/2019\/04\/tra-sua-tinh-yeu-nhap-khau-dai-loan-1519722833-1-5669183-1519722833.jpg 640w, https:\/\/havamall.vn\/wp-content\/uploads\/2019\/04\/tra-sua-tinh-yeu-nhap-khau-dai-loan-1519722833-1-5669183-1519722833-430x430.jpg 430w, https:\/\/havamall.vn\/wp-content\/uploads\/2019\/04\/tra-sua-tinh-yeu-nhap-khau-dai-loan-1519722833-1-5669183-1519722833-150x150.jpg 150w\" sizes=\"(max-width: 640px) 100vw, 640px\" \/><\/p>\n<p>Tr\u00e0 s\u1eefa \u0110\u00e0i Loan \u0111\u01b0\u1ee3c \u0111\u00f3ng trong chai xinh x\u1eafn, ti\u1ec7n d\u1ee5ng.<\/p>\n<\/div>\n<div>\n<p>TH\u00d4NG TIN S\u1ea2N PH\u1ea8M\u00a0TR\u00c0 S\u1eeeA \u0110\u00c0I LOAN &#8211; TR\u00c0 S\u1eeeA V\u1eca D\u00c2U T\u00c2Y &#8211; STRAWBERRY MILK TEA<\/p>\n<p>+Th\u00e0nh ph\u1ea7n:\u00a0N\u01b0\u1edbc, \u0111\u01b0\u1eddng \u0111en, b\u1ed9t s\u1eefa nguy\u00ean ch\u1ea5t, b\u1ed9t s\u1eefa kh\u00f4ng kem, b\u1ed9t tr\u00e0 \u0111en, casein natri, gia v\u1ecb d\u00e2u, tr\u00e0 \u0111en, kem, Glycerides axit b\u00e9o, Carboxymethylcellulose, mu\u1ed1i, \u00a0n\u01b0\u1edbc \u00e9p d\u00e2u t\u00e2y.<\/p>\n<p>+Tr\u1ecdng l\u01b0\u1ee3ng:\u00a0Chai th\u1ee7y tinh 290 ml<\/p>\n<p>+\u00a0C\u00f4ng d\u1ee5ng:\u00a0\u0103n ch\u01a1i, ti\u1ec7c ng\u1ecdt, sinh nh\u1eadt, qu\u00e0 t\u1ebft<\/p>\n<p>+\u00a0HSD:\u00a012 th\u00e1ng k\u1ec3 t\u1eeb ng\u00e0y s\u1ea3n xu\u1ea5t (Xem tr\u00ean bao b\u00ec)<\/p>\n<p>+\u00a0C\u00e1ch s\u1eed d\u1ee5ng:\u00a0m\u1edf\u00a0n\u1eafp, d\u00f9ng tr\u1ef1c ti\u1ebfp. Ngon h\u01a1n khi u\u1ed1ng l\u1ea1nh.<\/p>\n<p>+\u00a0B\u1ea3o qu\u1ea3n:\u00a0B\u1ea3o qu\u1ea3n n\u01a1i kh\u00f4 r\u00e1o, tho\u00e1ng m\u00e1t v\u00e0 tr\u00e1nh \u00e1nh\u00a0s\u00e1ng m\u1eb7t tr\u1eddi.<\/p>\n<\/div>","protected":false},"excerpt":{"rendered":"<p>Tr\u00e0 s\u1eefa \u0110\u00e0i Loan\u00a0lu\u00f4n n\u1ed5i ti\u1ebfng c\u00f3 m\u00f9i v\u1ecb th\u01a1m ngon nay c\u00f2n \u0111\u00f3ng trong chai xinh x\u1eafn \u0111ang l\u00e0<\/p>","protected":false},"featured_media":10569,"comment_status":"open","ping_status":"closed","template":"","meta":[],"product_brand":[],"product_cat":[36,135],"product_tag":[],"class_list":{"0":"post-10565","1":"product","2":"type-product","3":"status-publish","4":"has-post-thumbnail","6":"product_cat-thuc-pham-tieu-dung","7":"product_cat-sua-do-uong","9":"first","10":"outofstock","11":"sale","12":"shipping-taxable","13":"purchasable","14":"product-type-simple"},"_links":{"self":[{"href":"https:\/\/havamall.vn\/en\/wp-json\/wp\/v2\/product\/10565"}],"collection":[{"href":"https:\/\/havamall.vn\/en\/wp-json\/wp\/v2\/product"}],"about":[{"href":"https:\/\/havamall.vn\/en\/wp-json\/wp\/v2\/types\/product"}],"replies":[{"embeddable":true,"href":"https:\/\/havamall.vn\/en\/wp-json\/wp\/v2\/comments?post=10565"}],"version-history":[{"count":0,"href":"https:\/\/havamall.vn\/en\/wp-json\/wp\/v2\/product\/10565\/revisions"}],"wp:featuredmedia":[{"embeddable":true,"href":"https:\/\/havamall.vn\/en\/wp-json\/wp\/v2\/media\/10569"}],"wp:attachment":[{"href":"https:\/\/havamall.vn\/en\/wp-json\/wp\/v2\/media?parent=10565"}],"wp:term":[{"taxonomy":"product_brand","embeddable":true,"href":"https:\/\/havamall.vn\/en\/wp-json\/wp\/v2\/product_brand?post=10565"},{"taxonomy":"product_cat","embeddable":true,"href":"https:\/\/havamall.vn\/en\/wp-json\/wp\/v2\/product_cat?post=10565"},{"taxonomy":"product_tag","embeddable":true,"href":"https:\/\/havamall.vn\/en\/wp-json\/wp\/v2\/product_tag?post=10565"}],"curies":[{"name":"wp","href":"https:\/\/api.w.org\/{rel}","templated":true}]}}