{"id":10561,"date":"2019-04-11T11:19:33","date_gmt":"2019-04-11T04:19:33","guid":{"rendered":"https:\/\/havamall.vn\/?post_type=product&#038;p=10561"},"modified":"2021-03-26T17:48:15","modified_gmt":"2021-03-26T10:48:15","slug":"tra-sua-dau-tay-tinh-yeu-love-milk-tea-strawberry-290ml","status":"publish","type":"product","link":"https:\/\/havamall.vn\/en\/shop\/tra-sua-dau-tay-tinh-yeu-love-milk-tea-strawberry-290ml\/","title":{"rendered":"Tr\u00e0 S\u1eefa D\u00e2u T\u00e2y T\u00ecnh Y\u00eau &#8211; Love Milk Tea Strawberry 290ml"},"content":{"rendered":"<div>N\u00e9t\u00a0\u0111\u1eb7c tr\u01b0ng c\u1ee7a\u00a0TR\u00c0 S\u1eeeA LOVE MILK TEA D\u00c2U T\u00c2Y<\/div>\n<div>S\u1ef1 k\u1ebft h\u1ee3p ng\u1ecdt ng\u00e0o gi\u1eefa D\u00e2u T\u00e2y v\u00e0 T\u00ecnh Y\u00eau t\u1ea1o n\u00ean h\u01b0\u01a1ng v\u1ecb tuy\u1ec7t v\u1eddi c\u1ee7a s\u1ea3n ph\u1ea9m n\u00e0y. B\u1ea1n s\u1ebd c\u00f3 v\u00f4 v\u00e0n \u00fd t\u01b0\u1edfng \u0111\u1ec3 vi\u1ebft, v\u1ebd l\u00ean t\u00ecnh c\u1ea3m c\u1ee7a m\u00ecnh v\u1edbi ng\u01b0\u1eddi th\u01b0\u01a1ng<\/div>\n<div><img fetchpriority=\"high\" decoding=\"async\" class=\"wp-image-12218 aligncenter\" src=\"https:\/\/havamall.vn\/wp-content\/uploads\/2019\/04\/a3b9fc581e0aa5ed4c6232e8c551604c-300x300.jpg\" alt=\"\" width=\"509\" height=\"509\" srcset=\"https:\/\/havamall.vn\/wp-content\/uploads\/2019\/04\/a3b9fc581e0aa5ed4c6232e8c551604c-300x300.jpg 300w, https:\/\/havamall.vn\/wp-content\/uploads\/2019\/04\/a3b9fc581e0aa5ed4c6232e8c551604c-430x430.jpg 430w, https:\/\/havamall.vn\/wp-content\/uploads\/2019\/04\/a3b9fc581e0aa5ed4c6232e8c551604c-150x150.jpg 150w, https:\/\/havamall.vn\/wp-content\/uploads\/2019\/04\/a3b9fc581e0aa5ed4c6232e8c551604c-600x600.jpg 600w, https:\/\/havamall.vn\/wp-content\/uploads\/2019\/04\/a3b9fc581e0aa5ed4c6232e8c551604c-100x100.jpg 100w, https:\/\/havamall.vn\/wp-content\/uploads\/2019\/04\/a3b9fc581e0aa5ed4c6232e8c551604c.jpg 660w\" sizes=\"(max-width: 509px) 100vw, 509px\" \/><\/div>\n<div><\/div>\n<div>\n<div>Tr\u00e0 s\u1eefa \u0110\u00e0i Loan\u00a0lu\u00f4n n\u1ed5i ti\u1ebfng c\u00f3 m\u00f9i v\u1ecb th\u01a1m ngon nay c\u00f2n \u0111\u00f3ng trong chai xinh x\u1eafn \u0111ang l\u00e0 tr\u00e0o l\u01b0u r\u1ea5t hot hi\u1ec7n nay.<\/div>\n<div>Tr\u00e0 s\u1eefa \u0110\u00e0i Loan\u00a0v\u1ecb tr\u00e0 \u0111\u1eb7c tr\u01b0ng h\u00f2a quy\u1ec7n c\u00f9ng v\u1ecb s\u1eefa b\u00e9o b\u00e9o theo c\u00f4ng th\u1ee9c \u0111\u1eb7c ch\u1ebf, th\u01a1m ngon t\u1edbi gi\u1ecdt cu\u1ed1i c\u00f9ng.<\/div>\n<\/div>","protected":false},"excerpt":{"rendered":"<ul class=\"\">\n<li class=\"\">Chai tr\u00e0 s\u1eefa si\u00eau b\u1ef1: 290ml\/chaiV\u1ecb tr\u00e0 s\u1eefa \u0111\u1eb7c tr\u01b0ng ri\u00eang, \u0111\u01b0\u1ee3c s\u1ea3n xu\u1ea5t t\u1ea1i \u0110\u00e0i Loan &#8211; Qu\u1ed1c gia \u0111\u01b0\u1ee3c m\u1ec7nh danh l\u00e0 c\u00e1i n\u00f4i c\u1ee7a c\u00e1c lo\u1ea1i tr\u00e0 s\u1eefa. V\u1ecb tr\u00e0 s\u1eefa th\u01a1m ngon, \u0111\u00f3ng chai ti\u1ec7n d\u1ee5ng; r\u1ea5t ti\u1ec7n cho vi\u1ec7c mang \u0111i h\u1ecdc, \u0111i l\u00e0m, \u0111i d\u00e3 ngo\u1ea1i, c\u00e1c bu\u1ed5i t\u1ee5 t\u1eadp b\u1ea1n b\u00e8. S\u1ea3n ph\u1ea9m \u0111\u01b0\u1ee3c nh\u1eadp kh\u1ea9u tr\u1ef1c ti\u1ebfp t\u1eeb \u0110\u00e0i Loan<\/li>\n<\/ul>","protected":false},"featured_media":10558,"comment_status":"open","ping_status":"closed","template":"","meta":[],"product_brand":[],"product_cat":[36,135],"product_tag":[],"class_list":{"0":"post-10561","1":"product","2":"type-product","3":"status-publish","4":"has-post-thumbnail","6":"product_cat-thuc-pham-tieu-dung","7":"product_cat-sua-do-uong","9":"first","10":"outofstock","11":"sale","12":"shipping-taxable","13":"purchasable","14":"product-type-simple"},"_links":{"self":[{"href":"https:\/\/havamall.vn\/en\/wp-json\/wp\/v2\/product\/10561"}],"collection":[{"href":"https:\/\/havamall.vn\/en\/wp-json\/wp\/v2\/product"}],"about":[{"href":"https:\/\/havamall.vn\/en\/wp-json\/wp\/v2\/types\/product"}],"replies":[{"embeddable":true,"href":"https:\/\/havamall.vn\/en\/wp-json\/wp\/v2\/comments?post=10561"}],"version-history":[{"count":0,"href":"https:\/\/havamall.vn\/en\/wp-json\/wp\/v2\/product\/10561\/revisions"}],"wp:featuredmedia":[{"embeddable":true,"href":"https:\/\/havamall.vn\/en\/wp-json\/wp\/v2\/media\/10558"}],"wp:attachment":[{"href":"https:\/\/havamall.vn\/en\/wp-json\/wp\/v2\/media?parent=10561"}],"wp:term":[{"taxonomy":"product_brand","embeddable":true,"href":"https:\/\/havamall.vn\/en\/wp-json\/wp\/v2\/product_brand?post=10561"},{"taxonomy":"product_cat","embeddable":true,"href":"https:\/\/havamall.vn\/en\/wp-json\/wp\/v2\/product_cat?post=10561"},{"taxonomy":"product_tag","embeddable":true,"href":"https:\/\/havamall.vn\/en\/wp-json\/wp\/v2\/product_tag?post=10561"}],"curies":[{"name":"wp","href":"https:\/\/api.w.org\/{rel}","templated":true}]}}