{"id":10554,"date":"2019-04-11T11:12:18","date_gmt":"2019-04-11T04:12:18","guid":{"rendered":"https:\/\/havamall.vn\/?post_type=product&#038;p=10554"},"modified":"2021-03-26T17:49:13","modified_gmt":"2021-03-26T10:49:13","slug":"tra-sua-tinh-yeu-love-milk-tea-290ml","status":"publish","type":"product","link":"https:\/\/havamall.vn\/en\/shop\/tra-sua-tinh-yeu-love-milk-tea-290ml\/","title":{"rendered":"Tr\u00e0 S\u1eefa T\u00ecnh Y\u00eau Love Milk Tea 290ml"},"content":{"rendered":"<p>Tr\u00e0 s\u1eefa t\u00ecnh y\u00eau &#8211; Love Milk Tea v\u1edbi v\u1ecb tr\u00e0 s\u1eefa ng\u1ecdt d\u1ecbu, th\u01a1m nh\u1eb9 mang h\u01b0\u01a1ng v\u1ecb ng\u1ecdt ng\u00e0o nh\u01b0 t\u00ecnh y\u00eau \u0111\u00f4i l\u1ee9a. \u0110\u00e2y l\u00e0 v\u1ecb tr\u00e0 s\u1eefa \u0111\u01b0\u1ee3c gi\u1edbi tr\u1ebb s\u0103n l\u00f9ng nhi\u1ec1u kh\u00f4ng ch\u1ec9 g\u00e2y th\u01b0\u01a1ng nh\u1edb v\u1ec1 v\u1ecb m\u00e0 c\u00f2n l\u00e0 ph\u01b0\u01a1ng ti\u1ec7n th\u1ea3 th\u00ednh Crush c\u1ef1c ch\u1ea5t &#8211; \u0110\u01b0\u1ee3c m\u1ec7nh danh &#8220;Th\u1ea3 l\u00e0 d\u00ednh&#8221;<\/p>\n<p><img fetchpriority=\"high\" decoding=\"async\" class=\"wp-image-12218 aligncenter\" src=\"https:\/\/havamall.vn\/wp-content\/uploads\/2019\/04\/a3b9fc581e0aa5ed4c6232e8c551604c-300x300.jpg\" alt=\"\" width=\"594\" height=\"594\" srcset=\"https:\/\/havamall.vn\/wp-content\/uploads\/2019\/04\/a3b9fc581e0aa5ed4c6232e8c551604c-300x300.jpg 300w, https:\/\/havamall.vn\/wp-content\/uploads\/2019\/04\/a3b9fc581e0aa5ed4c6232e8c551604c-430x430.jpg 430w, https:\/\/havamall.vn\/wp-content\/uploads\/2019\/04\/a3b9fc581e0aa5ed4c6232e8c551604c-150x150.jpg 150w, https:\/\/havamall.vn\/wp-content\/uploads\/2019\/04\/a3b9fc581e0aa5ed4c6232e8c551604c-600x600.jpg 600w, https:\/\/havamall.vn\/wp-content\/uploads\/2019\/04\/a3b9fc581e0aa5ed4c6232e8c551604c-100x100.jpg 100w, https:\/\/havamall.vn\/wp-content\/uploads\/2019\/04\/a3b9fc581e0aa5ed4c6232e8c551604c.jpg 660w\" sizes=\"(max-width: 594px) 100vw, 594px\" \/><\/p>\n<div>Tr\u00e0 s\u1eefa \u0110\u00e0i Loan\u00a0lu\u00f4n n\u1ed5i ti\u1ebfng c\u00f3 m\u00f9i v\u1ecb th\u01a1m ngon nay c\u00f2n \u0111\u00f3ng trong chai xinh x\u1eafn \u0111ang l\u00e0 tr\u00e0o l\u01b0u r\u1ea5t hot hi\u1ec7n nay. \u0110\u00e1p \u1ee9ng nhu c\u1ea7u c\u1ee7a c\u00e1c b\u1ea1n tr\u1ebb, PHUCTHINH FOOD \u0111\u00e3 mang \u0111\u1ebfn\u00a0c\u00e1c lo\u1ea1i tr\u00e0 s\u1eefa \u0111\u00f3ng chai, s\u1ea3n xu\u1ea5t tr\u1ef1c ti\u1ebfp t\u1eeb \u0110\u00e0i Loan, \u0111\u1ea3m b\u1ea3o h\u00e0ng m\u1edbi th\u01a1m ngon, b\u1ed5 d\u01b0\u1ee1ng \u0111\u1ec3\u00a0ph\u1ee5c v\u1ee5 c\u00e1c b\u1ea1n.<\/div>\n<div>Tr\u00e0 s\u1eefa \u0110\u00e0i Loan\u00a0v\u1ecb tr\u00e0 \u0111\u1eb7t tr\u01b0ng h\u00f2a quy\u1ec7n c\u00f9ng v\u1ecb s\u1eefa b\u00e9o b\u00e9o theo c\u00f4ng th\u1ee9c \u0111\u1eb7c ch\u1ebf, th\u01a1m ngon t\u1edbi gi\u1ecdt cu\u1ed1i c\u00f9ng.<\/div>\n<div><\/div>\n<div><img decoding=\"async\" class=\"size-full wp-image-10557 aligncenter\" src=\"https:\/\/havamall.vn\/wp-content\/uploads\/2019\/04\/16c68b60-2852-11e8-9651-8d1d8fbb5e35-2.jpg\" alt=\"\" width=\"800\" height=\"800\" srcset=\"https:\/\/havamall.vn\/wp-content\/uploads\/2019\/04\/16c68b60-2852-11e8-9651-8d1d8fbb5e35-2.jpg 800w, https:\/\/havamall.vn\/wp-content\/uploads\/2019\/04\/16c68b60-2852-11e8-9651-8d1d8fbb5e35-2-430x430.jpg 430w, https:\/\/havamall.vn\/wp-content\/uploads\/2019\/04\/16c68b60-2852-11e8-9651-8d1d8fbb5e35-2-150x150.jpg 150w, https:\/\/havamall.vn\/wp-content\/uploads\/2019\/04\/16c68b60-2852-11e8-9651-8d1d8fbb5e35-2-700x700.jpg 700w\" sizes=\"(max-width: 800px) 100vw, 800px\" \/><\/div>\n<div><\/div>\n<div>\n<div>TH\u00d4NG TIN S\u1ea2N PH\u1ea8M<\/div>\n<div>+ Th\u00e0nh ph\u1ea7n: n\u01b0\u1edbc, \u0111\u01b0\u1eddng, b\u1ed9t s\u1eefa nguy\u00ean ch\u1ea5t, s\u1eefa b\u1ed9t, casein natri, b\u1ed9t tr\u00e0 \u0111en, kem t\u01b0\u01a1i, gia v\u1ecb tr\u00e0 \u0111en, glycerides axit b\u00e9o, Carboxymethyl Cellulose, mu\u1ed1i, s\u1eefa.<\/div>\n<div>+ Tr\u1ecdng l\u01b0\u1ee3ng: Chai th\u1ee7y tinh 290ml.<\/div>\n<div>+ C\u00f4ng d\u1ee5ng: \u0103n ch\u01a1i, ti\u1ec7c ng\u1ecdt, sinh nh\u1eadt, qu\u00e0 T\u1ebft.<\/div>\n<div>+ HSD: 12 th\u00e1ng k\u1ec3 t\u1eeb ng\u00e0y s\u1ea3n xu\u1ea5t Xem tr\u00ean bao b\u00ec.<\/div>\n<div>+ C\u00e1ch s\u1eed d\u1ee5ng: m\u1edf n\u1eafp, d\u00f9ng tr\u1ef1c ti\u1ebfp. Ngon h\u01a1n khi u\u1ed1ng l\u1ea1nh.<\/div>\n<div>+ B\u1ea3o qu\u1ea3n: B\u1ea3o qu\u1ea3n n\u01a1i kh\u00f4 r\u00e1o, tho\u00e1ng m\u00e1t v\u00e0 tr\u00e1nh \u00e1nh s\u00e1ng m\u1eb7t tr\u1eddi<\/div>\n<\/div>","protected":false},"excerpt":{"rendered":"<p>Chai tr\u00e0 s\u1eefa si\u00eau b\u1ef1: 290 ml\/chaiV\u1ecb tr\u00e0 s\u1eefa \u0111\u1eb7c tr\u01b0ng ri\u00eang, \u0111\u01b0\u1ee3c s\u1ea3n xu\u1ea5t t\u1ea1i \u0110\u00e0i Loan &#8211; Qu\u1ed1c gia \u0111\u01b0\u1ee3c m\u1ec7nh danh l\u00e0 c\u00e1i n\u00f4i c\u1ee7a c\u00e1c lo\u1ea1i tr\u00e0 s\u1eefa. V\u1ecb tr\u00e0 s\u1eefa th\u01a1m ngon, \u0111\u00f3ng chai ti\u1ec7n d\u1ee5ng; r\u1ea5t ti\u1ec7n cho vi\u1ec7c mang \u0111i h\u1ecdc, \u0111i l\u00e0m, \u0111i d\u00e3 ngo\u1ea1i, c\u00e1c bu\u1ed5i t\u1ee5 t\u1eadp b\u1ea1n b\u00e8&#8230;S\u1ea3n ph\u1ea9m \u0111\u01b0\u1ee3c nh\u1eadp kh\u1ea9u tr\u1ef1c ti\u1ebfp t\u1eeb \u0110\u00e0i Loan<\/p>","protected":false},"featured_media":10559,"comment_status":"open","ping_status":"closed","template":"","meta":[],"product_brand":[],"product_cat":[36,135],"product_tag":[],"class_list":{"0":"post-10554","1":"product","2":"type-product","3":"status-publish","4":"has-post-thumbnail","6":"product_cat-thuc-pham-tieu-dung","7":"product_cat-sua-do-uong","9":"first","10":"outofstock","11":"sale","12":"shipping-taxable","13":"purchasable","14":"product-type-simple"},"_links":{"self":[{"href":"https:\/\/havamall.vn\/en\/wp-json\/wp\/v2\/product\/10554"}],"collection":[{"href":"https:\/\/havamall.vn\/en\/wp-json\/wp\/v2\/product"}],"about":[{"href":"https:\/\/havamall.vn\/en\/wp-json\/wp\/v2\/types\/product"}],"replies":[{"embeddable":true,"href":"https:\/\/havamall.vn\/en\/wp-json\/wp\/v2\/comments?post=10554"}],"version-history":[{"count":0,"href":"https:\/\/havamall.vn\/en\/wp-json\/wp\/v2\/product\/10554\/revisions"}],"wp:featuredmedia":[{"embeddable":true,"href":"https:\/\/havamall.vn\/en\/wp-json\/wp\/v2\/media\/10559"}],"wp:attachment":[{"href":"https:\/\/havamall.vn\/en\/wp-json\/wp\/v2\/media?parent=10554"}],"wp:term":[{"taxonomy":"product_brand","embeddable":true,"href":"https:\/\/havamall.vn\/en\/wp-json\/wp\/v2\/product_brand?post=10554"},{"taxonomy":"product_cat","embeddable":true,"href":"https:\/\/havamall.vn\/en\/wp-json\/wp\/v2\/product_cat?post=10554"},{"taxonomy":"product_tag","embeddable":true,"href":"https:\/\/havamall.vn\/en\/wp-json\/wp\/v2\/product_tag?post=10554"}],"curies":[{"name":"wp","href":"https:\/\/api.w.org\/{rel}","templated":true}]}}