{"id":10549,"date":"2019-04-11T11:08:43","date_gmt":"2019-04-11T04:08:43","guid":{"rendered":"https:\/\/havamall.vn\/?post_type=product&#038;p=10549"},"modified":"2021-03-26T17:49:44","modified_gmt":"2021-03-26T10:49:44","slug":"tra-sua-classic-milk-tea-290ml","status":"publish","type":"product","link":"https:\/\/havamall.vn\/en\/shop\/tra-sua-classic-milk-tea-290ml\/","title":{"rendered":"Tr\u00e0 S\u1eefa Classic Milk Tea 290ml"},"content":{"rendered":"<p>Tr\u00e0 s\u1eefa \u0110\u00e0i Loan lu\u00f4n n\u1ed5i ti\u1ebfng c\u00f3 m\u00f9i v\u1ecb th\u01a1m ngon nay c\u00f2n \u0111\u00f3ng trong chai xinh x\u1eafn \u0111ang l\u00e0 tr\u00e0o l\u01b0u r\u1ea5t hot hi\u1ec7n nay. \u0110\u00e1p \u1ee9ng nhu c\u1ea7u c\u1ee7a c\u00e1c b\u1ea1n tr\u1ebb, PHUCTHINH FOOD \u0111\u00e3 mang \u0111\u1ebfn c\u00e1c lo\u1ea1i tr\u00e0 s\u1eefa \u0111\u00f3ng chai, s\u1ea3n xu\u1ea5t tr\u1ef1c ti\u1ebfp t\u1eeb \u0110\u00e0i Loan, \u0111\u1ea3m b\u1ea3o h\u00e0ng m\u1edbi th\u01a1m ngon, b\u1ed5 d\u01b0\u1ee1ng \u0111\u1ec3 ph\u1ee5c v\u1ee5 c\u00e1c b\u1ea1n.<\/p>\n<p><img fetchpriority=\"high\" decoding=\"async\" class=\"wp-image-12218 aligncenter\" src=\"https:\/\/havamall.vn\/wp-content\/uploads\/2019\/04\/a3b9fc581e0aa5ed4c6232e8c551604c-300x300.jpg\" alt=\"\" width=\"485\" height=\"485\" srcset=\"https:\/\/havamall.vn\/wp-content\/uploads\/2019\/04\/a3b9fc581e0aa5ed4c6232e8c551604c-300x300.jpg 300w, https:\/\/havamall.vn\/wp-content\/uploads\/2019\/04\/a3b9fc581e0aa5ed4c6232e8c551604c-430x430.jpg 430w, https:\/\/havamall.vn\/wp-content\/uploads\/2019\/04\/a3b9fc581e0aa5ed4c6232e8c551604c-150x150.jpg 150w, https:\/\/havamall.vn\/wp-content\/uploads\/2019\/04\/a3b9fc581e0aa5ed4c6232e8c551604c-600x600.jpg 600w, https:\/\/havamall.vn\/wp-content\/uploads\/2019\/04\/a3b9fc581e0aa5ed4c6232e8c551604c-100x100.jpg 100w, https:\/\/havamall.vn\/wp-content\/uploads\/2019\/04\/a3b9fc581e0aa5ed4c6232e8c551604c.jpg 660w\" sizes=\"(max-width: 485px) 100vw, 485px\" \/><\/p>\n<div>Tr\u00e0 s\u1eefa Classic Milk Tea \u0111\u01b0\u1ee3c s\u1ea3n xu\u1ea5t t\u1eeb c\u00e1c th\u00e0nh ph\u1ea7n nguy\u00ean li\u1ec7u \u0111\u00e3 \u0111\u01b0\u1ee3c l\u1ef1a ch\u1ecdn k\u1ef9 l\u01b0\u1ee1ng nh\u01b0: N\u01b0\u1edbc, \u0111\u01b0\u1eddng, \u0111\u01b0\u1eddng \u0111en, s\u1eefa b\u1ed9t nguy\u00ean ch\u1ea5t, b\u1ed9t tr\u00e0 \u0111en, h\u01b0\u01a1ng tr\u00e0 \u0111en t\u1ef1 nhi\u00ean, h\u01b0\u01a1ng s\u1eefa t\u1ef1 nhi\u00ean&#8230; Nguy\u00ean li\u1ec7u an to\u00e0n k\u1ebft h\u1ee3p c\u00f9ng c\u00f4ng th\u1ee9c ch\u1ebf bi\u1ebfn ri\u00eang bi\u1ec7t cho ra s\u1ea3n ph\u1ea9m \u0111\u1ea1t ch\u1ea5t l\u01b0\u1ee3ng cao.<\/div>\n<div><\/div>\n<div>S\u1ea3n ph\u1ea9m \u0111\u01b0\u1ee3c s\u1ea3n xu\u1ea5t theo quy tr\u00ecnh kh\u00e9p k\u00edn, \u0111\u1ea3m b\u1ea3o an to\u00e0n cho s\u1ee9c kh\u1ecfe. Tr\u00e0 s\u1eefa c\u00f3 h\u01b0\u01a1ng v\u1ecb th\u01a1m ngon, l\u00e0 s\u1ef1 l\u1ef1a ch\u1ecdn l\u00fd t\u01b0\u1edfng \u0111\u1ec3 b\u1ea1n gi\u1ea3i kh\u00e1t sau nh\u1eefng gi\u1edd h\u1ecdc t\u1eadp, l\u00e0m vi\u1ec7c c\u0103ng th\u1eb3ng. Tr\u00e0 s\u1eefa Classic Milk Tea \u0111\u01b0\u1ee3c \u0111\u00f3ng chai an to\u00e0n, h\u1ee3p v\u1ec7 sinh v\u00e0 r\u1ea5t \u0111\u1eb9p m\u1eaft, thu\u1eadn ti\u1ec7n cho vi\u1ec7c s\u1eed d\u1ee5ng v\u00e0 b\u1ea3o qu\u1ea3n.<\/div>","protected":false},"excerpt":{"rendered":"<p>Chai tr\u00e0 s\u1eefa si\u00eau b\u1ef1: 290 ml. V\u1ecb tr\u00e0 s\u1eefa \u0111\u1eb7c tr\u01b0ng ri\u00eang, \u0111\u01b0\u1ee3c s\u1ea3n xu\u1ea5t t\u1ea1i \u0110\u00e0i Loan &#8211; Qu\u1ed1c gia \u0111\u01b0\u1ee3c m\u1ec7nh danh l\u00e0 c\u00e1i n\u00f4i c\u1ee7a c\u00e1c lo\u1ea1i tr\u00e0 s\u1eefa. V\u1ecb tr\u00e0 s\u1eefa th\u01a1m ngon, \u0111\u00f3ng chai ti\u1ec7n d\u1ee5ng; r\u1ea5t ti\u1ec7n cho vi\u1ec7c mang \u0111i h\u1ecdc, \u0111i l\u00e0m, \u0111i d\u00e3 ngo\u1ea1i, c\u00e1c bu\u1ed5i t\u1ee5 t\u1eadp b\u1ea1n b\u00e8&#8230;S\u1ea3n ph\u1ea9m \u0111\u01b0\u1ee3c nh\u1eadp kh\u1ea9u tr\u1ef1c ti\u1ebfp t\u1eeb \u0110\u00e0i Loan<\/p>","protected":false},"featured_media":10552,"comment_status":"open","ping_status":"closed","template":"","meta":[],"product_brand":[],"product_cat":[36,135],"product_tag":[],"class_list":{"0":"post-10549","1":"product","2":"type-product","3":"status-publish","4":"has-post-thumbnail","6":"product_cat-thuc-pham-tieu-dung","7":"product_cat-sua-do-uong","9":"first","10":"outofstock","11":"sale","12":"shipping-taxable","13":"purchasable","14":"product-type-simple"},"_links":{"self":[{"href":"https:\/\/havamall.vn\/en\/wp-json\/wp\/v2\/product\/10549"}],"collection":[{"href":"https:\/\/havamall.vn\/en\/wp-json\/wp\/v2\/product"}],"about":[{"href":"https:\/\/havamall.vn\/en\/wp-json\/wp\/v2\/types\/product"}],"replies":[{"embeddable":true,"href":"https:\/\/havamall.vn\/en\/wp-json\/wp\/v2\/comments?post=10549"}],"version-history":[{"count":0,"href":"https:\/\/havamall.vn\/en\/wp-json\/wp\/v2\/product\/10549\/revisions"}],"wp:featuredmedia":[{"embeddable":true,"href":"https:\/\/havamall.vn\/en\/wp-json\/wp\/v2\/media\/10552"}],"wp:attachment":[{"href":"https:\/\/havamall.vn\/en\/wp-json\/wp\/v2\/media?parent=10549"}],"wp:term":[{"taxonomy":"product_brand","embeddable":true,"href":"https:\/\/havamall.vn\/en\/wp-json\/wp\/v2\/product_brand?post=10549"},{"taxonomy":"product_cat","embeddable":true,"href":"https:\/\/havamall.vn\/en\/wp-json\/wp\/v2\/product_cat?post=10549"},{"taxonomy":"product_tag","embeddable":true,"href":"https:\/\/havamall.vn\/en\/wp-json\/wp\/v2\/product_tag?post=10549"}],"curies":[{"name":"wp","href":"https:\/\/api.w.org\/{rel}","templated":true}]}}