{"id":10543,"date":"2019-04-11T10:58:15","date_gmt":"2019-04-11T03:58:15","guid":{"rendered":"https:\/\/havamall.vn\/?post_type=product&#038;p=10543"},"modified":"2021-06-24T15:40:54","modified_gmt":"2021-06-24T08:40:54","slug":"banh-gao-sieu-cay-yopokki-coc-hot-spicy-topokki-140g","status":"publish","type":"product","link":"https:\/\/havamall.vn\/en\/shop\/banh-gao-sieu-cay-yopokki-coc-hot-spicy-topokki-140g\/","title":{"rendered":"B\u00e1nh G\u1ea1o Si\u00eau Cay Yopokki C\u1ed1c &#8211; Hot &amp; Spicy Topokki 140g"},"content":{"rendered":"<p>S\u1ea3n ph\u1ea9m \u0111\u01b0\u1ee3c \u0111\u00f3ng h\u1ed9p 120g nh\u1ecf g\u1ecdn, r\u1ea5t ti\u1ec7n l\u1ee3i cho vi\u1ec7c s\u1eed d\u1ee5ng v\u00e0 b\u1ea3o qu\u1ea3n trong gia \u0111\u00ecnh ho\u1eb7c mang theo khi du l\u1ecbch d\u00e3 ngo\u1ea1i. B\u00e1nh g\u1ea1o Topokki l\u00e0 m\u00f3n \u0103n truy\u1ec1n th\u1ed1ng r\u1ea5t ph\u1ed5 bi\u1ebfn v\u00e0 \u0111\u01b0\u1ee3c nhi\u1ec1u ng\u01b0\u1eddi y\u00eau th\u00edch t\u1ea1i H\u00e0n Qu\u1ed1c.<\/p>\n<p>N\u01b0\u1edbc s\u1ed1t \u1edbt v\u1ecb cay v\u01b0\u1ee3t c\u1ea5p. V\u1ecb si\u00eau cay, th\u01a1m ngon. C\u00f3 th\u1ec3 d\u00f9ng cho ng\u01b0\u1eddi \u0103n chay.<\/p>\n<p><img fetchpriority=\"high\" decoding=\"async\" class=\"wp-image-10546 aligncenter\" src=\"https:\/\/havamall.vn\/wp-content\/uploads\/2019\/04\/54ead3dd8fc049f464907e4512a3e388.jpg\" alt=\"\" width=\"498\" height=\"331\" srcset=\"https:\/\/havamall.vn\/wp-content\/uploads\/2019\/04\/54ead3dd8fc049f464907e4512a3e388.jpg 2000w, https:\/\/havamall.vn\/wp-content\/uploads\/2019\/04\/54ead3dd8fc049f464907e4512a3e388-430x286.jpg 430w, https:\/\/havamall.vn\/wp-content\/uploads\/2019\/04\/54ead3dd8fc049f464907e4512a3e388-150x100.jpg 150w, https:\/\/havamall.vn\/wp-content\/uploads\/2019\/04\/54ead3dd8fc049f464907e4512a3e388-700x466.jpg 700w\" sizes=\"(max-width: 498px) 100vw, 498px\" \/><\/p>\n<p>Th\u00e0nh ph\u1ea7n: B\u00e1nh g\u1ea1o Topokki(g\u1ea1o, mu\u1ed1i tinh ch\u1ebf, ph\u1ee5 gia \u0111i\u1ec1u ch\u1ec9nh \u0111\u1ed9 axit, c\u1ed3n) B\u1ed9t n\u00eam topokki, n\u01b0\u1edbc s\u1ed1t c\u00e0 chua, \u0111\u01b0\u1eddng tr\u1eafng, tinh b\u1ed9t, t\u01b0\u01a1ng \u1edbt, \u0111\u01b0\u1eddng t\u1eeb hoa qu\u1ea3 Gia v\u1ecb h\u1ed7n h\u1ee3p, m\u1ee9t t\u00e1o, h\u00e0nh t\u00e2y, r\u01b0\u1ee3i g\u1ea1o, t\u1ecfi, \u1edbt, d\u1ea7u \u0103n, gia v\u1ecb.<\/p>\n<p>&nbsp;<\/p>\n<div>Nh\u1eefng mi\u1ebfng b\u00e1nh d\u1ebbo h\u00f2a quy\u1ec7n c\u00f9ng n\u01b0\u1edbc s\u1ed1t \u0111\u1eadm \u0111\u00e0, ngon mi\u1ec7ng ch\u1eafc ch\u1eafn s\u1ebd l\u00e0m h\u00e0i l\u00f2ng b\u1ea5t c\u1ee9 ai khi l\u1ea7n \u0111\u1ea7u th\u01b0\u1edfng th\u1ee9c.<\/div>\n<div><img decoding=\"async\" class=\"wp-image-12467 aligncenter\" src=\"https:\/\/havamall.vn\/wp-content\/uploads\/2019\/04\/b0b3a66680e2ca2cbcce180eb31e8fda-200x300.jpg\" alt=\"\" width=\"346\" height=\"520\" srcset=\"https:\/\/havamall.vn\/wp-content\/uploads\/2019\/04\/b0b3a66680e2ca2cbcce180eb31e8fda-200x300.jpg 200w, https:\/\/havamall.vn\/wp-content\/uploads\/2019\/04\/b0b3a66680e2ca2cbcce180eb31e8fda-430x645.jpg 430w, https:\/\/havamall.vn\/wp-content\/uploads\/2019\/04\/b0b3a66680e2ca2cbcce180eb31e8fda-150x225.jpg 150w, https:\/\/havamall.vn\/wp-content\/uploads\/2019\/04\/b0b3a66680e2ca2cbcce180eb31e8fda-700x1050.jpg 700w, https:\/\/havamall.vn\/wp-content\/uploads\/2019\/04\/b0b3a66680e2ca2cbcce180eb31e8fda-768x1152.jpg 768w, https:\/\/havamall.vn\/wp-content\/uploads\/2019\/04\/b0b3a66680e2ca2cbcce180eb31e8fda-683x1024.jpg 683w, https:\/\/havamall.vn\/wp-content\/uploads\/2019\/04\/b0b3a66680e2ca2cbcce180eb31e8fda-1200x1800.jpg 1200w, https:\/\/havamall.vn\/wp-content\/uploads\/2019\/04\/b0b3a66680e2ca2cbcce180eb31e8fda-600x900.jpg 600w, https:\/\/havamall.vn\/wp-content\/uploads\/2019\/04\/b0b3a66680e2ca2cbcce180eb31e8fda-scaled.jpg 1707w\" sizes=\"(max-width: 346px) 100vw, 346px\" \/><\/div>\n<div>Gi\u1edd \u0111\u00e2y v\u1edbi s\u1ea3n ph\u1ea9m b\u00e1nh g\u1ea1o Topokki si\u00eau cay c\u1ed1c 120g, b\u1ea1n c\u00f3 th\u1ec3 th\u01b0\u1edfng th\u1ee9c m\u00f3n b\u00e1nh n\u1ed5i ti\u1ebfng c\u1ee7a x\u1ee9 kim chi ngay t\u1ea1i nh\u00e0 v\u1edbi c\u00e1ch ch\u1ebf bi\u1ebfn r\u1ea5t \u0111\u01a1n gi\u1ea3n, ch\u1ec9 c\u1ea7n m\u1ea5t t\u1eeb 5-7 ph\u00fat l\u00e0 b\u1ea1n \u0111\u00e3 c\u00f3 1 t\u00f4 b\u00e1nh g\u1ea1o d\u1ebbo th\u01a1m l\u1eebng h\u00f2a quy\u1ec7n c\u00f9ng v\u1edbi n\u01b0\u1edbc s\u1ed1t cay \u0111\u1eb7c tr\u01b0ng c\u1ee7a x\u1ee9 s\u1edf kim chi.<\/div>\n<div>HSD: 12 th\u00e1ng k\u1ec3 t\u1eeb ng\u00e0y s\u1ea3n xu\u1ea5t ( xem tr\u00ean bao b\u00ec )<\/div>\n<div>Bao g\u1ed3m: t\u1ea5c b\u00e1nh g\u1ea1o v\u00e0 s\u1ed1t ( d\u1ea1ng n\u01b0\u1edbc s\u1ec7t )<\/div>\n<p>&nbsp;<\/p>\n<p>&nbsp;<\/p>\n<p>&nbsp;<\/p>","protected":false},"excerpt":{"rendered":"<p>B\u00e1nh g\u1ea1o Tokbokki l\u00e0 m\u00f3n \u0103n truy\u1ec1n th\u1ed1ng r\u1ea5t n\u1ed5i ti\u1ebfng c\u1ee7a H\u00e0n Qu\u1ed1c. T\u1eebng mi\u1ebfng b\u00e1nh g\u1ea1o d\u1ebbo k\u1ebft h\u1ee3p v\u1edbi n\u01b0\u1edbc s\u1ed1t si\u00eau cay &#8211; cay h\u00edt h\u00e0 cho b\u1ea1n tr\u1ea3i nghi\u1ec7m tuy\u1ec7t v\u1eddi, nh\u1ea5t l\u00e0 v\u00e0o nh\u1eefng ng\u00e0y m\u01b0a hay m\u00f9a \u0111\u00f4ng. Trong h\u1ed9p c\u00f3 s\u1eb5n b\u00e1nh g\u1ea1o v\u00e0 gia v\u1ecb, ch\u1ec9 c\u1ea7n th\u00eam n\u01b0\u1edbc l\u1ecdc v\u00e0o n\u1ea5u t\u1ea7m 5-10 l\u00e0 c\u00f3 th\u1ec3 \u0103n ngay. D\u00f9ng \u0111\u1ec3 \u0103n li\u1ec1n, mang \u0111i h\u1ecdc, c\u00f4ng t\u00e1c, d\u00e3 ngo\u1ea1i&#8230;C\u00f3 th\u1ec3 s\u1eed d\u1ee5ng cho ng\u01b0\u1eddi \u0103n chay<\/p>","protected":false},"featured_media":10547,"comment_status":"open","ping_status":"closed","template":"","meta":[],"product_brand":[],"product_cat":[36,143],"product_tag":[],"class_list":{"0":"post-10543","1":"product","2":"type-product","3":"status-publish","4":"has-post-thumbnail","6":"product_cat-thuc-pham-tieu-dung","7":"product_cat-thuc-pham-dong-hop","8":"pa_brand-yopokki","10":"first","11":"outofstock","12":"sale","13":"shipping-taxable","14":"purchasable","15":"product-type-simple"},"_links":{"self":[{"href":"https:\/\/havamall.vn\/en\/wp-json\/wp\/v2\/product\/10543"}],"collection":[{"href":"https:\/\/havamall.vn\/en\/wp-json\/wp\/v2\/product"}],"about":[{"href":"https:\/\/havamall.vn\/en\/wp-json\/wp\/v2\/types\/product"}],"replies":[{"embeddable":true,"href":"https:\/\/havamall.vn\/en\/wp-json\/wp\/v2\/comments?post=10543"}],"version-history":[{"count":0,"href":"https:\/\/havamall.vn\/en\/wp-json\/wp\/v2\/product\/10543\/revisions"}],"wp:featuredmedia":[{"embeddable":true,"href":"https:\/\/havamall.vn\/en\/wp-json\/wp\/v2\/media\/10547"}],"wp:attachment":[{"href":"https:\/\/havamall.vn\/en\/wp-json\/wp\/v2\/media?parent=10543"}],"wp:term":[{"taxonomy":"product_brand","embeddable":true,"href":"https:\/\/havamall.vn\/en\/wp-json\/wp\/v2\/product_brand?post=10543"},{"taxonomy":"product_cat","embeddable":true,"href":"https:\/\/havamall.vn\/en\/wp-json\/wp\/v2\/product_cat?post=10543"},{"taxonomy":"product_tag","embeddable":true,"href":"https:\/\/havamall.vn\/en\/wp-json\/wp\/v2\/product_tag?post=10543"}],"curies":[{"name":"wp","href":"https:\/\/api.w.org\/{rel}","templated":true}]}}