{"id":10531,"date":"2019-04-11T10:36:02","date_gmt":"2019-04-11T03:36:02","guid":{"rendered":"https:\/\/havamall.vn\/?post_type=product&#038;p=10531"},"modified":"2021-09-10T10:43:52","modified_gmt":"2021-09-10T03:43:52","slug":"banh-gao-cay-ngot-coc-sweet-spicy-topokki-rice-cake-140g","status":"publish","type":"product","link":"https:\/\/havamall.vn\/en\/shop\/banh-gao-cay-ngot-coc-sweet-spicy-topokki-rice-cake-140g\/","title":{"rendered":"B\u00e1nh G\u1ea1o Cay Ng\u1ecdt C\u1ed1c &#8211; Sweet &amp; Spicy Topokki Rice Cake 140g"},"content":{"rendered":"<p>B\u00e1nh g\u1ea1o Topokki cay ng\u1ecdt Young Poong l\u00e0 s\u1ea3n ph\u1ea9m ch\u1ea5t l\u01b0\u1ee3ng cao \u0111\u01b0\u1ee3c nh\u1eadp kh\u1ea9u tr\u1ef1c ti\u1ebfp t\u1eeb H\u00e0n Qu\u1ed1c. B\u00e1nh g\u1ea1o Topokki \u0111\u01b0\u1ee3c coi l\u00e0 m\u00f3n \u0103n \u0111\u1eb7c s\u1ea3n c\u1ee7a X\u1ee9 s\u1edf Kim Chi, c\u00f3 h\u01b0\u01a1ng v\u1ecb th\u01a1m ngon h\u1ea5p d\u1eabn \u0111\u01b0\u1ee3c m\u1ecdi l\u1ee9a tu\u1ed5i y\u00eau th\u00edch. \u0110\u01b0\u1ee3c l\u00e0m t\u1eeb nh\u1eefng nguy\u00ean li\u1ec7u \u0111\u00e3 qua ch\u1ecdn loc k\u0129 l\u01b0\u1ee1ng, quy tr\u00ecnh ch\u1ebf bi\u1ebfn hi\u1ec7n \u0111\u1ea1i v\u00e0 \u0111\u01b0\u1ee3c \u0111\u00f3ng t\u00fai d\u00e0y d\u1eb7n, \u0111\u1ea3m b\u1ea3o ch\u1ea5t l\u01b0\u1ee3ng b\u00ean trong c\u1ee7a s\u1ea3n ph\u1ea9m.<\/p>\n<p><img fetchpriority=\"high\" decoding=\"async\" class=\"wp-image-12465 aligncenter\" src=\"https:\/\/havamall.vn\/wp-content\/uploads\/2019\/04\/banh-gao-topokki-han-quoc-thao-nguyen-shop-hang-tieu-dung-thai-lan-1_grande-300x199.jpg\" alt=\"\" width=\"439\" height=\"291\" srcset=\"https:\/\/havamall.vn\/wp-content\/uploads\/2019\/04\/banh-gao-topokki-han-quoc-thao-nguyen-shop-hang-tieu-dung-thai-lan-1_grande-300x199.jpg 300w, https:\/\/havamall.vn\/wp-content\/uploads\/2019\/04\/banh-gao-topokki-han-quoc-thao-nguyen-shop-hang-tieu-dung-thai-lan-1_grande-430x285.jpg 430w, https:\/\/havamall.vn\/wp-content\/uploads\/2019\/04\/banh-gao-topokki-han-quoc-thao-nguyen-shop-hang-tieu-dung-thai-lan-1_grande-150x99.jpg 150w, https:\/\/havamall.vn\/wp-content\/uploads\/2019\/04\/banh-gao-topokki-han-quoc-thao-nguyen-shop-hang-tieu-dung-thai-lan-1_grande.jpg 600w\" sizes=\"(max-width: 439px) 100vw, 439px\" \/><\/p>\n<p>&nbsp;<\/p>\n<p>B\u00e1nh g\u1ea1o Topokki cay ng\u1ecdt Young Poong \u0111\u00e1p \u1ee9ng m\u1ecdi ti\u00eau chu\u1ea9n v\u1ec1 v\u1ec7 sinh an to\u00e0n th\u1ef1c ph\u1ea9m, kh\u00f4ng ch\u1ee9a ph\u1ee5 gia g\u00e2y h\u1ea1i cho s\u1ee9c kh\u1ecfe ng\u01b0\u1eddi ti\u00eau d\u00f9ng. S\u1ea3n ph\u1ea9m \u0111\u01b0\u1ee3c \u0111\u00f3ng g\u00f3i 140g nh\u1ecf g\u1ecdn, r\u1ea5t ti\u1ec7n l\u1ee3i cho vi\u1ec7c s\u1eed d\u1ee5ng v\u00e0 b\u1ea3o qu\u1ea3n trong gia \u0111\u00ecnh ho\u1eb7c mang theo khi \u0111i du l\u1ecbch d\u00e3 ngo\u1ea1i.<\/p>\n<p><img decoding=\"async\" class=\"aligncenter\" src=\"https:\/\/cf.shopee.vn\/file\/d002102c82962f3090ff94f8bb8e6502\" alt=\"K\u00e1\u00ba\u00bft qu\u00e1\u00ba\u00a3 h\u00c3\u00acnh \u00e1\u00ba\u00a3nh cho topokki cay ng\u00e1\u00bb\u008dt c\u00e1\u00bb\u0091c\" width=\"430\" height=\"430\" \/><\/p>\n<p><strong>C\u00e1ch n\u1ea5u:<\/strong><\/p>\n<p><strong>(Khi n\u1ea5u b\u1eb1ng ch\u1ea3o)<\/strong><\/p>\n<p>Sau khi b\u1ecf b\u00e1nh g\u1ea1o topokki v\u00e0o trong ch\u1ea3o, b\u1ecf n\u01b0\u1edbc s\u1ed1t v\u00e0 100ml n\u01b0\u1edbc v\u00e0o. Khi b\u1eaft \u0111\u1ea7u s\u00f4i \u0111i\u1ec1u ch\u1ec9nh l\u1eeda \u0111un t\u1ea7m 5 ph\u00fat.<\/p>\n<p>T\u00f9y thu\u1ed9c v\u00e0o kh\u00ed h\u1eadu c\u00f3 th\u1ec3 b\u1ecf them ch\u1ea3 c\u00e1, mi\u1ebfn, tr\u1ee9ng, rau,\u2026v\u00e0o \u0111\u1ec3 \u0111\u01b0\u1ee3c m\u00f3n topokki ngon mi\u1ec7ng h\u01a1n.<\/p>\n<p><strong>(Khi n\u1ea5u b\u1eb1ng l\u00f2 vi s\u00f3ng)<\/strong><\/p>\n<p>Sau khi b\u1ecf 1 g\u00f3i b\u00e1nh g\u1ea1o v\u00e0 1 g\u00f3i n\u01b0\u1edbc s\u1ed1t v\u00e0 20ml n\u01b0\u1edbc v\u00e0o h\u1ed9p s\u1eed d\u1ee5ng cho l\u00f2 vi s\u00f3ng, tr\u1ed9n \u0111\u1ec1u b\u00e1nh g\u1ea1o v\u00e0 n\u01b0\u1edbc s\u1ed1t, \u0111\u1eady n\u1eafp ho\u1eb7c s\u1eed d\u1ee5ng warp r\u1ed3i b\u1ecf v\u00e0o l\u00f2 vi s\u00f3ng.<\/p>\n<p>N\u1ea5u t\u1ea7m 1 ph\u00fat \u0111\u1ebfn 1 ph\u00fat 30 gi\u00e2y (1,000w), 2 ph\u00fat \u0111\u1ebfn 2 ph\u00fat 30 gi\u00e2y (700w) r\u1ed3i \u0103n.<\/p>\n<p>&nbsp;<\/p>\n<p>&nbsp;<\/p>\n<p>&nbsp;<\/p>","protected":false},"excerpt":{"rendered":"<p>Topokki l\u00e0 m\u00f3n b\u00e1nh g\u1ea1o r\u1ea5t ph\u1ed5 bi\u1ebfn v\u00e0 \u0111\u01b0\u1ee3c nhi\u1ec1u ng\u01b0\u1eddi y\u00eau th\u00edch t\u1ea1i H\u00e0n Qu\u1ed1c. Nh\u1eefng mi\u1ebfng b\u00e1nh d\u1ebbo h\u00f2a quy\u1ec7n c\u00f9ng n\u01b0\u1edbc s\u1ed1t \u0111\u1eadm \u0111\u00e0, ngon mi\u1ec7ng. \u0102n chay, qu\u00e0 t\u1eb7ng, m\u00f3n \u0103n nhanh (fastfood). C\u00f3 th\u1ec3 d\u00f9ng cho ng\u01b0\u1eddi \u0103n chay<\/p>","protected":false},"featured_media":10534,"comment_status":"open","ping_status":"closed","template":"","meta":[],"product_brand":[],"product_cat":[36,143],"product_tag":[],"class_list":{"0":"post-10531","1":"product","2":"type-product","3":"status-publish","4":"has-post-thumbnail","6":"product_cat-thuc-pham-tieu-dung","7":"product_cat-thuc-pham-dong-hop","8":"pa_brand-yopokki","10":"first","11":"outofstock","12":"sale","13":"shipping-taxable","14":"purchasable","15":"product-type-simple"},"_links":{"self":[{"href":"https:\/\/havamall.vn\/en\/wp-json\/wp\/v2\/product\/10531"}],"collection":[{"href":"https:\/\/havamall.vn\/en\/wp-json\/wp\/v2\/product"}],"about":[{"href":"https:\/\/havamall.vn\/en\/wp-json\/wp\/v2\/types\/product"}],"replies":[{"embeddable":true,"href":"https:\/\/havamall.vn\/en\/wp-json\/wp\/v2\/comments?post=10531"}],"version-history":[{"count":0,"href":"https:\/\/havamall.vn\/en\/wp-json\/wp\/v2\/product\/10531\/revisions"}],"wp:featuredmedia":[{"embeddable":true,"href":"https:\/\/havamall.vn\/en\/wp-json\/wp\/v2\/media\/10534"}],"wp:attachment":[{"href":"https:\/\/havamall.vn\/en\/wp-json\/wp\/v2\/media?parent=10531"}],"wp:term":[{"taxonomy":"product_brand","embeddable":true,"href":"https:\/\/havamall.vn\/en\/wp-json\/wp\/v2\/product_brand?post=10531"},{"taxonomy":"product_cat","embeddable":true,"href":"https:\/\/havamall.vn\/en\/wp-json\/wp\/v2\/product_cat?post=10531"},{"taxonomy":"product_tag","embeddable":true,"href":"https:\/\/havamall.vn\/en\/wp-json\/wp\/v2\/product_tag?post=10531"}],"curies":[{"name":"wp","href":"https:\/\/api.w.org\/{rel}","templated":true}]}}