{"id":10525,"date":"2019-04-11T10:23:17","date_gmt":"2019-04-11T03:23:17","guid":{"rendered":"https:\/\/havamall.vn\/?post_type=product&#038;p=10525"},"modified":"2021-12-23T11:33:39","modified_gmt":"2021-12-23T04:33:39","slug":"banh-gao-topokki-vi-pho-mai-goi-cheese-topokki-240g","status":"publish","type":"product","link":"https:\/\/havamall.vn\/en\/shop\/banh-gao-topokki-vi-pho-mai-goi-cheese-topokki-240g\/","title":{"rendered":"B\u00e1nh G\u1ea1o Topokki V\u1ecb Ph\u00f4 Mai G\u00f3i &#8211; Cheese Topokki"},"content":{"rendered":"<p>Topokki\u00a0l\u00e0 m\u00f3n b\u00e1nh g\u1ea1o r\u1ea5t ph\u1ed5 bi\u1ebfn v\u00e0 \u0111\u01b0\u1ee3c nhi\u1ec1u ng\u01b0\u1eddi y\u00eau th\u00edch t\u1ea1i H\u00e0n Qu\u1ed1c.\u00a0Nh\u1eefng mi\u1ebfng b\u00e1nh d\u1ebbo h\u00f2a quy\u1ec7n c\u00f9ng n\u01b0\u1edbc s\u1ed1t \u0111\u1eadm \u0111\u00e0, ngon mi\u1ec7ng ch\u1eafc ch\u1eafn s\u1ebd l\u00e0m h\u00e0i l\u00f2ng b\u1ea5t c\u1ee9 ai khi l\u1ea7n \u0111\u1ea7u\u00a0th\u01b0\u1edfng th\u1ee9c. Gi\u1edd \u0111\u00e2y v\u1edbi s\u1ea3n ph\u1ea9m B\u00e1nh g\u1ea1o Topokki\u00a0Yopokki\u00a0v\u1ecb ph\u00f4 mai\u200b,<strong>\u200b\u200b\u200b\u00a0<\/strong>b\u1ea1n c\u00f3 th\u1ec3\u00a0th\u01b0\u1edfng th\u1ee9c m\u00f3n b\u00e1nh n\u1ed5i ti\u1ebfng c\u1ee7a x\u1ee9 H\u00e0n\u00a0ngay t\u1ea1i nh\u00e0\u00a0v\u1edbi c\u00e1ch ch\u1ebf bi\u1ebfn r\u1ea5t \u0111\u01a1n gi\u1ea3n.\u00a0Ch\u1ec9 c\u1ea7n m\u1ea5t t\u1eeb 5 &#8211; 7 ph\u00fat\u00a0l\u00e0 b\u1ea1n \u0111\u00e3 c\u00f3 ngay m\u00f3n\u00a0b\u00e1nh g\u1ea1o<strong>\u200b\u00a0<\/strong>d\u1ebbo th\u01a1m v\u1ecb ph\u00f4 mai,\u00a0mang l\u1ea1i nh\u1eefng tr\u1ea3i nghi\u1ec7m th\u00fa v\u1ecb cho ng\u01b0\u1eddi th\u01b0\u1edfng th\u1ee9c.<\/p>\n<p>&nbsp;<\/p>\n<p style=\"text-align: center\"><img fetchpriority=\"high\" decoding=\"async\" class=\"wp-image-12469 aligncenter\" src=\"https:\/\/havamall.vn\/wp-content\/uploads\/2019\/04\/bon-buoc-de-co-mon-banh-gao-xao-ga-cay-phu-pho-mai-han-quoc-ngon-het-nac-10-300x169.jpg\" alt=\"\" width=\"580\" height=\"327\" srcset=\"https:\/\/havamall.vn\/wp-content\/uploads\/2019\/04\/bon-buoc-de-co-mon-banh-gao-xao-ga-cay-phu-pho-mai-han-quoc-ngon-het-nac-10-300x169.jpg 300w, https:\/\/havamall.vn\/wp-content\/uploads\/2019\/04\/bon-buoc-de-co-mon-banh-gao-xao-ga-cay-phu-pho-mai-han-quoc-ngon-het-nac-10-430x242.jpg 430w, https:\/\/havamall.vn\/wp-content\/uploads\/2019\/04\/bon-buoc-de-co-mon-banh-gao-xao-ga-cay-phu-pho-mai-han-quoc-ngon-het-nac-10-150x84.jpg 150w, https:\/\/havamall.vn\/wp-content\/uploads\/2019\/04\/bon-buoc-de-co-mon-banh-gao-xao-ga-cay-phu-pho-mai-han-quoc-ngon-het-nac-10-700x394.jpg 700w, https:\/\/havamall.vn\/wp-content\/uploads\/2019\/04\/bon-buoc-de-co-mon-banh-gao-xao-ga-cay-phu-pho-mai-han-quoc-ngon-het-nac-10-768x432.jpg 768w, https:\/\/havamall.vn\/wp-content\/uploads\/2019\/04\/bon-buoc-de-co-mon-banh-gao-xao-ga-cay-phu-pho-mai-han-quoc-ngon-het-nac-10-1024x576.jpg 1024w, https:\/\/havamall.vn\/wp-content\/uploads\/2019\/04\/bon-buoc-de-co-mon-banh-gao-xao-ga-cay-phu-pho-mai-han-quoc-ngon-het-nac-10-1200x675.jpg 1200w, https:\/\/havamall.vn\/wp-content\/uploads\/2019\/04\/bon-buoc-de-co-mon-banh-gao-xao-ga-cay-phu-pho-mai-han-quoc-ngon-het-nac-10-600x337.jpg 600w, https:\/\/havamall.vn\/wp-content\/uploads\/2019\/04\/bon-buoc-de-co-mon-banh-gao-xao-ga-cay-phu-pho-mai-han-quoc-ngon-het-nac-10.jpg 1300w\" sizes=\"(max-width: 580px) 100vw, 580px\" \/><\/p>\n<p>B\u00e1nh g\u1ea1o Topokki Yopokki\u00a0l\u00e0\u00a0s\u1ea3n ph\u1ea9m \u0103n li\u1ec1n\u00a0hi\u1ec7n \u0111\u1ea1i, ti\u1ec7n l\u1ee3i\u00a0v\u1edbi\u00a0h\u01b0\u01a1ng v\u1ecb th\u01a1m ngon,\u00a0c\u00f3 th\u1ec3 k\u1ebft h\u1ee3p c\u00f9ng c\u00e1c nguy\u00ean li\u1ec7u kh\u00e1c\u00a0nh\u01b0: ch\u1ea3 c\u00e1, mi\u1ebfn, tr\u1ee9ng, rau&#8230; \u0111\u1ec3 m\u00f3n \u0103n th\u00eam h\u1ea5p d\u1eabn\u00a0v\u00e0 b\u1ed5 d\u01b0\u1ee1ng h\u01a1n.\u00a0S\u1ea3n ph\u1ea9m\u00a0\u0111\u01b0\u1ee3c s\u1ea3n xu\u1ea5t theo c\u00f4ng ngh\u1ec7 ti\u00ean ti\u1ebfn v\u00e0 quy tr\u00ecnh kh\u00e9p k\u00edn, \u0111\u1ea3m b\u1ea3o ch\u1ea5t l\u01b0\u1ee3ng s\u1ea3n ph\u1ea9m v\u00e0 an to\u00e0n cho s\u1ee9c kh\u1ecfe.<\/p>\n<p><strong>C\u00e1ch n\u1ea5u:<\/strong><\/p>\n<p><em><strong>Trong l\u00f2 vi s\u00f3ng:<\/strong><\/em><\/p>\n<ul>\n<li>Sau khi m\u1edf n\u1eafp, b\u00f3c b\u00e1nh g\u1ea1o c\u00f3 trong t\u00fai nilon\u00a0v\u00e0 b\u1ed9t gia v\u1ecb ra<\/li>\n<li>B\u1ecf b\u00e1nh g\u1ea1o v\u00e0 b\u1ed9t gia v\u1ecb v\u00e0o h\u1ed9p sau \u0111\u00f3 cho 20ml n\u01b0\u1edbc, l\u1eafc k\u1ef9 v\u00e0 \u0111\u1eady h\u00e9 n\u1eafp l\u1ea1i r\u1ed3i b\u1ecf v\u00e0o l\u00f2 vi s\u00f3ng<\/li>\n<li>N\u1ea5u trong l\u00f2 vi s\u00f3ng t\u1eeb 1 ph\u00fat \u0111\u1ebfn 1 ph\u00fat 30 gi\u00e2y\u00a0(1000W), 2 ph\u00fat\u00a0\u0111\u1ebfn 2 ph\u00fat 30 gi\u00e2y\u00a0(700W) r\u1ed3i m\u1edbi \u0103n<\/li>\n<\/ul>\n<p><em><strong>Khi n<\/strong><\/em><em><strong>\u1ea5u\u00a0<\/strong><\/em><em><strong>b\u1eb1ng ch\u1ea3o:<\/strong><\/em><\/p>\n<p><img decoding=\"async\" class=\"wp-image-12470 aligncenter\" style=\"text-align: center\" src=\"https:\/\/havamall.vn\/wp-content\/uploads\/2019\/04\/lam-banh-gao-cay-chuan-vi-han-hoa-ra-lai-de-hon-ban-tuong-rat-nhieu-6-300x200.jpg\" alt=\"\" width=\"497\" height=\"331\" srcset=\"https:\/\/havamall.vn\/wp-content\/uploads\/2019\/04\/lam-banh-gao-cay-chuan-vi-han-hoa-ra-lai-de-hon-ban-tuong-rat-nhieu-6-300x200.jpg 300w, https:\/\/havamall.vn\/wp-content\/uploads\/2019\/04\/lam-banh-gao-cay-chuan-vi-han-hoa-ra-lai-de-hon-ban-tuong-rat-nhieu-6-430x286.jpg 430w, https:\/\/havamall.vn\/wp-content\/uploads\/2019\/04\/lam-banh-gao-cay-chuan-vi-han-hoa-ra-lai-de-hon-ban-tuong-rat-nhieu-6-150x100.jpg 150w, https:\/\/havamall.vn\/wp-content\/uploads\/2019\/04\/lam-banh-gao-cay-chuan-vi-han-hoa-ra-lai-de-hon-ban-tuong-rat-nhieu-6-600x400.jpg 600w, https:\/\/havamall.vn\/wp-content\/uploads\/2019\/04\/lam-banh-gao-cay-chuan-vi-han-hoa-ra-lai-de-hon-ban-tuong-rat-nhieu-6.jpg 650w\" sizes=\"(max-width: 497px) 100vw, 497px\" \/><\/p>\n<ul>\n<li>Sau khi b\u1ecf b\u00e1nh g\u1ea1o topokki v\u00e0o trong ch\u1ea3o, b\u1ecf n\u01b0\u1edbc s\u1ed1t v\u00e0 100ml n\u01b0\u1edbc v\u00e0o<\/li>\n<li>Khi b\u1eaft \u0111\u1ea7u s\u00f4i \u0111i\u1ec1u ch\u1ec9nh l\u1eeda \u0111un t\u1ea7m 5 ph\u00fat<\/li>\n<li>T\u00f9y thu\u1ed9c v\u00e0o kh\u00ed h\u1eadu c\u00f3 th\u1ec3 b\u1ecf th\u00eam ch\u1ea3 c\u00e1, mi\u1ebfn, tr\u1ee9ng, rau&#8230; v\u00e0o \u0111\u1ec3 \u0111\u01b0\u1ee3c m\u00f3n topokki ngon mi\u1ec7ng h\u01a1n<\/li>\n<\/ul>\n<p>&nbsp;<\/p>\n<p>&nbsp;<\/p>\n<p>&nbsp;<\/p>","protected":false},"excerpt":{"rendered":"<p>Topokki l\u00e0 m\u00f3n b\u00e1nh g\u1ea1o r\u1ea5t ph\u1ed5 bi\u1ebfn v\u00e0 \u0111\u01b0\u1ee3c nhi\u1ec1u ng\u01b0\u1eddi y\u00eau th\u00edch t\u1ea1i H\u00e0n Qu\u1ed1c. Nh\u1eefng mi\u1ebfng b\u00e1nh d\u1ebbo h\u00f2a quy\u1ec7n c\u00f9ng n\u01b0\u1edbc s\u1ed1t \u0111\u1eadm \u0111\u00e0, ngon mi\u1ec7ng. \u0102n chay, qu\u00e0 t\u1eb7ng, m\u00f3n \u0103n nhanh (fastfood). C\u00f3 th\u1ec3 d\u00f9ng cho ng\u01b0\u1eddi \u0103n chay.<\/p>","protected":false},"featured_media":10528,"comment_status":"open","ping_status":"closed","template":"","meta":[],"product_brand":[],"product_cat":[36],"product_tag":[],"class_list":{"0":"post-10525","1":"product","2":"type-product","3":"status-publish","4":"has-post-thumbnail","6":"product_cat-thuc-pham-tieu-dung","7":"pa_brand-yopokki","9":"first","10":"outofstock","11":"sale","12":"shipping-taxable","13":"purchasable","14":"product-type-variable","15":"has-default-attributes"},"_links":{"self":[{"href":"https:\/\/havamall.vn\/en\/wp-json\/wp\/v2\/product\/10525"}],"collection":[{"href":"https:\/\/havamall.vn\/en\/wp-json\/wp\/v2\/product"}],"about":[{"href":"https:\/\/havamall.vn\/en\/wp-json\/wp\/v2\/types\/product"}],"replies":[{"embeddable":true,"href":"https:\/\/havamall.vn\/en\/wp-json\/wp\/v2\/comments?post=10525"}],"version-history":[{"count":0,"href":"https:\/\/havamall.vn\/en\/wp-json\/wp\/v2\/product\/10525\/revisions"}],"wp:featuredmedia":[{"embeddable":true,"href":"https:\/\/havamall.vn\/en\/wp-json\/wp\/v2\/media\/10528"}],"wp:attachment":[{"href":"https:\/\/havamall.vn\/en\/wp-json\/wp\/v2\/media?parent=10525"}],"wp:term":[{"taxonomy":"product_brand","embeddable":true,"href":"https:\/\/havamall.vn\/en\/wp-json\/wp\/v2\/product_brand?post=10525"},{"taxonomy":"product_cat","embeddable":true,"href":"https:\/\/havamall.vn\/en\/wp-json\/wp\/v2\/product_cat?post=10525"},{"taxonomy":"product_tag","embeddable":true,"href":"https:\/\/havamall.vn\/en\/wp-json\/wp\/v2\/product_tag?post=10525"}],"curies":[{"name":"wp","href":"https:\/\/api.w.org\/{rel}","templated":true}]}}