{"id":10513,"date":"2019-04-10T16:57:40","date_gmt":"2019-04-10T09:57:40","guid":{"rendered":"https:\/\/havamall.vn\/?post_type=product&#038;p=10513"},"modified":"2021-12-23T11:33:56","modified_gmt":"2021-12-23T04:33:56","slug":"banh-gao-yopbokki-sot-bo-hanh-coc-golden-onion-butter-rice-cake-120g","status":"publish","type":"product","link":"https:\/\/havamall.vn\/en\/shop\/banh-gao-yopbokki-sot-bo-hanh-coc-golden-onion-butter-rice-cake-120g\/","title":{"rendered":"B\u00e1nh G\u1ea1o Yopbokki S\u1ed1t B\u01a1 H\u00e0nh &#8211; Golden Onion Butter Rice Cake 120g"},"content":{"rendered":"<p>B\u00e1nh g\u1ea1o v\u1ecb b\u01a1 h\u00e0nh Yopokki l\u00e0 s\u1ea3n ph\u1ea9m \u0111\u1ebfn t\u1eeb th\u01b0\u01a1ng hi\u1ec7u b\u00e1nh g\u1ea1o n\u1ed5i ti\u1ebfng t\u1ea1i H\u00e0n Qu\u1ed1c. S\u1ea3n ph\u1ea9m c\u00f3 v\u1ecb cay b\u00e9o ng\u1eady th\u01a1m ngon, kh\u00f4ng ch\u1ee9a ch\u1ea5t b\u1ea3o qu\u1ea3n, ch\u1ea5t t\u1ea1o m\u00e0u, an to\u00e0n cho ng\u01b0\u1eddi s\u1eed d\u1ee5ng.<\/p>\n<p><img decoding=\"async\" class=\"aligncenter\" src=\"https:\/\/havamall.vn\/wp-content\/uploads\/2019\/04\/ba7856e7d6740e2b81dde4cabeabbf57.jpg\" \/><\/p>\n<p>Toppoki l\u00e0 m\u00f3n b\u00e1nh g\u1ea1o r\u1ea5t ph\u1ed5 bi\u1ebfn v\u00e0 \u0111\u01b0\u1ee3c nhi\u1ec1u ng\u01b0\u1eddi y\u00eau th\u00edch t\u1ea1i H\u00e0n Qu\u1ed1c. Nh\u1eefng mi\u1ebfng b\u00e1nh g\u1ea1o m\u1ec1m d\u1ebbo, dai dai h\u00f2a quy\u1ec7n c\u00f9ng n\u01b0\u1edbc s\u1ed1t \u0111\u1eadm \u0111\u00e0, ngon mi\u1ec7ng ch\u1eafc ch\u1eafn s\u1ebd l\u00e0m h\u00e0i l\u00f2ng b\u1ea5t c\u1ee9 ai khi l\u1ea7n \u0111\u1ea7u th\u01b0\u1edfng th\u1ee9c. Gi\u1edd \u0111\u00e2y v\u1edbi s\u1ea3n ph\u1ea9m b\u00e1nh g\u1ea1o Topokki Yopokki cup b\u1ea1n c\u00f3 th\u1ec3 th\u01b0\u1edfng th\u1ee9c m\u00f3n b\u00e1nh n\u1ed5i ti\u1ebfng c\u1ee7a x\u1ee9 kim chi ngay t\u1ea1i nh\u00e0 v\u1edbi c\u00e1ch ch\u1ebf bi\u1ebfn r\u1ea5t \u0111\u01a1n gi\u1ea3n. Ch\u1ec9 c\u1ea7n m\u1ea5t t\u1eeb 5-7 ph\u00fat l\u00e0 b\u1ea1n \u0111\u00e3 c\u00f3 ngay m\u1ed9t ly b\u00e1nh g\u1ea1o d\u1ebbo dai th\u01a1m l\u1eebng h\u00f2a quy\u1ec7n c\u00f9ng ph\u1ea7n s\u1ed1t t\u1ea1o n\u00ean v\u1ecb ngon tuy\u1ec7t v\u1eddi c\u1ee7a m\u00f3n \u0103n n\u00e0y.<\/p>\n<p><img fetchpriority=\"high\" decoding=\"async\" class=\"wp-image-10516 aligncenter\" src=\"https:\/\/havamall.vn\/wp-content\/uploads\/2019\/04\/16.jpg\" alt=\"\" width=\"789\" height=\"790\" srcset=\"https:\/\/havamall.vn\/wp-content\/uploads\/2019\/04\/16.jpg 960w, https:\/\/havamall.vn\/wp-content\/uploads\/2019\/04\/16-430x430.jpg 430w, https:\/\/havamall.vn\/wp-content\/uploads\/2019\/04\/16-150x150.jpg 150w, https:\/\/havamall.vn\/wp-content\/uploads\/2019\/04\/16-700x700.jpg 700w\" sizes=\"(max-width: 789px) 100vw, 789px\" \/><\/p>\n<p>S\u1ea3n ph\u1ea9m Nh\u1eadp kh\u1ea9u v\u00e0 ph\u00e2n ph\u1ed1i \u0111\u1ed9c quy\u1ec1n, nh\u1eadp 100% t\u1eeb H\u00e0n Qu\u1ed1c<br \/>\n&#8211; HSD:\u00a012 th\u00e1ng k\u1ec3 t\u1eeb ng\u00e0y s\u1ea3n xu\u1ea5t (Xem tr\u00ean bao b\u00ec)<br \/>\n&#8211; Bao g\u1ed3m:\u00a0t\u1ea5c b\u00e1nh g\u1ea1o v\u00e0 b\u1ed9t gia v\u1ecb (v\u1ecb b\u01a1 h\u00e0nh)<br \/>\n&#8211; C\u00e1ch s\u1eed d\u1ee5ng:<\/p>\n<p>(Khi n\u1ea5u b\u1eb1ng ch\u1ea3o)<\/p>\n<p>Sau khi b\u1ecf b\u00e1nh g\u1ea1o topokki v\u00e0o trong ch\u1ea3o, b\u1ecf b\u1ed9t ph\u00f4 mai v\u00e0 100ml n\u01b0\u1edbc v\u00e0o. Khi b\u1eaft \u0111\u1ea7u s\u00f4i \u0111i\u1ec1u ch\u1ec9nh l\u1eeda \u0111un t\u1ea7m 5 ph\u00fat.<\/p>\n<p>T\u00f9y thu\u1ed9c v\u00e0o kh\u00ed h\u1eadu c\u00f3 th\u1ec3 b\u1ecf them ch\u1ea3 c\u00e1, mi\u1ebfn, tr\u1ee9ng, rau,\u2026v\u00e0o \u0111\u1ec3 \u0111\u01b0\u1ee3c m\u00f3n topokki ngon mi\u1ec7ng h\u01a1n.<\/p>\n<p>(Khi n\u1ea5u b\u1eb1ng l\u00f2 vi s\u00f3ng)<\/p>\n<p>Sau khi b\u1ecf 1 g\u00f3i b\u00e1nh g\u1ea1o v\u00e0 1 g\u00f3i n\u01b0\u1edbc s\u1ed1t v\u00e0 20ml n\u01b0\u1edbc v\u00e0o h\u1ed9p s\u1eed d\u1ee5ng cho l\u00f2 vi s\u00f3ng, tr\u1ed9n \u0111\u1ec1u b\u00e1nh g\u1ea1o v\u00e0 n\u01b0\u1edbc s\u1ed1t, \u0111\u1eady n\u1eafp ho\u1eb7c s\u1eed d\u1ee5ng warp r\u1ed3i b\u1ecf v\u00e0o l\u00f2 vi s\u00f3ng.<\/p>\n<p>N\u1ea5u t\u1ea7m 3 ph\u00fat \u0111\u1ebfn 3 ph\u00fat 30 gi\u00e2y (1,000w), 5 ph\u00fat \u0111\u1ebfn 5 ph\u00fat 30 gi\u00e2y (700w) r\u1ed3i \u0103n.<\/p>","protected":false},"excerpt":{"rendered":"<p>B\u00e1nh g\u1ea1o Topbokki l\u00e0 m\u00f3n \u0103n truy\u1ec1n th\u1ed1ng r\u1ea5t n\u1ed5i ti\u1ebfng c\u1ee7a H\u00e0n Qu\u1ed1c. T\u1eebng mi\u1ebfng b\u00e1nh g\u1ea1o d\u1ebbo k\u1ebft h\u1ee3p v\u1edbi n\u01b0\u1edbc s\u1ed1t b\u01a1 h\u00e0nh cho b\u1ea1n tr\u1ea3i nghi\u1ec7m tuy\u1ec7t v\u1eddi, nh\u1ea5t l\u00e0 v\u00e0o nh\u1eefng ng\u00e0y m\u01b0a hay m\u00f9a \u0111\u00f4ng. Trong h\u1ed9p c\u00f3 s\u1eb5n b\u00e1nh g\u1ea1o v\u00e0 gia v\u1ecb; ch\u1ec9 c\u1ea7n th\u00eam n\u01b0\u1edbc l\u1ecdc v\u00e0o n\u1ea5u t\u1ea7m 5-10 l\u00e0 c\u00f3 th\u1ec3 \u0103n ngay. D\u00f9ng \u0111\u1ec3 \u0103n li\u1ec1n, mang \u0111i h\u1ecdc, c\u00f4ng t\u00e1c, d\u00e3 ngo\u1ea1i&#8230;C\u00f3 th\u1ec3 s\u1eed d\u1ee5ng cho ng\u01b0\u1eddi \u0103n chay<\/p>","protected":false},"featured_media":10394,"comment_status":"open","ping_status":"closed","template":"","meta":[],"product_brand":[],"product_cat":[36],"product_tag":[],"class_list":{"0":"post-10513","1":"product","2":"type-product","3":"status-publish","4":"has-post-thumbnail","6":"product_cat-thuc-pham-tieu-dung","7":"pa_brand-yopokki","9":"first","10":"outofstock","11":"sale","12":"shipping-taxable","13":"purchasable","14":"product-type-simple"},"_links":{"self":[{"href":"https:\/\/havamall.vn\/en\/wp-json\/wp\/v2\/product\/10513"}],"collection":[{"href":"https:\/\/havamall.vn\/en\/wp-json\/wp\/v2\/product"}],"about":[{"href":"https:\/\/havamall.vn\/en\/wp-json\/wp\/v2\/types\/product"}],"replies":[{"embeddable":true,"href":"https:\/\/havamall.vn\/en\/wp-json\/wp\/v2\/comments?post=10513"}],"version-history":[{"count":0,"href":"https:\/\/havamall.vn\/en\/wp-json\/wp\/v2\/product\/10513\/revisions"}],"wp:featuredmedia":[{"embeddable":true,"href":"https:\/\/havamall.vn\/en\/wp-json\/wp\/v2\/media\/10394"}],"wp:attachment":[{"href":"https:\/\/havamall.vn\/en\/wp-json\/wp\/v2\/media?parent=10513"}],"wp:term":[{"taxonomy":"product_brand","embeddable":true,"href":"https:\/\/havamall.vn\/en\/wp-json\/wp\/v2\/product_brand?post=10513"},{"taxonomy":"product_cat","embeddable":true,"href":"https:\/\/havamall.vn\/en\/wp-json\/wp\/v2\/product_cat?post=10513"},{"taxonomy":"product_tag","embeddable":true,"href":"https:\/\/havamall.vn\/en\/wp-json\/wp\/v2\/product_tag?post=10513"}],"curies":[{"name":"wp","href":"https:\/\/api.w.org\/{rel}","templated":true}]}}