{"id":10506,"date":"2019-04-10T16:47:05","date_gmt":"2019-04-10T09:47:05","guid":{"rendered":"https:\/\/havamall.vn\/?post_type=product&#038;p=10506"},"modified":"2021-12-23T11:33:35","modified_gmt":"2021-12-23T04:33:35","slug":"banh-gao-cay-ngot-sweet-spicy-topbokki-goi-140g","status":"publish","type":"product","link":"https:\/\/havamall.vn\/en\/shop\/banh-gao-cay-ngot-sweet-spicy-topbokki-goi-140g\/","title":{"rendered":"B\u00e1nh G\u1ea1o Cay Ng\u1ecdt &#8211; Sweet &amp; Spicy Topbokki G\u00f3i 140g"},"content":{"rendered":"<p>B\u00e1nh g\u1ea1o Topokki cay ng\u1ecdt Young Poong l\u00e0 s\u1ea3n ph\u1ea9m ch\u1ea5t l\u01b0\u1ee3ng cao \u0111\u01b0\u1ee3c nh\u1eadp kh\u1ea9u tr\u1ef1c ti\u1ebfp t\u1eeb H\u00e0n Qu\u1ed1c. B\u00e1nh g\u1ea1o Topokki \u0111\u01b0\u1ee3c coi l\u00e0 m\u00f3n \u0103n \u0111\u1eb7c s\u1ea3n c\u1ee7a X\u1ee9 s\u1edf Kim Chi, c\u00f3 h\u01b0\u01a1ng v\u1ecb th\u01a1m ngon h\u1ea5p d\u1eabn \u0111\u01b0\u1ee3c m\u1ecdi l\u1ee9a tu\u1ed5i y\u00eau th\u00edch. \u0110\u01b0\u1ee3c l\u00e0m t\u1eeb nh\u1eefng nguy\u00ean li\u1ec7u \u0111\u00e3 qua ch\u1ecdn l\u1ecdc k\u0129 l\u01b0\u1ee1ng, quy tr\u00ecnh ch\u1ebf bi\u1ebfn hi\u1ec7n \u0111\u1ea1i v\u00e0 \u0111\u01b0\u1ee3c \u0111\u00f3ng t\u00fai d\u00e0y d\u1eb7n, \u0111\u1ea3m b\u1ea3o ch\u1ea5t l\u01b0\u1ee3ng b\u00ean trong c\u1ee7a s\u1ea3n ph\u1ea9m.<img fetchpriority=\"high\" decoding=\"async\" class=\"wp-image-12459 aligncenter\" src=\"https:\/\/havamall.vn\/wp-content\/uploads\/2019\/04\/tokbokki-300x200.jpg\" alt=\"\" width=\"527\" height=\"351\" srcset=\"https:\/\/havamall.vn\/wp-content\/uploads\/2019\/04\/tokbokki-300x200.jpg 300w, https:\/\/havamall.vn\/wp-content\/uploads\/2019\/04\/tokbokki-430x287.jpg 430w, https:\/\/havamall.vn\/wp-content\/uploads\/2019\/04\/tokbokki-150x100.jpg 150w, https:\/\/havamall.vn\/wp-content\/uploads\/2019\/04\/tokbokki.jpg 600w\" sizes=\"(max-width: 527px) 100vw, 527px\" \/><\/p>\n<p>B\u1ea1n c\u00f3 th\u1ec3 d\u00f9ng B\u00e1nh g\u1ea1o Topokki cay ng\u1ecdt Young Poong k\u1ebft h\u1ee3p c\u00f9ng c\u00e1c nguy\u00ean li\u1ec7u kh\u00e1c nh\u01b0: ch\u1ea3 c\u00e1, mi\u1ebfn, tr\u1ee9ng, rau&#8230; \u0111\u1ec3 m\u00f3n \u0103n th\u00eam th\u01a1m ngon v\u00e0 b\u1ed5 d\u01b0\u1ee1ng h\u01a1n. B\u00e1nh g\u1ea1o Topokki cay ng\u1ecdt Young Poong \u0111\u01b0\u1ee3c s\u1ea3n xu\u1ea5t tr\u00ean d\u00e2y chuy\u1ec1n c\u00f4ng ngh\u1ec7 hi\u1ec7n \u0111\u1ea1i c\u1ee7a H\u00e0n Qu\u1ed1c, \u0111\u1ea3m b\u1ea3o an to\u00e0n v\u1ec7 sinh cho s\u1ee9c kh\u1ecfe c\u1ee7a ng\u01b0\u1eddi s\u1eed d\u1ee5ng.<\/p>\n<p><img decoding=\"async\" class=\"wp-image-12461 aligncenter\" src=\"https:\/\/havamall.vn\/wp-content\/uploads\/2019\/04\/2-1-300x200.jpg\" alt=\"\" width=\"515\" height=\"343\" srcset=\"https:\/\/havamall.vn\/wp-content\/uploads\/2019\/04\/2-1-300x200.jpg 300w, https:\/\/havamall.vn\/wp-content\/uploads\/2019\/04\/2-1-430x286.jpg 430w, https:\/\/havamall.vn\/wp-content\/uploads\/2019\/04\/2-1-150x100.jpg 150w, https:\/\/havamall.vn\/wp-content\/uploads\/2019\/04\/2-1-700x466.jpg 700w, https:\/\/havamall.vn\/wp-content\/uploads\/2019\/04\/2-1-768x511.jpg 768w, https:\/\/havamall.vn\/wp-content\/uploads\/2019\/04\/2-1.jpg 1024w, https:\/\/havamall.vn\/wp-content\/uploads\/2019\/04\/2-1-600x399.jpg 600w\" sizes=\"(max-width: 515px) 100vw, 515px\" \/><\/p>\n<p>S\u1ea3n ph\u1ea9m Nh\u1eadp kh\u1ea9u v\u00e0 ph\u00e2n ph\u1ed1i \u0111\u1ed9c quy\u1ec1n, nh\u1eadp 100% t\u1eeb H\u00e0n Qu\u1ed1c<br \/>\n&#8211; HSD:\u00a012 th\u00e1ng k\u1ec3 t\u1eeb ng\u00e0y s\u1ea3n xu\u1ea5t (Xem tr\u00ean bao b\u00ec)<br \/>\n&#8211; Bao g\u1ed3m:\u00a0t\u1ea5c b\u00e1nh g\u1ea1o v\u00e0 s\u1ed1t (d\u1ea1ng n\u01b0\u1edbc s\u1ec7t) ..<br \/>\n&#8211; C\u00e1ch s\u1eed d\u1ee5ng:<\/p>\n<p><em><strong>Trong l\u00f2 vi s\u00f3ng:<\/strong><\/em><\/p>\n<ul>\n<li>Sau khi m\u1edf n\u1eafp, b\u00f3c b\u00e1nh g\u1ea1o c\u00f3 trong t\u00fai nilon\u00a0v\u00e0 b\u1ed9t gia v\u1ecb ra<\/li>\n<li>B\u1ecf b\u00e1nh g\u1ea1o v\u00e0 b\u1ed9t gia v\u1ecb v\u00e0o c\u1ed1c (b\u00e1t)\u00a0sau \u0111\u00f3 cho 20ml n\u01b0\u1edbc, tr\u1ed9n \u0111\u1ec1u\u00a0r\u1ed3i \u0111\u1eady\u00a0n\u1eafp h\u1edd ho\u1eb7c d\u00f9ng gi\u1ea5y warp cho\u00a0v\u00e0o l\u00f2 vi s\u00f3ng<\/li>\n<li>N\u1ea5u trong l\u00f2 vi s\u00f3ng t\u1eeb 1 ph\u00fat \u0111\u1ebfn 1 ph\u00fat 30 gi\u00e2y\u00a0(1000W), 2 ph\u00fat\u00a0\u0111\u1ebfn 2 ph\u00fat 30 gi\u00e2y\u00a0(700W) r\u1ed3i m\u1edbi \u0103n<\/li>\n<\/ul>\n<p><em><strong>Khi n\u1ea5u b\u1eb1ng ch\u1ea3o:<\/strong><\/em><\/p>\n<ul>\n<li>Sau khi b\u1ecf b\u00e1nh g\u1ea1o topokki v\u00e0o trong ch\u1ea3o, b\u1ecf n\u01b0\u1edbc s\u1ed1t v\u00e0 100ml n\u01b0\u1edbc v\u00e0o<\/li>\n<li>Khi b\u1eaft \u0111\u1ea7u s\u00f4i \u0111i\u1ec1u ch\u1ec9nh l\u1eeda \u0111un t\u1ea7m 5 ph\u00fat<\/li>\n<li>T\u00f9y v\u00e0o kh\u1ea9u v\u1ecb c\u00f3 th\u1ec3 th\u00eam tr\u1ee9ng, x\u00fac x\u00edch, th\u1ecbt b\u00f2, c\u1ea3i th\u1ea3o&#8230; v\u00e0o \u0111\u1ec3 \u0111\u01b0\u1ee3c m\u00f3n topokki ngon mi\u1ec7ng h\u01a1n<\/li>\n<\/ul>\n<p>&nbsp;<\/p>\n<p>&nbsp;<\/p>\n<p>&nbsp;<\/p>\n<p>&nbsp;<\/p>\n<p>&nbsp;<\/p>\n<p>&nbsp;<\/p>\n<p>&nbsp;<\/p>\n<p>&nbsp;<\/p>","protected":false},"excerpt":{"rendered":"<p>B\u00e1nh g\u1ea1o Tokbokki l\u00e0 m\u00f3n \u0103n truy\u1ec1n th\u1ed1ng r\u1ea5t n\u1ed5i ti\u1ebfng c\u1ee7a H\u00e0n Qu\u1ed1c. T\u1eebng mi\u1ebfng b\u00e1nh g\u1ea1o d\u1ebbo k\u1ebft h\u1ee3p v\u1edbi n\u01b0\u1edbc s\u1ed1t \u0111\u1eadm \u0111\u00e0 cay cay ng\u1ecdt ng\u1ecdt cho b\u1ea1n tr\u1ea3i nghi\u1ec7m tuy\u1ec7t v\u1eddi khi s\u1eed d\u1ee5ng s\u1ea3n ph\u1ea9m. Trong g\u00f3i c\u00f3 s\u1eb5n b\u00e1nh g\u1ea1o v\u00e0 gia v\u1ecb, ch\u1ec9 c\u1ea7n th\u00eam n\u01b0\u1edbc l\u1ecdc v\u00e0o n\u1ea5u t\u1ea7m 5 &#8211; 10 ph\u00fat l\u00e0 c\u00f3 th\u1ec3 \u0103n ngay. D\u00f9ng \u0111\u1ec3 \u0103n li\u1ec1n, mang \u0111i h\u1ecdc, c\u00f4ng t\u00e1c, d\u00e3 ngo\u1ea1i. C\u00f3 th\u1ec3 s\u1eed d\u1ee5ng cho ng\u01b0\u1eddi \u0103n chay<\/p>","protected":false},"featured_media":10510,"comment_status":"open","ping_status":"closed","template":"","meta":[],"product_brand":[],"product_cat":[36],"product_tag":[],"class_list":{"0":"post-10506","1":"product","2":"type-product","3":"status-publish","4":"has-post-thumbnail","6":"product_cat-thuc-pham-tieu-dung","7":"pa_brand-yopokki","9":"first","10":"outofstock","11":"sale","12":"shipping-taxable","13":"purchasable","14":"product-type-simple"},"_links":{"self":[{"href":"https:\/\/havamall.vn\/en\/wp-json\/wp\/v2\/product\/10506"}],"collection":[{"href":"https:\/\/havamall.vn\/en\/wp-json\/wp\/v2\/product"}],"about":[{"href":"https:\/\/havamall.vn\/en\/wp-json\/wp\/v2\/types\/product"}],"replies":[{"embeddable":true,"href":"https:\/\/havamall.vn\/en\/wp-json\/wp\/v2\/comments?post=10506"}],"version-history":[{"count":0,"href":"https:\/\/havamall.vn\/en\/wp-json\/wp\/v2\/product\/10506\/revisions"}],"wp:featuredmedia":[{"embeddable":true,"href":"https:\/\/havamall.vn\/en\/wp-json\/wp\/v2\/media\/10510"}],"wp:attachment":[{"href":"https:\/\/havamall.vn\/en\/wp-json\/wp\/v2\/media?parent=10506"}],"wp:term":[{"taxonomy":"product_brand","embeddable":true,"href":"https:\/\/havamall.vn\/en\/wp-json\/wp\/v2\/product_brand?post=10506"},{"taxonomy":"product_cat","embeddable":true,"href":"https:\/\/havamall.vn\/en\/wp-json\/wp\/v2\/product_cat?post=10506"},{"taxonomy":"product_tag","embeddable":true,"href":"https:\/\/havamall.vn\/en\/wp-json\/wp\/v2\/product_tag?post=10506"}],"curies":[{"name":"wp","href":"https:\/\/api.w.org\/{rel}","templated":true}]}}