{"id":10500,"date":"2019-04-10T16:31:56","date_gmt":"2019-04-10T09:31:56","guid":{"rendered":"https:\/\/havamall.vn\/?post_type=product&#038;p=10500"},"modified":"2022-04-05T14:27:43","modified_gmt":"2022-04-05T07:27:43","slug":"rong-bien-tron-com-humanwell-50g","status":"publish","type":"product","link":"https:\/\/havamall.vn\/en\/shop\/rong-bien-tron-com-humanwell-50g\/","title":{"rendered":"Rong Bi\u1ec3n Tr\u1ed9n C\u01a1m Humanwell 50g &#8211;"},"content":{"rendered":"<p>Trong rong bi\u1ec3n, h\u00e0m l\u01b0\u1ee3ng ch\u1ea5t x\u01a1 cao k\u1ebft h\u1ee3p v\u1edbi nhi\u1ec1u lo\u1ea1i vitamin v\u00e0 kho\u00e1ng ch\u1ea5t thi\u1ebft y\u1ebfu kh\u00e1c n\u00ean rong bi\u1ec3n tr\u1edf th\u00e0nh m\u1ed9t lo\u1ea1i th\u1ef1c ph\u1ea9m thi\u00ean nhi\u00ean b\u1ed5 d\u01b0\u1ee1ng, g\u00f3p ph\u1ea7n mang \u0111\u1ebfn cho con ng\u01b0\u1eddi m\u1ed9t s\u1ee9c kh\u1ecfe t\u1ed1t.<\/p>\n<p><img fetchpriority=\"high\" decoding=\"async\" class=\"wp-image-25786 aligncenter\" src=\"https:\/\/havamall.vn\/wp-content\/uploads\/2021\/07\/z3249726484315_cf7c28955e55c97374e7cb2db8525dcc-292x300.jpg\" alt=\"\" width=\"638\" height=\"657\" srcset=\"https:\/\/havamall.vn\/wp-content\/uploads\/2021\/07\/z3249726484315_cf7c28955e55c97374e7cb2db8525dcc-292x300.jpg 292w, https:\/\/havamall.vn\/wp-content\/uploads\/2021\/07\/z3249726484315_cf7c28955e55c97374e7cb2db8525dcc-430x442.jpg 430w, https:\/\/havamall.vn\/wp-content\/uploads\/2021\/07\/z3249726484315_cf7c28955e55c97374e7cb2db8525dcc-150x154.jpg 150w, https:\/\/havamall.vn\/wp-content\/uploads\/2021\/07\/z3249726484315_cf7c28955e55c97374e7cb2db8525dcc-1200x1233.jpg 1200w\" sizes=\"(max-width: 638px) 100vw, 638px\" \/><\/p>\n<p>\u0110\u1eb7c bi\u1ec7t, v\u1edbi c\u00e1c ho\u1ea1t t\u00ednh c\u00f3 trong rong bi\u1ec3n \u0111em \u0111\u1ebfn c\u00e1c t\u00e1c d\u1ee5ng gi\u1ea3m c\u00e2n hi\u1ec7u qu\u1ea3 , v\u00ec th\u1ebf \u0111\u00e2y l\u00e0 m\u00f3n \u0103n ng\u00e0y c\u00e0ng \u0111\u01b0\u1ee3c nhi\u1ec1u ng\u01b0\u1eddi bi\u1ebft \u0111\u1ebfn v\u00e0 \u01b0a chu\u1ed9ng, v\u1edbi h\u00e0m l\u01b0\u1ee3ng calo th\u1ea5p v\u00e0 ch\u1ee9a nhi\u1ec1u lo\u1ea1i kho\u00e1ng ch\u1ea5t c\u0169ng nh\u01b0 nh\u1eefng d\u01b0\u1ee1ng ch\u1ea5t thi\u00ean nhi\u00ean kh\u00e1c, rong bi\u1ec3n h\u1ed5 tr\u1ee3 r\u1ea5t t\u1ed1t cho qu\u00e1 tr\u00ecnh trao \u0111\u1ed5i ch\u1ea5t c\u1ee7a c\u01a1 th\u1ec3, \u0111\u1ed3ng th\u1eddi t\u0103ng c\u01b0\u1eddng hi\u1ec7u qu\u1ea3 cho qu\u00e1 tr\u00ecnh thanh l\u1ecdc v\u00e0 \u0111\u00e0o th\u1ea3i ch\u1ea5t \u0111\u1ed9c, ch\u00ednh c\u00e1c qu\u00e1 tr\u00ecnh n\u00e0y c\u0169ng m\u1ed9t ph\u1ea7n n\u00e0o \u0111\u00f3 th\u00fac \u0111\u1ea9y cho vi\u1ec7c \u0111\u00e0o th\u1ea3i l\u01b0\u1ee3ng m\u1ee1 th\u1eeba b\u00ean trong c\u01a1 th\u1ec3 nhanh ch\u00f3ng h\u01a1n, t\u1eeb \u0111\u00f3 tuy\u1ec7t nhi\u00ean rong bi\u1ec3n tr\u1edf th\u00e0nh m\u1ed9t th\u1ef1c ph\u1ea9m gi\u1ea3m c\u00e2n an to\u00e0n v\u00e0 c\u1ef1c k\u1ef3 hi\u1ec7u qu\u1ea3.<\/p>\n<p><img decoding=\"async\" class=\"wp-image-12183 aligncenter\" src=\"https:\/\/havamall.vn\/wp-content\/uploads\/2019\/04\/14150670516254-300x200.jpg\" alt=\"\" width=\"630\" height=\"420\" srcset=\"https:\/\/havamall.vn\/wp-content\/uploads\/2019\/04\/14150670516254-300x200.jpg 300w, https:\/\/havamall.vn\/wp-content\/uploads\/2019\/04\/14150670516254-430x286.jpg 430w, https:\/\/havamall.vn\/wp-content\/uploads\/2019\/04\/14150670516254-150x100.jpg 150w, https:\/\/havamall.vn\/wp-content\/uploads\/2019\/04\/14150670516254-700x466.jpg 700w, https:\/\/havamall.vn\/wp-content\/uploads\/2019\/04\/14150670516254-768x511.jpg 768w, https:\/\/havamall.vn\/wp-content\/uploads\/2019\/04\/14150670516254-600x399.jpg 600w, https:\/\/havamall.vn\/wp-content\/uploads\/2019\/04\/14150670516254.jpg 834w\" sizes=\"(max-width: 630px) 100vw, 630px\" \/><\/p>\n<p>S\u1ea3n ph\u1ea9m c\u00f3 h\u01b0\u01a1ng v\u1ecb th\u01a1m ngon c\u00f9ng nh\u1eefng nguy\u00ean li\u1ec7u t\u1ef1 nhi\u00ean \u0111\u01b0\u1ee3c ch\u1ecdn l\u1ecdc k\u1ef9 c\u00e0ng, s\u1ebd mang l\u1ea1i cho b\u1ea1n nh\u1eefng ph\u00fat gi\u1ea3i tr\u00ed v\u00e0 th\u01b0\u1edfng th\u1ee9c th\u1eadt tuy\u1ec7t v\u1eddi b\u00ean c\u1ea1nh b\u1ea1n b\u00e8 ho\u1eb7c ng\u01b0\u1eddi th\u00e2n.\u00a0S\u1ea3n ph\u1ea9m \u0111\u01b0\u1ee3c ch\u1ecdn l\u1ecdc t\u1eeb ngu\u1ed3n nguy\u00ean li\u1ec7u s\u1ea1ch, \u0111\u00e3 qua qu\u00e1 tr\u00ecnh ki\u1ec3m \u0111\u1ecbnh \u0111\u1ed9 an to\u00e0n \u0111\u1ed3ng th\u1eddi kh\u00f4ng ch\u1ee9a h\u00f3a ch\u1ea5t, ch\u1ea5t b\u1ea3o qu\u1ea3n \u0111\u1ed9c h\u1ea1i, \u0111\u1ea3m b\u1ea3o an to\u00e0n cho s\u1ee9c kh\u1ecfe ng\u01b0\u1eddi ti\u00eau d\u00f9ng. \u0110\u01b0\u1ee3c \u0111\u00f3ng g\u00f3i nh\u1ecf g\u1ecdn, ti\u1ec7n l\u1ee3i cho b\u1ea1n s\u1eed d\u1ee5ng c\u0169ng nh\u01b0 b\u1ea3o qu\u1ea3n, b\u1ea1n c\u0169ng c\u00f3 th\u1ec3 mang theo d\u1ec5 d\u00e0ng trong nh\u1eefng chuy\u1ebfn \u0111i ch\u01a1i, picnic \u0111\u1ec3 l\u00e0m b\u1eefa \u0103n ph\u1ee5, ti\u1ebft ki\u1ec7m th\u1eddi gian v\u00e0 c\u00f4ng s\u1ee9c.<\/p>\n<p><img decoding=\"async\" class=\"wp-image-25785 aligncenter\" src=\"https:\/\/havamall.vn\/wp-content\/uploads\/2021\/07\/z3249726449297_d1c97a0f25387d223bb98916baa8f8aa-300x297.jpg\" alt=\"\" width=\"630\" height=\"623\" srcset=\"https:\/\/havamall.vn\/wp-content\/uploads\/2021\/07\/z3249726449297_d1c97a0f25387d223bb98916baa8f8aa-300x297.jpg 300w, https:\/\/havamall.vn\/wp-content\/uploads\/2021\/07\/z3249726449297_d1c97a0f25387d223bb98916baa8f8aa-430x426.jpg 430w, https:\/\/havamall.vn\/wp-content\/uploads\/2021\/07\/z3249726449297_d1c97a0f25387d223bb98916baa8f8aa-150x148.jpg 150w, https:\/\/havamall.vn\/wp-content\/uploads\/2021\/07\/z3249726449297_d1c97a0f25387d223bb98916baa8f8aa-700x693.jpg 700w, https:\/\/havamall.vn\/wp-content\/uploads\/2021\/07\/z3249726449297_d1c97a0f25387d223bb98916baa8f8aa-768x760.jpg 768w, https:\/\/havamall.vn\/wp-content\/uploads\/2021\/07\/z3249726449297_d1c97a0f25387d223bb98916baa8f8aa-1024x1013.jpg 1024w, https:\/\/havamall.vn\/wp-content\/uploads\/2021\/07\/z3249726449297_d1c97a0f25387d223bb98916baa8f8aa-1200x1188.jpg 1200w, https:\/\/havamall.vn\/wp-content\/uploads\/2021\/07\/z3249726449297_d1c97a0f25387d223bb98916baa8f8aa-600x594.jpg 600w, https:\/\/havamall.vn\/wp-content\/uploads\/2021\/07\/z3249726449297_d1c97a0f25387d223bb98916baa8f8aa-100x100.jpg 100w, https:\/\/havamall.vn\/wp-content\/uploads\/2021\/07\/z3249726449297_d1c97a0f25387d223bb98916baa8f8aa.jpg 1920w\" sizes=\"(max-width: 630px) 100vw, 630px\" \/><\/p>","protected":false},"excerpt":{"rendered":"<p>S\u1ea3n ph\u1ea9m \u0111\u01b0\u1ee3c ch\u1ecdn l\u1ecdc t\u1eeb ngu\u1ed3n nguy\u00ean li\u1ec7u s\u1ea1ch, \u0111\u00e3 qua qu\u00e1 tr\u00ecnh ki\u1ec3m \u0111\u1ecbnh. Rong bi\u1ec3n r\u1ea5t gi\u00e0u c\u00e1c ch\u1ea5t dinh d\u01b0\u1ee1ng, ch\u1ea5t \u0111\u1ea1m, ch\u1ea5t kho\u00e1ng v\u00e0 h\u00e0m l\u01b0\u1ee3ng vitamin cao. S\u1ea3n ph\u1ea9m c\u00f3 h\u01b0\u01a1ng v\u1ecb th\u01a1m ngon. \u0110\u01b0\u1ee3c \u0111\u00f3ng g\u00f3i nh\u1ecf g\u1ecdn, ti\u1ec7n l\u1ee3i cho b\u1ea1n s\u1eed d\u1ee5ng c\u0169ng nh\u01b0 b\u1ea3o qu\u1ea3n<\/p>","protected":false},"featured_media":10504,"comment_status":"open","ping_status":"closed","template":"","meta":[],"product_brand":[],"product_cat":[36,134],"product_tag":[],"class_list":{"0":"post-10500","1":"product","2":"type-product","3":"status-publish","4":"has-post-thumbnail","6":"product_cat-thuc-pham-tieu-dung","7":"product_cat-thucpham-saykho","8":"pa_brand-humanwell","10":"first","11":"instock","12":"sale","13":"shipping-taxable","14":"purchasable","15":"product-type-simple"},"_links":{"self":[{"href":"https:\/\/havamall.vn\/en\/wp-json\/wp\/v2\/product\/10500"}],"collection":[{"href":"https:\/\/havamall.vn\/en\/wp-json\/wp\/v2\/product"}],"about":[{"href":"https:\/\/havamall.vn\/en\/wp-json\/wp\/v2\/types\/product"}],"replies":[{"embeddable":true,"href":"https:\/\/havamall.vn\/en\/wp-json\/wp\/v2\/comments?post=10500"}],"version-history":[{"count":0,"href":"https:\/\/havamall.vn\/en\/wp-json\/wp\/v2\/product\/10500\/revisions"}],"wp:featuredmedia":[{"embeddable":true,"href":"https:\/\/havamall.vn\/en\/wp-json\/wp\/v2\/media\/10504"}],"wp:attachment":[{"href":"https:\/\/havamall.vn\/en\/wp-json\/wp\/v2\/media?parent=10500"}],"wp:term":[{"taxonomy":"product_brand","embeddable":true,"href":"https:\/\/havamall.vn\/en\/wp-json\/wp\/v2\/product_brand?post=10500"},{"taxonomy":"product_cat","embeddable":true,"href":"https:\/\/havamall.vn\/en\/wp-json\/wp\/v2\/product_cat?post=10500"},{"taxonomy":"product_tag","embeddable":true,"href":"https:\/\/havamall.vn\/en\/wp-json\/wp\/v2\/product_tag?post=10500"}],"curies":[{"name":"wp","href":"https:\/\/api.w.org\/{rel}","templated":true}]}}