{"id":10497,"date":"2019-04-10T16:58:40","date_gmt":"2019-04-10T09:58:40","guid":{"rendered":"https:\/\/havamall.vn\/?post_type=product&#038;p=10497"},"modified":"2021-03-03T15:35:50","modified_gmt":"2021-03-03T08:35:50","slug":"kho-ca-com-nhat-vi-tieu-den-maruesu-25gr","status":"publish","type":"product","link":"https:\/\/havamall.vn\/en\/shop\/kho-ca-com-nhat-vi-tieu-den-maruesu-25gr\/","title":{"rendered":"Kh\u00f4 c\u00e1 c\u01a1m Nh\u1eadt v\u1ecb ti\u00eau \u0111en MARUESU 25gr"},"content":{"rendered":"<p>Kh\u00f4 c\u00e1 c\u01a1m Nh\u1eadt v\u1ecb ti\u00eau \u0111en MARUESU \u0111\u01b0\u1ee3c s\u1ea3n xu\u1ea5t tr\u00ean c\u00f4ng ngh\u1ec7 ti\u00ean ti\u1ebfn, ch\u1ec9 ch\u1ecdn l\u1ea5y ph\u1ea7n th\u00e2n c\u1ee7a nh\u1eefng con c\u00e1 th\u01a1m ngon nh\u1ea5t.<\/p>\n<p>S\u1ea3n ph\u1ea9m \u0111\u01b0\u1ee3c d\u00f9ng \u0103n li\u1ec1n, ti\u1ec7n d\u1ee5ng, gi\u00e0u ch\u1ea5t dinh d\u01b0\u1ee1ng.<\/p>\n<p>C\u00f3 th\u00e0nh ph\u1ea7n ch\u00ednh l\u00e0 c\u00e1 nguy\u00ean ch\u1ea5t v\u1edbi c\u00e1c lo\u1ea1i gia v\u1ecb, t\u1ea1o n\u00ean h\u01b0\u01a1ng v\u1ecb th\u01a1m ngon, h\u1ea5p d\u1eabn.<\/p>\n<p>T\u1eebng con c\u00e1 \u0111\u01b0\u1ee3c x\u1ebb ph\u01a1i t\u1ef1 nhi\u00ean, th\u1ecbt c\u00f3 v\u1ecb ng\u1ecdt l\u1ecbm t\u1ef1 nhi\u00ean, sau \u0111\u00f3 \u0111\u01b0\u1ee3c ch\u1ebf bi\u1ebfn d\u01b0\u1edbi quy tr\u00ecnh c\u00f4ng ngh\u1ec7 hi\u1ec7n \u0111\u1ea1i, gi\u00f2n tan khi cho v\u00e0o mi\u1ec7ng, ngon \u0111\u1ebfn mi\u1ebfng cu\u1ed1i c\u00f9ng.<\/p>\n<p><img fetchpriority=\"high\" decoding=\"async\" class=\"wp-image-10517 aligncenter\" src=\"https:\/\/havamall.vn\/wp-content\/uploads\/2019\/04\/f90eb84259f5bbabe2e4-copy.jpg\" alt=\"\" width=\"759\" height=\"550\" srcset=\"https:\/\/havamall.vn\/wp-content\/uploads\/2019\/04\/f90eb84259f5bbabe2e4-copy.jpg 1200w, https:\/\/havamall.vn\/wp-content\/uploads\/2019\/04\/f90eb84259f5bbabe2e4-copy-430x312.jpg 430w, https:\/\/havamall.vn\/wp-content\/uploads\/2019\/04\/f90eb84259f5bbabe2e4-copy-150x109.jpg 150w, https:\/\/havamall.vn\/wp-content\/uploads\/2019\/04\/f90eb84259f5bbabe2e4-copy-700x508.jpg 700w\" sizes=\"(max-width: 759px) 100vw, 759px\" \/><\/p>\n<p>H\u01b0\u01a1ng v\u1ecb h\u1ea5p d\u1eabn, th\u00eam m\u1ed9t ch\u00e9n t\u01b0\u01a1ng \u1edbt \u0103n k\u00e8m l\u00e0 b\u1ea1n s\u1ebd ch\u1ec9 mu\u1ed1n th\u01b0\u1edfng th\u1ee9c ho\u00e0i kh\u00f4ng th\u00f4i.<\/p>\n<p>S\u1ea3n ph\u1ea9m kh\u00f4ng ch\u1ee9a ch\u1ea5t b\u1ea3o qu\u1ea3n, ch\u1ea5t h\u00f3a h\u1ecdc \u0111\u1ed9c h\u1ea1i, t\u1ed1t cho s\u1ee9c kh\u1ecfe.<\/p>\n<p>S\u1ea3n ph\u1ea9m \u0111\u01b0\u1ee3c d\u00f9ng \u0103n li\u1ec1n, v\u00ec th\u1ebf b\u1ea1n kh\u00f4ng c\u1ea7n qua nhi\u1ec1u c\u00f4ng \u0111o\u1ea1n ch\u1ebf bi\u1ebfn m\u00e0 v\u1eabn c\u00f3 m\u1ed9t lo\u1ea1i th\u1ee9c \u0103n th\u01a1m ngon, b\u1ed5 d\u01b0\u1ee1ng \u0111\u1ec3 nh\u00e2m nhi c\u00f9ng b\u1ea1n b\u00e8, ng\u01b0\u1eddi th\u00e2n.<\/p>\n<div>C\u00e1ch ch\u1ebf bi\u1ebfn Kh\u00f4 c\u00e1 t\u1ea9m c\u1ee7a m\u1ed7i c\u01a1 s\u1edf s\u1ea3n xu\u1ea5t \u0111\u1ec1u c\u00f3 k\u1ef9 thu\u1eadt ch\u1ebf bi\u1ebfn kh\u00e1c nhau mang m\u1ed9t b\u00ed quy\u1ebft ri\u00eang. Nh\u01b0ng \u0111\u1ec3 c\u00f3 \u0111\u01b0\u1ee3c m\u00f3n kh\u00f4 c\u00e1 t\u1ea9m gia v\u1ecb th\u01a1m ngon \u0111\u00fang v\u1ecb nh\u01b0 Kh\u00f4 c\u00e1 c\u01a1m Nh\u1eadt v\u1ecb ti\u00eau \u0111en MARUESU \u0111i\u1ec1u c\u01a1 b\u1ea3n nh\u1ea5t l\u00e0 ph\u1ea3i c\u00f3 ngu\u1ed3n c\u00e1 t\u01b0\u01a1i ngon m\u1edbi \u0111\u00e1nh b\u1eaft v\u1ec1 \u0111\u01b0\u1ee3c t\u1ea9m \u01b0\u1edbp v\u1edbi n\u01b0\u1edbc m\u1eafm ngon v\u00e0 m\u1ed9t s\u1ed1 ph\u1ee5 gia \u0111i k\u00e8m.<\/div>\n<p><img decoding=\"async\" class=\"wp-image-10519 aligncenter\" src=\"https:\/\/havamall.vn\/wp-content\/uploads\/2019\/04\/yprcfP.jpg\" alt=\"\" width=\"761\" height=\"761\" srcset=\"https:\/\/havamall.vn\/wp-content\/uploads\/2019\/04\/yprcfP.jpg 1125w, https:\/\/havamall.vn\/wp-content\/uploads\/2019\/04\/yprcfP-430x430.jpg 430w, https:\/\/havamall.vn\/wp-content\/uploads\/2019\/04\/yprcfP-150x150.jpg 150w, https:\/\/havamall.vn\/wp-content\/uploads\/2019\/04\/yprcfP-700x700.jpg 700w\" sizes=\"(max-width: 761px) 100vw, 761px\" \/><\/p>\n<p><strong>C\u00e1ch ch\u1ebf bi\u1ebfn<\/strong><\/p>\n<p>Kh\u00f4 C\u00e1 \u0103n li\u1ec1n \u0111\u00e3 \u0111\u01b0\u1ee3c t\u1ea9m gia v\u1ecb v\u1eeba \u0103n, ch\u1ec9 c\u1ea7n mua v\u1ec1 v\u00e0 th\u01b0\u1edfng th\u1ee9c c\u00f9ng gia \u0111\u00ecnh, ngo\u00e0i ra c\u00f2n l\u00e0m\u00a0m\u00f3n khai v\u1ecb &amp; m\u00f3n m\u1ed3i nh\u1eafm c\u00f9ng b\u1ea1n b\u00e8, ng\u01b0\u1eddi th\u00e2n\u00a0r\u1ea5t tuy\u1ec7t.<\/p>\n<p><strong>B\u1ea3o qu\u1ea3n<\/strong><\/p>\n<p>B\u1ea3o qu\u1ea3n \u1edf nhi\u1ec7t \u0111\u1ed9 b\u00ecnh th\u01b0\u1eddng ho\u1eb7c nhi\u1ec7t \u0111\u1ed9 t\u1eeb 5 &#8211; 70 \u0111\u1ed9 C, tr\u00e1nh \u00e1nh n\u1eafng tr\u1ef1c ti\u1ebfp chi\u1ebfu v\u00e0o.<\/p>","protected":false},"excerpt":{"rendered":"<p>Kh\u00f4 c\u00e1 c\u01a1m t\u1ea9m gia v\u1ecb \u0103n li\u1ec1n v\u1edbi nguy\u00ean li\u1ec7u t\u1eeb c\u00e1 c\u01a1m Nh\u1eadt, t\u1ea9m \u01b0\u1edbp th\u01a1m ng\u1ecdt \u0111\u01b0\u1ee3c s\u1ea5y kh\u00f4, \u01b0\u1edbp s\u1eb5n gia v\u1ecb theo c\u00f4ng th\u1ee9c b\u00ed truy\u1ec1n c\u1ee7a ng\u01b0\u1eddi d\u00e2n b\u1ea3n x\u1ee9. B\u1ea1n s\u1ebd c\u00f3 b\u1eefa c\u01a1m \u0111\u1eadm ch\u1ea5t h\u01b0\u01a1ng v\u1ecb bi\u1ec3n hay \u0111\u01a1n gi\u1ea3n l\u00e0 nh\u00e2m nhi v\u1edbi ly bia m\u00e1t l\u1ea1nh c\u00f9ng kh\u00f4 c\u00e1 v\u1ecb ti\u00eau cay.<\/p>","protected":false},"featured_media":10524,"comment_status":"open","ping_status":"closed","template":"","meta":[],"product_brand":[],"product_cat":[36,134],"product_tag":[],"class_list":{"0":"post-10497","1":"product","2":"type-product","3":"status-publish","4":"has-post-thumbnail","6":"product_cat-thuc-pham-tieu-dung","7":"product_cat-thucpham-saykho","9":"first","10":"outofstock","11":"sale","12":"shipping-taxable","13":"purchasable","14":"product-type-simple"},"_links":{"self":[{"href":"https:\/\/havamall.vn\/en\/wp-json\/wp\/v2\/product\/10497"}],"collection":[{"href":"https:\/\/havamall.vn\/en\/wp-json\/wp\/v2\/product"}],"about":[{"href":"https:\/\/havamall.vn\/en\/wp-json\/wp\/v2\/types\/product"}],"replies":[{"embeddable":true,"href":"https:\/\/havamall.vn\/en\/wp-json\/wp\/v2\/comments?post=10497"}],"version-history":[{"count":0,"href":"https:\/\/havamall.vn\/en\/wp-json\/wp\/v2\/product\/10497\/revisions"}],"wp:featuredmedia":[{"embeddable":true,"href":"https:\/\/havamall.vn\/en\/wp-json\/wp\/v2\/media\/10524"}],"wp:attachment":[{"href":"https:\/\/havamall.vn\/en\/wp-json\/wp\/v2\/media?parent=10497"}],"wp:term":[{"taxonomy":"product_brand","embeddable":true,"href":"https:\/\/havamall.vn\/en\/wp-json\/wp\/v2\/product_brand?post=10497"},{"taxonomy":"product_cat","embeddable":true,"href":"https:\/\/havamall.vn\/en\/wp-json\/wp\/v2\/product_cat?post=10497"},{"taxonomy":"product_tag","embeddable":true,"href":"https:\/\/havamall.vn\/en\/wp-json\/wp\/v2\/product_tag?post=10497"}],"curies":[{"name":"wp","href":"https:\/\/api.w.org\/{rel}","templated":true}]}}