{"id":10494,"date":"2019-04-10T16:10:57","date_gmt":"2019-04-10T09:10:57","guid":{"rendered":"https:\/\/havamall.vn\/?post_type=product&#038;p=10494"},"modified":"2020-08-10T14:33:44","modified_gmt":"2020-08-10T07:33:44","slug":"rong-bien-nau-canh-wakame-humanwell-dried-seaweed-for-soup-humanwell-15g","status":"publish","type":"product","link":"https:\/\/havamall.vn\/en\/shop\/rong-bien-nau-canh-wakame-humanwell-dried-seaweed-for-soup-humanwell-15g\/","title":{"rendered":"Rong Bi\u1ec3n N\u1ea5u Canh Wakame Humanwell &#8211; Dried Seaweed For Soup Humanwell 15g"},"content":{"rendered":"<p>Rong Bi\u1ec3n Wakame\u00a0v\u1edbi ngu\u1ed3n nguy\u00ean li\u1ec7u tr\u1ef1c ti\u1ebfp nh\u1eadp kh\u1ea9u t\u1eeb H\u00e0n Qu\u1ed1c v\u1edbi h\u00e0m l\u01b0\u1ee3ng dinh d\u01b0\u1ee1ng cao v\u00e0 d\u1ec5 d\u00e0ng ch\u1ebf bi\u1ebfn th\u00e0nh nh\u1eefng m\u00f3n \u0103n c\u00f3 h\u01b0\u01a1ng v\u1ecb th\u01a1m ngon h\u1ea5p d\u1eabn. S\u1ea3n ph\u1ea9m ch\u1ee9a h\u00e0m l\u01b0\u1ee3ng s\u1eaft &amp; calcium r\u1ea5t cao. D\u00f9ng \u0111\u1ec3 n\u1ea5u c\u00e1c m\u00f3n canh rong bi\u1ec3n, s\u00fap miso; l\u00e0 m\u00f3n ngon cho c\u1ea3 gia \u0111\u00ecnh, h\u1ed7 tr\u1ee3 \u0111i\u1ec1u tr\u1ecb t\u00e1o b\u00f3n, nhu\u1eadn tr\u01b0\u1eddng.<\/p>\n<p><img fetchpriority=\"high\" decoding=\"async\" class=\"size-full wp-image-10409 aligncenter\" src=\"https:\/\/havamall.vn\/wp-content\/uploads\/2019\/04\/cach-nau-canh-rong-bien-chay-vua-ngon-vua-thanh-dam-3.jpg\" alt=\"\" width=\"800\" height=\"600\" srcset=\"https:\/\/havamall.vn\/wp-content\/uploads\/2019\/04\/cach-nau-canh-rong-bien-chay-vua-ngon-vua-thanh-dam-3.jpg 800w, https:\/\/havamall.vn\/wp-content\/uploads\/2019\/04\/cach-nau-canh-rong-bien-chay-vua-ngon-vua-thanh-dam-3-430x323.jpg 430w, https:\/\/havamall.vn\/wp-content\/uploads\/2019\/04\/cach-nau-canh-rong-bien-chay-vua-ngon-vua-thanh-dam-3-150x113.jpg 150w, https:\/\/havamall.vn\/wp-content\/uploads\/2019\/04\/cach-nau-canh-rong-bien-chay-vua-ngon-vua-thanh-dam-3-700x525.jpg 700w\" sizes=\"(max-width: 800px) 100vw, 800px\" \/><\/p>\n<p><em>\u0110\u1eb7c \u0111i\u1ec3m n\u1ed5i b\u1eadt:<\/em><\/p>\n<p>&#8211; Rong bi\u1ec3n \u0111\u01b0\u1ee3c l\u00e0m t\u1eeb 100% rong bi\u1ec3n s\u1ea5y kh\u00f4 hay t\u1ea3o bi\u1ec3n n\u00e2u H\u00e0n Qu\u1ed1c, s\u1ebd l\u00e0 nguy\u00ean li\u1ec7u gi\u00fap b\u1ea1n ch\u1ebf bi\u1ebfn nh\u1eefng m\u00f3n \u0103n th\u01a1m ngon, b\u1ed5 d\u01b0\u1ee1ng.<\/p>\n<p>&#8211; S\u1ea3n ph\u1ea9m ch\u1ee9a nhi\u1ec1u kho\u00e1ng ch\u1ea5t, c\u00e1c y\u1ebfu t\u1ed1 vi l\u01b0\u1ee3ng v\u00e0 vitamin r\u1ea5t t\u1ed1t cho s\u1ee9c kh\u1ecfe nh\u01b0: gi\u1ea3i \u0111\u1ed9c, gi\u1ea3m cholesterol trong m\u00e1u, gi\u1ea3m b\u00e9o, b\u1ed5 m\u00e1u.<\/p>\n<p>&#8211; C\u00f3 th\u1ec3 \u0103n li\u1ec1n ho\u1eb7c \u0103n v\u1edbi c\u01a1m tr\u1eafng, cu\u1ed9n gimbab, n\u1ea5u canh&#8230;V\u1ecb d\u1ec5 \u0103n n\u00ean th\u00edch h\u1ee3p cho c\u1ea3 tr\u1ebb em v\u00e0 ng\u01b0\u1eddi l\u1edbn.<\/p>\n<p><img decoding=\"async\" class=\"wp-image-10498 aligncenter\" src=\"https:\/\/havamall.vn\/wp-content\/uploads\/2019\/04\/canh-rong-bien-1.jpg\" alt=\"\" width=\"722\" height=\"423\" srcset=\"https:\/\/havamall.vn\/wp-content\/uploads\/2019\/04\/canh-rong-bien-1.jpg 1198w, https:\/\/havamall.vn\/wp-content\/uploads\/2019\/04\/canh-rong-bien-1-430x252.jpg 430w, https:\/\/havamall.vn\/wp-content\/uploads\/2019\/04\/canh-rong-bien-1-150x88.jpg 150w, https:\/\/havamall.vn\/wp-content\/uploads\/2019\/04\/canh-rong-bien-1-700x411.jpg 700w\" sizes=\"(max-width: 722px) 100vw, 722px\" \/><\/p>\n<p>Nh\u1eadp kh\u1ea9u v\u00e0 ph\u00e2n ph\u1ed1i \u0111\u1ed9c quy\u1ec1n, nh\u1eadp 100% t\u1eeb H\u00e0n Qu\u1ed1c<br \/>\n&#8211; HSD:\u00a012 th\u00e1ng k\u1ec3 t\u1eeb ng\u00e0y s\u1ea3n xu\u1ea5t (Xem tr\u00ean bao b\u00ec)<br \/>\n&#8211; Th\u00e0nh ph\u1ea7n: 100% rong bi\u1ec3n s\u1ea5y kh\u00f4 hay t\u1ea3o bi\u1ec3n n\u00e2u H\u00e0n Qu\u1ed1c<br \/>\n&#8211; C\u00e1ch s\u1eed d\u1ee5ng:\u00a0D\u00f9ng n\u1ea5u canh, n\u1ea5u s\u00fap, \u0103n v\u1edbi c\u01a1m tr\u1eafng, cu\u1ed9n kimbap, n\u1ea5u canh<br \/>\n&#8211; \u0110\u1eb7c \u0111i\u1ec3m n\u1ed5i b\u1eadt: Ch\u1ee9a nhi\u1ec1u kho\u00e1ng ch\u1ea5t, c\u00e1c y\u1ebfu t\u1ed1 vi l\u01b0\u1ee3ng v\u00e0 vitamin r\u1ea5t t\u1ed1t cho s\u1ee9c kh\u1ecfe nh\u01b0: gi\u1ea3i \u0111\u1ed9c, gi\u1ea3m cholesterol trong m\u00e1u, gi\u1ea3m b\u00e9o, b\u1ed5 m\u00e1u.<\/p>\n<div id=\"content\" class=\"tab-pane fade in active\">\n<table style=\"height: 5px\" width=\"40\" cellspacing=\"0\" cellpadding=\"0\" align=\"left\">\n<tbody>\n<tr>\n<td align=\"left\"><\/td>\n<\/tr>\n<\/tbody>\n<\/table>\n<\/div>","protected":false},"excerpt":{"rendered":"<p>S\u1ea3n ph\u1ea9m RONG BI\u1ec2N N\u1ea4U CANH WAKAME 15G- HUMANWELL. S\u1ea3n ph\u1ea9m \u0111\u01b0\u1ee3c ch\u1ecdn l\u1ecdc t\u1eeb ngu\u1ed3n nguy\u00ean li\u1ec7u s\u1ea1ch, \u0111\u00e3 qua qu\u00e1 tr\u00ecnh ki\u1ec3m \u0111\u1ecbnh. Rong bi\u1ec3n r\u1ea5t gi\u00e0u c\u00e1c ch\u1ea5t dinh d\u01b0\u1ee1ng, ch\u1ea5t \u0111\u1ea1m, ch\u1ea5t kho\u00e1ng v\u00e0 h\u00e0m l\u01b0\u1ee3ng vitamin cao. S\u1ea3n ph\u1ea9m c\u00f3 h\u01b0\u01a1ng v\u1ecb th\u01a1m ngon. \u0110\u01b0\u1ee3c \u0111\u00f3ng g\u00f3i nh\u1ecf g\u1ecdn, ti\u1ec7n l\u1ee3i cho b\u1ea1n s\u1eed d\u1ee5ng c\u0169ng nh\u01b0 b\u1ea3o qu\u1ea3n<\/p>","protected":false},"featured_media":10499,"comment_status":"open","ping_status":"closed","template":"","meta":[],"product_brand":[],"product_cat":[36,134],"product_tag":[],"class_list":{"0":"post-10494","1":"product","2":"type-product","3":"status-publish","4":"has-post-thumbnail","6":"product_cat-thuc-pham-tieu-dung","7":"product_cat-thucpham-saykho","8":"pa_brand-humanwell","10":"first","11":"outofstock","12":"sale","13":"shipping-taxable","14":"purchasable","15":"product-type-simple"},"_links":{"self":[{"href":"https:\/\/havamall.vn\/en\/wp-json\/wp\/v2\/product\/10494"}],"collection":[{"href":"https:\/\/havamall.vn\/en\/wp-json\/wp\/v2\/product"}],"about":[{"href":"https:\/\/havamall.vn\/en\/wp-json\/wp\/v2\/types\/product"}],"replies":[{"embeddable":true,"href":"https:\/\/havamall.vn\/en\/wp-json\/wp\/v2\/comments?post=10494"}],"version-history":[{"count":0,"href":"https:\/\/havamall.vn\/en\/wp-json\/wp\/v2\/product\/10494\/revisions"}],"wp:featuredmedia":[{"embeddable":true,"href":"https:\/\/havamall.vn\/en\/wp-json\/wp\/v2\/media\/10499"}],"wp:attachment":[{"href":"https:\/\/havamall.vn\/en\/wp-json\/wp\/v2\/media?parent=10494"}],"wp:term":[{"taxonomy":"product_brand","embeddable":true,"href":"https:\/\/havamall.vn\/en\/wp-json\/wp\/v2\/product_brand?post=10494"},{"taxonomy":"product_cat","embeddable":true,"href":"https:\/\/havamall.vn\/en\/wp-json\/wp\/v2\/product_cat?post=10494"},{"taxonomy":"product_tag","embeddable":true,"href":"https:\/\/havamall.vn\/en\/wp-json\/wp\/v2\/product_tag?post=10494"}],"curies":[{"name":"wp","href":"https:\/\/api.w.org\/{rel}","templated":true}]}}