{"id":10485,"date":"2019-04-10T15:57:36","date_gmt":"2019-04-10T08:57:36","guid":{"rendered":"https:\/\/havamall.vn\/?post_type=product&#038;p=10485"},"modified":"2019-11-06T16:20:05","modified_gmt":"2019-11-06T09:20:05","slug":"rong-bien-cho-be-tongyeong-kids-world-seaweed-20g","status":"publish","type":"product","link":"https:\/\/havamall.vn\/en\/shop\/rong-bien-cho-be-tongyeong-kids-world-seaweed-20g\/","title":{"rendered":"Rong Bi\u1ec3n Cho B\u00e9 Tongyeong &#8211; Kids World seaweed 20g"},"content":{"rendered":"<p>Rong bi\u1ec3n cho b\u00e9: Rong bi\u1ec3n ( H\u00e0n Qu\u1ed1c ) 68%, d\u1ea7u b\u1eafp ( nh\u1eadp kh\u1ea9u ) 18%, d\u1ea7u m\u00e8 1%, d\u1ea7u Glucose 2%, rong bi\u1ec3n Canxi ( nh\u1eadp kh\u1ea9u ) 2%, \u0111\u01b0\u1eddng 1%, mu\u1ed1i 1%.<\/p>\n<p>Rong bi\u1ec3n t\u1ef1 nhi\u00ean, t\u1ed1t cho s\u1ee9c kh\u1ecfe, h\u00e0m l\u01b0\u1ee3ng dinh d\u01b0\u1ee1ng cao<\/p>\n<p>V\u1ecb thanh m\u00e1t, m\u1eb7n v\u00e0 ng\u1ecdt v\u1eeba ph\u1ea3i, th\u00edch h\u1ee3p cho \u0103n chay hay \u0103n ki\u00eang, kh\u00f4ng lo b\u00e9o ph\u00ec hay qu\u00e1 nhi\u1ec1u d\u1ea7u m\u1ee1<\/p>\n<p><img fetchpriority=\"high\" decoding=\"async\" class=\"aligncenter\" src=\"https:\/\/havamall.vn\/wp-content\/uploads\/2019\/04\/75605c4dd7b8cfeacfdab81dfe7a9770.jpg\" width=\"578\" height=\"437\" \/><\/p>\n<p><span>Rong bi\u1ec3n cho b\u00e9 Tongyeong \u0111\u01b0\u1ee3c l\u00e0m t\u1eeb nguy\u00ean li\u1ec7u t\u1ed1t, l\u00e0 m\u00f3n \u0103n th\u01a1m ngon, dinh d\u01b0\u1ee1ng, ch\u1ee9a nhi\u1ec1u kho\u00e1ng ch\u1ea5t, c\u00e1c y\u1ebfu t\u1ed1 vi l\u01b0\u1ee3ng v\u00e0 vitamin t\u1ed1t cho s\u1ee9c kh\u1ecfe.<\/span><\/p>\n<p><img decoding=\"async\" class=\"wp-image-10489 aligncenter\" src=\"https:\/\/havamall.vn\/wp-content\/uploads\/2019\/04\/rong-bien.jpg\" alt='' width=\"775\" height=\"515\" srcset=\"https:\/\/havamall.vn\/wp-content\/uploads\/2019\/04\/rong-bien.jpg 984w, https:\/\/havamall.vn\/wp-content\/uploads\/2019\/04\/rong-bien-430x286.jpg 430w, https:\/\/havamall.vn\/wp-content\/uploads\/2019\/04\/rong-bien-150x100.jpg 150w, https:\/\/havamall.vn\/wp-content\/uploads\/2019\/04\/rong-bien-700x465.jpg 700w\" sizes=\"(max-width: 775px) 100vw, 775px\" \/><\/p>\n<p>Rong bi\u1ec3n cho b\u00e9 Tongyeong\u00a0\u0111\u01b0\u1ee3c l\u00e0m t\u1eeb nguy\u00ean li\u1ec7u t\u1ed1t nh\u1ea5t, l\u00e0 m\u00f3n \u0103n th\u01a1m ngon, dinh d\u01b0\u1ee1ng.<br \/>\nS\u1ea3n ph\u1ea9m ch\u1ee9a nhi\u1ec1u kho\u00e1ng ch\u1ea5t, c\u00e1c y\u1ebfu t\u1ed1 vi l\u01b0\u1ee3ng v\u00e0 vitamin r\u1ea5t t\u1ed1t cho s\u1ee9c kh\u1ecfe.\u00a0S\u1ea3n ph\u1ea9m \u0111\u01b0\u1ee3c \u0111\u00f3ng g\u00f3i \u0111\u1eb9p m\u1eaft, an to\u00e0n, h\u1ee3p v\u1ec7 sinh, b\u1ea3o qu\u1ea3n s\u1ea3n ph\u1ea9m \u0111\u01b0\u1ee3c t\u1ed1t h\u01a1n.<\/p>","protected":false},"excerpt":{"rendered":"<p>Nh\u1eadp kh\u1ea9u v\u00e0 ph\u00e2n ph\u1ed1i \u0111\u1ed9c quy\u1ec1n, nh\u1eadp 100% t\u1eeb H\u00e0n Qu\u1ed1c. Rong bi\u1ec3n cho b\u00e9 Tongyeong \u0111\u01b0\u1ee3c l\u00e0m t\u1eeb nguy\u00ean li\u1ec7u t\u1ed1t, l\u00e0 m\u00f3n \u0103n th\u01a1m ngon, dinh d\u01b0\u1ee1ng, ch\u1ee9a nhi\u1ec1u kho\u00e1ng ch\u1ea5t, c\u00e1c y\u1ebfu t\u1ed1 vi l\u01b0\u1ee3ng v\u00e0 vitamin t\u1ed1t cho s\u1ee9c kh\u1ecfe. S\u1ea3n ph\u1ea9m c\u00f3 h\u01b0\u01a1ng v\u1ecb \u0111\u1eb7c tr\u01b0ng, th\u01a1m ngon, ph\u00f9 h\u1ee3p v\u1edbi tr\u1ebb nh\u1ecf.<\/p>\n<p>S\u1ea3n ph\u1ea9m \u0111\u01b0\u1ee3c s\u1ea3n xu\u1ea5t b\u1edfi c\u00f4ng ngh\u1ec7 hi\u1ec7n \u0111\u1ea1i v\u00e0 qua qu\u00e1 tr\u00ecnh ki\u1ec3m \u0111\u1ecbnh \u0111\u1ed9 an to\u00e0n, \u0111\u1ed3ng th\u1eddi kh\u00f4ng ch\u1ee9a h\u00f3a ch\u1ea5t, ch\u1ea5t b\u1ea3o qu\u1ea3n \u0111\u1ed9c h\u1ea1i, \u0111\u1ea3m b\u1ea3o an to\u00e0n cho s\u1ee9c kh\u1ecfe ng\u01b0\u1eddi ti\u00eau d\u00f9ng. \u0110\u01b0\u1ee3c \u0111\u00f3ng g\u00f3i nh\u1ecf g\u1ecdn ti\u1ec7n l\u1ee3i, \u0111\u1ec3 d\u1ec5 s\u1eed d\u1ee5ng c\u0169ng nh\u01b0 b\u1ea3o qu\u1ea3n, d\u1ec5 d\u00e0ng mang theo trong nh\u1eefng chuy\u1ebfn \u0111i ch\u01a1i, d\u00e3 ngo\u1ea1i, l\u00e0m th\u1ee9c \u0103n v\u1eb7t cho tr\u1ebb v\u00e0 gia \u0111\u00ecnh. S\u1ea3n ph\u1ea9m d\u00f9ng n\u1ea5u canh, n\u1ea5u s\u00fap, \u0103n v\u1edbi c\u01a1m tr\u1eafng, cu\u1ed9n gimbab, n\u1ea5u canh.<\/p>","protected":false},"featured_media":10492,"comment_status":"open","ping_status":"closed","template":"","meta":[],"product_brand":[],"product_cat":[36,134],"product_tag":[],"class_list":{"0":"post-10485","1":"product","2":"type-product","3":"status-publish","4":"has-post-thumbnail","6":"product_cat-thuc-pham-tieu-dung","7":"product_cat-thucpham-saykho","9":"first","10":"outofstock","11":"sale","12":"shipping-taxable","13":"purchasable","14":"product-type-simple"},"_links":{"self":[{"href":"https:\/\/havamall.vn\/en\/wp-json\/wp\/v2\/product\/10485"}],"collection":[{"href":"https:\/\/havamall.vn\/en\/wp-json\/wp\/v2\/product"}],"about":[{"href":"https:\/\/havamall.vn\/en\/wp-json\/wp\/v2\/types\/product"}],"replies":[{"embeddable":true,"href":"https:\/\/havamall.vn\/en\/wp-json\/wp\/v2\/comments?post=10485"}],"version-history":[{"count":0,"href":"https:\/\/havamall.vn\/en\/wp-json\/wp\/v2\/product\/10485\/revisions"}],"wp:featuredmedia":[{"embeddable":true,"href":"https:\/\/havamall.vn\/en\/wp-json\/wp\/v2\/media\/10492"}],"wp:attachment":[{"href":"https:\/\/havamall.vn\/en\/wp-json\/wp\/v2\/media?parent=10485"}],"wp:term":[{"taxonomy":"product_brand","embeddable":true,"href":"https:\/\/havamall.vn\/en\/wp-json\/wp\/v2\/product_brand?post=10485"},{"taxonomy":"product_cat","embeddable":true,"href":"https:\/\/havamall.vn\/en\/wp-json\/wp\/v2\/product_cat?post=10485"},{"taxonomy":"product_tag","embeddable":true,"href":"https:\/\/havamall.vn\/en\/wp-json\/wp\/v2\/product_tag?post=10485"}],"curies":[{"name":"wp","href":"https:\/\/api.w.org\/{rel}","templated":true}]}}