{"id":10475,"date":"2019-04-10T15:45:18","date_gmt":"2019-04-10T08:45:18","guid":{"rendered":"https:\/\/havamall.vn\/?post_type=product&#038;p=10475"},"modified":"2019-11-07T15:16:09","modified_gmt":"2019-11-07T08:16:09","slug":"nuoc-hong-sam-mat-ong-biok-350ml","status":"publish","type":"product","link":"https:\/\/havamall.vn\/en\/shop\/nuoc-hong-sam-mat-ong-biok-350ml\/","title":{"rendered":"N\u01b0\u1edbc H\u1ed3ng S\u00e2m M\u1eadt Ong Biok 350ml"},"content":{"rendered":"<p>H\u1ed3ng s\u00e2m H\u00e0n Qu\u1ed1c\u00a0l\u00e0 s\u1ea3n ph\u1ea9m \u0111\u01b0\u1ee3c ch\u1ebf bi\u1ebfn t\u1eeb nh\u00e2n s\u00e2m t\u01b0\u01a1i. Nh\u00e2n s\u00e2m t\u01b0\u01a1i 6 n\u0103m tu\u1ed5i \u0111\u01b0\u1ee3c l\u1ef1a ch\u1ecdn k\u1ef9 l\u01b0\u1ee1ng, ch\u1ecdn ra nh\u1eefng c\u1ee7 to, kh\u1ecfe, ph\u1ea9m ch\u1ea5t t\u1ed1t; h\u1ea5p c\u00e1ch th\u1ee7y \u1edf nhi\u1ec7t \u0111\u1ed9 cao trong nhi\u1ec1u gi\u1edd \u0111\u1ebfn khi h\u00e0m l\u01b0\u1ee3ng n\u01b0\u1edbc &lt;14%, \u0111\u01b0a \u0111i s\u1ea5y kh\u00f4 t\u1ef1 nhi\u00ean s\u1ebd \u0111\u01b0\u1ee3c s\u1ea3n ph\u1ea9m h\u1ed3ng s\u00e2m.<\/p>\n<p><img fetchpriority=\"high\" decoding=\"async\" class=\"aligncenter\" src=\"https:\/\/havamall.vn\/wp-content\/uploads\/2019\/04\/IMG_0286-1.jpg\" alt='H\u00e1\u00bb\u0093ng S\u00c3\u00a2m m\u00e1\u00ba\u00adt Ong BIOK' width=\"784\" height=\"784\" \/><\/p>\n<p>N\u1ebfu nh\u01b0 nh\u00e2m s\u00e2m t\u01b0\u01a1i h\u1ea1n ch\u1ebf ng\u01b0\u1eddi d\u00f9ng do 1 s\u1ed1 th\u00e0nh ph\u1ea7n kh\u00f4ng th\u00edch h\u1ee3p v\u1edbi c\u01a1 \u0111\u1ecba, th\u1ec3 tr\u1ea1ng c\u1ee7a ng\u01b0\u1eddi s\u1eed d\u1ee5ng th\u00ec &#8220;anh em&#8221; h\u1ed3ng s\u00e2m l\u00e0nh t\u00ednh h\u01a1n nhi\u1ec1u nh\u1edd qu\u00e1 tr\u00ecnh ch\u01b0ng h\u1ea5p truy\u1ec1n th\u1ed1ng, \u0111\u1eb7c bi\u1ec7t l\u00e0 s\u1ea3n ph\u1ea9m n\u01b0\u1edbc h\u1ed3ng s\u00e2m \u0111\u01b0\u1ee3c nghi\u00ean c\u1ee9u, s\u1ea3n xu\u1ea5t b\u1edfi quy tr\u00ecnh hi\u1ec7n \u0111\u1ea1i; th\u00edch h\u1ee3p cho m\u1ecdi \u0111\u1ed1i t\u01b0\u1ee3ng, m\u1ecdi l\u1ee9a tu\u1ed5i s\u1eed d\u1ee5ng.<\/p>\n<p><img decoding=\"async\" class=\"aligncenter\" src=\"https:\/\/havamall.vn\/wp-content\/uploads\/2019\/04\/IMG_0327-1.jpg\" alt='H\u00e1\u00bb\u0093ng S\u00c3\u00a2m m\u00e1\u00ba\u00adt Ong BIOK' width=\"770\" height=\"513\" \/><\/p>\n<p>N\u01b0\u1edbc H\u1ed3ng s\u00e2m Biok L\u00e0 lo\u1ea1i\u00a0<strong><em>th\u1ef1c ph\u1ea9m ch\u1ee9c n\u0103ng<\/em><\/strong>\u00a0l\u00e0nh t\u00ednh, ph\u00f9 h\u1ee3p v\u1edbi m\u1ecdi l\u1ee9a tu\u1ed5i v\u00e0 \u0111\u1eb7c bi\u1ec7t c\u00f3 c\u00f4ng d\u1ee5ng t\u1ed1t v\u1edbi m\u1ed9t s\u1ed1 tr\u01b0\u1eddng h\u1ee3p sau:<\/p>\n<ul>\n<li>Ng\u01b0\u1eddi c\u00f3 th\u1ec3 tr\u1ea1ng y\u1ebfu \u1edbt sau th\u1eddi gian b\u1ec7nh, m\u1edbi \u1ed1m d\u1eady.<\/li>\n<li>Ng\u01b0\u1eddi l\u00e0m vi\u1ec7c n\u1eb7ng nh\u1ecdc, m\u1ea5t s\u1ee9c.<\/li>\n<li>Ng\u01b0\u1eddi th\u01b0\u1eddng xuy\u00ean c\u0103ng th\u1eb3ng, m\u1ec7t m\u1ecfi, kh\u00f3 t\u1eadp tr\u01b0ng.<\/li>\n<li>Ng\u01b0\u1eddi kh\u00f3 h\u1ea5p th\u1ee5, k\u00e9m \u0103n u\u1ed1ng, ng\u1ee7 ngh\u1ec9.<\/li>\n<li>Ng\u01b0\u1eddi c\u1ea7n b\u1ed3i b\u1ed5, t\u0103ng kh\u1ea3 n\u0103ng sinh l\u00fd.<\/li>\n<li>Ng\u01b0\u1eddi mu\u1ed1n l\u00e0m \u0111\u1eb9p, ch\u1ed1ng l\u00e3o h\u00f3a.<\/li>\n<li>Ng\u01b0\u1eddi b\u1ec7nh ti\u1ec3u \u0111\u01b0\u1eddng, tim m\u1ea1ch, huy\u1ebft \u00e1p.<\/li>\n<\/ul>\n<p><img decoding=\"async\" class=\"wp-image-10479 aligncenter\" src=\"https:\/\/havamall.vn\/wp-content\/uploads\/2019\/04\/80.jpg\" alt=\"\" width=\"802\" height=\"802\" srcset=\"https:\/\/havamall.vn\/wp-content\/uploads\/2019\/04\/80.jpg 960w, https:\/\/havamall.vn\/wp-content\/uploads\/2019\/04\/80-430x430.jpg 430w, https:\/\/havamall.vn\/wp-content\/uploads\/2019\/04\/80-150x150.jpg 150w, https:\/\/havamall.vn\/wp-content\/uploads\/2019\/04\/80-700x700.jpg 700w\" sizes=\"(max-width: 802px) 100vw, 802px\" \/><\/p>\n<p>S\u1ea3n ph\u1ea9m\u00a0\u0111\u00f3ng chai, 350 ml\/chai th\u00edch h\u1ee3p cho 1 l\u1ea7n u\u1ed1ng<\/p>\n<p>Th\u00edch h\u1ee3p cho c\u00e1c bu\u1ed5i d\u00e3 ngo\u1ea1i, h\u1ed9i h\u1ecdp&#8230;.<\/p>\n<p><em>Ngon h\u01a1n khi u\u1ed1ng l\u1ea1nh<\/em><\/p>\n<p>L\u01b0u \u00fd : trong c\u00e1ch d\u00f9ng H\u1ed3ng s\u00e2m d\u1ea1ng n\u01b0\u1edbc ch\u1ec9 n\u00ean d\u00f9ng v\u00e0o bu\u1ed5i s\u00e1ng v\u00e0 bu\u1ed5i chi\u1ec1u, kh\u00f4ng n\u00ean d\u00f9ng v\u00e0o bu\u1ed5i t\u1ed1i \u0111\u1ec3 c\u01a1 th\u1ec3 kh\u00f4ng b\u1ecb h\u01b0ng ph\u1ea5n, kh\u00f4ng b\u1ecb m\u1ea5t ng\u1ee7 v\u00e0 \u0111\u01b0\u1ee3c ngh\u1ec9 ng\u01a1i t\u1ed1t h\u01a1n<\/p>\n<p><strong>B\u1ea3o Qu\u1ea3n:<\/strong><\/p>\n<p>&#8211; B\u1ea3o qu\u1ea3n n\u01a1i r\u00e2m m\u00e1t, tr\u00e1nh \u00e1nh n\u1eafng tr\u1ef1c ti\u1ebfp<\/p>\n<p>&#8211; T\u1ed1t nh\u1ea5t l\u00e0 n\u00ean b\u1ea3o qu\u1ea3n trong t\u1ee7 l\u1ea1nh khi \u0111\u00e3 m\u1edf n\u1eafp.<\/p>\n<p><strong>H\u1ea1n s\u1eed d\u1ee5ng:<\/strong>\u00a0xem tr\u00ean bao b\u00ec s\u1ea3n ph\u1ea9m.<\/p>\n<p>S\u1ea3n ph\u1ea9m kh\u00f4ng ph\u1ea3i l\u00e0 thu\u1ed1c, kh\u00f4ng th\u1ec3 thay th\u1ebf thu\u1ed1c ch\u1eefa b\u1ec7nh.<\/p>","protected":false},"excerpt":{"rendered":"<p>N\u01b0\u1edbc H\u1ed3ng S\u00e2m BIOK l\u00e0 lo\u1ea1i th\u1ee9c u\u1ed1ng b\u1ed5 d\u01b0\u1ee1ng \u0111\u01b0\u1ee3c d\u00f9ng ph\u1ed5 bi\u1ebfn t\u1ea1i H\u00e0n Qu\u1ed1c. \u0110\u1eb7c bi\u1ec7t, h\u1ed3ng s\u00e2m c\u00f3 t\u00ednh \u00f4n n\u00ean ph\u00f9 h\u1ee3p v\u1edbi h\u1ea7u h\u1ebft m\u1ecdi \u0111\u1ed1i t\u01b0\u1ee3ng, kh\u00f4ng g\u00e2y ra nh\u1eefng t\u00e1c d\u1ee5ng ph\u1ee5 n\u00ean n\u00f3 \u0111\u01b0\u1ee3c d\u00f9ng ph\u1ed5 bi\u1ebfn h\u01a1n v\u00e0 gi\u00e1 th\u00e0nh c\u0169ng cao h\u01a1n. Nh\u1eadp kh\u1ea9u nguy\u00ean chai t\u1eeb H\u00e0n Qu\u1ed1c.S\u1ea3n ph\u1ea9m kh\u00f4ng ch\u1ee9a ch\u1ea5t b\u1ea3o qu\u1ea3n. Chai ti\u1ec7n l\u1ee3i d\u1ec5 mang theo tu\u1ef3 nhu c\u1ea7u s\u1eed d\u1ee5ng.<\/p>","protected":false},"featured_media":10482,"comment_status":"open","ping_status":"closed","template":"","meta":[],"product_brand":[],"product_cat":[36,135],"product_tag":[],"class_list":{"0":"post-10475","1":"product","2":"type-product","3":"status-publish","4":"has-post-thumbnail","6":"product_cat-thuc-pham-tieu-dung","7":"product_cat-sua-do-uong","9":"first","10":"outofstock","11":"sale","12":"shipping-taxable","13":"purchasable","14":"product-type-simple"},"_links":{"self":[{"href":"https:\/\/havamall.vn\/en\/wp-json\/wp\/v2\/product\/10475"}],"collection":[{"href":"https:\/\/havamall.vn\/en\/wp-json\/wp\/v2\/product"}],"about":[{"href":"https:\/\/havamall.vn\/en\/wp-json\/wp\/v2\/types\/product"}],"replies":[{"embeddable":true,"href":"https:\/\/havamall.vn\/en\/wp-json\/wp\/v2\/comments?post=10475"}],"version-history":[{"count":0,"href":"https:\/\/havamall.vn\/en\/wp-json\/wp\/v2\/product\/10475\/revisions"}],"wp:featuredmedia":[{"embeddable":true,"href":"https:\/\/havamall.vn\/en\/wp-json\/wp\/v2\/media\/10482"}],"wp:attachment":[{"href":"https:\/\/havamall.vn\/en\/wp-json\/wp\/v2\/media?parent=10475"}],"wp:term":[{"taxonomy":"product_brand","embeddable":true,"href":"https:\/\/havamall.vn\/en\/wp-json\/wp\/v2\/product_brand?post=10475"},{"taxonomy":"product_cat","embeddable":true,"href":"https:\/\/havamall.vn\/en\/wp-json\/wp\/v2\/product_cat?post=10475"},{"taxonomy":"product_tag","embeddable":true,"href":"https:\/\/havamall.vn\/en\/wp-json\/wp\/v2\/product_tag?post=10475"}],"curies":[{"name":"wp","href":"https:\/\/api.w.org\/{rel}","templated":true}]}}