{"id":10458,"date":"2019-04-10T15:14:09","date_gmt":"2019-04-10T08:14:09","guid":{"rendered":"https:\/\/havamall.vn\/?post_type=product&#038;p=10458"},"modified":"2019-11-14T16:45:04","modified_gmt":"2019-11-14T09:45:04","slug":"banh-mochi-3-vi-japanese-mochi-bamboo-house-japanese-mochi-mix-450g","status":"publish","type":"product","link":"https:\/\/havamall.vn\/en\/shop\/banh-mochi-3-vi-japanese-mochi-bamboo-house-japanese-mochi-mix-450g\/","title":{"rendered":"B\u00e1nh Mochi 3 V\u1ecb Japanese Mochi Bamboo House &#8211; Japanese Mochi Mix 450G"},"content":{"rendered":"<p>B\u00e1nh mochi vi\u1ec7t qu\u1ea5t Bamboo House l\u00e0 s\u1ea3n ph\u1ea9m\u00a0b\u00e1nh\u00a0ch\u1ea5t l\u01b0\u1ee3ng cao \u0111\u01b0\u1ee3c nh\u1eadp kh\u1ea9u tr\u1ef1c ti\u1ebfp t\u1eeb \u0110\u00e0i Loan. B\u00e1nh m\u1ec1m, d\u1ebbo, nh\u00e2n b\u00e1nh \u0111\u01b0\u1ee3c mix 3 v\u1ecb t\u1ea1o s\u1ef1 th\u00edch th\u00fa khi th\u01b0\u1edfng th\u1ee9c. \u0110\u01b0\u1ee3c l\u00e0m t\u1eeb m\u1ea1ch nha, \u0111\u01b0\u1eddng, \u0111\u1eadu ph\u1ed9ng&#8230; theo c\u00f4ng th\u1ee9c \u0111\u1eb7c bi\u1ec7t tr\u00ean d\u00e2y chuy\u1ec1n s\u1ea3n xu\u1ea5t hi\u1ec7n \u0111\u1ea1i, B\u00e1nh mochi 3 v\u1ecb Bamboo House kh\u00f4ng nh\u1eefng th\u01a1m ngon m\u00e0 c\u00f2n r\u1ea5t an to\u00e0n v\u1edbi s\u1ee9c kh\u1ecfe ng\u01b0\u1eddi ti\u00eau d\u00f9ng.<\/p>\n<p>Th\u00e0nh ph\u1ea7n: \u0110\u01b0\u1eddng m\u1ea1ch nha (Maltose), nh\u00e2n \u0111\u1eadu \u0111\u1ecf [\u0111\u01b0\u1eddng m\u1ea1ch nha (maltose), h\u1ea1t \u0111\u1eadu, \u0111\u1eadu \u0111\u1ecf, \u0111\u01b0\u1eddng, d\u1ea7u c\u1ecd], nh\u00e2n \u0111\u1eadu ph\u1ed9ng [\u0111\u01b0\u1eddng m\u1ea1ch nha (maltose), h\u1ea1t \u0111\u1eadu, \u0111\u1eadu ph\u1ed9ng, \u0111\u01b0\u1eddng, d\u1ea7u c\u1ecd], nh\u00e2n m\u00e8 [\u0111\u01b0\u1eddng m\u1ea1ch nha (maltose), h\u1ea1t \u0111\u1eadu, m\u00e8, \u0111\u01b0\u1eddng, d\u1ea7u c\u1ecd], b\u1ed9t g\u1ea1o n\u1ebfp, h\u1ea1t k\u00ea, \u0111\u01b0\u1eddng, d\u1ea7u c\u1ecd, ch\u1ea5t x\u1eed l\u00fd b\u1ed9t: Hydroxypropyl Distarch Phosphat (E1442), ch\u1ea5t t\u1ea1o ng\u1ecdt t\u1ed5ng h\u1ee3p: Sorbitol (E420(i)), h\u01b0\u01a1ng t\u1ef1 nhi\u00ean g\u1ed3m: h\u01b0\u01a1ng \u0111\u1eadu ph\u1ed9ng, h\u01b0\u01a1ng \u0111\u1eadu \u0111\u1ecf, h\u01b0\u01a1ng m\u00e8, ch\u1ea5t b\u1ea3o qu\u1ea3n: Sorbic Acid (E200) d\u01b0\u1edbi 5\/10000.<\/p>\n<p>Kh\u1ed1i l\u01b0\u1ee3ng t\u1ecbnh:\u00a0450 g\/ h\u1ed9p ho\u1eb7c theo quy c\u00e1ch nh\u00e0 s\u1ea3n xu\u1ea5t<\/p>\n<p>Th\u1eddi h\u1ea1n s\u1eed d\u1ee5ng:\u00a010 th\u00e1ng k\u1ec3 t\u1eeb ng\u00e0y s\u1ea3n xu\u1ea5t. Ng\u00e0y s\u1ea3n xu\u1ea5t, h\u1ea1n s\u1eed d\u1ee5ng in tr\u00ean bao b\u00ec s\u1ea3n ph\u1ea9m theo \u0111\u1ecbnh d\u1ea1ng ng\u00e0y\/th\u00e1ng\/n\u0103m<\/p>\n<p><img fetchpriority=\"high\" decoding=\"async\" class=\"size-full wp-image-10463 aligncenter\" src=\"https:\/\/havamall.vn\/wp-content\/uploads\/2019\/04\/11.jpg\" alt=\"\" width=\"678\" height=\"960\" srcset=\"https:\/\/havamall.vn\/wp-content\/uploads\/2019\/04\/11.jpg 678w, https:\/\/havamall.vn\/wp-content\/uploads\/2019\/04\/11-430x609.jpg 430w, https:\/\/havamall.vn\/wp-content\/uploads\/2019\/04\/11-150x212.jpg 150w\" sizes=\"(max-width: 678px) 100vw, 678px\" \/><\/p>\n<p><strong>H\u01b0\u1edbng d\u1eabn s\u1eed d\u1ee5ng<\/strong>: \u00a0S\u1eed d\u1ee5ng tr\u1ef1c ti\u1ebfp, b\u1ea3o qu\u1ea3n l\u1ea1nh sau khi \u0111\u00e3 m\u1edf s\u1ea3n ph\u1ea9m.<\/p>\n<p>+\u00a0<strong>B\u1ea3o qu\u1ea3n:<\/strong>\u00a0N\u01a1i kh\u00f4 r\u00e1o, tho\u00e1ng m\u00e1t \u0111\u1ea3m b\u1ea3o \u0111i\u1ec1u ki\u1ec7n an to\u00e0n v\u1ec7 sinh an to\u00e0n th\u1ef1c ph\u1ea9m, tr\u00e1nh \u00e1nh s\u00e1ng m\u1eb7t tr\u1eddi chi\u1ebfu tr\u1ef1c ti\u1ebfp. Sau khi m\u1edf bao b\u00ec, s\u1eed d\u1ee5ng s\u1ea3n ph\u1ea9m c\u00e0ng s\u1edbm c\u00e0ng t\u1ed1t \u0111\u1ec3 tr\u00e1nh h\u01b0 h\u1ecfng.<\/p>\n<p>+\u00a0<strong>C\u1ea3nh b\u00e1o:<\/strong>\u00a0\u0111\u1ec3 tr\u00e1nh b\u1ecb ngh\u1eb9n, s\u1ea3n ph\u1ea9m n\u00e0y ph\u1ea3i \u0111\u01b0\u1ee3c nhai k\u1ef9 tr\u01b0\u1edbc khi nu\u1ed1t. \u0110\u1ed1i v\u1edbi tr\u1ebb em ho\u1eb7c ng\u01b0\u1eddi cao tu\u1ed5i, h\u00e3y c\u1eaft th\u00e0nh t\u1eebng mi\u1ebfng nh\u1ecf tr\u01b0\u1edbc khi \u0103n. Kh\u00f4ng \u0103n ph\u1ea7n gi\u1ea5y b\u1ecdc s\u1ea3n ph\u1ea9m.<\/p>\n<p>+\u00a0<strong>Th\u00f4ng tin d\u1ecb \u1ee9ng:<\/strong>\u00a0S\u1ea3n ph\u1ea9m n\u00e0y c\u00f3 ch\u1ee9a \u0111\u1eadu ph\u1ed9ng, kh\u00f4ng th\u00edch h\u1ee3p cho ng\u01b0\u1eddi b\u1ecb d\u1ecb \u1ee9ng.<\/p>\n<p>S\u1ea3n ph\u1ea9m th\u00edch h\u1ee3p d\u00f9ng \u0111\u1ec3 \u0103n chay.<\/p>\n<p>&nbsp;<\/p>\n<p>&nbsp;<\/p>\n","protected":false},"excerpt":{"rendered":"<ul class=\"\">\n<li class=\"\">V\u1ecf b\u00e1nh m\u1ec1m, d\u1ebbo k\u1ebft h\u1ee3p v\u1edbi nh\u00e2n h\u01b0\u01a1ng v\u1ecb \u0111\u1eb7c tr\u01b0ng; t\u1ea1o c\u1ea3m gi\u00e1c ngon mi\u1ec7ng m\u00e0 kh\u00f4ng b\u1ecb &#8220;ng\u00e1n&#8221;. C\u00f3 3 v\u1ecb kh\u00e1c nhau trong 1 h\u1ed9p b\u00e1nh. \u0102n b\u00e1nh k\u1ebft h\u1ee3p v\u1edbi th\u01b0\u1edfng tr\u00e0, m\u00f3n b\u00e1nh tao nh\u00e3, gi\u00fap b\u1ea1n c\u00f3 tr\u1ea3i nghi\u1ec7m tuy\u1ec7t v\u1eddi khi s\u1eed d\u1ee5ng s\u1ea3n ph\u1ea9m. Th\u00edch h\u1ee3p cho c\u00e1c bu\u1ed5i t\u1ee5 h\u1ecdp, picnic.. M\u00f3n qu\u00e0 \u00fd ngh\u0129a cho c\u00e1c d\u1ecbp l\u1ec5, t\u1ebft, qu\u00e0 bi\u1ebfu t\u1eb7ng ng\u01b0\u1eddi th\u00e2n&#8230;<\/li>\n<\/ul>","protected":false},"featured_media":10464,"comment_status":"open","ping_status":"closed","template":"","meta":[],"product_brand":[],"product_cat":[36,133],"product_tag":[],"class_list":{"0":"post-10458","1":"product","2":"type-product","3":"status-publish","4":"has-post-thumbnail","6":"product_cat-thuc-pham-tieu-dung","7":"product_cat-banh-keo-chocolate","9":"first","10":"outofstock","11":"sale","12":"shipping-taxable","13":"purchasable","14":"product-type-simple"},"_links":{"self":[{"href":"https:\/\/havamall.vn\/en\/wp-json\/wp\/v2\/product\/10458"}],"collection":[{"href":"https:\/\/havamall.vn\/en\/wp-json\/wp\/v2\/product"}],"about":[{"href":"https:\/\/havamall.vn\/en\/wp-json\/wp\/v2\/types\/product"}],"replies":[{"embeddable":true,"href":"https:\/\/havamall.vn\/en\/wp-json\/wp\/v2\/comments?post=10458"}],"version-history":[{"count":0,"href":"https:\/\/havamall.vn\/en\/wp-json\/wp\/v2\/product\/10458\/revisions"}],"wp:featuredmedia":[{"embeddable":true,"href":"https:\/\/havamall.vn\/en\/wp-json\/wp\/v2\/media\/10464"}],"wp:attachment":[{"href":"https:\/\/havamall.vn\/en\/wp-json\/wp\/v2\/media?parent=10458"}],"wp:term":[{"taxonomy":"product_brand","embeddable":true,"href":"https:\/\/havamall.vn\/en\/wp-json\/wp\/v2\/product_brand?post=10458"},{"taxonomy":"product_cat","embeddable":true,"href":"https:\/\/havamall.vn\/en\/wp-json\/wp\/v2\/product_cat?post=10458"},{"taxonomy":"product_tag","embeddable":true,"href":"https:\/\/havamall.vn\/en\/wp-json\/wp\/v2\/product_tag?post=10458"}],"curies":[{"name":"wp","href":"https:\/\/api.w.org\/{rel}","templated":true}]}}