{"id":10447,"date":"2019-04-10T15:02:54","date_gmt":"2019-04-10T08:02:54","guid":{"rendered":"https:\/\/havamall.vn\/?post_type=product&#038;p=10447"},"modified":"2019-11-14T16:54:08","modified_gmt":"2019-11-14T09:54:08","slug":"banh-mochi-dau-tay-bamboo-house-japanese-rice-cake-strawberry-180g","status":"publish","type":"product","link":"https:\/\/havamall.vn\/en\/shop\/banh-mochi-dau-tay-bamboo-house-japanese-rice-cake-strawberry-180g\/","title":{"rendered":"B\u00e1nh Mochi D\u00e2u T\u00e2y Bamboo House &#8211; Japanese Rice Cake Strawberry 180G"},"content":{"rendered":"<p>\u1ede Nh\u1eadt, ng\u01b0\u1eddi ta th\u01b0\u1eddng d\u00f9ng mochi trong c\u00e1c b\u1eefa ti\u1ec7c tr\u00e0 hay l\u00e0m m\u00f3n tr\u00e1ng mi\u1ec7ng. B\u00e1nh kh\u00f4ng qu\u00e1 ng\u1ecdt m\u00e0 l\u1ea1i r\u1ea5t d\u1ec5 th\u01b0\u01a1ng n\u00ean b\u1ea1n c\u00f2n c\u00f3 th\u1ec3 d\u00f9ng ch\u00fang \u0111\u1ec3 l\u00e0m qu\u00e0. B\u00e1nh Mochi Nh\u1eadt B\u1ea3n \u0111\u01b0\u1ee3c xem l\u00e0 m\u00f3n b\u00e1nh truy\u1ec1n th\u1ed1ng \u0111\u1eb7c bi\u1ec7t c\u00f3 m\u1eb7t trong h\u1ea7u h\u1ebft c\u00e1c d\u1ecbp l\u1ec5 t\u1ebft trong n\u0103m c\u1ee7a ng\u01b0\u1eddi Nh\u1eadt, \u0111\u00e2y c\u0169ng \u0111\u01b0\u1ee3c xem l\u00e0 m\u00f3n b\u00e1nh l\u00e0m qu\u00e0 \u0111\u01b0\u1ee3c nhi\u1ec1u du kh\u00e1ch ch\u1ecdn mua khi \u0111\u1ebfn v\u1edbi \u0111\u1ea5t n\u01b0\u1edbc n\u00e0y. B\u00e1nh Mochi \u0111\u01b0\u1ee3c l\u00e0m t\u1eeb g\u1ea1o n\u1ebfp v\u1edbi r\u1ea5t nhi\u1ec1u h\u01b0\u01a1ng v\u1ecb, h\u00ecnh d\u1ea1ng, k\u1ebft c\u1ea5u v\u00e0 nh\u1eefng c\u00e1ch ch\u1ebf bi\u1ebfn kh\u00e1c nhau.<\/p>\n<p><img fetchpriority=\"high\" decoding=\"async\" class=\"wp-image-12568 aligncenter\" src=\"https:\/\/havamall.vn\/wp-content\/uploads\/2019\/04\/1447319062182_3986966-1-300x211.jpg\" alt=\"\" width=\"506\" height=\"356\" srcset=\"https:\/\/havamall.vn\/wp-content\/uploads\/2019\/04\/1447319062182_3986966-1-300x211.jpg 300w, https:\/\/havamall.vn\/wp-content\/uploads\/2019\/04\/1447319062182_3986966-1-430x303.jpg 430w, https:\/\/havamall.vn\/wp-content\/uploads\/2019\/04\/1447319062182_3986966-1-150x106.jpg 150w, https:\/\/havamall.vn\/wp-content\/uploads\/2019\/04\/1447319062182_3986966-1-220x154.jpg 220w, https:\/\/havamall.vn\/wp-content\/uploads\/2019\/04\/1447319062182_3986966-1-600x422.jpg 600w, https:\/\/havamall.vn\/wp-content\/uploads\/2019\/04\/1447319062182_3986966-1.jpg 675w\" sizes=\"(max-width: 506px) 100vw, 506px\" \/><\/p>\n<p>&nbsp;<\/p>\n<p>B\u00e1nh Mochi l\u00e0 m\u1ed9t lo\u1ea1i b\u00e1nh \u0111\u01b0\u1ee3c l\u00e0m t\u1eeb b\u1ed9t g\u1ea1o n\u1ebfp v\u00e0 \u0111\u01b0\u1ee3c xem l\u00e0 m\u00f3n b\u00e1nh gi\u1ea7y nh\u00e2n ng\u1ecdt truy\u1ec1n th\u1ed1ng c\u1ee7a ng\u01b0\u1eddi Nh\u1eadt. B\u00e1nh Mochi c\u00f3 m\u1eb7t trong h\u1ea7u h\u1ebft c\u00e1c d\u1ecbp l\u1ec5 t\u1ebft c\u1ee7a \u0111\u1ea5t n\u01b0\u1edbc n\u00e0y, lo\u1ea1i b\u00e1nh n\u00e0y \u0111\u01b0\u1ee3c xem l\u00e0 v\u1eadt ph\u1ea9m d\u00f9ng \u0111\u1ec3 d\u00e2ng l\u00ean th\u1ea7n linh nh\u1eb1m mang l\u1ea1i s\u1ef1 may m\u1eafn. B\u00e1nh Mochi c\u0169ng \u0111\u01b0\u1ee3c d\u00f9ng l\u00e0m v\u1eadt c\u00fang trong gia \u0111\u00ecnh v\u00e0o nh\u1eefng d\u1ecbp n\u0103m m\u1edbi, Mochi \u0111\u01b0\u1ee3c \u0111\u1eb7t trang tr\u1ecdng t\u1ea1i\u00a0 h\u1ed1c t\u01b0\u1eddng Toko-noma ho\u1eb7c trong nh\u00e0 b\u1ebfp. C\u00f3 r\u1ea5t nhi\u1ec1u lo\u1ea1i b\u00e1nh Mochi ph\u00f9 h\u1ee3p v\u1edbi nh\u1eefng ng\u00e0y l\u1ec5 t\u1ebft kh\u00e1c nhau.<\/p>\n<p>&nbsp;<\/p>\n<p>+\u00a0<strong>H\u01b0\u1edbng d\u1eabn s\u1eed d\u1ee5ng<\/strong>: \u00a0S\u1eed d\u1ee5ng tr\u1ef1c ti\u1ebfp, b\u1ea3o qu\u1ea3n l\u1ea1nh sau khi \u0111\u00e3 m\u1edf s\u1ea3n ph\u1ea9m.<\/p>\n<p>+\u00a0<strong>B\u1ea3o qu\u1ea3n:<\/strong>\u00a0N\u01a1i kh\u00f4 r\u00e1o, tho\u00e1ng m\u00e1t \u0111\u1ea3m b\u1ea3o \u0111i\u1ec1u ki\u1ec7n an to\u00e0n v\u1ec7 sinh an to\u00e0n th\u1ef1c ph\u1ea9m, tr\u00e1nh \u00e1nh s\u00e1ng m\u1eb7t tr\u1eddi chi\u1ebfu tr\u1ef1c ti\u1ebfp. Sau khi m\u1edf bao b\u00ec, s\u1eed d\u1ee5ng s\u1ea3n ph\u1ea9m c\u00e0ng s\u1edbm c\u00e0ng t\u1ed1t \u0111\u1ec3 tr\u00e1nh h\u01b0 h\u1ecfng.<\/p>\n<p>+\u00a0<strong>C\u1ea3nh b\u00e1o:<\/strong>\u00a0\u0111\u1ec3 tr\u00e1nh b\u1ecb ngh\u1eb9n, s\u1ea3n ph\u1ea9m n\u00e0y ph\u1ea3i \u0111\u01b0\u1ee3c nhai k\u1ef9 tr\u01b0\u1edbc khi nu\u1ed1t. \u0110\u1ed1i v\u1edbi tr\u1ebb em ho\u1eb7c ng\u01b0\u1eddi cao tu\u1ed5i, h\u00e3y c\u1eaft th\u00e0nh t\u1eebng mi\u1ebfng nh\u1ecf tr\u01b0\u1edbc khi \u0103n. Kh\u00f4ng \u0103n ph\u1ea7n gi\u1ea5y b\u1ecdc s\u1ea3n ph\u1ea9m.<\/p>\n<p>&nbsp;<\/p>\n<p>&nbsp;<\/p>\n<p>&nbsp;<\/p>\n<p>&nbsp;<\/p>","protected":false},"excerpt":{"rendered":"<p>V\u1ecf b\u00e1nh m\u1ec1m, d\u1ebbo k\u1ebft h\u1ee3p v\u1edbi nh\u00e2n v\u1ecb d\u00e2u t\u00e2y \u0111\u1eb7c tr\u01b0ng, th\u01a1m th\u01a1m ng\u1ecdt d\u1ecbu; t\u1ea1o c\u1ea3m gi\u00e1c ngon mi\u1ec7ng m\u00e0 kh\u00f4ng b\u1ecb &#8220;ng\u00e1n&#8221;\u0102n b\u00e1nh k\u1ebft h\u1ee3p v\u1edbi th\u01b0\u1edfng tr\u00e0, m\u00f3n b\u00e1nh tao nh\u00e3, gi\u00fap b\u1ea1n c\u00f3 tr\u1ea3i nghi\u1ec7m tuy\u1ec7t v\u1eddi khi s\u1eed d\u1ee5ng s\u1ea3n ph\u1ea9mTh\u00edch h\u1ee3p cho c\u00e1c bu\u1ed5i t\u1ee5 h\u1ecdp, picnic..M\u00f3n qu\u00e0 \u00fd ngh\u0129a cho c\u00e1c d\u1ecbp l\u1ec5, t\u1ebft, qu\u00e0 bi\u1ebfu t\u1eb7ng ng\u01b0\u1eddi th\u00e2n&#8230;<\/p>","protected":false},"featured_media":10455,"comment_status":"open","ping_status":"closed","template":"","meta":[],"product_brand":[],"product_cat":[36,133],"product_tag":[],"class_list":{"0":"post-10447","1":"product","2":"type-product","3":"status-publish","4":"has-post-thumbnail","6":"product_cat-thuc-pham-tieu-dung","7":"product_cat-banh-keo-chocolate","9":"first","10":"outofstock","11":"sale","12":"shipping-taxable","13":"purchasable","14":"product-type-simple"},"_links":{"self":[{"href":"https:\/\/havamall.vn\/en\/wp-json\/wp\/v2\/product\/10447"}],"collection":[{"href":"https:\/\/havamall.vn\/en\/wp-json\/wp\/v2\/product"}],"about":[{"href":"https:\/\/havamall.vn\/en\/wp-json\/wp\/v2\/types\/product"}],"replies":[{"embeddable":true,"href":"https:\/\/havamall.vn\/en\/wp-json\/wp\/v2\/comments?post=10447"}],"version-history":[{"count":0,"href":"https:\/\/havamall.vn\/en\/wp-json\/wp\/v2\/product\/10447\/revisions"}],"wp:featuredmedia":[{"embeddable":true,"href":"https:\/\/havamall.vn\/en\/wp-json\/wp\/v2\/media\/10455"}],"wp:attachment":[{"href":"https:\/\/havamall.vn\/en\/wp-json\/wp\/v2\/media?parent=10447"}],"wp:term":[{"taxonomy":"product_brand","embeddable":true,"href":"https:\/\/havamall.vn\/en\/wp-json\/wp\/v2\/product_brand?post=10447"},{"taxonomy":"product_cat","embeddable":true,"href":"https:\/\/havamall.vn\/en\/wp-json\/wp\/v2\/product_cat?post=10447"},{"taxonomy":"product_tag","embeddable":true,"href":"https:\/\/havamall.vn\/en\/wp-json\/wp\/v2\/product_tag?post=10447"}],"curies":[{"name":"wp","href":"https:\/\/api.w.org\/{rel}","templated":true}]}}