{"id":10441,"date":"2019-04-10T14:43:56","date_gmt":"2019-04-10T07:43:56","guid":{"rendered":"https:\/\/havamall.vn\/?post_type=product&#038;p=10441"},"modified":"2021-12-23T11:33:52","modified_gmt":"2021-12-23T04:33:52","slug":"banh-gao-tuong-den-goi-120g-yopbokki-black-soybean-sauce-rice-cake","status":"publish","type":"product","link":"https:\/\/havamall.vn\/en\/shop\/banh-gao-tuong-den-goi-120g-yopbokki-black-soybean-sauce-rice-cake\/","title":{"rendered":"B\u00e1nh G\u1ea1o T\u01b0\u01a1ng \u0110en G\u00f3i 120G &#8211; Yopbokki Black Soy Rice Cake"},"content":{"rendered":"<p>Topokki l\u00e0 m\u00f3n b\u00e1nh g\u1ea1o r\u1ea5t ph\u1ed5 bi\u1ebfn v\u00e0 \u0111\u01b0\u1ee3c nhi\u1ec1u ng\u01b0\u1eddi y\u00eau th\u00edch t\u1ea1i H\u00e0n Qu\u1ed1c. Nh\u1eefng mi\u1ebfng b\u00e1nh d\u1ebbo h\u00f2a quy\u1ec7n c\u00f9ng n\u01b0\u1edbc s\u1ed1t \u0111\u1eadm \u0111\u00e0, ngon mi\u1ec7ng ch\u1eafc ch\u1eafn s\u1ebd l\u00e0m h\u00e0i l\u00f2ng b\u1ea5t c\u1ee9 ai khi l\u1ea7n \u0111\u1ea7u th\u01b0\u1edfng th\u1ee9c. Gi\u1edd \u0111\u00e2y v\u1edbi s\u1ea3n ph\u1ea9m B\u00e1nh g\u1ea1o Topokki v\u1ecb s\u1ed1t t\u01b0\u01a1ng \u0111en b\u1ea1n c\u00f3 th\u1ec3 th\u01b0\u1edfng th\u1ee9c m\u00f3n b\u00e1nh n\u1ed5i ti\u1ebfng c\u1ee7a x\u1ee9 kim chi ngay t\u1ea1i nh\u00e0 v\u1edbi c\u00e1ch ch\u1ebf bi\u1ebfn r\u1ea5t \u0111\u01a1n gi\u1ea3n. Ch\u1ec9 c\u1ea7n m\u1ea5t t\u1eeb 5 &#8211; 7 ph\u00fat l\u00e0 b\u1ea1n \u0111\u00e3 c\u00f3 ngay m\u1ed9t t\u00f4 b\u00e1nh g\u1ea1o d\u1ebbo th\u01a1m l\u1eebng h\u00f2a quy\u1ec7n c\u00f9ng ph\u1ea7n s\u1ed1t ph\u00f4 mai th\u01a1m ng\u1eady.<\/p>\n<p style=\"text-align: center\"><img fetchpriority=\"high\" decoding=\"async\" class=\"wp-image-12471 aligncenter\" src=\"https:\/\/havamall.vn\/wp-content\/uploads\/2019\/04\/56b8b12ec83e27b3d3e935578c88782c-300x300.jpg\" alt=\"\" width=\"416\" height=\"416\" srcset=\"https:\/\/havamall.vn\/wp-content\/uploads\/2019\/04\/56b8b12ec83e27b3d3e935578c88782c-300x300.jpg 300w, https:\/\/havamall.vn\/wp-content\/uploads\/2019\/04\/56b8b12ec83e27b3d3e935578c88782c-430x430.jpg 430w, https:\/\/havamall.vn\/wp-content\/uploads\/2019\/04\/56b8b12ec83e27b3d3e935578c88782c-150x150.jpg 150w, https:\/\/havamall.vn\/wp-content\/uploads\/2019\/04\/56b8b12ec83e27b3d3e935578c88782c-600x600.jpg 600w, https:\/\/havamall.vn\/wp-content\/uploads\/2019\/04\/56b8b12ec83e27b3d3e935578c88782c-100x100.jpg 100w, https:\/\/havamall.vn\/wp-content\/uploads\/2019\/04\/56b8b12ec83e27b3d3e935578c88782c.jpg 640w\" sizes=\"(max-width: 416px) 100vw, 416px\" \/><\/p>\n<p>B\u00e1nh g\u1ea1o Topokki Yopokki\u00a0l\u00e0 s\u1ea3n ph\u1ea9m ch\u1ea5t l\u01b0\u1ee3ng cao v\u1edbi\u00a0h\u01b0\u01a1ng v\u1ecb th\u01a1m ngon, c\u00f3 th\u1ec3 k\u1ebft h\u1ee3p c\u00f9ng c\u00e1c nguy\u00ean li\u1ec7u kh\u00e1c nh\u01b0: ch\u1ea3 c\u00e1, mi\u1ebfn, tr\u1ee9ng, rau&#8230; \u0111\u1ec3 m\u00f3n \u0103n th\u00eam h\u1ea5p d\u1eabn\u00a0v\u00e0 b\u1ed5 d\u01b0\u1ee1ng h\u01a1n.<\/p>\n<p>S\u1ea3n ph\u1ea9m \u0111\u01b0\u1ee3c l\u00e0m t\u1eeb nh\u1eefng nguy\u00ean li\u1ec7u \u0111\u00e3 qua ch\u1ecdn loc k\u0129 l\u01b0\u1ee1ng, quy tr\u00ecnh ch\u1ebf bi\u1ebfn v\u00e0 \u0111\u00f3ng g\u00f3i kh\u00e9p k\u00edn,\u00a0\u0111\u00e1p \u1ee9ng m\u1ecdi ti\u00eau chu\u1ea9n v\u1ec1 v\u1ec7 sinh an to\u00e0n th\u1ef1c ph\u1ea9m, kh\u00f4ng ch\u1ee9a ph\u1ee5 gia g\u00e2y h\u1ea1i cho s\u1ee9c kh\u1ecfe ng\u01b0\u1eddi ti\u00eau d\u00f9ng; d\u1ec5 d\u00e0ng ch\u1ebf bi\u1ebfn c\u0169ng nh\u01b0 b\u1ea3o qu\u1ea3n.<img decoding=\"async\" class=\"wp-image-12472 aligncenter\" style=\"text-align: center\" src=\"https:\/\/havamall.vn\/wp-content\/uploads\/2019\/04\/16509991157790-1-300x186.jpg\" alt=\"\" width=\"512\" height=\"317\" srcset=\"https:\/\/havamall.vn\/wp-content\/uploads\/2019\/04\/16509991157790-1-300x186.jpg 300w, https:\/\/havamall.vn\/wp-content\/uploads\/2019\/04\/16509991157790-1-430x267.jpg 430w, https:\/\/havamall.vn\/wp-content\/uploads\/2019\/04\/16509991157790-1-150x93.jpg 150w, https:\/\/havamall.vn\/wp-content\/uploads\/2019\/04\/16509991157790-1-600x373.jpg 600w, https:\/\/havamall.vn\/wp-content\/uploads\/2019\/04\/16509991157790-1.jpg 650w\" sizes=\"(max-width: 512px) 100vw, 512px\" \/><strong>C\u00e1ch n\u1ea5u:<\/strong><\/p>\n<p><em><strong>Trong l\u00f2 vi s\u00f3ng:<\/strong><\/em><\/p>\n<ul>\n<li>Sau khi m\u1edf n\u1eafp, b\u00f3c b\u00e1nh g\u1ea1o c\u00f3 trong t\u00fai nilon\u00a0v\u00e0 b\u1ed9t gia v\u1ecb ra<\/li>\n<li>B\u1ecf b\u00e1nh g\u1ea1o v\u00e0 b\u1ed9t gia v\u1ecb v\u00e0o h\u1ed9p sau \u0111\u00f3 cho 20ml n\u01b0\u1edbc, l\u1eafc k\u1ef9 v\u00e0 \u0111\u1eady h\u00e9 n\u1eafp l\u1ea1i r\u1ed3i b\u1ecf v\u00e0o l\u00f2 vi s\u00f3ng<\/li>\n<li>N\u1ea5u trong l\u00f2 vi s\u00f3ng t\u1eeb 1 ph\u00fat \u0111\u1ebfn 1 ph\u00fat 30 gi\u00e2y\u00a0(1000W), 2 ph\u00fat\u00a0\u0111\u1ebfn 2 ph\u00fat 30 gi\u00e2y\u00a0(700W) r\u1ed3i m\u1edbi \u0103n<\/li>\n<\/ul>\n<p><em><strong>Khi n\u1ea5u b\u1eb1ng ch\u1ea3o:<\/strong><\/em><\/p>\n<ul>\n<li>Sau khi b\u1ecf b\u00e1nh g\u1ea1o topokki v\u00e0o trong ch\u1ea3o, b\u1ecf n\u01b0\u1edbc s\u1ed1t v\u00e0 100ml n\u01b0\u1edbc v\u00e0o<\/li>\n<li>Khi b\u1eaft \u0111\u1ea7u s\u00f4i \u0111i\u1ec1u ch\u1ec9nh l\u1eeda \u0111un t\u1ea7m 5 ph\u00fat<\/li>\n<li>T\u00f9y thu\u1ed9c v\u00e0o kh\u00ed h\u1eadu c\u00f3 th\u1ec3 b\u1ecf th\u00eam ch\u1ea3 c\u00e1, mi\u1ebfn, tr\u1ee9ng, rau&#8230; v\u00e0o \u0111\u1ec3 \u0111\u01b0\u1ee3c m\u00f3n topokki ngon mi\u1ec7ng h\u01a1n<\/li>\n<\/ul>\n<p>&nbsp;<\/p>\n<p>&nbsp;<\/p>\n<p>&nbsp;<\/p>\n<p>&nbsp;<\/p>\n<p>&nbsp;<\/p>","protected":false},"excerpt":{"rendered":"<p>B\u00e1nh g\u1ea1o Tokbokki l\u00e0 m\u00f3n \u0103n truy\u1ec1n th\u1ed1ng r\u1ea5t n\u1ed5i ti\u1ebfng c\u1ee7a H\u00e0n Qu\u1ed1c. T\u1eebng mi\u1ebfng b\u00e1nh g\u1ea1o d\u1ebbo k\u1ebft h\u1ee3p v\u1edbi n\u01b0\u1edbc s\u1ed1t t\u01b0\u01a1ng \u0111en cho b\u1ea1n tr\u1ea3i nghi\u1ec7m tuy\u1ec7t v\u1eddi, nh\u1ea5t l\u00e0 v\u00e0o nh\u1eefng ng\u00e0y m\u01b0a hay m\u00f9a \u0111\u00f4ng. Trong g\u00f3i c\u00f3 s\u1eb5n b\u00e1nh g\u1ea1o v\u00e0 gia v\u1ecb; ch\u1ec9 c\u1ea7n th\u00eam n\u01b0\u1edbc l\u1ecdc v\u00e0o n\u1ea5u t\u1ea7m 5-10 l\u00e0 c\u00f3 th\u1ec3 \u0103n ngay. D\u00f9ng \u0111\u1ec3 \u0103n li\u1ec1n, mang \u0111i h\u1ecdc, c\u00f4ng t\u00e1c, d\u00e3 ngo\u1ea1i&#8230;C\u00f3 th\u1ec3 s\u1eed d\u1ee5ng cho ng\u01b0\u1eddi \u0103n chay<\/p>","protected":false},"featured_media":10444,"comment_status":"open","ping_status":"closed","template":"","meta":[],"product_brand":[],"product_cat":[36],"product_tag":[],"class_list":{"0":"post-10441","1":"product","2":"type-product","3":"status-publish","4":"has-post-thumbnail","6":"product_cat-thuc-pham-tieu-dung","7":"pa_brand-yopokki","9":"first","10":"outofstock","11":"sale","12":"shipping-taxable","13":"purchasable","14":"product-type-simple"},"_links":{"self":[{"href":"https:\/\/havamall.vn\/en\/wp-json\/wp\/v2\/product\/10441"}],"collection":[{"href":"https:\/\/havamall.vn\/en\/wp-json\/wp\/v2\/product"}],"about":[{"href":"https:\/\/havamall.vn\/en\/wp-json\/wp\/v2\/types\/product"}],"replies":[{"embeddable":true,"href":"https:\/\/havamall.vn\/en\/wp-json\/wp\/v2\/comments?post=10441"}],"version-history":[{"count":0,"href":"https:\/\/havamall.vn\/en\/wp-json\/wp\/v2\/product\/10441\/revisions"}],"wp:featuredmedia":[{"embeddable":true,"href":"https:\/\/havamall.vn\/en\/wp-json\/wp\/v2\/media\/10444"}],"wp:attachment":[{"href":"https:\/\/havamall.vn\/en\/wp-json\/wp\/v2\/media?parent=10441"}],"wp:term":[{"taxonomy":"product_brand","embeddable":true,"href":"https:\/\/havamall.vn\/en\/wp-json\/wp\/v2\/product_brand?post=10441"},{"taxonomy":"product_cat","embeddable":true,"href":"https:\/\/havamall.vn\/en\/wp-json\/wp\/v2\/product_cat?post=10441"},{"taxonomy":"product_tag","embeddable":true,"href":"https:\/\/havamall.vn\/en\/wp-json\/wp\/v2\/product_tag?post=10441"}],"curies":[{"name":"wp","href":"https:\/\/api.w.org\/{rel}","templated":true}]}}