{"id":10436,"date":"2019-04-10T14:31:39","date_gmt":"2019-04-10T07:31:39","guid":{"rendered":"https:\/\/havamall.vn\/?post_type=product&#038;p=10436"},"modified":"2019-11-06T16:20:41","modified_gmt":"2019-11-06T09:20:41","slug":"sua-chua-probiotic-karomis-vi-dao-290ml","status":"publish","type":"product","link":"https:\/\/havamall.vn\/en\/shop\/sua-chua-probiotic-karomis-vi-dao-290ml\/","title":{"rendered":"S\u1eefa Chua Probiotic Karomis V\u1ecb \u0110\u00e0o 290ml"},"content":{"rendered":"<p>S\u1ea3n ph\u1ea9m nh\u1eadp kh\u1ea9u tr\u1ef1c ti\u1ebfp t\u1eeb \u0110\u00e0i Loan, m\u1ed9t trong nh\u1eefng c\u00f4ng ty t\u1ea1i \u0110\u00e0i Loan c\u00f3 th\u1ec3 s\u1ea3n xu\u1ea5t s\u1ea3n ph\u1ea9m s\u1eefa chua u\u1ed1ng tr\u1ef1c ti\u1ebfp t\u1eeb thi\u00ean nhi\u00ean v\u00e0 cung c\u1ea5p h\u01a1n 4 t\u1ef7 l\u1ee3i khu\u1ea9n cho s\u1ea3n ph\u1ea9m. Trong khi c\u00e1c ph\u1ea9m s\u1eefa chua u\u1ed1ng tr\u00ean th\u1ecb tr\u01b0\u1eddng th\u01b0\u1eddng ch\u1ec9 c\u00f3 h\u1ea1n s\u1eed d\u1ee5ng t\u1ed1i \u0111a trong 2 th\u00e1ng v\u00e0 ph\u1ea3i b\u1ea3o qu\u1ea3n l\u1ea1nh. Th\u00ec S\u1eefa chua u\u1ed1ng Probiotic Naipis c\u00f3 h\u1ea1n s\u1eed d\u1ee5ng t\u1ed1i da 10 th\u00e1ng v\u00e0 b\u1ea3o qu\u1ea3n trong nhi\u1ec7t \u0111\u1ed9 th\u01b0\u1eddng.<\/p>\n<p><img fetchpriority=\"high\" decoding=\"async\" class=\"size-full wp-image-10439 aligncenter\" src=\"https:\/\/havamall.vn\/wp-content\/uploads\/2019\/04\/4384001529_1475151554.jpg\" alt=\"\" width=\"790\" height=\"384\" srcset=\"https:\/\/havamall.vn\/wp-content\/uploads\/2019\/04\/4384001529_1475151554.jpg 790w, https:\/\/havamall.vn\/wp-content\/uploads\/2019\/04\/4384001529_1475151554-430x209.jpg 430w, https:\/\/havamall.vn\/wp-content\/uploads\/2019\/04\/4384001529_1475151554-150x73.jpg 150w, https:\/\/havamall.vn\/wp-content\/uploads\/2019\/04\/4384001529_1475151554-700x340.jpg 700w\" sizes=\"(max-width: 790px) 100vw, 790px\" \/><\/p>\n<p>Th\u00e0nh ph\u1ea7n: N\u01b0\u1edbc, s\u1eefa l\u00ean men (n\u01b0\u1edbc, s\u1eefa b\u1ed9t t\u00e1ch kem, \u0111\u01b0\u1eddng glucose, l\u1ee3i khu\u1ea9n g\u1ed3m: L.casei, L.helveticus), \u0111\u01b0\u1eddng fructose, \u0111\u01b0\u1eddng, x\u01a1 \u0111\u1eadu n\u00e0nh, ch\u1ea5t nh\u0169 h\u00f3a: pectin (E440), ch\u1ea5t \u0111i\u1ec1u ch\u1ec9nh \u0111\u1ed9 acid g\u1ed3m: natri citrat (E331(iii)) v\u00e0 acid citric (E330), b\u1ed9t chu\u1ed1i (chu\u1ed1i, \u0111\u01b0\u1eddng Maltodextrin, n\u01b0\u1edbc \u00e9p t\u00e1o c\u00f4 \u0111\u1eb7c (0,1%), h\u01b0\u01a1ng chu\u1ed1i nh\u00e2n t\u1ea1o, vitamin C, ph\u1ea9m m\u00e0u t\u1ed5ng h\u1ee3p: Beta-caroten (E160a(i))<\/p>\n<p><img decoding=\"async\" class=\"wp-image-10370 aligncenter\" src=\"https:\/\/havamall.vn\/wp-content\/uploads\/2019\/04\/TB2iYl7tUdnpuFjSZPhXXbChpXa_!!2482887462.png\" alt=\"\" width=\"639\" height=\"413\" srcset=\"https:\/\/havamall.vn\/wp-content\/uploads\/2019\/04\/TB2iYl7tUdnpuFjSZPhXXbChpXa_!!2482887462.png 640w, https:\/\/havamall.vn\/wp-content\/uploads\/2019\/04\/TB2iYl7tUdnpuFjSZPhXXbChpXa_!!2482887462-430x278.png 430w, https:\/\/havamall.vn\/wp-content\/uploads\/2019\/04\/TB2iYl7tUdnpuFjSZPhXXbChpXa_!!2482887462-150x97.png 150w\" sizes=\"(max-width: 639px) 100vw, 639px\" \/><\/p>\n<p>Kh\u1ed1i l\u01b0\u1ee3ng t\u1ecbnh: 290 ml\/ chai ho\u1eb7c theo quy c\u00e1ch nh\u00e0 s\u1ea3n xu\u1ea5t<br \/>\nTh\u1eddi h\u1ea1n s\u1eed d\u1ee5ng: 10 th\u00e1ng k\u1ec3 t\u1eeb ng\u00e0y s\u1ea3n xu\u1ea5t. Ng\u00e0y s\u1ea3n xu\u1ea5t, h\u1ea1n s\u1eed d\u1ee5ng in tr\u00ean bao b\u00ec s\u1ea3n ph\u1ea9m theo \u0111\u1ecbnh d\u1ea1ng n\u0103m\/th\u00e1ng\/ng\u00e0y.<br \/>\nH\u01b0\u1edbng d\u1eabn s\u1eed d\u1ee5ng v\u00e0 b\u1ea3o qu\u1ea3n:<br \/>\n+ S\u1eed d\u1ee5ng: S\u1eed d\u1ee5ng tr\u1ef1c ti\u1ebfp, l\u1eafc \u0111\u1ec1u tr\u01b0\u1edbc khi u\u1ed1ng,<br \/>\n+ B\u1ea3o qu\u1ea3n: N\u01a1i kh\u00f4 r\u00e1o, tho\u00e1ng m\u00e1t \u0111\u1ea3m b\u1ea3o \u0111i\u1ec1u ki\u1ec7n an to\u00e0n v\u1ec7 sinh an to\u00e0n th\u1ef1c ph\u1ea9m, tr\u00e1nh \u00e1nh s\u00e1ng m\u1eb7t tr\u1eddi chi\u1ebfu tr\u1ef1c ti\u1ebfp. Ngon h\u01a1n khi u\u1ed1ng l\u1ea1nh<br \/>\n+ C\u1ea3nh b\u00e1o: S\u1ea3n ph\u1ea9m c\u00f3 ch\u1ee9a th\u00e0nh ph\u1ea7n s\u1eefa<\/p>","protected":false},"excerpt":{"rendered":"<p>S\u1eefa chua u\u1ed1ng E-Ben Naipis v\u1ecb truy\u1ec1n th\u1ed1ng\u2013 E-BEN NAIPIS Yogurt Drink (Original) d\u00e0nh cho c\u00e1c b\u00e9 tr\u1ebb nh\u1ecf bi\u1ebfng \u0103n ho\u1eb7c c\u1ea7n b\u1ed5 sung vitamin, l\u1ee3i khu\u1ea9n gi\u00fap ti\u00eau h\u00f3a t\u1ed1t. S\u1ea3n ph\u1ea9m \u0111\u1ea1t chu\u1ea9n ch\u1ea5t l\u01b0\u1ee3ng qu\u1ed1c t\u1ebf, v\u1ecb d\u1ec5 u\u1ed1ng, h\u00e0ng nh\u1eadp kh\u1ea9u \u0110\u00e0i Loan 100%<\/p>","protected":false},"featured_media":10440,"comment_status":"open","ping_status":"closed","template":"","meta":[],"product_brand":[],"product_cat":[36,135],"product_tag":[],"class_list":{"0":"post-10436","1":"product","2":"type-product","3":"status-publish","4":"has-post-thumbnail","6":"product_cat-thuc-pham-tieu-dung","7":"product_cat-sua-do-uong","9":"first","10":"outofstock","11":"sale","12":"shipping-taxable","13":"purchasable","14":"product-type-simple"},"_links":{"self":[{"href":"https:\/\/havamall.vn\/en\/wp-json\/wp\/v2\/product\/10436"}],"collection":[{"href":"https:\/\/havamall.vn\/en\/wp-json\/wp\/v2\/product"}],"about":[{"href":"https:\/\/havamall.vn\/en\/wp-json\/wp\/v2\/types\/product"}],"replies":[{"embeddable":true,"href":"https:\/\/havamall.vn\/en\/wp-json\/wp\/v2\/comments?post=10436"}],"version-history":[{"count":0,"href":"https:\/\/havamall.vn\/en\/wp-json\/wp\/v2\/product\/10436\/revisions"}],"wp:featuredmedia":[{"embeddable":true,"href":"https:\/\/havamall.vn\/en\/wp-json\/wp\/v2\/media\/10440"}],"wp:attachment":[{"href":"https:\/\/havamall.vn\/en\/wp-json\/wp\/v2\/media?parent=10436"}],"wp:term":[{"taxonomy":"product_brand","embeddable":true,"href":"https:\/\/havamall.vn\/en\/wp-json\/wp\/v2\/product_brand?post=10436"},{"taxonomy":"product_cat","embeddable":true,"href":"https:\/\/havamall.vn\/en\/wp-json\/wp\/v2\/product_cat?post=10436"},{"taxonomy":"product_tag","embeddable":true,"href":"https:\/\/havamall.vn\/en\/wp-json\/wp\/v2\/product_tag?post=10436"}],"curies":[{"name":"wp","href":"https:\/\/api.w.org\/{rel}","templated":true}]}}