{"id":10418,"date":"2019-04-10T13:50:30","date_gmt":"2019-04-10T06:50:30","guid":{"rendered":"https:\/\/havamall.vn\/?post_type=product&#038;p=10418"},"modified":"2019-11-06T16:20:58","modified_gmt":"2019-11-06T09:20:58","slug":"sua-chua-uong-e-ben-naipis-vi-truyen-thong-290ml","status":"publish","type":"product","link":"https:\/\/havamall.vn\/en\/shop\/sua-chua-uong-e-ben-naipis-vi-truyen-thong-290ml\/","title":{"rendered":"S\u1eefa Chua E-Ben Naipis V\u1ecb Truy\u1ec1n Th\u1ed1ng 290ml"},"content":{"rendered":"<p>S\u1ea3n ph\u1ea9m nh\u1eadp kh\u1ea9u tr\u1ef1c ti\u1ebfp t\u1eeb \u0110\u00e0i Loan, m\u1ed9t trong nh\u1eefng c\u00f4ng ty t\u1ea1i \u0110\u00e0i Loan c\u00f3 th\u1ec3 s\u1ea3n xu\u1ea5t s\u1ea3n ph\u1ea9m s\u1eefa chua u\u1ed1ng tr\u1ef1c ti\u1ebfp t\u1eeb thi\u00ean nhi\u00ean v\u00e0 cung c\u1ea5p h\u01a1n 4 t\u1ef7 l\u1ee3i khu\u1ea9n cho s\u1ea3n ph\u1ea9m. Trong khi c\u00e1c ph\u1ea9m s\u1eefa chua u\u1ed1ng tr\u00ean th\u1ecb tr\u01b0\u1eddng th\u01b0\u1eddng ch\u1ec9 c\u00f3 h\u1ea1n s\u1eed d\u1ee5ng t\u1ed1i \u0111a trong 2 th\u00e1ng v\u00e0 ph\u1ea3i b\u1ea3o qu\u1ea3n l\u1ea1nh. Th\u00ec S\u1eefa chua u\u1ed1ng Probiotic Naipis c\u00f3 h\u1ea1n s\u1eed d\u1ee5ng t\u1ed1i da 10 th\u00e1ng v\u00e0 b\u1ea3o qu\u1ea3n trong nhi\u1ec7t \u0111\u1ed9 th\u01b0\u1eddng.<\/p>\n<p><img fetchpriority=\"high\" decoding=\"async\" class=\"aligncenter\" src=\"https:\/\/havamall.vn\/wp-content\/uploads\/2019\/04\/519430304_1280x720.jpg\" alt=\"K\u00e1\u00ba\u00bft qu\u00e1\u00ba\u00a3 h\u00c3\u00acnh \u00e1\u00ba\u00a3nh cho naipis\" width=\"739\" height=\"416\" \/><\/p>\n<p>\u01afu \u0111i\u1ec3m khi d\u00f9ng S\u1eefa chua u\u1ed1ng E-ben Naipis :<\/p>\n<p>+\u00a0<strong>\u00a0<\/strong>H\u1ed7 tr\u1ee3 s\u1ee9c kh\u1ecfe cho h\u1ec7 ti\u00eau h\u00f3a, gi\u1ea3m thi\u1ec3u t\u1ed1i \u0111a nguy c\u01a1 d\u1eabn \u0111\u1ebfn c\u00e1c b\u1ec7nh ti\u00eau h\u00f3a nh\u01b0 vi\u00eam lo\u00e9t d\u1ea1 d\u00e0y, \u0111\u1ea7y h\u01a1i \u1ee3 h\u01a1i, ng\u1ed9 \u0111\u1ed9c th\u1ef1c ph\u1ea9m, ti\u00eau ch\u1ea3y, t\u00e1o b\u00f3n, h\u1ed9i ch\u1ee9ng k\u00edch th\u00edch ru\u1ed9t, vi\u00eam ru\u1ed9t, tr\u0129\u2026<\/p>\n<p>+\u00a0H\u1ed7 tr\u1ee3 mi\u1ec5n d\u1ecbch, t\u0103ng s\u1ee9c \u0111\u1ec1 kh\u00e1ng cho c\u01a1 th\u1ec3 lu\u00f4n lu\u00f4n kh\u1ecfe m\u1ea1nh, kh\u00f4ng m\u1eafc ph\u1ea3i nh\u1eefng b\u1ec7nh v\u1eb7t th\u00f4ng th\u01b0\u1eddng v\u00e0 lu\u00f4n tr\u00e0n \u0111\u1ea7y s\u1ee9c s\u1ed1ng.<\/p>\n<p>+\u00a0\u00a0Cho m\u1ed9t h\u1ec7 ti\u00eau h\u00f3a kh\u1ecfe m\u1ea1nh t\u1eeb b\u00ean trong, gi\u00fap h\u1ea5p thu t\u1ed1i \u0111a c\u00e1c ch\u1ea5t dinh d\u01b0\u1ee1ng.<\/p>\n<p><img decoding=\"async\" class=\"aligncenter\" src=\"https:\/\/havamall.vn\/wp-content\/uploads\/2019\/04\/\u5168\u53e3\u5473.jpg\" alt=\"K\u00e1\u00ba\u00bft qu\u00e1\u00ba\u00a3 h\u00c3\u00acnh \u00e1\u00ba\u00a3nh cho naipis\" width=\"809\" height=\"395\" \/><\/p>\n<p style=\"text-align: center\"><em>H\u01b0\u01a1ng v\u1ecb th\u01a1m ngon, \u0111a d\u1ea1ng m\u00f9i v\u1ecb.<\/em><\/p>\n<p><img decoding=\"async\" class=\"aligncenter\" src=\"https:\/\/havamall.vn\/wp-content\/uploads\/2019\/04\/50722791_535527030288400_8173639534555977933_n.jpg\" alt=\"H\u00c3\u00acnh \u00e1\u00ba\u00a3nh c\u00c3\u00b3 li\u00c3\u00aan quan\" width=\"758\" height=\"758\" \/><\/p>\n<div>1. Th\u00e0nh ph\u1ea7n: N\u01b0\u1edbc, \u0111\u01b0\u1eddng fructose, \u0111\u01b0\u1eddng, s\u1eefa b\u1ed9t, ch\u1ea5t nh\u0169 h\u00f3a: pectin (E440), h\u01b0\u01a1ng s\u1eefa t\u1ef1 nhi\u00ean, ch\u1ea5t \u0111i\u1ec1u ch\u1ec9nh \u0111\u1ed9 acid g\u1ed3m: Lactic acid (E270), natri citrat (E 331(iii)) v\u00e0 Tartaric Acid (E334), s\u1eefa l\u00ean men, ch\u1ea5t \u0111i\u1ec1u ch\u1ec9nh \u0111\u1ed9 acid: acid citric (E330), ch\u1ea5t \u1ed5n \u0111\u1ecbnh: Sodium carboxymethyl cellulose (E466).<\/div>\n<div>2. Kh\u1ed1i l\u01b0\u1ee3ng t\u1ecbnh: 290 ml\/ chai ho\u1eb7c theo quy c\u00e1ch nh\u00e0 s\u1ea3n xu\u1ea5t<\/div>\n<div>3.Th\u1eddi h\u1ea1n s\u1eed d\u1ee5ng: 10 th\u00e1ng k\u1ec3 t\u1eeb ng\u00e0y s\u1ea3n xu\u1ea5t. Ng\u00e0y s\u1ea3n xu\u1ea5t, h\u1ea1n s\u1eed d\u1ee5ng in tr\u00ean bao b\u00ec s\u1ea3n ph\u1ea9m theo \u0111\u1ecbnh d\u1ea1ng n\u0103m\/th\u00e1ng\/ng\u00e0y.<\/div>\n<div>4. H\u01b0\u1edbng d\u1eabn s\u1eed d\u1ee5ng v\u00e0 b\u1ea3o qu\u1ea3n<\/div>\n<div>+ S\u1eed d\u1ee5ng: S\u1eed d\u1ee5ng tr\u1ef1c ti\u1ebfp, l\u1eafc \u0111\u1ec1u tr\u01b0\u1edbc khi u\u1ed1ng,<\/div>\n<div>+ B\u1ea3o qu\u1ea3n: N\u01a1i kh\u00f4 r\u00e1o, tho\u00e1ng m\u00e1t \u0111\u1ea3m b\u1ea3o \u0111i\u1ec1u ki\u1ec7n an to\u00e0n v\u1ec7 sinh an to\u00e0n th\u1ef1c ph\u1ea9m, tr\u00e1nh \u00e1nh s\u00e1ng m\u1eb7t tr\u1eddi chi\u1ebfu tr\u1ef1c ti\u1ebfp. Ngon h\u01a1n khi u\u1ed1ng l\u1ea1nh<\/div>\n<div>+ C\u1ea3nh b\u00e1o: S\u1ea3n ph\u1ea9m c\u00f3 ch\u1ee9a th\u00e0nh ph\u1ea7n s\u1eefa<\/div>\n<div>Xu\u1ea5t x\u1ee9: \u0110\u00e0i Loan<\/div>","protected":false},"excerpt":{"rendered":"<p>S\u1eefa chua u\u1ed1ng E-Ben Naipis v\u1ecb truy\u1ec1n th\u1ed1ng\u2013 E-BEN NAIPIS Yogurt Drink (Original) d\u00e0nh cho c\u00e1c b\u00e9 tr\u1ebb nh\u1ecf bi\u1ebfng \u0103n ho\u1eb7c c\u1ea7n b\u1ed5 sung vitamin, l\u1ee3i khu\u1ea9n gi\u00fap ti\u00eau h\u00f3a t\u1ed1t. S\u1ea3n ph\u1ea9m \u0111\u1ea1t chu\u1ea9n ch\u1ea5t l\u01b0\u1ee3ng qu\u1ed1c t\u1ebf, v\u1ecb d\u1ec5 u\u1ed1ng, h\u00e0ng nh\u1eadp kh\u1ea9u \u0110\u00e0i Loan 100%<\/p>","protected":false},"featured_media":10426,"comment_status":"open","ping_status":"closed","template":"","meta":[],"product_brand":[],"product_cat":[36,135],"product_tag":[],"class_list":{"0":"post-10418","1":"product","2":"type-product","3":"status-publish","4":"has-post-thumbnail","6":"product_cat-thuc-pham-tieu-dung","7":"product_cat-sua-do-uong","9":"first","10":"outofstock","11":"sale","12":"shipping-taxable","13":"purchasable","14":"product-type-simple"},"_links":{"self":[{"href":"https:\/\/havamall.vn\/en\/wp-json\/wp\/v2\/product\/10418"}],"collection":[{"href":"https:\/\/havamall.vn\/en\/wp-json\/wp\/v2\/product"}],"about":[{"href":"https:\/\/havamall.vn\/en\/wp-json\/wp\/v2\/types\/product"}],"replies":[{"embeddable":true,"href":"https:\/\/havamall.vn\/en\/wp-json\/wp\/v2\/comments?post=10418"}],"version-history":[{"count":0,"href":"https:\/\/havamall.vn\/en\/wp-json\/wp\/v2\/product\/10418\/revisions"}],"wp:featuredmedia":[{"embeddable":true,"href":"https:\/\/havamall.vn\/en\/wp-json\/wp\/v2\/media\/10426"}],"wp:attachment":[{"href":"https:\/\/havamall.vn\/en\/wp-json\/wp\/v2\/media?parent=10418"}],"wp:term":[{"taxonomy":"product_brand","embeddable":true,"href":"https:\/\/havamall.vn\/en\/wp-json\/wp\/v2\/product_brand?post=10418"},{"taxonomy":"product_cat","embeddable":true,"href":"https:\/\/havamall.vn\/en\/wp-json\/wp\/v2\/product_cat?post=10418"},{"taxonomy":"product_tag","embeddable":true,"href":"https:\/\/havamall.vn\/en\/wp-json\/wp\/v2\/product_tag?post=10418"}],"curies":[{"name":"wp","href":"https:\/\/api.w.org\/{rel}","templated":true}]}}