{"id":10408,"date":"2019-04-10T12:27:16","date_gmt":"2019-04-10T05:27:16","guid":{"rendered":"https:\/\/havamall.vn\/?post_type=product&#038;p=10408"},"modified":"2019-11-06T16:21:16","modified_gmt":"2019-11-06T09:21:16","slug":"com-chay-thai-lan-jornguan-little-farm","status":"publish","type":"product","link":"https:\/\/havamall.vn\/en\/shop\/com-chay-thai-lan-jornguan-little-farm\/","title":{"rendered":"C\u01a1m Ch\u00e1y Th\u00e1i Lan JORNGUAN Little Farm"},"content":{"rendered":"<p>C\u01a1m ch\u00e1y \u0111\u01b0\u1ee3c n\u1ea5u t\u1eeb g\u1ea1o hoa nh\u00e0i n\u1ed5i ti\u1ebfng c\u1ee7a Th\u00e1i Lan h\u00f2a quy\u1ec7n v\u1edbi ru\u1ed1c g\u00e0 v\u1ecb \u0111\u1eadm \u0111\u00e0 th\u01a1m ph\u01b0ng ph\u1ee9c ki\u1ebfn b\u1ea1n c\u00e0ng \u0103n c\u00e0ng ghi\u1ec1n<\/p>\n<p>Kh\u00e1c v\u1edbi s\u1ea3n ph\u1ea9m th\u00f4ng th\u01b0\u1eddng, c\u01a1m ch\u00e1y v\u00e0 ch\u00e0 b\u00f4ng Th\u00e1i Lan \u0111\u01b0\u1ee3c s\u1ea5y c\u00f9ng nhau t\u1ea1o n\u00ean v\u1ecb m\u1eb7n &#8211; ng\u1ecdt &#8211; cay nh\u00e8 nh\u1eb9 h\u00f2a quy\u1ec7n trong t\u1eebng mi\u1ebfng c\u01a1m ch\u00e1y.<\/p>\n<p>C\u01a1m ch\u00e1y \u0111\u01b0\u1ee3c \u00e9p th\u00e0nh nh\u1eefng mi\u1ebfng m\u1ecfng \u0111\u01b0\u1ee3c ph\u1ee7 b\u00ean tr\u00ean l\u1edbp ch\u00e0 b\u00f4ng m\u1eb7n m\u1eb7n, ng\u1ecdt ng\u1ecdt, gi\u00f2n gi\u00f2n. C\u00e1c h\u01b0\u01a1ng v\u1ecb h\u00f2a quy\u1ec7n v\u00e0o nhau t\u1ea1o n\u00ean h\u01b0\u01a1ng v\u1ecb th\u01a1m ngon m\u1edbi l\u1ea1 kh\u00f3 qu\u00ean. S\u1ea3n ph\u1ea9m \u0111\u01b0\u1ee3c l\u00e0m t\u1eeb c\u00e1c th\u00e0nh ph\u1ea7n nguy\u00ean li\u1ec7u t\u1ef1 nhi\u00ean n\u00ean r\u1ea5t an to\u00e0n cho s\u1ee9c kh\u1ecfe ng\u01b0\u1eddi s\u1eed d\u1ee5ng.<\/p>\n<p>S\u1ea3n ph\u1ea9m l\u00e0 m\u00f3n \u0103n v\u1eb7t qu\u00e1 h\u1ee3p l\u00fd cho d\u00e2n v\u0103n ph\u00f2ng, tr\u1ebb em ph\u00f9 h\u1ee3p v\u1edbi m\u1ecdi l\u1ee9a tu\u1ed5i<\/p>\n<p><img fetchpriority=\"high\" decoding=\"async\" style=\"margin-left: auto;margin-right: auto\" src=\"https:\/\/scontent.fsgn8-1.fna.fbcdn.net\/v\/t1.0-9\/42627929_1674528999323725_5449710674194202624_n.jpg?_nc_cat=110&amp;_nc_oc=AQnPzJA3fSJWBtZ1A6UWf88R-kl6xJ6DLUUK1dXbobJNouaCWg1SSruvsOpaDQbzZvk&amp;_nc_ht=scontent.fsgn8-1.fna&amp;oh=f4ee594acf9e881425cf4166ea2444d3&amp;oe=5D4CBAD5\" alt=\"Trong h\u00c3\u00acnh \u00e1\u00ba\u00a3nh c\u00c3\u00b3 th\u00e1\u00bb\u0083 c\u00c3\u00b3: m\u00c3\u00b3n \u00c4\u0083n\" width=\"750\" height=\"277\" \/><\/p>\n<p>C\u01a0M CH\u00c1Y\u00a0 JORNGUAN TH\u00c1I LAN<\/p>\n<p>Quy c\u00e1ch \u0111\u00f3ng g\u00f3i: G\u00f3i 100g<\/p>\n<p>B\u1ea3o qu\u1ea3n: \u0110\u1ec3 s\u1ea3n ph\u1ea9m \u1edf n\u01a1i tho\u00e1ng m\u00e1t, \u0111\u00f3ng k\u00edn mi\u1ec7ng t\u00fai sau khi s\u1eed d\u1ee5ng<\/p>\n<p>C\u00e1ch d\u00f9ng: D\u00f9ng tr\u1ef1c ti\u1ebfp kh\u00f4ng c\u1ea7n ch\u1ebf bi\u1ebfn<\/p>\n<p><img decoding=\"async\" class=\"wp-image-10422 aligncenter\" src=\"https:\/\/havamall.vn\/wp-content\/uploads\/2019\/04\/sss.png\" alt=\"\" width=\"449\" height=\"494\" srcset=\"https:\/\/havamall.vn\/wp-content\/uploads\/2019\/04\/sss.png 727w, https:\/\/havamall.vn\/wp-content\/uploads\/2019\/04\/sss-430x473.png 430w, https:\/\/havamall.vn\/wp-content\/uploads\/2019\/04\/sss-150x165.png 150w, https:\/\/havamall.vn\/wp-content\/uploads\/2019\/04\/sss-700x770.png 700w\" sizes=\"(max-width: 449px) 100vw, 449px\" \/><\/p>\n<p style=\"text-align: center\">C\u01a1m ch\u00e1y ch\u00e0 b\u00f4ng heo<img decoding=\"async\" class=\"wp-image-10423 aligncenter\" src=\"https:\/\/havamall.vn\/wp-content\/uploads\/2019\/04\/nho2.png\" alt=\"\" width=\"462\" height=\"509\" srcset=\"https:\/\/havamall.vn\/wp-content\/uploads\/2019\/04\/nho2.png 727w, https:\/\/havamall.vn\/wp-content\/uploads\/2019\/04\/nho2-430x473.png 430w, https:\/\/havamall.vn\/wp-content\/uploads\/2019\/04\/nho2-150x165.png 150w, https:\/\/havamall.vn\/wp-content\/uploads\/2019\/04\/nho2-700x770.png 700w\" sizes=\"(max-width: 462px) 100vw, 462px\" \/><\/p>\n<p style=\"text-align: center\">C\u01a1m ch\u00e1y ch\u00e0 b\u00f4ng g\u00e0 cay\u00a0<img loading=\"lazy\" decoding=\"async\" class=\"wp-image-10424 aligncenter\" src=\"https:\/\/havamall.vn\/wp-content\/uploads\/2019\/04\/nho1.jpg\" alt=\"\" width=\"470\" height=\"517\" srcset=\"https:\/\/havamall.vn\/wp-content\/uploads\/2019\/04\/nho1.jpg 727w, https:\/\/havamall.vn\/wp-content\/uploads\/2019\/04\/nho1-430x473.jpg 430w, https:\/\/havamall.vn\/wp-content\/uploads\/2019\/04\/nho1-150x165.jpg 150w, https:\/\/havamall.vn\/wp-content\/uploads\/2019\/04\/nho1-700x770.jpg 700w\" sizes=\"(max-width: 470px) 100vw, 470px\" \/><\/p>\n<p style=\"text-align: center\">C\u01a1m ch\u00e1y ch\u00e0 b\u00f4ng c\u00e1<\/p>\n<p><img loading=\"lazy\" decoding=\"async\" class=\"wp-image-10425 aligncenter\" src=\"https:\/\/havamall.vn\/wp-content\/uploads\/2019\/04\/w.png\" alt=\"\" width=\"732\" height=\"678\" srcset=\"https:\/\/havamall.vn\/wp-content\/uploads\/2019\/04\/w.png 1000w, https:\/\/havamall.vn\/wp-content\/uploads\/2019\/04\/w-430x398.png 430w, https:\/\/havamall.vn\/wp-content\/uploads\/2019\/04\/w-150x139.png 150w, https:\/\/havamall.vn\/wp-content\/uploads\/2019\/04\/w-700x648.png 700w\" sizes=\"(max-width: 732px) 100vw, 732px\" \/><\/p>\n<div>\n<p style=\"font-weight: 400\">Little Farm \u0111\u01b0\u1ee3c th\u00e0nh l\u1eadp v\u00e0o n\u0103m 1987 v\u1edbi m\u1ee5c \u0111\u00edch t\u1ea1o ra c\u00e1c s\u1ea3n ph\u1ea9m b\u00e1nh m\u00ec s\u1ea5y \u0111\u01b0\u1ee3c l\u00e0m t\u1eeb b\u00e1nh m\u00ec t\u01b0\u01a1i ngon v\u00e0 th\u00e0nh ph\u1ea7n nguy\u00ean li\u1ec7u t\u1ef1 nhi\u00ean, kh\u00f4ng s\u1eed d\u1ee5ng ph\u1ea9m m\u00e0u h\u00f3a h\u1ecdc \u0111\u1ec3 cho ra nh\u1eefng s\u1ea3n ph\u1ea9m b\u00e1nh m\u00ec s\u1ea5y t\u1ef1 nhi\u00ean nh\u1ea5t.<\/p>\n<\/div>","protected":false},"excerpt":{"rendered":"<p>C\u01a1m ch\u00e1y \u0111\u01b0\u1ee3c n\u1ea5u t\u1eeb g\u1ea1o hoa nh\u00e0i n\u1ed5i ti\u1ebfng c\u1ee7a Th\u00e1i Lan h\u00f2a quy\u1ec7n v\u1edbi ru\u1ed1c g\u00e0 v\u1ecb \u0111\u1eadm<\/p>","protected":false},"featured_media":10452,"comment_status":"open","ping_status":"closed","template":"","meta":[],"product_brand":[],"product_cat":[626],"product_tag":[],"class_list":{"0":"post-10408","1":"product","2":"type-product","3":"status-publish","4":"has-post-thumbnail","6":"product_cat-het-hang","8":"first","9":"outofstock","10":"sale","11":"shipping-taxable","12":"purchasable","13":"product-type-simple"},"_links":{"self":[{"href":"https:\/\/havamall.vn\/en\/wp-json\/wp\/v2\/product\/10408"}],"collection":[{"href":"https:\/\/havamall.vn\/en\/wp-json\/wp\/v2\/product"}],"about":[{"href":"https:\/\/havamall.vn\/en\/wp-json\/wp\/v2\/types\/product"}],"replies":[{"embeddable":true,"href":"https:\/\/havamall.vn\/en\/wp-json\/wp\/v2\/comments?post=10408"}],"version-history":[{"count":0,"href":"https:\/\/havamall.vn\/en\/wp-json\/wp\/v2\/product\/10408\/revisions"}],"wp:featuredmedia":[{"embeddable":true,"href":"https:\/\/havamall.vn\/en\/wp-json\/wp\/v2\/media\/10452"}],"wp:attachment":[{"href":"https:\/\/havamall.vn\/en\/wp-json\/wp\/v2\/media?parent=10408"}],"wp:term":[{"taxonomy":"product_brand","embeddable":true,"href":"https:\/\/havamall.vn\/en\/wp-json\/wp\/v2\/product_brand?post=10408"},{"taxonomy":"product_cat","embeddable":true,"href":"https:\/\/havamall.vn\/en\/wp-json\/wp\/v2\/product_cat?post=10408"},{"taxonomy":"product_tag","embeddable":true,"href":"https:\/\/havamall.vn\/en\/wp-json\/wp\/v2\/product_tag?post=10408"}],"curies":[{"name":"wp","href":"https:\/\/api.w.org\/{rel}","templated":true}]}}