{"id":10405,"date":"2019-04-10T12:25:10","date_gmt":"2019-04-10T05:25:10","guid":{"rendered":"https:\/\/havamall.vn\/?post_type=product&#038;p=10405"},"modified":"2025-10-09T17:04:21","modified_gmt":"2025-10-09T10:04:21","slug":"rong-bien-gimbab-gimbab-seaweed-20g","status":"publish","type":"product","link":"https:\/\/havamall.vn\/en\/shop\/rong-bien-gimbab-gimbab-seaweed-20g\/","title":{"rendered":"Rong Bi\u1ec3n Gimbab Humanwell &#8211; Gimbab Seaweed Humanwell 20g"},"content":{"rendered":"<p>Rong bi\u1ec3n Gimbab 20g \u0111\u01b0\u1ee3c l\u00e0m t\u1eeb 100% rong bi\u1ec3n s\u1ea5y kh\u00f4 H\u00e0n Qu\u1ed1c, l\u00e0 m\u1ed9t trong nh\u1eefng nguy\u00ean li\u1ec7u gi\u00fap b\u1ea1n ch\u1ebf bi\u1ebfn m\u00f3n c\u01a1m cu\u1ed9n th\u01a1m ngon, b\u1ed5 d\u01b0\u1ee1ng mang \u0111\u1eadm h\u01b0\u01a1ng v\u1ecb \u1ea9m th\u1ef1c H\u00e0n Qu\u1ed1c. Rong bi\u1ec3n Gimbab Humanwell 20g g\u1ed3m 10 l\u00e1, v\u1edbi th\u00e0nh ph\u1ea7n\u00a0t\u1eeb rong bi\u1ec3n nguy\u00ean ch\u1ea5t, nh\u1eadp kh\u1ea9u tr\u1ef1c ti\u1ebfp t\u1eeb H\u00e0n Qu\u1ed1c. S\u1ea3n ph\u1ea9m c\u00f3 v\u1ecb mu\u1ed1i d\u1ecbu nh\u1eb9 nh\u01b0ng \u0111\u1eadm \u0111\u00e0, \u00edt tanh n\u00ean r\u1ea5t d\u1ec5 \u0103n. Rong bi\u1ec3n\u00a0b\u1ed5 sung c\u00e1c vitamin v\u00e0 kho\u00e1ng ch\u1ea5t thi\u1ebft y\u1ebfu cho c\u01a1 th\u1ec3 v\u1edbi h\u00e0m l\u01b0\u1ee3ng protein cao h\u01a1n r\u1ea5t nhi\u1ec1u ngu\u1ed3n th\u1ef1c ph\u1ea9m kh\u00e1c. Ngo\u00e0i ra, n\u00f3 c\u00f2n r\u1ea5t gi\u00e0u vitamin A, C, B12, b\u1ed5 sung i-\u1ed1t r\u1ea5t t\u1ed1t cho s\u1ee9c kh\u1ecfe.<\/p>\n<p>&nbsp;<\/p>\n<p><img fetchpriority=\"high\" decoding=\"async\" class=\"wp-image-12172 aligncenter\" src=\"https:\/\/havamall.com\/wp-content\/uploads\/2025\/10\/3a9501697e244cd07d28652318e1c74d-240x300.jpg\" alt=\"\" width=\"596\" height=\"745\" \/><\/p>\n<p style=\"text-align: center\"><em>Rong bi\u1ec3n l\u00e0m gimbab r\u1ea5t \u0111\u1ec1u v\u00e0 \u0111\u1eb9p m\u1eaft<\/em><\/p>\n<p>S\u1ea3n ph\u1ea9m ch\u1ee9a nhi\u1ec1u kho\u00e1ng ch\u1ea5t, c\u00e1c y\u1ebfu t\u1ed1 vi l\u01b0\u1ee3ng v\u00e0 vitamin r\u1ea5t t\u1ed1t cho s\u1ee9c kh\u1ecfe nh\u01b0: gi\u1ea3i \u0111\u1ed9c, gi\u1ea3m cholesterol trong m\u00e1u, gi\u1ea3m b\u00e9o, b\u1ed5 m\u00e1u.\u00a0Rong bi\u1ec3n c\u00f3 th\u1ec3 ch\u1ebf bi\u1ebfn th\u00e0nh nhi\u1ec1u m\u00f3n\u00a0ngon, mang \u0111\u1ebfn cho gia \u0111\u00ecnh b\u1ea1n nh\u1eefng b\u1eefa \u0103n l\u1ea1 mi\u1ec7ng, b\u1ed5 d\u01b0\u1ee1ng.<\/p>\n<p><img decoding=\"async\" class=\"wp-image-12175 aligncenter\" src=\"https:\/\/havamall.com\/wp-content\/uploads\/2025\/10\/286584ecd7d4a2ef57526807155227dc-200x300.jpg\" alt=\"\" width=\"594\" height=\"891\" \/><\/p>\n<p>B\u1ea1n c\u00f3 th\u1ec3 bi\u1ebfn t\u1ea5u v\u1edbi nhi\u1ec1u m\u00f3n\u00a0theo phong v\u1ecb H\u00e0n Qu\u1ed1c nh\u01b0 gimbab, canh rong bi\u1ec3n, s\u00fap rong bi\u1ec3n&#8230; hay d\u00f9ng \u0103n tr\u1ef1c ti\u1ebfp v\u1edbi c\u01a1m n\u00f3ng \u0111\u1ec1u r\u1ea5t th\u01a1m ngon.<\/p>\n<p><img decoding=\"async\" class=\"wp-image-10409 aligncenter\" src=\"https:\/\/havamall.com\/wp-content\/uploads\/2025\/10\/cach-nau-canh-rong-bien-chay-vua-ngon-vua-thanh-dam-3.jpg\" alt=\"\" width=\"590\" height=\"442\" \/><\/p>\n<p style=\"text-align: center\"><em>Canh Rong bi\u1ec3n th\u01a1m ngon b\u1ed5 d\u01b0\u1ee1ng<\/em><\/p>\n<p>S\u1ea3n ph\u1ea9m \u0111\u01b0\u1ee3c chi\u1ebft xu\u1ea5t 100% t\u1eeb rong bi\u1ec3n nguy\u00ean ch\u1ea5t, l\u00e0 s\u1ea3n ph\u1ea9m gi\u00e0u dinh d\u01b0\u1ee1ng, kho\u00e1ng ch\u1ea5t v\u00e0 vitamin, ph\u00f9 h\u1ee3p s\u1eed d\u1ee5ng v\u1edbi m\u1ecdi \u0111\u1ed9 tu\u1ed5i.\u00a0H\u01b0\u01a1ng v\u1ecb rong bi\u1ec3n t\u1ef1 nhi\u00ean, th\u01a1m ngon, k\u00edch th\u00edch \u0103n u\u1ed1ng.\u00a0Quy tr\u00ecnh s\u1ea3n xu\u1ea5t kh\u00e9p k\u00edn, \u0111\u1ea1t ti\u00eau chu\u1ea9n v\u1ec7 sinh an to\u00e0n th\u1ef1c ph\u1ea9m, quy c\u00e1ch \u0111\u00f3ng g\u00f3i h\u1ee3p v\u1ec7 sinh, bao b\u00ec \u0111\u1eb9p m\u1eaft.\u00a0 L\u00e1 rong bi\u1ec3n b\u1ea3n to, d\u1ec5 d\u00e0ng l\u00e0m c\u00e1c m\u00f3n sushi, c\u01a1m cu\u1ed9n, gimbab, canh rong bi\u1ec3n..<\/p>\n<p><strong>H\u01b0\u1edbng d\u1eabn s\u1eed d\u1ee5ng:<\/strong><\/p>\n<ul>\n<li>D\u00f9ng cu\u1ed1n c\u01a1m \u0103n tr\u1ef1c ti\u1ebfp. Chay, m\u1eb7n \u0111\u1ec1u d\u00f9ng \u0111\u01b0\u1ee3c.<\/li>\n<li>L\u01b0u \u00fd:\u00a0C\u1eaft rong bi\u1ec3n \u0111\u1ec3 ngo\u00e0i kh\u00f4ng kh\u00ed t\u1eeb 5 \u2013 10 ph\u00fat \u0111\u1ec3 gi\u1ea3m \u0111\u1ed9 gi\u00f2n tr\u01b0\u1edbc khi cu\u1ed1n c\u01a1m.<\/li>\n<\/ul>\n<p><strong>B\u1ea3o qu\u1ea3n:<\/strong><\/p>\n<ul>\n<li>B\u1ea3o qu\u1ea3n n\u01a1i kh\u00f4 m\u00e1t, tr\u00e1nh \u00e1nh n\u1eafng m\u1eb7t tr\u1eddi.<\/li>\n<\/ul>","protected":false},"excerpt":{"rendered":"<p>Rong bi\u1ec3n Gim Bab Gim\u00a0c\u00f3 h\u01b0\u01a1ng v\u1ecb rong bi\u1ec3n \u0111\u1eb7c tr\u01b0ng, s\u1eed d\u1ee5ng d\u1ec5 d\u00e0ng \u0111\u1ec3 c\u00f3 c\u00e1c m\u00f3n c\u01a1m cu\u1ed9n th\u01a1m ngon. Ngo\u00e0i ra, rong bi\u1ec3n Gim Bab Gim ch\u1ee9a l\u01b0\u1ee3ng d\u1ed3i d\u00e0o vitamin v\u00e0 kho\u00e1ng ch\u1ea5t r\u1ea5t t\u1ed1t cho s\u1ee9c kh\u1ecfe.\u00a0Th\u00e0nh ph\u1ea7n quan tr\u1ecdng trong rong bi\u1ec3n l\u00e0 ch\u1ea5t fertile clement \u2013 c\u00f3 t\u00e1c d\u1ee5ng \u0111i\u1ec1u ti\u1ebft m\u00e1u l\u01b0u th\u00f4ng, ti\u00eau \u0111\u1ed9c, lo\u1ea1i b\u1ecf c\u00e1c c\u1eb7n b\u00e3 trong c\u01a1 th\u1ec3.\u00a0Rong bi\u1ec3n kh\u00f4 c\u00f2n c\u00f3 ch\u1ea5t fertile clement gi\u00fap \u0111i\u1ec1u ti\u1ebft m\u00e1u l\u01b0u th\u00f4ng, ti\u00eau \u0111\u1ed9c, lo\u1ea1i b\u1ecf c\u00e1c c\u1eb7n b\u00e3, th\u00edch h\u1ee3p d\u00f9ng cho c\u1ea3 b\u00e0 b\u1ea7u v\u00e0 tr\u1ebb nh\u1ecf tr\u00ean 3 tu\u1ed5i.<\/p>","protected":false},"featured_media":10410,"comment_status":"open","ping_status":"closed","template":"","meta":[],"product_brand":[],"product_cat":[130,36,134],"product_tag":[],"class_list":{"0":"post-10405","1":"product","2":"type-product","3":"status-publish","4":"has-post-thumbnail","6":"product_cat-khuyen-mai","7":"product_cat-thuc-pham-tieu-dung","8":"product_cat-thucpham-saykho","9":"pa_brand-humanwell","11":"first","12":"outofstock","13":"sale","14":"shipping-taxable","15":"purchasable","16":"product-type-simple"},"_links":{"self":[{"href":"https:\/\/havamall.vn\/en\/wp-json\/wp\/v2\/product\/10405"}],"collection":[{"href":"https:\/\/havamall.vn\/en\/wp-json\/wp\/v2\/product"}],"about":[{"href":"https:\/\/havamall.vn\/en\/wp-json\/wp\/v2\/types\/product"}],"replies":[{"embeddable":true,"href":"https:\/\/havamall.vn\/en\/wp-json\/wp\/v2\/comments?post=10405"}],"version-history":[{"count":0,"href":"https:\/\/havamall.vn\/en\/wp-json\/wp\/v2\/product\/10405\/revisions"}],"wp:featuredmedia":[{"embeddable":true,"href":"https:\/\/havamall.vn\/en\/wp-json\/wp\/v2\/media\/10410"}],"wp:attachment":[{"href":"https:\/\/havamall.vn\/en\/wp-json\/wp\/v2\/media?parent=10405"}],"wp:term":[{"taxonomy":"product_brand","embeddable":true,"href":"https:\/\/havamall.vn\/en\/wp-json\/wp\/v2\/product_brand?post=10405"},{"taxonomy":"product_cat","embeddable":true,"href":"https:\/\/havamall.vn\/en\/wp-json\/wp\/v2\/product_cat?post=10405"},{"taxonomy":"product_tag","embeddable":true,"href":"https:\/\/havamall.vn\/en\/wp-json\/wp\/v2\/product_tag?post=10405"}],"curies":[{"name":"wp","href":"https:\/\/api.w.org\/{rel}","templated":true}]}}