{"id":10398,"date":"2019-04-10T12:02:18","date_gmt":"2019-04-10T05:02:18","guid":{"rendered":"https:\/\/havamall.vn\/?post_type=product&#038;p=10398"},"modified":"2019-11-06T16:21:40","modified_gmt":"2019-11-06T09:21:40","slug":"banh-mochi-viet-quat-bamboo-house-japanese-rice-cake-blueberry-180g","status":"publish","type":"product","link":"https:\/\/havamall.vn\/en\/shop\/banh-mochi-viet-quat-bamboo-house-japanese-rice-cake-blueberry-180g\/","title":{"rendered":"B\u00e1nh Mochi Vi\u1ec7t Qu\u1ea5t Bamboo House &#8211; Japanese Rice Cake Blueberry 180g"},"content":{"rendered":"<p>B\u00e1nh mochi vi\u1ec7t qu\u1ea5t Bamboo House l\u00e0 s\u1ea3n ph\u1ea9m\u00a0b\u00e1nh\u00a0ch\u1ea5t l\u01b0\u1ee3ng cao \u0111\u01b0\u1ee3c nh\u1eadp kh\u1ea9u tr\u1ef1c ti\u1ebfp t\u1eeb \u0110\u00e0i Loan. B\u00e1nh m\u1ec1m, d\u1ebbo, nh\u00e2n b\u00e1nh v\u1ecb qu\u1ea3 vi\u1ec7t qu\u1ea5t ng\u1ecdt ng\u00e0o xen\u00a0l\u1eabn v\u1ecb chua d\u1ecbu t\u1ea1o s\u1ef1 th\u00edch th\u00fa khi th\u01b0\u1edfng th\u1ee9c. \u0110\u01b0\u1ee3c l\u00e0m t\u1eeb m\u1ea1ch nha, \u0111\u01b0\u1eddng, vi\u1ec7t qu\u1ea5t&#8230; theo c\u00f4ng th\u1ee9c \u0111\u1eb7c bi\u1ec7t tr\u00ean d\u00e2y chuy\u1ec1n s\u1ea3n xu\u1ea5t hi\u1ec7n \u0111\u1ea1i, B\u00e1nh mochi vi\u1ec7t qu\u1ea5t Bamboo House kh\u00f4ng nh\u1eefng th\u01a1m ngon m\u00e0 c\u00f2n r\u1ea5t an to\u00e0n v\u1edbi s\u1ee9c kh\u1ecfe ng\u01b0\u1eddi ti\u00eau d\u00f9ng.<\/p>\n<p><img fetchpriority=\"high\" decoding=\"async\" class=\"size-full wp-image-10401 aligncenter\" src=\"https:\/\/havamall.vn\/wp-content\/uploads\/2019\/04\/1447318965681_5968505.jpg\" alt=\"\" width=\"675\" height=\"475\" srcset=\"https:\/\/havamall.vn\/wp-content\/uploads\/2019\/04\/1447318965681_5968505.jpg 675w, https:\/\/havamall.vn\/wp-content\/uploads\/2019\/04\/1447318965681_5968505-430x303.jpg 430w, https:\/\/havamall.vn\/wp-content\/uploads\/2019\/04\/1447318965681_5968505-150x106.jpg 150w\" sizes=\"(max-width: 675px) 100vw, 675px\" \/><\/p>\n<p>B\u00e1nh mochi vi\u1ec7t qu\u1ea5t Bamboo House\u00a0l\u00e0 l\u1ef1a ch\u1ecdn th\u00edch h\u1ee3p \u0111\u1ec3 b\u1ed5 sung n\u0103ng l\u01b0\u1ee3ng nhanh ch\u00f3ng cho c\u00e1c ho\u1ea1t \u0111\u1ed9ng trong ng\u00e0y.\u00a0B\u00e1nh mochi\u00a0\u0111\u01b0\u1ee3c \u0111\u00f3ng h\u1ed9p\u00a0nh\u1ecf g\u1ecdn, kh\u00f4ng c\u1ea7n b\u1ea3o qu\u1ea3n m\u00e1t n\u00ean c\u00f3 th\u1ec3 d\u1ec5 d\u00e0ng mang theo v\u00e0 th\u01b0\u1edfng th\u1ee9c t\u1ea1i v\u0103n ph\u00f2ng ho\u1eb7c nh\u1eefng khi \u0111i du l\u1ecbch d\u00e3 ngo\u1ea1i. \u0110\u00e2y c\u0169ng s\u1ebd l\u00e0 m\u00f3n qu\u00e0 tuy\u1ec7t v\u1eddi d\u00e0nh t\u1eb7ng con y\u00eau c\u1ee7a b\u1ea1n \u0111\u1ec3 b\u00e9 lu\u00f4n n\u0103ng \u0111\u1ed9ng su\u1ed1t ng\u00e0y d\u00e0i. S\u1ea3n ph\u1ea9m \u0111\u01b0\u1ee3c \u0111\u00f3ng h\u1ed9p\u00a0\u0111\u1eb9p m\u1eaft, sang tr\u1ecdng, th\u00edch h\u1ee3p s\u1eed d\u1ee5ng trong c\u00e1c gi\u1ecf qu\u00e0 bi\u1ebfu t\u1eb7ng nh\u00e2n d\u1ecbp l\u1ec5 T\u1ebft \u0111\u1eb7c bi\u1ec7t.<\/p>\n<p><img decoding=\"async\" class=\"aligncenter\" src=\"https:\/\/havamall.vn\/wp-content\/uploads\/2019\/04\/mochi 2.jpg\" alt=\"B\u00c3\u0081NH MOCHI VI\u00e1\u00bb\u0086T QU\u00e1\u00ba\u00a4T 180G BAMBO HOUSE\" width=\"783\" height=\"523\" \/><\/p>\n<p>+\u00a0H\u01b0\u1edbng d\u1eabn s\u1eed d\u1ee5ng: s\u1eed d\u1ee5ng tr\u1ef1c ti\u1ebfp, b\u1ea3o qu\u1ea3n l\u1ea1nh sau khi \u0111\u00e3 m\u1edf s\u1ea3n ph\u1ea9m.<\/p>\n<p>+\u00a0B\u1ea3o qu\u1ea3n: N\u01a1i kh\u00f4 r\u00e1o, tho\u00e1ng m\u00e1t \u0111\u1ea3m b\u1ea3o \u0111i\u1ec1u ki\u1ec7n an to\u00e0n v\u1ec7 sinh an to\u00e0n th\u1ef1c ph\u1ea9m, tr\u00e1nh \u00e1nh s\u00e1ng m\u1eb7t tr\u1eddi chi\u1ebfu tr\u1ef1c ti\u1ebfp<\/p>\n<p>+\u00a0C\u1ea3nh b\u00e1o: \u0111\u1ec3 tr\u00e1nh b\u1ecb ngh\u1eb9n, s\u1ea3n ph\u1ea9m n\u00e0y ph\u1ea3i \u0111\u01b0\u1ee3c nhai k\u1ef9 tr\u01b0\u1edbc khi nu\u1ed1t. \u0110\u1ed1i v\u1edbi tr\u1ebb em ho\u1eb7c ng\u01b0\u1eddi cao tu\u1ed5i, h\u00e3y c\u1eaft th\u00e0nh t\u1eebng mi\u1ebfng nh\u1ecf tr\u01b0\u1edbc khi \u0103n. Kh\u00f4ng \u0103n ph\u1ea7n gi\u1ea5y b\u1ecdc s\u1ea3n ph\u1ea9m.<\/p>","protected":false},"excerpt":{"rendered":"<p>V\u1ecf b\u00e1nh m\u1ec1m, d\u1ebbo k\u1ebft h\u1ee3p v\u1edbi nh\u00e2n v\u1ecb vi\u1ec7t qu\u1ea5t \u0111\u1eb7c tr\u01b0ng, th\u01a1m th\u01a1m ng\u1ecdt d\u1ecbu, t\u1ea1o c\u1ea3m gi\u00e1c ngon mi\u1ec7ng m\u00e0 kh\u00f4ng b\u1ecb &#8220;ng\u00e1n&#8221;<\/p>\n<p>\u0102n b\u00e1nh k\u1ebft h\u1ee3p v\u1edbi th\u01b0\u1edfng tr\u00e0, m\u00f3n b\u00e1nh tao nh\u00e3, gi\u00fap b\u1ea1n c\u00f3 tr\u1ea3i nghi\u1ec7m tuy\u1ec7t v\u1eddi khi s\u1eed d\u1ee5ng s\u1ea3n ph\u1ea9m<\/p>\n<p>Th\u00edch h\u1ee3p cho c\u00e1c bu\u1ed5i t\u1ee5 h\u1ecdp, picnic..<\/p>\n<p>M\u00f3n qu\u00e0 \u00fd ngh\u0129a cho c\u00e1c d\u1ecbp l\u1ec5, t\u1ebft, qu\u00e0 bi\u1ebfu t\u1eb7ng ng\u01b0\u1eddi th\u00e2n&#8230;<\/p>","protected":false},"featured_media":10402,"comment_status":"open","ping_status":"closed","template":"","meta":[],"product_brand":[],"product_cat":[36,133],"product_tag":[],"class_list":{"0":"post-10398","1":"product","2":"type-product","3":"status-publish","4":"has-post-thumbnail","6":"product_cat-thuc-pham-tieu-dung","7":"product_cat-banh-keo-chocolate","9":"first","10":"outofstock","11":"sale","12":"shipping-taxable","13":"purchasable","14":"product-type-simple"},"_links":{"self":[{"href":"https:\/\/havamall.vn\/en\/wp-json\/wp\/v2\/product\/10398"}],"collection":[{"href":"https:\/\/havamall.vn\/en\/wp-json\/wp\/v2\/product"}],"about":[{"href":"https:\/\/havamall.vn\/en\/wp-json\/wp\/v2\/types\/product"}],"replies":[{"embeddable":true,"href":"https:\/\/havamall.vn\/en\/wp-json\/wp\/v2\/comments?post=10398"}],"version-history":[{"count":0,"href":"https:\/\/havamall.vn\/en\/wp-json\/wp\/v2\/product\/10398\/revisions"}],"wp:featuredmedia":[{"embeddable":true,"href":"https:\/\/havamall.vn\/en\/wp-json\/wp\/v2\/media\/10402"}],"wp:attachment":[{"href":"https:\/\/havamall.vn\/en\/wp-json\/wp\/v2\/media?parent=10398"}],"wp:term":[{"taxonomy":"product_brand","embeddable":true,"href":"https:\/\/havamall.vn\/en\/wp-json\/wp\/v2\/product_brand?post=10398"},{"taxonomy":"product_cat","embeddable":true,"href":"https:\/\/havamall.vn\/en\/wp-json\/wp\/v2\/product_cat?post=10398"},{"taxonomy":"product_tag","embeddable":true,"href":"https:\/\/havamall.vn\/en\/wp-json\/wp\/v2\/product_tag?post=10398"}],"curies":[{"name":"wp","href":"https:\/\/api.w.org\/{rel}","templated":true}]}}