{"id":10391,"date":"2019-04-10T11:47:55","date_gmt":"2019-04-10T04:47:55","guid":{"rendered":"https:\/\/havamall.vn\/?post_type=product&#038;p=10391"},"modified":"2021-12-23T11:33:30","modified_gmt":"2021-12-23T04:33:30","slug":"banh-gao-bo-hanh-topbokki","status":"publish","type":"product","link":"https:\/\/havamall.vn\/en\/shop\/banh-gao-bo-hanh-topbokki\/","title":{"rendered":"B\u00e1nh G\u1ea1o B\u01a1 H\u00e0nh G\u00f3i 120G &#8211; Golden Onion Butter Topbokki"},"content":{"rendered":"<p>Topokki l\u00e0 m\u00f3n b\u00e1nh g\u1ea1o r\u1ea5t ph\u1ed5 bi\u1ebfn v\u00e0 \u0111\u01b0\u1ee3c nhi\u1ec1u ng\u01b0\u1eddi y\u00eau th\u00edch t\u1ea1i H\u00e0n Qu\u1ed1c. Nh\u1eefng mi\u1ebfng b\u00e1nh d\u1ebbo h\u00f2a quy\u1ec7n c\u00f9ng n\u01b0\u1edbc s\u1ed1t \u0111\u1eadm \u0111\u00e0, ngon mi\u1ec7ng ch\u1eafc ch\u1eafn s\u1ebd l\u00e0m h\u00e0i l\u00f2ng b\u1ea5t c\u1ee9 ai khi l\u1ea7n \u0111\u1ea7u th\u01b0\u1edfng th\u1ee9c. C\u00f3 th\u1ec3 \u0103n chay, l\u00e0m qu\u00e0 t\u1eb7ng, l\u00e0 m\u00f3n \u0103n nhanh (fastfood) s\u1ed1 1 cho nh\u1eefng ai b\u1eadn r\u1ed9n. Ngo\u00e0i d\u1ea1ng g\u00f3i th\u00ec B\u00e1nh g\u1ea1o b\u01a1 h\u00e0nh c\u00f2n c\u00f3 d\u1ea1ng c\u1ed1c ti\u1ec7n l\u1ee3i cho b\u1ea1n \u0111em \u0111i b\u1ea5t c\u1ee9 n\u01a1i n\u00e0o trong l\u00fac b\u1eadn r\u1ed9n.<\/p>\n<p><img fetchpriority=\"high\" decoding=\"async\" class=\"wp-image-12459 aligncenter\" src=\"https:\/\/havamall.vn\/wp-content\/uploads\/2019\/04\/tokbokki-300x200.jpg\" alt=\"\" width=\"470\" height=\"313\" srcset=\"https:\/\/havamall.vn\/wp-content\/uploads\/2019\/04\/tokbokki-300x200.jpg 300w, https:\/\/havamall.vn\/wp-content\/uploads\/2019\/04\/tokbokki-430x287.jpg 430w, https:\/\/havamall.vn\/wp-content\/uploads\/2019\/04\/tokbokki-150x100.jpg 150w, https:\/\/havamall.vn\/wp-content\/uploads\/2019\/04\/tokbokki.jpg 600w\" sizes=\"(max-width: 470px) 100vw, 470px\" \/><\/p>\n<p>B\u00e1nh g\u1ea1o Topokki Yopokki l\u00e0 s\u1ea3n ph\u1ea9m \u0103n li\u1ec1n hi\u1ec7n \u0111\u1ea1i, ti\u1ec7n l\u1ee3i v\u1edbi h\u01b0\u01a1ng v\u1ecb th\u01a1m ngon, c\u00f3 th\u1ec3 k\u1ebft h\u1ee3p c\u00f9ng c\u00e1c nguy\u00ean li\u1ec7u kh\u00e1c nh\u01b0: ch\u1ea3 c\u00e1, mi\u1ebfn, tr\u1ee9ng, rau&#8230; \u0111\u1ec3 m\u00f3n \u0103n th\u00eam h\u1ea5p d\u1eabn v\u00e0 b\u1ed5 d\u01b0\u1ee1ng h\u01a1n. B\u00ean c\u1ea1nh \u0111\u00f3 ngo\u00e0i v\u1ecb B\u00e1nh G\u1ea1o truy\u1ec1n th\u1ed1ng ra c\u00f2n c\u00f3 c\u00e1c v\u1ecb kh\u00e1c c\u0169ng kh\u00f4ng thua k\u00e9m S\u1ed1t B\u01a1 H\u00e0nh. S\u1ea3n ph\u1ea9m \u0111\u01b0\u1ee3c s\u1ea3n xu\u1ea5t theo c\u00f4ng ngh\u1ec7 ti\u00ean ti\u1ebfn v\u00e0 quy tr\u00ecnh kh\u00e9p k\u00edn, \u0111\u1ea3m b\u1ea3o ch\u1ea5t l\u01b0\u1ee3ng s\u1ea3n ph\u1ea9m v\u00e0 an to\u00e0n cho s\u1ee9c kh\u1ecfe.<\/p>\n<p>Gi\u1edd \u0111\u00e2y v\u1edbi s\u1ea3n ph\u1ea9m B\u00e1nh g\u1ea1o Topokki Yopokki s\u1ed1t b\u01a1 h\u00e0nh,\u200b\u200b\u200b b\u1ea1n c\u00f3 th\u1ec3 th\u01b0\u1edfng th\u1ee9c m\u00f3n b\u00e1nh n\u1ed5i ti\u1ebfng c\u1ee7a x\u1ee9 H\u00e0n ngay t\u1ea1i nh\u00e0 v\u1edbi c\u00e1ch ch\u1ebf bi\u1ebfn r\u1ea5t \u0111\u01a1n gi\u1ea3n. Ch\u1ec9 c\u1ea7n m\u1ea5t t\u1eeb 5 &#8211; 7 ph\u00fat l\u00e0 b\u1ea1n \u0111\u00e3 c\u00f3 ngay m\u00f3n b\u00e1nh g\u1ea1o\u200b d\u1ebbo th\u01a1m, mang l\u1ea1i nh\u1eefng tr\u1ea3i nghi\u1ec7m th\u00fa v\u1ecb cho ng\u01b0\u1eddi th\u01b0\u1edfng th\u1ee9c.<\/p>\n<p><img decoding=\"async\" class=\"wp-image-12460 aligncenter\" src=\"https:\/\/havamall.vn\/wp-content\/uploads\/2019\/04\/tteok-3-1549208833669121995030-300x202.jpg\" alt=\"\" width=\"493\" height=\"332\" srcset=\"https:\/\/havamall.vn\/wp-content\/uploads\/2019\/04\/tteok-3-1549208833669121995030-300x202.jpg 300w, https:\/\/havamall.vn\/wp-content\/uploads\/2019\/04\/tteok-3-1549208833669121995030-430x289.jpg 430w, https:\/\/havamall.vn\/wp-content\/uploads\/2019\/04\/tteok-3-1549208833669121995030-150x101.jpg 150w, https:\/\/havamall.vn\/wp-content\/uploads\/2019\/04\/tteok-3-1549208833669121995030-700x471.jpg 700w, https:\/\/havamall.vn\/wp-content\/uploads\/2019\/04\/tteok-3-1549208833669121995030-768x517.jpg 768w, https:\/\/havamall.vn\/wp-content\/uploads\/2019\/04\/tteok-3-1549208833669121995030-600x404.jpg 600w, https:\/\/havamall.vn\/wp-content\/uploads\/2019\/04\/tteok-3-1549208833669121995030.jpg 840w\" sizes=\"(max-width: 493px) 100vw, 493px\" \/><\/p>\n<p>&nbsp;<\/p>\n<p><strong>H\u01b0\u1edbng d\u1eabn s\u1eed d\u1ee5ng:<\/strong><\/p>\n<ul>\n<li>N\u1ea5u b\u1eb1ng ch\u1ea3o: Sau khi b\u1ecf b\u00e1nh g\u1ea1o Topokki v\u00e0o ch\u1ea3o, b\u1ecf n\u01b0\u1edbc s\u1ed1t ho\u1eb7c b\u1ed9t phomai c\u00f9ng 100ml n\u01b0\u1edbc. Khi b\u1eaft \u0111\u1ea7u s\u00f4i, v\u1eb7n nh\u1ecf l\u1eeda v\u00e0 n\u1ea5u t\u1ea7m 5 ph\u00fat. T\u00f9y v\u00e0o kh\u1ea9u v\u1ecb c\u00f3 th\u1ec3 th\u00eam tr\u1ee9ng, x\u00fac x\u00edch, th\u1ecbt b\u00f2, c\u1ea3i th\u1ea3o,..v..v<\/li>\n<li>N\u1ea5u b\u1eb1ng l\u00f2 vi s\u00f3ng: Sau khi b\u1ecf b\u00e1nh g\u1ea1o Topokki v\u00e0o c\u1ed1c, b\u1ecf n\u01b0\u1edbc s\u1ed1t ho\u1eb7c b\u1ed9t phomai c\u00f9ng 20ml n\u01b0\u1edbc, tr\u1ed9n \u0111\u1ec1u r\u1ed3i \u0111\u1eady n\u1eafp h\u1edd ho\u1eb7c d\u00f9ng gi\u1ea5y warp cho v\u00e0o l\u00f2 vi s\u00f3ng. N\u1ea5u 1&#8217;30s v\u1edbi l\u00f2 vi s\u00f3ng 1000w v\u00e0 2&#8217;30s v\u1edbi l\u00f2 vi s\u00f3ng 700w.<\/li>\n<\/ul>\n<p>&nbsp;<\/p>\n<p>&nbsp;<\/p>\n<p>&nbsp;<\/p>\n<p>&nbsp;<\/p>\n<p>&nbsp;<\/p>\n<p>&nbsp;<\/p>\n<p>&nbsp;<\/p>","protected":false},"excerpt":{"rendered":"<p>B\u00e1nh g\u1ea1o Tokbokki l\u00e0 m\u00f3n \u0103n truy\u1ec1n th\u1ed1ng r\u1ea5t n\u1ed5i ti\u1ebfng c\u1ee7a H\u00e0n Qu\u1ed1c b\u00ean c\u1ea1nh c\u00e1c h\u01b0\u01a1ng v\u1ecb truy\u1ec1n th\u1ed1ng kh\u00e1c th\u00ec h\u01b0\u01a1ng v\u1ecb B\u01a1 H\u00e0nh h\u1ee9a h\u1eb9n s\u1ebd kh\u00f4ng l\u00e0m c\u00e1c b\u1ea1n th\u1ea5t v\u1ecdng.<\/p>\n<p>T\u1eebng mi\u1ebfng b\u00e1nh g\u1ea1o d\u1ebbo k\u1ebft h\u1ee3p v\u1edbi n\u01b0\u1edbc x\u1ed1t b\u01a1 h\u00e0nh cho b\u1ea1n tr\u1ea3i nghi\u1ec7m tuy\u1ec7t v\u1eddi, nh\u1ea5t l\u00e0 v\u00e0o nh\u1eefng ng\u00e0y m\u01b0a hay m\u00f9a \u0111\u00f4ng.\u00a0D\u00f9ng \u0111\u1ec3 \u0103n li\u1ec1n, mang \u0111i h\u1ecdc, c\u00f4ng t\u00e1c, d\u00e3 ngo\u1ea1i. C\u00f3 th\u1ec3 s\u1eed d\u1ee5ng cho ng\u01b0\u1eddi \u0103n chay<\/p>","protected":false},"featured_media":10394,"comment_status":"open","ping_status":"closed","template":"","meta":[],"product_brand":[],"product_cat":[36],"product_tag":[],"class_list":{"0":"post-10391","1":"product","2":"type-product","3":"status-publish","4":"has-post-thumbnail","6":"product_cat-thuc-pham-tieu-dung","7":"pa_brand-phuc-thinh-food","9":"first","10":"outofstock","11":"sale","12":"shipping-taxable","13":"purchasable","14":"product-type-variable"},"_links":{"self":[{"href":"https:\/\/havamall.vn\/en\/wp-json\/wp\/v2\/product\/10391"}],"collection":[{"href":"https:\/\/havamall.vn\/en\/wp-json\/wp\/v2\/product"}],"about":[{"href":"https:\/\/havamall.vn\/en\/wp-json\/wp\/v2\/types\/product"}],"replies":[{"embeddable":true,"href":"https:\/\/havamall.vn\/en\/wp-json\/wp\/v2\/comments?post=10391"}],"version-history":[{"count":0,"href":"https:\/\/havamall.vn\/en\/wp-json\/wp\/v2\/product\/10391\/revisions"}],"wp:featuredmedia":[{"embeddable":true,"href":"https:\/\/havamall.vn\/en\/wp-json\/wp\/v2\/media\/10394"}],"wp:attachment":[{"href":"https:\/\/havamall.vn\/en\/wp-json\/wp\/v2\/media?parent=10391"}],"wp:term":[{"taxonomy":"product_brand","embeddable":true,"href":"https:\/\/havamall.vn\/en\/wp-json\/wp\/v2\/product_brand?post=10391"},{"taxonomy":"product_cat","embeddable":true,"href":"https:\/\/havamall.vn\/en\/wp-json\/wp\/v2\/product_cat?post=10391"},{"taxonomy":"product_tag","embeddable":true,"href":"https:\/\/havamall.vn\/en\/wp-json\/wp\/v2\/product_tag?post=10391"}],"curies":[{"name":"wp","href":"https:\/\/api.w.org\/{rel}","templated":true}]}}