{"id":10377,"date":"2019-04-08T14:11:53","date_gmt":"2019-04-08T07:11:53","guid":{"rendered":"https:\/\/havamall.vn\/?post_type=product&#038;p=10377"},"modified":"2021-06-05T12:00:34","modified_gmt":"2021-06-05T05:00:34","slug":"snack-rong-bien-seaweed-snack-flavor-humanwell","status":"publish","type":"product","link":"https:\/\/havamall.vn\/en\/shop\/snack-rong-bien-seaweed-snack-flavor-humanwell\/","title":{"rendered":"Snack rong bi\u1ec3n \u2013 Seaweed Snack Flavor Humanwell"},"content":{"rendered":"<p class=\"the-article-summary\">Th\u1ef1c ph\u1ea9m b\u1ed5 d\u01b0\u1ee1ng xu\u1ea5t x\u1ee9 t\u1eeb H\u00e0n Qu\u1ed1c \u0111\u01b0\u1ee3c ch\u1ebf bi\u1ebfn th\u00e0nh d\u1ea1ng snack \u0111\u1ec3 t\u0103ng t\u00ednh ti\u1ec7n l\u1ee3i khi s\u1eed d\u1ee5ng.<\/p>\n<div class=\"the-article-body\">\n<p>Rong bi\u1ec3n ch\u1ee9a h\u01a1n 90 lo\u1ea1i kho\u00e1ng ch\u1ea5t v\u1edbi h\u00e0m l\u01b0\u1ee3ng mu\u1ed1i th\u1ea5p v\u00e0 canxi cao. C\u00f4ng d\u1ee5ng l\u00e0 gi\u1ea3m huy\u1ebft \u00e1p, \u0111i\u1ec1u ti\u1ebft m\u00e1u khi l\u01b0u th\u00f4ng, gi\u1ea3m cholesterol, thanh l\u1ecdc c\u01a1 th\u1ec3, ng\u0103n ng\u1eeba v\u00e0 tr\u1ecb m\u1ee5n cho da, t\u0103ng kh\u1ea3 n\u0103ng h\u1ea5p th\u1ee5 canxi \u0111\u1ed3ng th\u1eddi ph\u00f2ng ng\u1eeba c\u00e1c b\u1ec7nh v\u1ec1 \u0111\u01b0\u1eddng ti\u00eau ho\u00e1\u2026<\/p>\n<p>Rong bi\u1ec3n c\u00f3 nhi\u1ec1u i-\u1ed1t, th\u00e0nh ph\u1ea7n ch\u00ednh c\u1ee7a c\u00e1c hormone tuy\u1ebfn gi\u00e1p, gi\u00fap \u0111i\u1ec1u ch\u1ec9nh s\u1ef1 chuy\u1ec3n h\u00f3a m\u1ecdi t\u1ebf b\u00e0o c\u1ee7a c\u01a1 th\u1ec3 con ng\u01b0\u1eddi, \u0111\u1ed3ng th\u1eddi gi\u1eef vai tr\u00f2 trong t\u1ea5t c\u1ea3 ch\u1ee9c n\u0103ng sinh l\u00fd. Vi\u1ec7c thi\u1ebfu i-\u1ed1t s\u1ebd d\u1eabn \u0111\u1ebfn b\u01b0\u1edbu c\u1ed5 &#8211; c\u0103n b\u1ec7nh th\u01b0\u1eddng g\u1eb7p ng\u00e0y nay.<\/p>\n<p>\u0110i\u1ec3m c\u1ed9ng kh\u00e1c c\u1ee7a rong bi\u1ec3n l\u00e0 l\u01b0\u1ee3ng calo th\u1ea5p tuy h\u00e0m l\u01b0\u1ee3ng dinh d\u01b0\u1ee1ng cao. Do \u0111\u00f3, n\u00f3 kh\u00f4ng ch\u1ec9 c\u00f3 t\u00e1c d\u1ee5ng trong vi\u1ec7c ph\u00f2ng v\u00e0 ch\u1eefa b\u1ec7nh m\u00e0 c\u00f2n h\u1ed7 tr\u1ee3 nhu c\u1ea7u l\u00e0m \u0111\u1eb9p.<\/p>\n<table class=\"picture\" align=\"center\">\n<tbody>\n<tr>\n<td class=\"pic\"><img fetchpriority=\"high\" decoding=\"async\" class=\"wp-image-10379 aligncenter\" src=\"https:\/\/havamall.vn\/wp-content\/uploads\/2019\/04\/Screen-Shot-2019-04-08-at-1.52.31-PM.png\" alt=\"\" width=\"481\" height=\"673\" srcset=\"https:\/\/havamall.vn\/wp-content\/uploads\/2019\/04\/Screen-Shot-2019-04-08-at-1.52.31-PM.png 996w, https:\/\/havamall.vn\/wp-content\/uploads\/2019\/04\/Screen-Shot-2019-04-08-at-1.52.31-PM-430x602.png 430w, https:\/\/havamall.vn\/wp-content\/uploads\/2019\/04\/Screen-Shot-2019-04-08-at-1.52.31-PM-150x210.png 150w, https:\/\/havamall.vn\/wp-content\/uploads\/2019\/04\/Screen-Shot-2019-04-08-at-1.52.31-PM-700x980.png 700w\" sizes=\"(max-width: 481px) 100vw, 481px\" \/><\/td>\n<\/tr>\n<tr>\n<td class=\"pCaption caption\">Rong bi\u1ec3n s\u1ea1ch xu\u1ea5t x\u1ee9 t\u1eeb H\u00e0n Qu\u1ed1c l\u00e0 l\u1ef1a ch\u1ecdn y\u00eau th\u00edch c\u1ee7a ng\u01b0\u1eddi ti\u00eau d\u00f9ng Vi\u1ec7t.<\/td>\n<\/tr>\n<\/tbody>\n<\/table>\n<p>\u0110\u1ec3 t\u0103ng t\u00ednh ti\u1ec7n l\u1ee3i v\u00e0 thu h\u00fat ng\u01b0\u1eddi l\u1edbn l\u1eabn tr\u1ebb em, nhi\u1ec1u c\u00f4ng ty ch\u1ebf bi\u1ebfn rong bi\u1ec3n th\u00e0nh d\u1ea1ng snack. N\u1ed5i b\u1eadt trong \u0111\u00f3 c\u00f3 th\u1ec3 k\u1ec3 \u0111\u1ebfn snack c\u1ee7a c\u00f4ng ty Humanwell &#8211; 100% nguy\u00ean li\u1ec7u rong bi\u1ec3n \u0111\u01b0\u1ee3c nh\u1eadp kh\u1ea9u t\u1eeb H\u00e0n Qu\u1ed1c, tr\u1ed9n v\u1edbi nh\u1eefng ph\u1ee5 li\u1ec7u kh\u00e1c c\u00f3 l\u1ee3i cho s\u1ee9c kh\u1ecfe nh\u01b0 b\u1ed9t g\u1ea1o l\u1ee9t, d\u1ea7u h\u01b0\u1edbng d\u01b0\u01a1ng.<\/p>\n<p><img decoding=\"async\" class=\"wp-image-12186 aligncenter\" src=\"https:\/\/havamall.vn\/wp-content\/uploads\/2019\/04\/4eba1aef89c912bb89ba8b0cb122d6f1-300x300.jpg\" alt=\"\" width=\"601\" height=\"601\" srcset=\"https:\/\/havamall.vn\/wp-content\/uploads\/2019\/04\/4eba1aef89c912bb89ba8b0cb122d6f1-300x300.jpg 300w, https:\/\/havamall.vn\/wp-content\/uploads\/2019\/04\/4eba1aef89c912bb89ba8b0cb122d6f1-430x430.jpg 430w, https:\/\/havamall.vn\/wp-content\/uploads\/2019\/04\/4eba1aef89c912bb89ba8b0cb122d6f1-150x150.jpg 150w, https:\/\/havamall.vn\/wp-content\/uploads\/2019\/04\/4eba1aef89c912bb89ba8b0cb122d6f1-700x700.jpg 700w, https:\/\/havamall.vn\/wp-content\/uploads\/2019\/04\/4eba1aef89c912bb89ba8b0cb122d6f1-768x768.jpg 768w, https:\/\/havamall.vn\/wp-content\/uploads\/2019\/04\/4eba1aef89c912bb89ba8b0cb122d6f1-600x600.jpg 600w, https:\/\/havamall.vn\/wp-content\/uploads\/2019\/04\/4eba1aef89c912bb89ba8b0cb122d6f1-100x100.jpg 100w, https:\/\/havamall.vn\/wp-content\/uploads\/2019\/04\/4eba1aef89c912bb89ba8b0cb122d6f1.jpg 960w\" sizes=\"(max-width: 601px) 100vw, 601px\" \/><\/p>\n<p>Snack rong bi\u1ec3n \u0111\u01b0\u1ee3c \u00e9p th\u00e0nh d\u1ea1ng mi\u1ebfng nh\u1ecf, mang h\u01b0\u01a1ng v\u1ecb h\u00f2a quy\u1ec7n gi\u1eefa m\u00f9i bi\u1ec3n c\u1ea3 v\u00e0 c\u1ea3m gi\u00e1c thanh m\u00e1t t\u1eeb th\u1ea3o m\u1ed9c. Cho v\u00e0o mi\u1ec7ng t\u1ea1o ra thanh \u00e2m gi\u00f2n tan, r\u1ed9p r\u1ed9p vui tai. B\u00ean c\u1ea1nh \u0111\u00f3, mu\u1ed1i glutamates s\u1ebd k\u00edch th\u00edch c\u00e1c c\u01a1 quan c\u1ea3m th\u1ee5 trong d\u1ea1 d\u00e0y \u0111\u1ec3 chu\u1ea9n b\u1ecb h\u1ea5p th\u1ee5 protein v\u00e0 c\u00e1c ch\u1ea5t dinh d\u01b0\u1ee1ng.<\/p>\n<p><img decoding=\"async\" class=\"wp-image-12187 aligncenter\" src=\"https:\/\/havamall.vn\/wp-content\/uploads\/2019\/04\/Panpan-nh-p-kh-u-b-nh-300x300.jpg\" alt=\"\" width=\"599\" height=\"600\" srcset=\"https:\/\/havamall.vn\/wp-content\/uploads\/2019\/04\/Panpan-nh-p-kh-u-b-nh-300x300.jpg 300w, https:\/\/havamall.vn\/wp-content\/uploads\/2019\/04\/Panpan-nh-p-kh-u-b-nh-430x430.jpg 430w, https:\/\/havamall.vn\/wp-content\/uploads\/2019\/04\/Panpan-nh-p-kh-u-b-nh-150x150.jpg 150w, https:\/\/havamall.vn\/wp-content\/uploads\/2019\/04\/Panpan-nh-p-kh-u-b-nh-700x700.jpg 700w, https:\/\/havamall.vn\/wp-content\/uploads\/2019\/04\/Panpan-nh-p-kh-u-b-nh-600x600.jpg 600w, https:\/\/havamall.vn\/wp-content\/uploads\/2019\/04\/Panpan-nh-p-kh-u-b-nh-100x100.jpg 100w, https:\/\/havamall.vn\/wp-content\/uploads\/2019\/04\/Panpan-nh-p-kh-u-b-nh.jpg 750w\" sizes=\"(max-width: 599px) 100vw, 599px\" \/><br \/>\n<strong>Th\u00e0nh ph\u1ea7n:<\/strong>\u00a0<strong>\u00a0\u00a0<\/strong>B\u1ed9t g\u1ea1o [B\u1ed9t n\u0103ng 69%, g\u1ea1o n\u1ebfp 15% (Vi\u1ec7t Nam) 45%, rong bi\u1ec3n (H\u00e0n Qu\u1ed1c) 27%, d\u1ea7u b\u1eafp (Nh\u1eadp kh\u1ea9u) 20%, gia v\u1ecb \u1edbt b\u1ed9t 4%, mu\u1ed1i 2%, \u0111\u01b0\u1eddng k\u00ednh tr\u1eafng 2%.<\/p>\n<p><strong>Kh\u1ed1i l\u01b0\u1ee3ng t\u1ecbnh:<\/strong>\u00a030 g\/ g\u00f3i ho\u1eb7c theo quy c\u00e1ch nh\u00e0 s\u1ea3n xu\u1ea5t<\/p>\n<p><strong>H\u1ea1n s\u1eed d\u1ee5ng:<\/strong>\u00a012 th\u00e1ng k\u1ec3 t\u1eeb ng\u00e0y s\u1ea3n xu\u1ea5t. Ng\u00e0y s\u1ea3n xu\u1ea5t, h\u1ea1n s\u1eed d\u1ee5ng in tr\u00ean bao b\u00ec s\u1ea3n ph\u1ea9m theo \u0111\u1ecbnh d\u1ea1ng n\u0103m.th\u00e1ng.ng\u00e0y.<\/p>\n<p><strong>H\u01b0\u1edbng d\u1eabn s\u1eed d\u1ee5ng v\u00e0 b\u1ea3o qu\u1ea3n<\/strong><\/p>\n<p>+S\u1eed d\u1ee5ng: s\u1eed d\u1ee5ng tr\u1ef1c ti\u1ebfp<\/p>\n<p>+B\u1ea3o qu\u1ea3n: N\u01a1i kh\u00f4 r\u00e1o, tho\u00e1ng m\u00e1t, tr\u00e1nh \u00e1nh n\u1eafng tr\u1ef1c ti\u1ebfp<\/p>\n<p>+C\u1ea3nh b\u00e1o: C\u1ea9n tr\u1ecdng khi m\u1edf n\u1ebfu kh\u00f4ng s\u1ebd b\u1ecb \u0111\u1ee9t tay do vi\u1ec1n m\u1edf s\u1eafc<\/p>\n<p><strong>Xu\u1ea5t x\u1ee9:<\/strong>\u00a0H\u00e0n Qu\u1ed1c (Korea)<\/p>\n<p><strong>Nh\u00e0 s\u1ea3n xu\u1ea5t<\/strong>: C\u00f4ng ty Humanwell<\/p>\n<p><strong>\u0110\u1ecba ch\u1ec9:\u00a0<\/strong>130 Noi \u2013 Gil, Nongong \u2013 Eup, Dalseong \u2013 Gun, Daegu, Korea<\/p>\n<\/div>","protected":false},"excerpt":{"rendered":"<p>Th\u1ef1c ph\u1ea9m b\u1ed5 d\u01b0\u1ee1ng xu\u1ea5t x\u1ee9 t\u1eeb H\u00e0n Qu\u1ed1c \u0111\u01b0\u1ee3c ch\u1ebf bi\u1ebfn th\u00e0nh d\u1ea1ng snack \u0111\u1ec3 t\u0103ng t\u00ednh ti\u1ec7n l\u1ee3i<\/p>","protected":false},"featured_media":10380,"comment_status":"open","ping_status":"closed","template":"","meta":[],"product_brand":[],"product_cat":[626],"product_tag":[],"class_list":{"0":"post-10377","1":"product","2":"type-product","3":"status-publish","4":"has-post-thumbnail","6":"product_cat-het-hang","7":"pa_brand-humanwell","9":"first","10":"outofstock","11":"sale","12":"shipping-taxable","13":"purchasable","14":"product-type-simple"},"_links":{"self":[{"href":"https:\/\/havamall.vn\/en\/wp-json\/wp\/v2\/product\/10377"}],"collection":[{"href":"https:\/\/havamall.vn\/en\/wp-json\/wp\/v2\/product"}],"about":[{"href":"https:\/\/havamall.vn\/en\/wp-json\/wp\/v2\/types\/product"}],"replies":[{"embeddable":true,"href":"https:\/\/havamall.vn\/en\/wp-json\/wp\/v2\/comments?post=10377"}],"version-history":[{"count":0,"href":"https:\/\/havamall.vn\/en\/wp-json\/wp\/v2\/product\/10377\/revisions"}],"wp:featuredmedia":[{"embeddable":true,"href":"https:\/\/havamall.vn\/en\/wp-json\/wp\/v2\/media\/10380"}],"wp:attachment":[{"href":"https:\/\/havamall.vn\/en\/wp-json\/wp\/v2\/media?parent=10377"}],"wp:term":[{"taxonomy":"product_brand","embeddable":true,"href":"https:\/\/havamall.vn\/en\/wp-json\/wp\/v2\/product_brand?post=10377"},{"taxonomy":"product_cat","embeddable":true,"href":"https:\/\/havamall.vn\/en\/wp-json\/wp\/v2\/product_cat?post=10377"},{"taxonomy":"product_tag","embeddable":true,"href":"https:\/\/havamall.vn\/en\/wp-json\/wp\/v2\/product_tag?post=10377"}],"curies":[{"name":"wp","href":"https:\/\/api.w.org\/{rel}","templated":true}]}}