{"id":10363,"date":"2019-04-08T11:44:59","date_gmt":"2019-04-08T04:44:59","guid":{"rendered":"https:\/\/havamall.vn\/?post_type=product&#038;p=10363"},"modified":"2021-12-23T11:49:08","modified_gmt":"2021-12-23T04:49:08","slug":"rong-bien-cho-be-tongyeong-loc-3-goi","status":"publish","type":"product","link":"https:\/\/havamall.vn\/en\/shop\/rong-bien-cho-be-tongyeong-loc-3-goi\/","title":{"rendered":"Rong bi\u1ec3n cho b\u00e9 Tongyeong ( l\u1ed1c 3 g\u00f3i)"},"content":{"rendered":"<p>Nh\u1eadp kh\u1ea9u v\u00e0 ph\u00e2n ph\u1ed1i \u0111\u1ed9c quy\u1ec1n, nh\u1eadp 100% t\u1eeb H\u00e0n Qu\u1ed1c<br \/>\nRong bi\u1ec3n cho b\u00e9 Tongyeong \u0111\u01b0\u1ee3c l\u00e0m t\u1eeb nguy\u00ean li\u1ec7u t\u1ed1t nh\u1ea5t, l\u00e0 m\u00f3n \u0103n th\u01a1m ngon, dinh d\u01b0\u1ee1ng.<br \/>\nS\u1ea3n ph\u1ea9m ch\u1ee9a nhi\u1ec1u kho\u00e1ng ch\u1ea5t, c\u00e1c y\u1ebfu t\u1ed1 vi l\u01b0\u1ee3ng v\u00e0 vitamin r\u1ea5t t\u1ed1t cho s\u1ee9c kh\u1ecfe, b\u1ed5 sung canxi cho b\u00e9.<br \/>\nS\u1ea3n ph\u1ea9m \u0111\u01b0\u1ee3c \u0111\u00f3ng g\u00f3i \u0111\u1eb9p m\u1eaft, an to\u00e0n, h\u1ee3p v\u1ec7 sinh, b\u1ea3o qu\u1ea3n s\u1ea3n ph\u1ea9m \u0111\u01b0\u1ee3c t\u1ed1t h\u01a1n<\/p>\n<p><strong><img fetchpriority=\"high\" decoding=\"async\" class=\"wp-image-10364 aligncenter\" src=\"https:\/\/havamall.vn\/wp-content\/uploads\/2019\/04\/b709cee6e741051f5c50.png\" alt=\"\" width=\"632\" height=\"620\" srcset=\"https:\/\/havamall.vn\/wp-content\/uploads\/2019\/04\/b709cee6e741051f5c50.png 866w, https:\/\/havamall.vn\/wp-content\/uploads\/2019\/04\/b709cee6e741051f5c50-430x422.png 430w, https:\/\/havamall.vn\/wp-content\/uploads\/2019\/04\/b709cee6e741051f5c50-150x147.png 150w, https:\/\/havamall.vn\/wp-content\/uploads\/2019\/04\/b709cee6e741051f5c50-700x687.png 700w\" sizes=\"(max-width: 632px) 100vw, 632px\" \/>Rong bi\u1ec3n cho b\u00e9 (4g x 3 g\u00f3i)<\/strong><\/p>\n<p><strong>Xu\u1ea5t x\u1ee9:<\/strong>\u00a0H\u00e0n Qu\u1ed1c (Korea)<br \/>\n<strong>Quy c\u00e1ch \u0111\u00f3ng g\u00f3i:<\/strong>\u00a04g x 3 g\u00f3i x 24 l\u1ed1c \/ th\u00f9ng<\/p>\n<p><strong>Th\u00e0nh ph\u1ea7n:100% rong bi\u1ec3n s\u1ea5y kh\u00f4 hay t\u1ea3o bi\u1ec3n n\u00e2u H\u00e0n Qu\u1ed1c<\/strong><\/p>\n<p>Rong bi\u1ec3n cho b\u00e9: Rong bi\u1ec3n (H\u00e0n Qu\u1ed1c) 68%, d\u1ea7u b\u1eafp (nh\u1eadp kh\u1ea9u) 18%, d\u1ea7u m\u00e8 1%, d\u1ea7u Glucose 2%, rong bi\u1ec3n Canxi (Nh\u1eadp kh\u1ea9u) 2%, \u0111\u01b0\u1eddng 1%, mu\u1ed1i 1%.<\/p>\n<p>+ Rong bi\u1ec3n t\u1ef1 nhi\u00ean, t\u1ed1t cho s\u1ee9c kh\u1ecfe, h\u00e0m l\u01b0\u1ee3ng dinh d\u01b0\u1ee1ng cao<br \/>\n+ V\u1ecb thanh m\u00e1t, m\u1eb7n m\u1eb7n ng\u1ecdt ng\u1ecdt v\u1eeba ph\u1ea3i, th\u00edch h\u1ee3p cho \u0103n chay hay \u0103n ki\u00eang, kh\u00f4ng lo b\u00e9o ph\u00ec hay qu\u00e1 nhi\u1ec1u d\u1ea7u m\u1ee1<\/p>\n<p><img decoding=\"async\" class=\"aligncenter\" src=\"https:\/\/havamall.vn\/wp-content\/uploads\/2019\/04\/5caad1cc20db9_di-ung-rong-bien-nguyen-nhan-do-dau4.jpg\" alt=\"H\u00c3\u00acnh \u00e1\u00ba\u00a3nh c\u00c3\u00b3 li\u00c3\u00aan quan\" \/><\/p>\n<p><strong>H\u01b0\u1edbng d\u1eabn s\u1eed d\u1ee5ng:<\/strong><\/p>\n<p>&#8211; Th\u1ef1c ph\u1ea9m \u0103n li\u1ec1n<br \/>\n&#8211; S\u1eed d\u1ee5ng tr\u1ef1c ti\u1ebfp<br \/>\n&#8211; D\u00f9ng ngay khi m\u1edf t\u00fai<\/p>\n<p><strong>B\u1ea3o qu\u1ea3n:<\/strong>\u00a0N\u01a1i kh\u00f4 r\u00e1o tho\u00e1ng m\u00e1t, tr\u00e1nh \u00e1nh n\u1eafng tr\u1ef1c ti\u1ebfp m\u1eb7t tr\u1eddi.<br \/>\n\u0110\u00f3ng g\u00f3i: S\u1ea3n ph\u1ea9m \u0111\u01b0\u1ee3c \u0111\u00f3ng trong t\u00fai nilon k\u00edn \u0111\u1ef1ng trong c\u1ed1c nh\u1ef1a \u0111\u1ea3m b\u1ea3o v\u1ec7 sinh ATTP.<br \/>\nTh\u1eddi h\u1ea1n s\u1eed d\u1ee5ng: 12 th\u00e1ng k\u1ec3 t\u1eeb ng\u00e0y s\u1ea3n xu\u1ea5t. Ng\u00e0y s\u1ea3n xu\u1ea5t v\u00e0 h\u1ea1n s\u1eed d\u1ee5ng ghi tr\u00ean bao b\u00ec.<\/p>","protected":false},"excerpt":{"rendered":"<p>Nh\u1eadp kh\u1ea9u v\u00e0 ph\u00e2n ph\u1ed1i \u0111\u1ed9c quy\u1ec1n, nh\u1eadp 100% t\u1eeb H\u00e0n Qu\u1ed1c Rong bi\u1ec3n cho b\u00e9 Tongyeong \u0111\u01b0\u1ee3c l\u00e0m t\u1eeb<\/p>","protected":false},"featured_media":10365,"comment_status":"open","ping_status":"closed","template":"","meta":[],"product_brand":[],"product_cat":[36,134],"product_tag":[],"class_list":{"0":"post-10363","1":"product","2":"type-product","3":"status-publish","4":"has-post-thumbnail","6":"product_cat-thuc-pham-tieu-dung","7":"product_cat-thucpham-saykho","9":"first","10":"outofstock","11":"sale","12":"shipping-taxable","13":"purchasable","14":"product-type-simple"},"_links":{"self":[{"href":"https:\/\/havamall.vn\/en\/wp-json\/wp\/v2\/product\/10363"}],"collection":[{"href":"https:\/\/havamall.vn\/en\/wp-json\/wp\/v2\/product"}],"about":[{"href":"https:\/\/havamall.vn\/en\/wp-json\/wp\/v2\/types\/product"}],"replies":[{"embeddable":true,"href":"https:\/\/havamall.vn\/en\/wp-json\/wp\/v2\/comments?post=10363"}],"version-history":[{"count":0,"href":"https:\/\/havamall.vn\/en\/wp-json\/wp\/v2\/product\/10363\/revisions"}],"wp:featuredmedia":[{"embeddable":true,"href":"https:\/\/havamall.vn\/en\/wp-json\/wp\/v2\/media\/10365"}],"wp:attachment":[{"href":"https:\/\/havamall.vn\/en\/wp-json\/wp\/v2\/media?parent=10363"}],"wp:term":[{"taxonomy":"product_brand","embeddable":true,"href":"https:\/\/havamall.vn\/en\/wp-json\/wp\/v2\/product_brand?post=10363"},{"taxonomy":"product_cat","embeddable":true,"href":"https:\/\/havamall.vn\/en\/wp-json\/wp\/v2\/product_cat?post=10363"},{"taxonomy":"product_tag","embeddable":true,"href":"https:\/\/havamall.vn\/en\/wp-json\/wp\/v2\/product_tag?post=10363"}],"curies":[{"name":"wp","href":"https:\/\/api.w.org\/{rel}","templated":true}]}}