{"id":10358,"date":"2019-04-08T11:17:36","date_gmt":"2019-04-08T04:17:36","guid":{"rendered":"https:\/\/havamall.vn\/?post_type=product&#038;p=10358"},"modified":"2021-06-04T17:33:18","modified_gmt":"2021-06-04T10:33:18","slug":"banh-mochi-tra-xanh-bamboo-house-matcha-rice-cake","status":"publish","type":"product","link":"https:\/\/havamall.vn\/en\/shop\/banh-mochi-tra-xanh-bamboo-house-matcha-rice-cake\/","title":{"rendered":"B\u00e1nh Mochi Tr\u00e0 xanh Bamboo House &#8211; Matcha Rice Cake"},"content":{"rendered":"<p>B\u00e1nh\u00a0Mochi tr\u00e0 xanh l\u00e0 lo\u1ea1i b\u00e1nh mochi b\u00e1n ch\u1ea1y nh\u1ea5t c\u1ee7a h\u00e3ng Bamboo House &#8211; th\u01b0\u01a1ng hi\u1ec7u chuy\u00ean s\u1ea3n xu\u1ea5t b\u00e1nh k\u1eb9o truy\u1ec1n th\u1ed1ng n\u1ed5i ti\u1ebfng t\u1eeb l\u00e2u \u0111\u1eddi c\u1ee7a \u0110\u00e0i Loan, v\u1edbi ch\u1ea5t l\u01b0\u1ee3ng h\u1ea3o h\u1ea1ng v\u00e0 h\u01b0\u01a1ng v\u1ecb th\u01a1m ngon h\u00f2a quy\u1ec7n m\u1ed9t c\u00e1ch tinh t\u1ebf.<\/p>\n<p><img fetchpriority=\"high\" decoding=\"async\" class=\"aligncenter\" src=\"https:\/\/havamall.vn\/wp-content\/uploads\/2019\/04\/10MS110-10_mochi_box_greentea_large.jpg\" alt=\"K\u00e1\u00ba\u00bft qu\u00e1\u00ba\u00a3 h\u00c3\u00acnh \u00e1\u00ba\u00a3nh cho mochi bamboo house\" width=\"767\" height=\"767\" \/><\/p>\n<p>B\u00e1nh\u00a0Mochi c\u00f3 l\u1edbp v\u1ecf l\u00e0m t\u1eeb g\u1ea1o d\u1ebbo th\u01b0\u1ee3ng h\u1ea1ng cao c\u1ea5p nh\u1ea5t, nh\u00e2n b\u00e1nh l\u00e0 s\u1ef1 h\u00f2a quy\u1ec7n ho\u00e0n h\u1ea3o gi\u1eefa v\u1ecb tr\u00e0 xanh matcha thanh \u0111\u1eafng v\u1edbi socola tr\u1eafng ng\u1ecdt ng\u00e0o, b\u00e9o ng\u1eady k\u1ebft h\u1ee3p dung h\u00f2a t\u1ea1o n\u00ean m\u1ed9t v\u1ecb b\u00e1nh ng\u1ecdt v\u1eeba ph\u1ea3i, th\u01a1m n\u1ee9c v\u1ecb tr\u00e0 xanh t\u01b0\u01a1i m\u00e1t. B\u00e1nh mochi m\u1ec1m, d\u1ebbo d\u1ebbo, dai dai v\u00e0 h\u01b0\u01a1ng v\u1ecb \u0111\u1ed9c \u0111\u00e1o l\u00e0 m\u1ed9t tr\u1ea3i nghi\u1ec7m m\u1edbi cho nh\u1eefng ng\u01b0\u1eddi ch\u01b0a bao gi\u1edd th\u01b0\u1edfng th\u1ee9c b\u00e1nh mochi.<\/p>\n<p>V\u1edbi\u00a0thi\u1ebft k\u1ebf tinh t\u1ebf, l\u1ecbch s\u1ef1, nh\u1eb9 nh\u00e0ng b\u00e1nh Mochi tr\u00e0 xanh g\u1ed3m nh\u1eefng chi\u1ebfc b\u00e1nh tr\u00f2n tr\u00f2n, xinh xinh, h\u01b0\u01a1ng v\u1ecb b\u00e9o b\u00f9i v\u00e0 ng\u1ecdt ng\u00e0o l\u00e0 m\u00f3n qu\u00e0 \u0111\u1eb7c s\u1eafc d\u00e0nh t\u1eb7ng cho nh\u1eefng ng\u01b0\u1eddi th\u00e2n y\u00eau trong nh\u1eefng ng\u00e0y l\u1ec5 quan tr\u1ecdng.<\/p>\n<p><strong>Th\u00e0nh ph\u1ea7n:<\/strong><\/p>\n<ol>\n<li>T\u00ean s\u1ea3n ph\u1ea9m:\u00a0B\u00e1nh Mochi Tr\u00e0 Xanh Bamboo House &#8211; Matcha rice cake<\/li>\n<li>Th\u00e0nh ph\u1ea7n: \u0110\u01b0\u1eddng m\u1ea1ch nha (Maltose), nh\u00e2n tr\u00e0 xanh [\u0111\u01b0\u1eddng m\u1ea1ch nha (maltose), h\u1ea1t \u0111\u1eadu, b\u1ed9t tr\u00e0 xanh, \u0111\u01b0\u1eddng, d\u1ea7u c\u1ecd], b\u1ed9t g\u1ea1o n\u1ebfp, h\u1ea1t k\u00ea, \u0111\u01b0\u1eddng, d\u1ea7u c\u1ecd. Ch\u1ea5t x\u1eed l\u00fd b\u1ed9t: Hydroxypropyl Distarch Phosphat (E1442), ch\u1ea5t t\u1ea1o ng\u1ecdt t\u1ed5ng h\u1ee3p: Sorbitol (E420(i)), ph\u1ea9m m\u00e0u t\u1ed5ng h\u1ee3p: beta-caroten (E 160a(i)), h\u01b0\u01a1ng tr\u00e0 xanh t\u1ef1 nhi\u00ean, ch\u1ea5t b\u1ea3o qu\u1ea3n: Sorbic Acid (E200) d\u01b0\u1edbi 5\/10000.<\/li>\n<li>Kh\u1ed1i l\u01b0\u1ee3ng t\u1ecbnh:\u00a0210 g\/ h\u1ed9p ho\u1eb7c theo quy c\u00e1ch nh\u00e0 s\u1ea3n xu\u1ea5t<\/li>\n<li>Th\u1eddi h\u1ea1n s\u1eed d\u1ee5ng:\u00a010 th\u00e1ng k\u1ec3 t\u1eeb ng\u00e0y s\u1ea3n xu\u1ea5t. Ng\u00e0y s\u1ea3n xu\u1ea5t, h\u1ea1n s\u1eed d\u1ee5ng in tr\u00ean bao b\u00ec c\u1ee7a s\u1ea3n ph\u1ea9m theo \u0111\u1ecbnh d\u1ea1ng ng\u00e0y\/th\u00e1ng\/n\u0103m.<\/li>\n<\/ol>\n<h2>B\u00e1nh Mochi Bamboo House Matcha Tr\u00e0 xanh<\/h2>\n<p>1. H\u01b0\u1edbng d\u1eabn s\u1eed d\u1ee5ng v\u00e0 b\u1ea3o qu\u1ea3n<\/p>\n<p><img decoding=\"async\" class=\"aligncenter\" src=\"https:\/\/havamall.vn\/wp-content\/uploads\/2019\/04\/1da7827be39181765448e24075dec99f.jpg\" alt=\"K\u00e1\u00ba\u00bft qu\u00e1\u00ba\u00a3 h\u00c3\u00acnh \u00e1\u00ba\u00a3nh cho mochi bamboo house\" width=\"581\" height=\"581\" \/><\/p>\n<p>+\u00a0H\u01b0\u1edbng d\u1eabn s\u1eed d\u1ee5ng: s\u1eed d\u1ee5ng tr\u1ef1c ti\u1ebfp, b\u1ea3o qu\u1ea3n l\u1ea1nh sau khi \u0111\u00e3 m\u1edf s\u1ea3n ph\u1ea9m.<\/p>\n<p>+\u00a0B\u1ea3o qu\u1ea3n: N\u01a1i kh\u00f4 r\u00e1o, tho\u00e1ng m\u00e1t \u0111\u1ea3m b\u1ea3o \u0111i\u1ec1u ki\u1ec7n an to\u00e0n v\u1ec7 sinh an to\u00e0n th\u1ef1c ph\u1ea9m, tr\u00e1nh \u00e1nh s\u00e1ng m\u1eb7t tr\u1eddi chi\u1ebfu tr\u1ef1c ti\u1ebfp<\/p>\n<p>+\u00a0C\u1ea3nh b\u00e1o: \u0111\u1ec3 tr\u00e1nh b\u1ecb ngh\u1eb9n, s\u1ea3n ph\u1ea9m n\u00e0y ph\u1ea3i \u0111\u01b0\u1ee3c nhai k\u1ef9 tr\u01b0\u1edbc khi nu\u1ed1t. \u0110\u1ed1i v\u1edbi tr\u1ebb em ho\u1eb7c ng\u01b0\u1eddi cao tu\u1ed5i, h\u00e3y c\u1eaft th\u00e0nh t\u1eebng mi\u1ebfng nh\u1ecf tr\u01b0\u1edbc khi \u0103n. Kh\u00f4ng \u0103n ph\u1ea7n gi\u1ea5y b\u1ecdc s\u1ea3n ph\u1ea9m.<\/p>\n","protected":false},"excerpt":{"rendered":"<p>B\u00e1nh Mochi c\u00f3 l\u1edbp v\u1ecf l\u00e0m t\u1eeb g\u1ea1o d\u1ebbo th\u01b0\u1ee3ng h\u1ea1ng cao c\u1ea5p nh\u1ea5t, nh\u00e2n b\u00e1nh l\u00e0 s\u1ef1 h\u00f2a quy\u1ec7n ho\u00e0n h\u1ea3o gi\u1eefa v\u1ecb tr\u00e0 xanh matcha thanh \u0111\u1eafng v\u1edbi socola tr\u1eafng ng\u1ecdt ng\u00e0o, b\u00e9o ng\u1eady k\u1ebft h\u1ee3p dung h\u00f2a t\u1ea1o n\u00ean m\u1ed9t v\u1ecb b\u00e1nh ng\u1ecdt v\u1eeba ph\u1ea3i, th\u01a1m n\u1ee9c v\u1ecb tr\u00e0 xanh t\u01b0\u01a1i m\u00e1t.<\/p>","protected":false},"featured_media":10359,"comment_status":"open","ping_status":"closed","template":"","meta":[],"product_brand":[],"product_cat":[36,134],"product_tag":[],"class_list":{"0":"post-10358","1":"product","2":"type-product","3":"status-publish","4":"has-post-thumbnail","6":"product_cat-thuc-pham-tieu-dung","7":"product_cat-thucpham-saykho","9":"first","10":"outofstock","11":"sale","12":"shipping-taxable","13":"purchasable","14":"product-type-simple"},"_links":{"self":[{"href":"https:\/\/havamall.vn\/en\/wp-json\/wp\/v2\/product\/10358"}],"collection":[{"href":"https:\/\/havamall.vn\/en\/wp-json\/wp\/v2\/product"}],"about":[{"href":"https:\/\/havamall.vn\/en\/wp-json\/wp\/v2\/types\/product"}],"replies":[{"embeddable":true,"href":"https:\/\/havamall.vn\/en\/wp-json\/wp\/v2\/comments?post=10358"}],"version-history":[{"count":0,"href":"https:\/\/havamall.vn\/en\/wp-json\/wp\/v2\/product\/10358\/revisions"}],"wp:featuredmedia":[{"embeddable":true,"href":"https:\/\/havamall.vn\/en\/wp-json\/wp\/v2\/media\/10359"}],"wp:attachment":[{"href":"https:\/\/havamall.vn\/en\/wp-json\/wp\/v2\/media?parent=10358"}],"wp:term":[{"taxonomy":"product_brand","embeddable":true,"href":"https:\/\/havamall.vn\/en\/wp-json\/wp\/v2\/product_brand?post=10358"},{"taxonomy":"product_cat","embeddable":true,"href":"https:\/\/havamall.vn\/en\/wp-json\/wp\/v2\/product_cat?post=10358"},{"taxonomy":"product_tag","embeddable":true,"href":"https:\/\/havamall.vn\/en\/wp-json\/wp\/v2\/product_tag?post=10358"}],"curies":[{"name":"wp","href":"https:\/\/api.w.org\/{rel}","templated":true}]}}