{"id":10325,"date":"2019-03-19T15:55:55","date_gmt":"2019-03-19T08:55:55","guid":{"rendered":"https:\/\/havamall.vn\/?post_type=product&#038;p=10325"},"modified":"2019-11-06T16:22:51","modified_gmt":"2019-11-06T09:22:51","slug":"pho-mai-nguyen-khoi-ammerlander-emmental-swiss-cheese-block-1kg","status":"publish","type":"product","link":"https:\/\/havamall.vn\/en\/shop\/pho-mai-nguyen-khoi-ammerlander-emmental-swiss-cheese-block-1kg\/","title":{"rendered":"PH\u00d4 MAI NGUY\u00caN KH\u1ed0I AMMERLANDER EMMENTAL SWISS CHEESE BLOCK 1KG"},"content":{"rendered":"<p>Ph\u00f4 mai Emmental\u00a0c\u00f3 ngu\u1ed3n g\u1ed1c t\u1eeb thung l\u0169ng Emmental thu\u1ed9c t\u1ec9nh Berne. \u0110\u00e2y l\u00e0 m\u1ed9t trong nh\u1eefng lo\u1ea1i ph\u00f4 mai l\u00e2u \u0111\u1eddi nh\u1ea5t c\u1ee7a Ph\u00e1p. Ph\u00f4 mai n\u00e0y c\u00f3 m\u00e0u v\u00e0ng v\u00e0 n\u1ed5i ti\u1ebfng b\u1edfi nh\u1eefng l\u1ed5 h\u1ed7ng r\u1ea5t l\u1edbn (\u0111\u01b0\u1ee3c g\u1ecdi l\u00e0 m\u1eaft) b\u00ean trong kh\u1ed1i ph\u00f4 mai \u0111\u1eb7c. \u0110i\u1ec1u khi\u1ebfn lo\u1ea1i ph\u00f4 mai Emmental n\u00e0y c\u00f3 nhi\u1ec1u m\u1eaft l\u00e0 do c\u00e1c vi khu\u1ea9n \u0111\u00e3 chuy\u1ec3n h\u00f3a acid lactic trong ph\u00f4 mai v\u00e0 sinh ra c\u00e1c b\u00f3ng kh\u00ed CO2. C\u00e1c b\u00f3ng kh\u00ed n\u00e0y n\u1edf ra t\u1eeb t\u1eeb v\u00e0 t\u1ea1o th\u00e0nh c\u00e1c m\u1eaft \u0111\u1eb7c tr\u01b0ng. M\u1eaft c\u00e0ng l\u1edbn th\u00ec m\u00f9i ph\u00f4 mai c\u00e0ng \u0111\u1eadm \u0111\u00e0.<\/p>\n<p><img decoding=\"async\" class=\"aligncenter\" src=\"https:\/\/havamall.vn\/wp-content\/uploads\/2019\/03\/emmentaler.jpg\" alt=\"H\u00c3\u00acnh \u00e1\u00ba\u00a3nh c\u00c3\u00b3 li\u00c3\u00aan quan\" \/><\/p>\n<p>Ph\u00f4 mai Emmental l\u00e0 lo\u1ea1i ph\u00f4 mai kh\u00e1 nh\u1eb9 (m\u00f9i c\u1ee7a n\u00f3 kh\u00f4ng g\u1eaft l\u1eafm) n\u00ean \u0111\u01b0\u1ee3c d\u00f9ng cho nhi\u1ec1u m\u00f3n \u0103n ki\u1ec3u T\u00e2y, c\u00f3 th\u1ec3 c\u1eaft nh\u1ecf ho\u1eb7c b\u00e0o ra r\u1ed3i tr\u1ed9n c\u00f9ng salad, ho\u1eb7c \u0103n tr\u1ef1c ti\u1ebfp c\u00f9ng r\u01b0\u1ee3u vang.<\/p>\n<p><img decoding=\"async\" class=\"aligncenter\" src=\"https:\/\/havamall.vn\/wp-content\/uploads\/2019\/03\/1000041_coverPhoto1_1496911259635.jpg\" alt=\"K\u00e1\u00ba\u00bft qu\u00e1\u00ba\u00a3 h\u00c3\u00acnh \u00e1\u00ba\u00a3nh cho ph\u00c3\u00b4 mai emmental swiss R\u00c6\u00af\u00e1\u00bb\u00a2U VANG\" \/><\/p>","protected":false},"excerpt":{"rendered":"<p>Ph\u00f4 mai Emmental \u0111\u01b0\u1ee3c s\u1eed d\u1ee5ng trong kh\u00e1 nhi\u1ec1u lo\u1ea1i m\u00f3n \u0103n, bao g\u1ed3m c\u1ea3 pizza ho\u1eb7c ravioli, v\u00e0 th\u01b0\u1eddng \u0111\u01b0\u1ee3c d\u00f9ng k\u00e8m v\u1edbi th\u1ecbt x\u00f4ng kh\u00f3i ki\u1ec3u \u00dd prosciutto.<\/p>","protected":false},"featured_media":10333,"comment_status":"open","ping_status":"closed","template":"","meta":[],"product_brand":[],"product_cat":[275,36],"product_tag":[],"class_list":{"0":"post-10325","1":"product","2":"type-product","3":"status-publish","4":"has-post-thumbnail","6":"product_cat-thuc-pham-dong-lanh","7":"product_cat-thuc-pham-tieu-dung","9":"first","10":"outofstock","11":"sale","12":"shipping-taxable","13":"purchasable","14":"product-type-simple"},"_links":{"self":[{"href":"https:\/\/havamall.vn\/en\/wp-json\/wp\/v2\/product\/10325"}],"collection":[{"href":"https:\/\/havamall.vn\/en\/wp-json\/wp\/v2\/product"}],"about":[{"href":"https:\/\/havamall.vn\/en\/wp-json\/wp\/v2\/types\/product"}],"replies":[{"embeddable":true,"href":"https:\/\/havamall.vn\/en\/wp-json\/wp\/v2\/comments?post=10325"}],"version-history":[{"count":0,"href":"https:\/\/havamall.vn\/en\/wp-json\/wp\/v2\/product\/10325\/revisions"}],"wp:featuredmedia":[{"embeddable":true,"href":"https:\/\/havamall.vn\/en\/wp-json\/wp\/v2\/media\/10333"}],"wp:attachment":[{"href":"https:\/\/havamall.vn\/en\/wp-json\/wp\/v2\/media?parent=10325"}],"wp:term":[{"taxonomy":"product_brand","embeddable":true,"href":"https:\/\/havamall.vn\/en\/wp-json\/wp\/v2\/product_brand?post=10325"},{"taxonomy":"product_cat","embeddable":true,"href":"https:\/\/havamall.vn\/en\/wp-json\/wp\/v2\/product_cat?post=10325"},{"taxonomy":"product_tag","embeddable":true,"href":"https:\/\/havamall.vn\/en\/wp-json\/wp\/v2\/product_tag?post=10325"}],"curies":[{"name":"wp","href":"https:\/\/api.w.org\/{rel}","templated":true}]}}