{"id":10318,"date":"2019-03-19T15:24:45","date_gmt":"2019-03-19T08:24:45","guid":{"rendered":"https:\/\/havamall.vn\/?post_type=product&#038;p=10318"},"modified":"2019-11-06T16:23:23","modified_gmt":"2019-11-06T09:23:23","slug":"pho-mai-nguyen-khoi-ammerlender-gouda-cheese-block-1kg","status":"publish","type":"product","link":"https:\/\/havamall.vn\/en\/shop\/pho-mai-nguyen-khoi-ammerlender-gouda-cheese-block-1kg\/","title":{"rendered":"PH\u00d4 MAI NGUY\u00caN KH\u1ed0I AMMERLENDER GOUDA CHEESE BLOCK 1KG"},"content":{"rendered":"<p>L\u00e0 s\u1ea3n ph\u1ea9m \u0111\u01b0\u1ee3c ch\u1ebf bi\u1ebfn t\u1eeb s\u1eefa nguy\u00ean ch\u1ea5t 100%, ph\u00f4 mai kh\u1ed1i tr\u1edf th\u00e0nh m\u1ed9t m\u00f3n \u0103n tr\u00e1ng mi\u1ec7ng \u0111\u01b0\u1ee3c y\u00eau th\u00edch c\u1ee7a m\u1ecdi gia \u0111\u00ecnh. \u0110\u1eb7c bi\u1ec7t, nhi\u1ec1u chuy\u00ean gia dinh d\u01b0\u1ee1ng \u0111\u00e3 khuy\u1ebfn ngh\u1ecb n\u00ean \u0103n ph\u00f4 mai m\u1ed7i ng\u00e0y v\u00ec nh\u1eefng t\u00e1c d\u1ee5ng tuy\u1ec7t v\u1eddi m\u00e0 ch\u00fang mang l\u1ea1i.Th\u00e0nh ph\u1ea7n bao g\u1ed3m: S\u1eefa b\u00f2 ti\u1ec7t tr\u00f9ng, mu\u1ed1i, men nu\u00f4i c\u1ea5y, canxi chioride, vi khu\u1ea9n rennet<\/p>\n<p><img fetchpriority=\"high\" decoding=\"async\" class=\"aligncenter\" src=\"https:\/\/havamall.vn\/wp-content\/uploads\/2019\/03\/5c90a74db35f5_81KAGl5CTKL._SL1500_.jpg\" alt='H\u00c3\u00acnh \u00e1\u00ba\u00a3nh c\u00c3\u00b3 li\u00c3\u00aan quan' width=\"511\" height=\"511\" \/><\/p>\n<p>Ph\u00f4 mai l\u00e0 m\u1ed9t trong nh\u1eefng th\u00e0nh ph\u1ea9m \u0111\u1eb7c bi\u1ec7t c\u1ee7a s\u1eefa t\u01b0\u01a1i nguy\u00ean ch\u1ea5t 100% k\u1ebft h\u1ee3p v\u1edbi m\u1ed9t s\u1ed1 gia v\u1ecb c\u00f3 ngu\u1ed3n g\u1ed1c t\u1eeb thi\u00ean nhi\u00ean gi\u1eef tr\u1ecdn v\u1eb9n d\u01b0\u1ee1ng ch\u1ea5t t\u1ed1t nh\u1ea5t cho c\u01a1 th\u1ec3. Pho mai c\u00f2n kh\u00f4ng ch\u1ee9a c\u00e1c ch\u1ea5t \u0111\u1ed9c h\u1ea1i n\u00ean r\u1ea5t an to\u00e0n cho ng\u01b0\u1eddi d\u00f9ng. Trong ph\u00f4 mai, c\u00f3 ch\u1ee9a nhi\u1ec1u canxi v\u00e0 n\u0103ng l\u01b0\u1ee3ng gi\u00fap ph\u00e1t tri\u1ec3n th\u1ec3 ch\u1ea5t t\u1ed1i \u0111a cho t\u1eebng giai \u0111o\u1ea1n ph\u00e1t tri\u1ec3n c\u1ee7a tr\u1ebb nh\u1ecf.<\/p>\n<p><img decoding=\"async\" class=\"aligncenter\" src=\"https:\/\/havamall.vn\/wp-content\/uploads\/2019\/03\/afisa-Express-70x100-photos-4.jpg\" alt='H\u00c3\u00acnh \u00e1\u00ba\u00a3nh c\u00c3\u00b3 li\u00c3\u00aan quan' width=\"679\" height=\"679\" \/><\/p>\n<p>Ph\u00f4 mai kh\u1ed1i ch\u1ee9a nhi\u1ec1u th\u00e0nh ph\u1ea7n dinh d\u01b0\u1ee1ng, trong \u0111\u00f3 c\u00f3 canxi, protein v\u00e0 ch\u1ea5t b\u00e9o b\u00e3o ho\u00e0. Canxi r\u1ea5t quan tr\u1ecdng trong vi\u1ec7c gi\u1ea3m nguy c\u01a1 lo\u00e3ng x\u01b0\u01a1ng v\u00e0 protein th\u00ec c\u1ea7n thi\u1ebft t\u00e1i t\u1ea1o c\u00e1c m\u00f4 trong c\u01a1 th\u1ec3.\u00a0Ph\u00f4 mai kh\u1ed1i c\u0169ng l\u00e0 m\u1ed9t lo\u1ea1i th\u1ef1c ph\u1ea9m l\u00ean men, ch\u1ee9a vi khu\u1ea9n l\u00ean men v\u00e0 g\u00f3p ph\u1ea7n t\u0103ng c\u01b0\u1eddng h\u1ec7 vi khu\u1ea9n c\u00f3 l\u1ee3i trong c\u01a1 th\u1ec3. Ph\u00f4 mai l\u00e0 m\u00f3n \u0103n ngon v\u00e0 l\u00e0 ngu\u1ed3n dinh d\u01b0\u1ee1ng quan tr\u1ecdng \u0111\u1ed1i v\u1edbi con ng\u01b0\u1eddi c\u0169ng l\u00e0 m\u1ed9t kh\u1ea9u ph\u1ea7n \u0103n u\u1ed1ng l\u00e0nh m\u1ea1nh.<\/p>","protected":false},"excerpt":{"rendered":"<p>Ph\u00f4-mai l\u00e0 ngu\u1ed3n cung c\u1ea5p ch\u1ea5t \u0111\u1ea1m, canxi, ph\u1ed1t pho cao, r\u1ea5t b\u1ed5 d\u01b0\u1ee1ng v\u00e0 t\u1ed1t cho x\u01b0\u01a1ng. Kho\u1ea3ng 30 gram c\u1ee7a lo\u1ea1i ph\u00f4-mai c\u00f3 kho\u1ea3ng 7 gram ch\u1ea5t \u0111\u1ea1m v\u00e0 200 miligram ch\u1ea5t canxi, b\u1eb1ng v\u1edbi l\u01b0\u1ee3ng ch\u1ea5t \u0111\u1ea1m c\u1ee7a 200 gram s\u1eefa c\u00f3 th\u1ec3 ng\u0103n ng\u1eeba b\u1ec7nh s\u00e2u r\u0103ng v\u00ec n\u00f3 gi\u00fap b\u1ea3o qu\u1ea3n ch\u1ea5t men r\u0103ng, ch\u1ed1ng c\u00e1c lo\u1ea1i vi khu\u1ea9n trong \u0111\u1ed3 t\u0103ng s\u1ef1 trao \u0111\u1ed5i ch\u1ea5t c\u1ee7a tuy\u1ebfn n\u01b0\u1edbc b\u1ecdt, khi\u1ebfn cho c\u00e1c ch\u1ea5t \u0111\u01b0\u1eddng v\u00e0 acid trong mi\u1ec7ng \u0111\u01b0\u1ee3c t\u1ea9y \u0111i nhanh ch\u00f3ng.<\/p>","protected":false},"featured_media":10321,"comment_status":"open","ping_status":"closed","template":"","meta":[],"product_brand":[],"product_cat":[275,36],"product_tag":[],"class_list":{"0":"post-10318","1":"product","2":"type-product","3":"status-publish","4":"has-post-thumbnail","6":"product_cat-thuc-pham-dong-lanh","7":"product_cat-thuc-pham-tieu-dung","9":"first","10":"outofstock","11":"sale","12":"shipping-taxable","13":"purchasable","14":"product-type-simple"},"_links":{"self":[{"href":"https:\/\/havamall.vn\/en\/wp-json\/wp\/v2\/product\/10318"}],"collection":[{"href":"https:\/\/havamall.vn\/en\/wp-json\/wp\/v2\/product"}],"about":[{"href":"https:\/\/havamall.vn\/en\/wp-json\/wp\/v2\/types\/product"}],"replies":[{"embeddable":true,"href":"https:\/\/havamall.vn\/en\/wp-json\/wp\/v2\/comments?post=10318"}],"version-history":[{"count":0,"href":"https:\/\/havamall.vn\/en\/wp-json\/wp\/v2\/product\/10318\/revisions"}],"wp:featuredmedia":[{"embeddable":true,"href":"https:\/\/havamall.vn\/en\/wp-json\/wp\/v2\/media\/10321"}],"wp:attachment":[{"href":"https:\/\/havamall.vn\/en\/wp-json\/wp\/v2\/media?parent=10318"}],"wp:term":[{"taxonomy":"product_brand","embeddable":true,"href":"https:\/\/havamall.vn\/en\/wp-json\/wp\/v2\/product_brand?post=10318"},{"taxonomy":"product_cat","embeddable":true,"href":"https:\/\/havamall.vn\/en\/wp-json\/wp\/v2\/product_cat?post=10318"},{"taxonomy":"product_tag","embeddable":true,"href":"https:\/\/havamall.vn\/en\/wp-json\/wp\/v2\/product_tag?post=10318"}],"curies":[{"name":"wp","href":"https:\/\/api.w.org\/{rel}","templated":true}]}}