{"id":10309,"date":"2019-03-19T15:00:53","date_gmt":"2019-03-19T08:00:53","guid":{"rendered":"https:\/\/havamall.vn\/?post_type=product&#038;p=10309"},"modified":"2019-11-06T16:23:49","modified_gmt":"2019-11-06T09:23:49","slug":"pho-mai-nguyen-khoi-ammerlander-cheese-block","status":"publish","type":"product","link":"https:\/\/havamall.vn\/en\/shop\/pho-mai-nguyen-khoi-ammerlander-cheese-block\/","title":{"rendered":"PH\u00d4 MAI NGUY\u00caN KH\u1ed0I AMMERLANDER CHEESE BLOCK 1KG"},"content":{"rendered":"<p>Cheese l\u00e0 m\u1ed9t s\u1ea3n ph\u1ea9m m\u00e0 trong th\u00e0nh ph\u1ea7n c\u00f3 ch\u1ee9a nhi\u1ec1u protein v\u00e0 ch\u1ea5t b\u00e9o t\u1eeb s\u1eefa, th\u01b0\u1eddng l\u00e0 c\u00e1c lo\u1ea1i s\u1eefa b\u00f2, d\u00ea v\u00e0 c\u1eebu. Cheese c\u00f3 ngu\u1ed3n g\u1ed1c t\u1eeb ph\u01b0\u01a1ng T\u00e2y, ng\u01b0\u1eddi Vi\u1ec7t Nam th\u01b0\u1eddng g\u1ecdi l\u00e0 Ph\u00f4 m\u00e1t ho\u1eb7c ph\u00f4 mai.\u00a0L\u00e0 s\u1ea3n ph\u1ea9m \u0111\u01b0\u1ee3c ch\u1ebf bi\u1ebfn t\u1eeb s\u1eefa nguy\u00ean ch\u1ea5t 100%, ph\u00f4 mai kh\u1ed1i tr\u1edf th\u00e0nh m\u1ed9t m\u00f3n \u0103n tr\u00e1ng mi\u1ec7ng \u0111\u01b0\u1ee3c y\u00eau th\u00edch c\u1ee7a m\u1ecdi gia \u0111\u00ecnh. \u0110\u1eb7c bi\u1ec7t, nhi\u1ec1u chuy\u00ean gia dinh d\u01b0\u1ee1ng \u0111\u00e3 khuy\u1ebfn ngh\u1ecb n\u00ean \u0103n ph\u00f4 mai m\u1ed7i ng\u00e0y v\u00ec nh\u1eefng t\u00e1c d\u1ee5ng tuy\u1ec7t v\u1eddi m\u00e0 ch\u00fang mang l\u1ea1i.<\/p>\n<p><img fetchpriority=\"high\" decoding=\"async\" class=\"aligncenter\" src=\"https:\/\/havamall.vn\/wp-content\/uploads\/2019\/03\/phomai-parmesan.jpg\" alt=\"Ph\u00c3\u00a2n bi\u00e1\u00bb\u0087t 10 lo\u00e1\u00ba\u00a1i ph\u00c3\u00b4 mai (cheese) ph\u00e1\u00bb\u0095 bi\u00e1\u00ba\u00bfn nh\u00e1\u00ba\u00a5t 2\" width=\"709\" height=\"473\" \/><\/p>\n<p>C\u00f3 nh\u1eefng lo\u1ea1i cheese\u00a0 \u0111\u01b0\u1ee3c d\u00f9ng ri\u00eang trong n\u1ea5u \u0103n, c\u00f3 nh\u1eefng lo\u1ea1i d\u00f9ng ri\u00eang cho l\u00e0m b\u00e1nh v\u00e0 c\u0169ng c\u00f3 nh\u1eefng lo\u1ea1i d\u00f9ng cho l\u00e0m b\u00e1nh v\u00e0 n\u1ea5u \u0103n. C\u00f3 nh\u1eefng d\u1ea1ng c\u1ee9ng v\u00e0 m\u1ec1m, \u0111\u01b0\u1ee3c b\u00e1n d\u01b0\u1edbi d\u1ea1ng kh\u1ed1i l\u1edbn, kh\u1ed1i nh\u1ecf \u0111\u00f3ng t\u00fai, \u0111\u00f3ng h\u1ed9p c\u1eaft l\u00e1t ho\u1eb7c b\u00e0o v\u1ee5n.<\/p>\n<p><img decoding=\"async\" class=\"aligncenter\" src=\"https:\/\/havamall.vn\/wp-content\/uploads\/2019\/03\/edam-cheese.jpg\" alt=\"Ph\u00c3\u00a2n bi\u00e1\u00bb\u0087t 10 lo\u00e1\u00ba\u00a1i ph\u00c3\u00b4 mai (cheese) ph\u00e1\u00bb\u0095 bi\u00e1\u00ba\u00bfn nh\u00e1\u00ba\u00a5t 7\" width=\"737\" height=\"435\" \/><\/p>\n<p>PH\u00d4 MAI KH\u1ed0I c\u00f3 th\u1ec3 x\u1eed l\u00fd qua nhi\u1ec7t \u0111\u1ec3 t\u1ea1o ra nh\u1eefng c\u00f4ng th\u1ee9c n\u1ea5u \u0103n ngon v\u00e0 b\u1ed5 d\u01b0\u1ee1ng, t\u1ea1o n\u00ean h\u01b0\u01a1ng v\u1ecb ng\u1ecdt ng\u00e0o v\u00e0 b\u00e9o ng\u1eady cho c\u00e1c m\u00f3n b\u00e1nh ng\u1ecdt v\u00e0 kem. .. Ph\u00f4 mai kh\u1ed1i\u00a0nh\u1eadp kh\u1ea9u ho\u00e0n to\u00e0n 100% t\u1eeb \u0111\u1ea5t n\u01b0\u1edbc \u0110\u1ee9c, l\u00e0 d\u00f2ng ph\u00f4 mai cao c\u1ea5p \u0111\u01b0\u1ee3c nh\u1eadp kh\u1ea9u.<\/p>\n<p>Nguy\u00ean li\u1ec7u: g\u1ed3m nh\u1eefng h\u00e0m l\u01b0\u1ee3ng dinh d\u01b0\u1ee1ng cao, s\u1eefa, gi\u00e0u vitamin A v\u00e0 D, canxi v\u00e0 protein, nhi\u1ec1u men vi sinh v\u00e0 axit b\u00e9o.<\/p>\n<p><img decoding=\"async\" class=\"aligncenter\" src=\"https:\/\/havamall.vn\/wp-content\/uploads\/2019\/03\/Edam-Cheese-Block-Edge-out-copy-1024x684.jpg\" alt=\"K\u00e1\u00ba\u00bft qu\u00e1\u00ba\u00a3 h\u00c3\u00acnh \u00e1\u00ba\u00a3nh cho edam cheese block\" width=\"754\" height=\"504\" \/><\/p>\n<p>Ph\u00f4 mai l\u00e0 m\u1ed9t trong nh\u1eefng th\u00e0nh ph\u1ea9m \u0111\u1eb7c bi\u1ec7t c\u1ee7a s\u1eefa t\u01b0\u01a1i nguy\u00ean ch\u1ea5t 100% k\u1ebft h\u1ee3p v\u1edbi m\u1ed9t s\u1ed1 gia v\u1ecb c\u00f3 ngu\u1ed3n g\u1ed1c t\u1eeb thi\u00ean nhi\u00ean gi\u1eef tr\u1ecdn v\u1eb9n d\u01b0\u1ee1ng ch\u1ea5t t\u1ed1t nh\u1ea5t cho c\u01a1 th\u1ec3.\u00a0<u>Ph\u00f4 mai kh\u1ed1i<\/u>\u00a0c\u00f2n kh\u00f4ng ch\u1ee9a c\u00e1c ch\u1ea5t \u0111\u1ed9c h\u1ea1i n\u00ean r\u1ea5t an to\u00e0n cho ng\u01b0\u1eddi d\u00f9ng. Trong ph\u00f4 mai, c\u00f3 ch\u1ee9a nhi\u1ec1u canxi v\u00e0 n\u0103ng l\u01b0\u1ee3ng gi\u00fap ph\u00e1t tri\u1ec3n th\u1ec3 ch\u1ea5t t\u1ed1i \u0111a cho t\u1eebng giai \u0111o\u1ea1n ph\u00e1t tri\u1ec3n c\u1ee7a tr\u1ebb nh\u1ecf.<\/p>\n<p>&nbsp;<\/p>","protected":false},"excerpt":{"rendered":"<p>Ph\u00f4 mai \u0111\u01b0\u1ee3c xem nh\u01b0 l\u00e0 ngu\u1ed3n protein thay th\u1ebf cho c\u00e1c lo\u1ea1i th\u1ecbt. Trong s\u1ea3n ph\u1ea9m n\u00e0y ch\u1ee9a ngu\u1ed3n protein ho\u00e0n h\u1ea3o gi\u00fap t\u0103ng c\u01a1 b\u1eafp nhanh ch\u00f3ng v\u00e0 d\u1ec5 ti\u00eau ho\u00e1. H\u01a1n n\u1eefa, trong ch\u00fang ch\u1ee9a nhi\u1ec1u canxi v\u00e0 kho\u00e1ng ch\u1ea5t \u0111\u1eb7c bi\u1ec7t h\u1eefu \u00edch trong b\u1ea3o v\u1ec7 x\u01b0\u01a1ng, n\u00e3o v\u00e0 tim. Ch\u00fang c\u00f3 ch\u1ee9a ch\u1ea5t b\u00e9o t\u1ef1 nhi\u00ean mang \u0111\u1ebfn ngu\u1ed3n n\u0103ng l\u01b0\u1ee3ng t\u00edch c\u1ef1c cho m\u00e1i t\u00f3c, l\u00e0n da v\u00e0 th\u00fac \u0111\u1ea9y ch\u1ee9c n\u0103ng t\u1ebf b\u00e0o kh\u1ecfe m\u1ea1nh.<\/p>","protected":false},"featured_media":10342,"comment_status":"open","ping_status":"closed","template":"","meta":[],"product_brand":[],"product_cat":[275,36],"product_tag":[],"class_list":{"0":"post-10309","1":"product","2":"type-product","3":"status-publish","4":"has-post-thumbnail","6":"product_cat-thuc-pham-dong-lanh","7":"product_cat-thuc-pham-tieu-dung","9":"first","10":"outofstock","11":"sale","12":"shipping-taxable","13":"purchasable","14":"product-type-simple"},"_links":{"self":[{"href":"https:\/\/havamall.vn\/en\/wp-json\/wp\/v2\/product\/10309"}],"collection":[{"href":"https:\/\/havamall.vn\/en\/wp-json\/wp\/v2\/product"}],"about":[{"href":"https:\/\/havamall.vn\/en\/wp-json\/wp\/v2\/types\/product"}],"replies":[{"embeddable":true,"href":"https:\/\/havamall.vn\/en\/wp-json\/wp\/v2\/comments?post=10309"}],"version-history":[{"count":0,"href":"https:\/\/havamall.vn\/en\/wp-json\/wp\/v2\/product\/10309\/revisions"}],"wp:featuredmedia":[{"embeddable":true,"href":"https:\/\/havamall.vn\/en\/wp-json\/wp\/v2\/media\/10342"}],"wp:attachment":[{"href":"https:\/\/havamall.vn\/en\/wp-json\/wp\/v2\/media?parent=10309"}],"wp:term":[{"taxonomy":"product_brand","embeddable":true,"href":"https:\/\/havamall.vn\/en\/wp-json\/wp\/v2\/product_brand?post=10309"},{"taxonomy":"product_cat","embeddable":true,"href":"https:\/\/havamall.vn\/en\/wp-json\/wp\/v2\/product_cat?post=10309"},{"taxonomy":"product_tag","embeddable":true,"href":"https:\/\/havamall.vn\/en\/wp-json\/wp\/v2\/product_tag?post=10309"}],"curies":[{"name":"wp","href":"https:\/\/api.w.org\/{rel}","templated":true}]}}