{"id":10290,"date":"2019-03-19T10:46:15","date_gmt":"2019-03-19T03:46:15","guid":{"rendered":"https:\/\/havamall.vn\/?post_type=product&#038;p=10290"},"modified":"2023-05-10T16:38:29","modified_gmt":"2023-05-10T09:38:29","slug":"kem-banh-ca-dau-strawberry-binggrae","status":"publish","type":"product","link":"https:\/\/havamall.vn\/en\/shop\/kem-banh-ca-dau-strawberry-binggrae\/","title":{"rendered":"Kem B\u00e1nh C\u00e1 D\u00e2u Strawberry Binggrae"},"content":{"rendered":"<p>Xoa d\u1ecbu c\u1ea3 m\u1ed9t m\u00f9a h\u00e8 n\u00f3ng b\u1ee9t, m\u00f3n kem d\u00e2u l\u1ea1nh ch\u01b0a bao gi\u1edd l\u00e0m th\u1ea5t v\u1ecdng ng\u01b0\u1eddi th\u01b0\u1eddng th\u1ee9c v\u1edbi l\u1edbp kem m\u1ecbn m\u00e0ng kh\u00f4ng v\u00f3n c\u1ee5c v\u00e0 \u0111\u00f4ng \u0111\u00e1 tuy\u1ebft.<\/p>\n<p><img fetchpriority=\"high\" decoding=\"async\" class=\"aligncenter\" src=\"https:\/\/havamall.vn\/wp-content\/uploads\/2019\/03\/cach-lam-kem-tuoi-nhanh-nhat-bang-may-xay-sinh-to-2170.jpg\" alt=\"H\u00c3\u00acnh \u00e1\u00ba\u00a3nh c\u00c3\u00b3 li\u00c3\u00aan quan\" width=\"733\" height=\"487\" \/><\/p>\n<p>Nay kh\u00f4ng ch\u1ec9 th\u1ebf Binggrae \u0111\u00e3 k\u1ebft h\u1ee3p c\u00f9ng v\u1edbi B\u00e1nh c\u00e1 kem d\u00e2u t\u00e2y\u00a0mang \u0111\u1ebfn cho ng\u01b0\u1eddi d\u00f9ng m\u00f3n kem th\u01a1m ngon, h\u1ea5p d\u1eabn. Kem c\u00f3 l\u1edbp b\u00e1nh m\u1ec1m x\u1ed1p h\u00ecnh ch\u00fa c\u00e1 ng\u1ed9 ngh\u0129nh, b\u00ean trong l\u00e0 l\u1edbp nh\u00e2n d\u00e2u\u00a0d\u1ebbo th\u01a1m, h\u00f2a quy\u1ec7n c\u00f9ng l\u1edbp kem m\u1ec1m x\u1ed1p tr\u1eafng m\u1ecbn. V\u1edbi thi\u1ebft k\u1ebf n\u00e0y, b\u1ea1n c\u00f3 th\u1ec3 tho\u1ea3i m\u00e1i th\u01b0\u1edfng th\u1ee9c m\u00e0 kh\u00f4ng lo kem b\u1ecb ch\u1ea3y nh\u01b0 s\u1ea3n ph\u1ea9m kem que th\u00f4ng th\u01b0\u1eddng kh\u00e1c.<\/p>\n<p><img decoding=\"async\" class=\"wp-image-10293 aligncenter\" src=\"https:\/\/havamall.vn\/wp-content\/uploads\/2019\/03\/15442309_1269086813137466_1657676040309788896_n.jpg\" alt=\"\" width=\"884\" height=\"589\" srcset=\"https:\/\/havamall.vn\/wp-content\/uploads\/2019\/03\/15442309_1269086813137466_1657676040309788896_n.jpg 960w, https:\/\/havamall.vn\/wp-content\/uploads\/2019\/03\/15442309_1269086813137466_1657676040309788896_n-430x287.jpg 430w, https:\/\/havamall.vn\/wp-content\/uploads\/2019\/03\/15442309_1269086813137466_1657676040309788896_n-150x100.jpg 150w, https:\/\/havamall.vn\/wp-content\/uploads\/2019\/03\/15442309_1269086813137466_1657676040309788896_n-700x467.jpg 700w\" sizes=\"(max-width: 884px) 100vw, 884px\" \/><\/p>\n<ul>\n<li>H\u01b0\u01a1ng v\u1ecb d\u00e2u th\u01a1m ngon, h\u1ea5p d\u1eabn<\/li>\n<li>H\u00ecnh d\u00e1ng kem ng\u1ed9 ngh\u0129nh, \u0111\u1eb9p\u00a0m\u1eaft<\/li>\n<li>Cung c\u1ea5p n\u0103ng l\u01b0\u1ee3ng c\u1ea7n thi\u1ebft cho c\u01a1 th\u1ec3<\/li>\n<\/ul>","protected":false},"excerpt":{"rendered":"<p>Kem b\u00e1nh c\u00e1 v\u1ecb d\u00e2u Binggrae kh\u00f4ng ch\u1ec9 l\u00e0 m\u00f3n \u0103n \u0111\u01b0\u1ee3c nhi\u1ec1u ng\u01b0\u1eddi y\u00eau th\u00edch m\u00e0 c\u00f2n cung c\u1ea5p ngu\u1ed3n n\u0103ng l\u01b0\u1ee3ng thi\u1ebft y\u1ebfu cho c\u01a1 th\u1ec3 \u0111\u1ec3 tho\u1ea3i m\u00e1i ho\u1ea1t \u0111\u1ed9ng nhi\u1ec1u gi\u1edd li\u1ec1n ngo\u00e0i n\u1eafng n\u00f3ng. Kem \u0111\u00e3 \u0111\u01b0\u1ee3c \u0111\u00f3ng g\u00f3i nh\u1ecf g\u1ecdn, cho b\u1ea1n d\u1ec5 d\u00e0ng s\u1eed d\u1ee5ng v\u00e0 b\u1ea3o qu\u1ea3n trong ng\u0103n t\u1ee7 l\u1ea1nh gia \u0111\u00ecnh.<\/p>","protected":false},"featured_media":10294,"comment_status":"open","ping_status":"closed","template":"","meta":[],"product_brand":[],"product_cat":[275,36,133],"product_tag":[],"class_list":{"0":"post-10290","1":"product","2":"type-product","3":"status-publish","4":"has-post-thumbnail","6":"product_cat-thuc-pham-dong-lanh","7":"product_cat-thuc-pham-tieu-dung","8":"product_cat-banh-keo-chocolate","9":"pa_brand-binggrae","11":"first","12":"instock","13":"sale","14":"shipping-taxable","15":"purchasable","16":"product-type-simple"},"_links":{"self":[{"href":"https:\/\/havamall.vn\/en\/wp-json\/wp\/v2\/product\/10290"}],"collection":[{"href":"https:\/\/havamall.vn\/en\/wp-json\/wp\/v2\/product"}],"about":[{"href":"https:\/\/havamall.vn\/en\/wp-json\/wp\/v2\/types\/product"}],"replies":[{"embeddable":true,"href":"https:\/\/havamall.vn\/en\/wp-json\/wp\/v2\/comments?post=10290"}],"version-history":[{"count":0,"href":"https:\/\/havamall.vn\/en\/wp-json\/wp\/v2\/product\/10290\/revisions"}],"wp:featuredmedia":[{"embeddable":true,"href":"https:\/\/havamall.vn\/en\/wp-json\/wp\/v2\/media\/10294"}],"wp:attachment":[{"href":"https:\/\/havamall.vn\/en\/wp-json\/wp\/v2\/media?parent=10290"}],"wp:term":[{"taxonomy":"product_brand","embeddable":true,"href":"https:\/\/havamall.vn\/en\/wp-json\/wp\/v2\/product_brand?post=10290"},{"taxonomy":"product_cat","embeddable":true,"href":"https:\/\/havamall.vn\/en\/wp-json\/wp\/v2\/product_cat?post=10290"},{"taxonomy":"product_tag","embeddable":true,"href":"https:\/\/havamall.vn\/en\/wp-json\/wp\/v2\/product_tag?post=10290"}],"curies":[{"name":"wp","href":"https:\/\/api.w.org\/{rel}","templated":true}]}}