{"id":10221,"date":"2019-03-16T12:13:52","date_gmt":"2019-03-16T05:13:52","guid":{"rendered":"https:\/\/havamall.vn\/?post_type=product&#038;p=10221"},"modified":"2021-12-20T13:50:32","modified_gmt":"2021-12-20T06:50:32","slug":"sua-dua-luoi-melon-milk-binggrae-loc-6-hop","status":"publish","type":"product","link":"https:\/\/havamall.vn\/en\/shop\/sua-dua-luoi-melon-milk-binggrae-loc-6-hop\/","title":{"rendered":"S\u1eefa D\u01b0a L\u01b0\u1edbi Melon Milk Binggrae L\u1ed1c 6 H\u1ed9p"},"content":{"rendered":"<p>D\u01b0a l\u01b0\u1edbi c\u00f3 h\u00e0m l\u01b0\u1ee3ng calo th\u1ea5p, \u00edt \u0111\u01b0\u1eddng nh\u01b0ng l\u1ea1i \u0111\u1ea7y \u0111\u1ee7 ch\u1ea5t dinh d\u01b0\u1ee1ng nh\u01b0 vitamin v\u00e0 kho\u00e1ng ch\u1ea5t c\u1ea7n thi\u1ebft cho c\u01a1 th\u1ec3. Gi\u00fap c\u01a1 th\u1ec3 gi\u1ea3i \u0111\u1ed9c, \u0111i\u1ec1u ti\u1ebft t\u1ed1t h\u01a1n. Zeaxanthin trong d\u01b0a l\u01b0\u1edbi c\u00f2n c\u00f3 t\u00e1c d\u1ee5ng b\u1ea3o v\u1ec7 da kh\u1ecfi tia UV. D\u01b0a l\u01b0\u1edbi l\u00e0 ngu\u1ed3n ch\u1ee9a ch\u1ea5t ch\u1ed1ng oxy h\u00f3a d\u1ea1ng polyphenol, gi\u00fap ng\u0103n ng\u1eeba ung th\u01b0 \u0111\u1ea1i tr\u00e0ng, tuy\u1ebfn ti\u1ec1n li\u1ec7t, v\u00fa, n\u1ed9i m\u1ea1c t\u1eed cung, ung th\u01b0 ph\u1ed5i v\u00e0 ung th\u01b0 tuy\u1ebfn t\u1ee5y, t\u0103ng c\u01b0\u1eddng h\u1ec7 mi\u1ec5n d\u1ecbch.L\u01b0\u1ee3ng vitamin B6 d\u1ed3i d\u00e0o c\u00f3 trong d\u01b0a l\u01b0\u1edbi gi\u00fap duy tr\u00ec s\u1ef1 trao \u0111\u1ed5i ch\u1ea5t c\u1ee7a c\u01a1 th\u1ec3 r\u1ea5t t\u1ed1t.<\/p>\n<p><img fetchpriority=\"high\" decoding=\"async\" class=\"wp-image-12130 aligncenter\" src=\"https:\/\/havamall.vn\/wp-content\/uploads\/2019\/03\/sua-chuoi-dau-dua-gang-han-quoc-1507962566-1-4026021-1507962566-1-300x300.jpg\" alt=\"\" width=\"568\" height=\"568\" srcset=\"https:\/\/havamall.vn\/wp-content\/uploads\/2019\/03\/sua-chuoi-dau-dua-gang-han-quoc-1507962566-1-4026021-1507962566-1-300x300.jpg 300w, https:\/\/havamall.vn\/wp-content\/uploads\/2019\/03\/sua-chuoi-dau-dua-gang-han-quoc-1507962566-1-4026021-1507962566-1-430x430.jpg 430w, https:\/\/havamall.vn\/wp-content\/uploads\/2019\/03\/sua-chuoi-dau-dua-gang-han-quoc-1507962566-1-4026021-1507962566-1-150x150.jpg 150w, https:\/\/havamall.vn\/wp-content\/uploads\/2019\/03\/sua-chuoi-dau-dua-gang-han-quoc-1507962566-1-4026021-1507962566-1-600x600.jpg 600w, https:\/\/havamall.vn\/wp-content\/uploads\/2019\/03\/sua-chuoi-dau-dua-gang-han-quoc-1507962566-1-4026021-1507962566-1-100x100.jpg 100w, https:\/\/havamall.vn\/wp-content\/uploads\/2019\/03\/sua-chuoi-dau-dua-gang-han-quoc-1507962566-1-4026021-1507962566-1.jpg 640w\" sizes=\"(max-width: 568px) 100vw, 568px\" \/><\/p>\n<p>&nbsp;<\/p>\n<p>D\u01b0a l\u01b0\u1edbi c\u00f3 nhi\u1ec1u vitamin A (250mg c\u00f3 t\u1edbi 40% l\u01b0\u1ee3ng vitamin A m\u00e0 c\u01a1 th\u1ec3 c\u1ea7n m\u1ed7i ng\u00e0y). D\u01b0a l\u01b0\u1edbi \u0111\u01b0\u1ee3c ch\u1ec9 ra r\u1eb1ng r\u1ea5t gi\u00e0u folate v\u00e0 vitamin nh\u00f3m B, \u0111\u1eb7c bi\u1ec7t c\u1ea7n thi\u1ebft cho s\u1ef1 h\u00ecnh th\u00e0nh c\u1ee7a thai nhi v\u00e0 ng\u1eeba b\u1ec7nh thi\u1ebfu m\u00e1u. Trong th\u1ef1c t\u1ebf, vi\u1ec7c thi\u1ebfu folate c\u00f3 th\u1ec3 d\u1eabn \u0111\u1ebfn ch\u1eadm ph\u00e1t tri\u1ec3n thai nhi, l\u00e0m t\u0103ng nguy c\u01a1 b\u1ec7nh t\u1eadt cho n\u00e3o, d\u1ecb t\u1eadt th\u1ea7n kinh b\u1ea9m sinh v\u00e0 ch\u1eadm ph\u00e1t tri\u1ec3n \u1edf tr\u1ebb em. Ngo\u00e0i ra, nh\u1edd c\u00f3 h\u00e0m l\u01b0\u1ee3ng ch\u1ea5t beta carotene phong ph\u00fa m\u00e0 lo\u1ea1i d\u01b0a n\u00e0y c\u0169ng c\u00f3 th\u1ec3 gi\u00fap ki\u1ec3m so\u00e1t s\u1ef1 tho\u00e1i h\u00f3a \u0111i\u1ec3m v\u00e0ng, m\u1ed9t b\u1ec7nh l\u00e0m suy gi\u1ea3m th\u1ecb l\u1ef1c \u1edf ng\u01b0\u1eddi c\u00f3 tu\u1ed5i.<\/p>\n<p><img decoding=\"async\" class=\"wp-image-12123 aligncenter\" src=\"https:\/\/havamall.vn\/wp-content\/uploads\/2019\/03\/sua-tiet-trung-binggrae-vi-dua-luoi-hop-200ml-2-300x282.jpg\" alt=\"\" width=\"570\" height=\"536\" srcset=\"https:\/\/havamall.vn\/wp-content\/uploads\/2019\/03\/sua-tiet-trung-binggrae-vi-dua-luoi-hop-200ml-2-300x282.jpg 300w, https:\/\/havamall.vn\/wp-content\/uploads\/2019\/03\/sua-tiet-trung-binggrae-vi-dua-luoi-hop-200ml-2-430x404.jpg 430w, https:\/\/havamall.vn\/wp-content\/uploads\/2019\/03\/sua-tiet-trung-binggrae-vi-dua-luoi-hop-200ml-2-150x141.jpg 150w, https:\/\/havamall.vn\/wp-content\/uploads\/2019\/03\/sua-tiet-trung-binggrae-vi-dua-luoi-hop-200ml-2-600x564.jpg 600w, https:\/\/havamall.vn\/wp-content\/uploads\/2019\/03\/sua-tiet-trung-binggrae-vi-dua-luoi-hop-200ml-2.jpg 660w\" sizes=\"(max-width: 570px) 100vw, 570px\" \/><\/p>\n<p>S\u1eefa t\u01b0\u01a1i Binggrae v\u1ecb d\u01b0a l\u01b0\u1edbi l\u00e0 m\u1ed9t trong nh\u1eefng \u0111\u1ed3 u\u1ed1ng b\u00e1n ch\u1ea1y nh\u1ea5t t\u1ea1i H\u00e0n Qu\u1ed1c, c\u00f3 th\u1ec3 chinh ph\u1ee5c \u0111\u01b0\u1ee3c b\u1ea5t k\u1ef3 ai ch\u1ec9 v\u1edbi m\u1ed9t l\u1ea7n th\u1eed b\u1edfi n\u00f3 mang \u0111\u1ebfn cho ng\u01b0\u1eddi d\u00f9ng v\u1ecb ng\u1ecdt d\u1ecbu, c\u1ea3m gi\u00e1c nh\u1eb9 nh\u00e0ng. S\u1ea3n ph\u1ea9m \u0111\u01b0\u1ee3c x\u1eed l\u00fd b\u1eb1ng c\u00f4ng ngh\u1ec7 ti\u1ec7t tr\u00f9ng UHT hi\u1ec7n \u0111\u1ea1i, \u0111\u1ed3ng th\u1eddi gi\u1eef l\u1ea1i t\u1ed1i \u0111a c\u00e1c ch\u1ea5t dinh d\u01b0\u1ee1ng v\u00e0 h\u01b0\u01a1ng v\u1ecb t\u1ef1 nhi\u00ean ngon n\u00ean \u0111\u1ed1i v\u1edbi tr\u1ebb em hay ng\u01b0\u1eddi l\u1edbn \u0111\u1ec1u r\u1ea5t d\u1ec5 u\u1ed1ng.\u00a0S\u1eefa Binggrae \u0111\u01b0\u1ee3c \u0111\u00f4ng \u0111\u1ea3o ng\u01b0\u1eddi ti\u00eau d\u00f9ng \u1edf H\u00e0n Qu\u1ed1c\u00a0 y\u00eau th\u00edch v\u00ec c\u00f3 ch\u1ee9a h\u00e0m l\u01b0\u1ee3ng s\u1eefa t\u01b0\u01a1i l\u00ean \u0111\u1ebfn 80%. Do \u0111\u00f3 t\u1ea1o ra v\u1ecb ng\u1ecdt b\u00f9i v\u00e0 \u0111\u1eadm \u0111\u00e0 h\u01a1n c\u00e1c s\u1ea3n ph\u1ea9m kh\u00e1c<\/p>","protected":false},"excerpt":{"rendered":"<p>S\u1eefa t\u01b0\u01a1i D\u01b0a l\u01b0\u1edbi c\u1ee7a H\u00e0n Qu\u1ed1c hi\u1ec7u Binggrae, l\u00e0 th\u01b0\u01a1ng hi\u1ec7u s\u1eefa c\u1ef1c k\u1ef3 n\u1ed5i ti\u1ebfng \u1edf H\u00e0n Qu\u1ed1c xu\u1ea5t hi\u1ec7n t\u1eeb nh\u1eefng n\u0103m 1974. S\u1eefa t\u01b0\u01a1i D\u01b0a l\u01b0\u1edbi hi\u1ec7u Binggrae l\u00e0 m\u1ed9t lo\u1ea1i \u0111\u1ed3 u\u1ed1ng c\u00f3 kh\u1ea3 n\u0103ng \u201cg\u00e2y nghi\u1ec7n\u201d v\u1edbi b\u1ea5t k\u1ef3 l\u1ee9a tu\u1ed5i n\u00e0o, t\u1eeb tr\u1ebb nh\u1ecf \u0111\u1ebfn ng\u01b0\u1eddi l\u1edbn tu\u1ed5i b\u1edfi v\u1ecb th\u01a1m ngon t\u1ef1 nhi\u00ean v\u00e0 v\u1ecb ng\u1ecdt d\u1ecbu mang \u0111\u1ebfn c\u1ea3m gi\u00e1c nh\u1eb9 nh\u00e0ng.<\/p>","protected":false},"featured_media":10246,"comment_status":"open","ping_status":"closed","template":"","meta":[],"product_brand":[],"product_cat":[36,135,143],"product_tag":[],"class_list":{"0":"post-10221","1":"product","2":"type-product","3":"status-publish","4":"has-post-thumbnail","6":"product_cat-thuc-pham-tieu-dung","7":"product_cat-sua-do-uong","8":"product_cat-thuc-pham-dong-hop","9":"pa_brand-binggrae","11":"first","12":"instock","13":"sale","14":"shipping-taxable","15":"purchasable","16":"product-type-simple"},"_links":{"self":[{"href":"https:\/\/havamall.vn\/en\/wp-json\/wp\/v2\/product\/10221"}],"collection":[{"href":"https:\/\/havamall.vn\/en\/wp-json\/wp\/v2\/product"}],"about":[{"href":"https:\/\/havamall.vn\/en\/wp-json\/wp\/v2\/types\/product"}],"replies":[{"embeddable":true,"href":"https:\/\/havamall.vn\/en\/wp-json\/wp\/v2\/comments?post=10221"}],"version-history":[{"count":0,"href":"https:\/\/havamall.vn\/en\/wp-json\/wp\/v2\/product\/10221\/revisions"}],"wp:featuredmedia":[{"embeddable":true,"href":"https:\/\/havamall.vn\/en\/wp-json\/wp\/v2\/media\/10246"}],"wp:attachment":[{"href":"https:\/\/havamall.vn\/en\/wp-json\/wp\/v2\/media?parent=10221"}],"wp:term":[{"taxonomy":"product_brand","embeddable":true,"href":"https:\/\/havamall.vn\/en\/wp-json\/wp\/v2\/product_brand?post=10221"},{"taxonomy":"product_cat","embeddable":true,"href":"https:\/\/havamall.vn\/en\/wp-json\/wp\/v2\/product_cat?post=10221"},{"taxonomy":"product_tag","embeddable":true,"href":"https:\/\/havamall.vn\/en\/wp-json\/wp\/v2\/product_tag?post=10221"}],"curies":[{"name":"wp","href":"https:\/\/api.w.org\/{rel}","templated":true}]}}