{"id":10215,"date":"2019-03-16T12:05:33","date_gmt":"2019-03-16T05:05:33","guid":{"rendered":"https:\/\/havamall.vn\/?post_type=product&#038;p=10215"},"modified":"2022-03-11T13:51:35","modified_gmt":"2022-03-11T06:51:35","slug":"sua-dau-strawberry-mlik-binggrae-loc-6-hop","status":"publish","type":"product","link":"https:\/\/havamall.vn\/en\/shop\/sua-dau-strawberry-mlik-binggrae-loc-6-hop\/","title":{"rendered":"S\u1eefa D\u00e2u Strawberry Milk Binggrae L\u1ed1c 6 H\u1ed9p"},"content":{"rendered":"<p>Sau si\u00eau ph\u1ea9m S\u1eefa Chu\u1ed1i Binggrae \u0111\u00e3 ti\u1ebfp t\u1ee5c cho ra \u0111\u1eddi d\u00f2ng S\u1eefa D\u00e2u\u00a0\u0111\u01b0\u1ee3c \u0111\u00f4ng \u0111\u1ea3o ng\u01b0\u1eddi ti\u00eau d\u00f9ng \u1edf \u0111\u1ee7 m\u1ecdi l\u1ee9a tu\u1ed5i y\u00eau th\u00edch.\u00a0S\u1ea3n ph\u1ea9m c\u00f3 h\u00e0m l\u01b0\u1ee3ng s\u1eefa t\u01b0\u01a1i l\u00ean \u0111\u1ebfn 80% n\u00ean r\u1ea5t m\u1ec1m m\u1ea1i v\u00e0 c\u00f3 v\u1ecb ng\u1ecdt b\u00f9i, th\u01a1m ngon. Trong s\u1ed1 c\u00e1c ch\u1ebf ph\u1ea9m t\u1eeb s\u1eefa th\u00ec \u0111\u00e2y l\u00e0 m\u1ed9t trong s\u1ed1 \u00edt c\u00e1c s\u1ea3n ph\u1ea9m c\u00f3 h\u00e0m l\u01b0\u1ee3ng s\u1eefa cao.<\/p>\n<p><img fetchpriority=\"high\" decoding=\"async\" class=\"wp-image-12120 aligncenter\" src=\"https:\/\/havamall.vn\/wp-content\/uploads\/2019\/03\/sua-chuoi-dau-dua-gang-han-quoc-1507962566-1-4026021-1507962566-300x300.jpg\" alt=\"\" width=\"657\" height=\"657\" \/><\/p>\n<p>\u0110\u1eb7c bi\u1ec7t nh\u1ea5t khi nh\u1eafc t\u1edbi s\u1eefa v\u1ecb d\u00e2u ho\u1eb7c chu\u1ed1i n\u00e0y, kh\u00f4ng th\u1ec3 kh\u00f4ng k\u1ec3 t\u1edbi b\u00ecnh ch\u1ee9a c\u00f3 h\u00ecnh th\u1ee9c \u0111\u1ed9c \u0111\u00e1o c\u1ee7a n\u00f3. Chai s\u1eefa c\u00f3 h\u00ecnh d\u00e1ng tr\u00f2n tr\u00f2n v\u1edbi b\u1ee5ng chai ph\u00ecnh ngang \u0111\u01b0\u1ee3c thi\u1ebft k\u1ebf d\u1ef1a tr\u00ean nguy\u00ean b\u1ea3n l\u00e0 chi\u1ebfc chum truy\u1ec1n th\u1ed1ng c\u1ee7a H\u00e0n Qu\u1ed1c. \u0110\u1ed3 u\u1ed1ng t\u1ea1i H\u00e0n Qu\u1ed1c c\u00f3 r\u1ea5t nhi\u1ec1u lo\u1ea1i kh\u00e1c nhau v\u00e0 r\u1ea5t \u0111a d\u1ea1ng, \u0111\u1ed3 u\u1ed1ng c\u00f3 th\u1ec3 s\u1eed d\u1ee5ng trong nh\u1eefng b\u1eefa \u0103n h\u00e0ng ng\u00e0y ho\u1eb7c \u0111\u01a1n gi\u1ea3n ch\u1ec9 l\u00e0 \u0111\u1ec3 s\u1eed d\u1ee5ng \u0111\u1ec3 gi\u1ea3i kh\u00e1t, tuy nhi\u00ean m\u1ed7i lo\u1ea1i \u0111\u1ec1u mang \u0111\u1ebfn m\u1ed9t h\u01b0\u01a1ng v\u1ecb ri\u00eang m\u00e0 l\u01b0u l\u1ea1i sau trong m\u1ed7i ng\u01b0\u1eddi d\u00e2n t\u1ea1i H\u00e0n Qu\u1ed1c.<\/p>\n<p><img decoding=\"async\" class=\"wp-image-12129 aligncenter\" src=\"https:\/\/havamall.vn\/wp-content\/uploads\/2019\/03\/9c6b64e0ff9385feb159d7296803f82f-300x300.jpg\" alt=\"\" width=\"655\" height=\"655\" srcset=\"https:\/\/havamall.vn\/wp-content\/uploads\/2019\/03\/9c6b64e0ff9385feb159d7296803f82f-300x300.jpg 300w, https:\/\/havamall.vn\/wp-content\/uploads\/2019\/03\/9c6b64e0ff9385feb159d7296803f82f-430x430.jpg 430w, https:\/\/havamall.vn\/wp-content\/uploads\/2019\/03\/9c6b64e0ff9385feb159d7296803f82f-150x150.jpg 150w, https:\/\/havamall.vn\/wp-content\/uploads\/2019\/03\/9c6b64e0ff9385feb159d7296803f82f-700x700.jpg 700w, https:\/\/havamall.vn\/wp-content\/uploads\/2019\/03\/9c6b64e0ff9385feb159d7296803f82f-768x768.jpg 768w, https:\/\/havamall.vn\/wp-content\/uploads\/2019\/03\/9c6b64e0ff9385feb159d7296803f82f-600x600.jpg 600w, https:\/\/havamall.vn\/wp-content\/uploads\/2019\/03\/9c6b64e0ff9385feb159d7296803f82f-100x100.jpg 100w, https:\/\/havamall.vn\/wp-content\/uploads\/2019\/03\/9c6b64e0ff9385feb159d7296803f82f.jpg 790w\" sizes=\"(max-width: 655px) 100vw, 655px\" \/><\/p>\n<p>S\u1eefa d\u00e2u Binggrae\u00a0l\u00e0 s\u1ea3n\u00a0ph\u1ea9m \u0111\u01b0\u1ee3c\u00a0nh\u1eadp kh\u1ea9u tr\u1ef1c ti\u1ebfp t\u1eeb H\u00e0n Qu\u1ed1c.\u00a0S\u1ea3n ph\u1ea9m\u00a0\u0111\u01b0\u1ee3c x\u1eed l\u00fd b\u1eb1ng c\u00f4ng ngh\u1ec7 ti\u1ec7t tr\u00f9ng UHT hi\u1ec7n \u0111\u1ea1i \u2013 x\u1eed l\u00fd \u1edf 140 \u0111\u1ed9 C trong th\u1eddi gian ng\u1eafn (4 \u2013 6 gi\u00e2y), sau \u0111\u00f3 l\u00e0m l\u1ea1nh nhanh gi\u00fap ti\u00eau di\u1ec7t h\u1ebft vi khu\u1ea9n c\u00f3 h\u1ea1i, c\u00e1c lo\u1ea1i n\u1ea5m men, n\u1ea5m m\u1ed1c\u2026 \u0111\u1ed3ng th\u1eddi gi\u1eef l\u1ea1i t\u1ed1i \u0111a c\u00e1c ch\u1ea5t dinh d\u01b0\u1ee1ng v\u00e0 m\u00f9i v\u1ecb t\u1ef1 nhi\u00ean. Ngo\u00e0i ra S\u1eefa d\u00e2u Binggrae mang \u0111\u1ebfn cho ta:<\/p>\n<ol>\n<li><strong>T\u0103ng c\u01b0\u1eddng ch\u1ea5t x\u01a1:<\/strong>\u00a0Ch\u1ea5t x\u01a1 r\u1ea5t c\u1ea7n thi\u1ebft cho ho\u1ea1t \u0111\u1ed9ng c\u1ee7a h\u1ec7 ti\u00eau h\u00f3a. V\u1edbi kho\u1ea3ng 2g ch\u1ea5t x\u01a1 cho m\u1ed7i kh\u1ea9u ph\u1ea7n (m\u1ed9t ch\u00e9n), d\u00e2u t\u00e2y c\u0169ng l\u00e0 m\u1ed9t ngu\u1ed3n cung c\u1ea5p ch\u1ea5t x\u01a1 kh\u00e1 t\u1ed1t cho c\u01a1 th\u1ec3. Nh\u1eefng r\u1eafc r\u1ed1i do vi\u1ec7c thi\u1ebfu ch\u1ea5t x\u01a1 g\u00e2y ra bao g\u1ed3m t\u00ecnh tr\u1ea1ng t\u00e1o b\u00f3n v\u00e0 b\u1ec7nh vi\u00eam t\u00fai th\u1eeba \u2013 m\u1ed9t t\u00ecnh tr\u1ea1ng vi\u00eam trong ru\u1ed9t \u2013 v\u1ed1n \u1ea3nh h\u01b0\u1edfng t\u1edbi kho\u1ea3ng 50% nh\u1eefng ng\u01b0\u1eddi gi\u00e0 tr\u00ean 60 tu\u1ed5i.\n<p class=\"Normal\">Ch\u1ea5t x\u01a1 c\u00f2n h\u1ed7 tr\u1ee3 vi\u1ec7c ph\u00f2ng ch\u1ed1ng b\u1ec7nh ti\u1ec3u \u0111\u01b0\u1eddng t\u00edp 2 v\u00ec ch\u00fang l\u00e0m ch\u1eadm vi\u1ec7c h\u1ea5p thu c\u00e1c lo\u1ea1i \u0111\u01b0\u1eddng (nh\u01b0 \u0111\u01b0\u1eddng glucose\u2026) trong m\u00e1u. K\u1ebft qu\u1ea3 l\u00e0 nh\u1eefng ng\u01b0\u1eddi tr\u01b0\u1edfng th\u00e0nh \u0111ang ph\u1ea3i ki\u1ec3m so\u00e1t c\u0103n b\u1ec7nh ti\u1ec3u \u0111\u01b0\u1eddng c\u1ea7n t\u0103ng c\u01b0\u1eddng th\u00eam d\u00e2u t\u00e2y trong kh\u1ea9u ph\u1ea7n c\u1ee7a h\u1ecd \u1edf m\u1ee9c \u0111i\u1ec1u \u0111\u1ed9.<\/p>\n<\/li>\n<li><strong>Ng\u0103n ng\u1eeba c\u00e1c n\u1ebfp nh\u0103n<\/strong>: Kh\u1ea3 n\u0103ng c\u1ee7a vitamin C trong d\u00e2u t\u00e2y c\u00f2n th\u1ec3 hi\u1ec7n \u1edf vai tr\u00f2 thi\u1ebft y\u1ebfu c\u1ee7a ch\u00fang trong vi\u1ec7c s\u1ea3n sinh ra collagen, gi\u00fap c\u1ea3i thi\u1ec7n \u0111\u1ed9 \u0111\u00e0n h\u1ed3i v\u00e0 co gi\u00e3n c\u1ee7a da. L\u01b0\u1ee3ng collagen s\u1ebd m\u1ea5t d\u1ea7n \u0111i khi ch\u00fang ta c\u00f3 tu\u1ed5i, do v\u1eady, ti\u00eau th\u1ee5 nh\u1eefng th\u1ef1c ph\u1ea9m gi\u00e0u vitamin C c\u00f3 th\u1ec3 gi\u00fap l\u00e0n da kh\u1ecfe m\u1ea1nh v\u00e0 t\u01b0\u01a1i tr\u1ebb h\u01a1n.<img decoding=\"async\" class=\"size-full wp-image-10218 aligncenter\" src=\"https:\/\/havamall.vn\/wp-content\/uploads\/2019\/03\/54492887_A1.jpg\" alt=\"\" width=\"800\" height=\"800\" srcset=\"https:\/\/havamall.vn\/wp-content\/uploads\/2019\/03\/54492887_A1.jpg 800w, https:\/\/havamall.vn\/wp-content\/uploads\/2019\/03\/54492887_A1-430x430.jpg 430w, https:\/\/havamall.vn\/wp-content\/uploads\/2019\/03\/54492887_A1-150x150.jpg 150w, https:\/\/havamall.vn\/wp-content\/uploads\/2019\/03\/54492887_A1-700x700.jpg 700w\" sizes=\"(max-width: 800px) 100vw, 800px\" \/><\/li>\n<li><strong>B\u1ea3o v\u1ec7 m\u1eaft<\/strong>: \u0110\u1eb7c t\u00ednh ch\u1ed1ng oxy h\u00f3a trong d\u00e2u t\u00e2y c\u00f3 th\u1ec3 gi\u00fap ng\u0103n ng\u1eeba b\u1ec7nh \u0111\u1ee5c th\u1ee7y tinh th\u1ec3 \u2013 t\u00ecnh tr\u1ea1ng th\u1ee7y tinh th\u1ec3 b\u1ecb v\u1ea9n \u0111\u1ee5c v\u00e0 c\u00f3 th\u1ec3 d\u1eabn \u0111\u1ebfn m\u00f9 l\u00f2a \u1edf ng\u01b0\u1eddi l\u1edbn tu\u1ed5i. M\u1eaft c\u1ea7n vitamin C \u0111\u1ec3 b\u1ea3o v\u1ec7 ch\u00fang kh\u00f4ng ti\u1ebfp x\u00fac v\u1edbi c\u00e1c g\u1ed1c t\u1ef1 do t\u1eeb nh\u1eefng tia t\u1eed ngo\u1ea1i gay g\u1eaft c\u1ee7a m\u1eb7t tr\u1eddi, v\u1ed1n c\u00f3 th\u1ec3 g\u00e2y t\u1ed5n h\u1ea1i cho c\u00e1c protein trong t\u1ee7y tinh th\u1ec3. Vitamin C c\u00f2n \u0111\u00f3ng vai tr\u00f2 quan tr\u1ecdng trong vi\u1ec7c t\u0103ng c\u01b0\u1eddng s\u1ef1 kh\u1ecfe m\u1ea1nh cho gi\u00e1c m\u1ea1c v\u00e0 v\u00f5ng m\u1ea1c c\u1ee7a m\u1eaft.<\/li>\n<li><strong>T\u0103ng c\u01b0\u1eddng h\u1ec7 mi\u1ec5n d\u1ecbch<\/strong>: D\u00e2u t\u00e2y l\u00e0 ngu\u1ed3n cung c\u1ea5p vitamin C tuy\u1ec7t v\u1eddi. M\u1ed9t ch\u00e9n d\u00e2u t\u00e2y ch\u1ee9a 51,5mg vitamin C, kho\u1ea3ng \u00bd nhu c\u1ea7u h\u00e0ng ng\u00e0y c\u1ee7a c\u01a1 th\u1ec3. Nh\u01b0 v\u1eady, ch\u1ec9 v\u1edbi hai ch\u00e9n d\u00e2u t\u00e2y, b\u1ea1n \u0111\u00e3 c\u00f3 \u0111\u1ee7 100% l\u01b0\u1ee3ng vitamin C theo y\u00eau c\u1ea7u. Vitamin C l\u00e0 ch\u1ea5t c\u00f3 kh\u1ea3 n\u0103ng t\u0103ng c\u01b0\u1eddng mi\u1ec5n d\u1ecbch \u0111\u1ed3ng th\u1eddi c\u00f2n l\u00e0 m\u1ed9t ch\u1ea5t ch\u1ed1ng oxy h\u00f3a m\u1ea1nh m\u1ebd. M\u1ed9t cu\u1ed9c nghi\u00ean c\u1ee9u c\u1ee7a tr\u01b0\u1eddng \u0110H California, Los Angeles, M\u1ef9 ,v\u00e0o n\u0103m 2010 \u0111\u00e3 ph\u00e1t hi\u1ec7n ra r\u1eb1ng, kh\u1ea3 n\u0103ng ch\u1ed1ng oxy h\u00f3a trong d\u00e2u t\u00e2y s\u1ebd tr\u1edf n\u00ean kh\u1ea3 d\u1ee5ng v\u1ec1 m\u1eb7t sinh h\u1ecdc v\u00e0 s\u1eb5n s\u00e0ng ho\u1ea1t \u0111\u1ed9ng trong m\u00e1u.<\/li>\n<\/ol>","protected":false},"excerpt":{"rendered":"<p>S\u1eefa D\u00e2u Binggrae ph\u00f9 h\u1ee3p v\u1edbi t\u1ea5t c\u1ea3 \u0111\u1ed9 tu\u1ed5i c\u1ee7a m\u1ed7i ng\u01b0\u1eddi, ch\u00fang \u0111\u1ec1u \u0111\u00eam t\u1edbi cho ch\u00fang ta nh\u1eefng hi\u1ec7u qu\u1ea3 ri\u00eang bi\u1ec7t. V\u00ec V\u1eady m\u1ed9t c\u1ed1c s\u1eefa d\u00e2u t\u00e2y m\u1ed7i ng\u00e0y l\u00e0 \u0111i\u1ec1u c\u1ea7n thi\u1ebft v\u00e0 r\u1ea5t t\u1ed1t \u0111\u1ec3 gi\u00fap cung c\u1ea5p cho ch\u00fang ta l\u01b0\u1ee3ng dinh d\u01b0\u1ee1ng c\u1ea7n thi\u1ebft nh\u1ea5t.<\/p>","protected":false},"featured_media":10219,"comment_status":"open","ping_status":"closed","template":"","meta":[],"product_brand":[],"product_cat":[36,135,143],"product_tag":[],"class_list":{"0":"post-10215","1":"product","2":"type-product","3":"status-publish","4":"has-post-thumbnail","6":"product_cat-thuc-pham-tieu-dung","7":"product_cat-sua-do-uong","8":"product_cat-thuc-pham-dong-hop","9":"pa_brand-binggrae","11":"first","12":"instock","13":"sale","14":"shipping-taxable","15":"purchasable","16":"product-type-variable"},"_links":{"self":[{"href":"https:\/\/havamall.vn\/en\/wp-json\/wp\/v2\/product\/10215"}],"collection":[{"href":"https:\/\/havamall.vn\/en\/wp-json\/wp\/v2\/product"}],"about":[{"href":"https:\/\/havamall.vn\/en\/wp-json\/wp\/v2\/types\/product"}],"replies":[{"embeddable":true,"href":"https:\/\/havamall.vn\/en\/wp-json\/wp\/v2\/comments?post=10215"}],"version-history":[{"count":0,"href":"https:\/\/havamall.vn\/en\/wp-json\/wp\/v2\/product\/10215\/revisions"}],"wp:featuredmedia":[{"embeddable":true,"href":"https:\/\/havamall.vn\/en\/wp-json\/wp\/v2\/media\/10219"}],"wp:attachment":[{"href":"https:\/\/havamall.vn\/en\/wp-json\/wp\/v2\/media?parent=10215"}],"wp:term":[{"taxonomy":"product_brand","embeddable":true,"href":"https:\/\/havamall.vn\/en\/wp-json\/wp\/v2\/product_brand?post=10215"},{"taxonomy":"product_cat","embeddable":true,"href":"https:\/\/havamall.vn\/en\/wp-json\/wp\/v2\/product_cat?post=10215"},{"taxonomy":"product_tag","embeddable":true,"href":"https:\/\/havamall.vn\/en\/wp-json\/wp\/v2\/product_tag?post=10215"}],"curies":[{"name":"wp","href":"https:\/\/api.w.org\/{rel}","templated":true}]}}