{"id":10207,"date":"2019-03-16T11:55:43","date_gmt":"2019-03-16T04:55:43","guid":{"rendered":"https:\/\/havamall.vn\/?post_type=product&#038;p=10207"},"modified":"2021-12-20T13:51:00","modified_gmt":"2021-12-20T06:51:00","slug":"sua-chuoi-banana-mlik-binggrae-loc-6-hop","status":"publish","type":"product","link":"https:\/\/havamall.vn\/en\/shop\/sua-chuoi-banana-mlik-binggrae-loc-6-hop\/","title":{"rendered":"S\u1eefa Chu\u1ed1i Banana Milk Binggrae L\u1ed1c 6 H\u1ed9p"},"content":{"rendered":"<p>S\u1eefa chu\u1ed1i l\u00e0 th\u1ee9c u\u1ed1ng c\u00f3 th\u1ec3 thay th\u1ebf s\u1eefa b\u00f2, \u0111\u1eb7c bi\u1ec7t ph\u00f9 h\u1ee3p cho ng\u01b0\u1eddi \u0103n chay. H\u00e0m l\u01b0\u1ee3ng nh\u1eefng d\u01b0\u1ee1ng ch\u1ea5t qu\u00fd gi\u00e1 trong s\u1eefa chu\u1ed1i c\u00f2n mang l\u1ea1i r\u1ea5t nhi\u1ec1u t\u00e1c d\u1ee5ng tuy\u1ec7t v\u1eddi cho s\u1ee9c kh\u1ecfe, \u0111\u1ed3ng th\u1eddi h\u1ed7 tr\u1ee3 gi\u1ea3m c\u00e2n hi\u1ec7u qu\u1ea3.\u00a0S\u1eefa chu\u1ed1i l\u00e0 th\u1ee9c u\u1ed1ng l\u00fd t\u01b0\u1edfng cho nh\u1eefng ai \u0111ang mu\u1ed1n gi\u1ea3m c\u00e2n v\u00e0 cholesterol. Nhi\u1ec1u ng\u01b0\u1eddi cho r\u1eb1ng s\u1eefa chu\u1ed1i l\u00e0 h\u1ed7n h\u1ee3p chu\u1ed1i v\u00e0 s\u1eefa nh\u01b0ng th\u1ef1c ch\u1ea5t, s\u1eefa chu\u1ed1i ch\u1ec9 \u0111\u01b0\u1ee3c l\u00e0m t\u1eeb chu\u1ed1i.<\/p>\n<p><img fetchpriority=\"high\" decoding=\"async\" class=\"wp-image-10210 aligncenter\" src=\"https:\/\/havamall.vn\/wp-content\/uploads\/2019\/03\/17438865_273128136472704_2920085978934673408_n.jpg\" alt=\"\" width=\"833\" height=\"833\" srcset=\"https:\/\/havamall.vn\/wp-content\/uploads\/2019\/03\/17438865_273128136472704_2920085978934673408_n.jpg 1080w, https:\/\/havamall.vn\/wp-content\/uploads\/2019\/03\/17438865_273128136472704_2920085978934673408_n-430x430.jpg 430w, https:\/\/havamall.vn\/wp-content\/uploads\/2019\/03\/17438865_273128136472704_2920085978934673408_n-150x150.jpg 150w, https:\/\/havamall.vn\/wp-content\/uploads\/2019\/03\/17438865_273128136472704_2920085978934673408_n-700x700.jpg 700w\" sizes=\"(max-width: 833px) 100vw, 833px\" \/><\/p>\n<p>&nbsp;<\/p>\n<p>\u0110\u1ed1i v\u1edbi nh\u1eefng ng\u01b0\u1eddi \u0111ang \u0103n ki\u00eang ho\u1eb7c \u0103n chay, s\u1eefa chu\u1ed1i s\u1ebd l\u00e0 s\u1ef1 l\u1ef1a ch\u1ecdn ho\u00e0n h\u1ea3o \u0111\u1ec3 thay th\u1ebf cho s\u1eefa b\u00f2. Th\u1ee9c u\u1ed1ng n\u00e0y ch\u1ee9a nhi\u1ec1u d\u01b0\u1ee1ng ch\u1ea5t, vitamin v\u00e0 kho\u00e1ng ch\u1ea5t c\u1ea7n thi\u1ebft cho c\u01a1 th\u1ec3, mang l\u1ea1i nh\u1eefng t\u00e1c d\u1ee5ng tuy\u1ec7t v\u1eddi cho s\u1ee9c kh\u1ecfe.<\/p>\n<p><img decoding=\"async\" class=\"wp-image-12120 aligncenter\" src=\"https:\/\/havamall.vn\/wp-content\/uploads\/2019\/03\/sua-chuoi-dau-dua-gang-han-quoc-1507962566-1-4026021-1507962566-300x300.jpg\" alt=\"\" width=\"700\" height=\"700\" \/><\/p>\n<p>S\u1eefa Chu\u1ed1i Binggrae mang l\u1ea1i t\u00e1c d\u1ee5ng:<\/p>\n<ol>\n<li><strong>Ki\u1ec3m so\u00e1t huy\u1ebft \u00e1p:\u00a0<\/strong>Chu\u1ed1i ch\u1ee9a h\u00e0m l\u01b0\u1ee3ng l\u1edbn potassium \u2013 m\u1ed9t kho\u00e1ng ch\u1ea5t gi\u00fap c\u01a1 th\u1ec3 gi\u1eef \u0111\u01b0\u1ee3c huy\u1ebft \u00e1p \u1edf m\u1ee9c t\u1ed1t nh\u1ea5t. Nh\u1eefng ng\u01b0\u1eddi m\u1eafc b\u1ec7nh cao huy\u1ebft \u00e1p hay nh\u1eefng v\u1ea5n \u0111\u1ec1 li\u00ean quan \u0111\u1ebfn tim m\u1ea1ch n\u00ean u\u1ed1ng m\u1ed7i ng\u00e0y m\u1ed9t ly s\u1eefa chu\u1ed1i \u0111\u1ec3 gi\u1ea3m cholesterol x\u1ea5u trong c\u01a1 th\u1ec3, \u0111\u1ed3ng th\u1eddi gi\u00fap \u0111i\u1ec1u h\u00f2a huy\u1ebft \u00e1p.\n<p class=\"body-text\">\u0110\u1eb7c bi\u1ec7t khi k\u1ebft h\u1ee3p v\u1edbi vi\u1ec7c t\u1eadp th\u1ec3 d\u1ee5c th\u01b0\u1eddng xuy\u00ean v\u00e0 ch\u1ebf \u0111\u1ed9 dinh d\u01b0\u1ee1ngl\u00e0nh m\u1ea1nh s\u1ebd gi\u00fap b\u1ea3o v\u1ec7 tim m\u1ea1ch lu\u00f4n kh\u1ecfe m\u1ea1nh, ng\u0103n ng\u1eeba nh\u1eefng bi\u1ebfn ch\u1ee9ng nguy hi\u1ec3m c\u00f3 th\u1ec3 x\u1ea3y ra.<\/p>\n<\/li>\n<li>\n<p class=\"body-text\"><strong>Ng\u0103n ng\u1eeba t\u00e1o b\u00f3n:\u00a0<\/strong>Nh\u1edd h\u00e0m l\u01b0\u1ee3ng ch\u1ea5t x\u01a1 d\u1ed3i d\u00e0o, chu\u1ed1i \u0111\u01b0\u1ee3c xem l\u00e0 m\u1ed9t trong nh\u1eefng th\u1ef1c ph\u1ea9m gi\u00fap nhu\u1eadn tr\u00e0ng t\u1ef1 nhi\u00ean v\u00e0 ng\u0103n ng\u1eeba t\u00e1o b\u00f3n hi\u1ec7u qu\u1ea3. B\u1ed5 sung m\u1ed7i ng\u00e0y m\u1ed9t ly s\u1eefa chu\u1ed1i v\u00e0o ch\u1ebf \u0111\u1ed9 dinh d\u01b0\u1ee1ng s\u1ebd gi\u00fap c\u01a1 th\u1ec3 kh\u1ecfe m\u1ea1nh v\u00e0 th\u00fac \u0111\u1ea9y h\u1ec7 ti\u00eau h\u00f3a ho\u1ea1t \u0111\u1ed9ng hi\u1ec7u qu\u1ea3 h\u01a1n, ng\u0103n ng\u1eeba c\u00e1c b\u1ec7nh li\u00ean quan \u0111\u1ebfn \u0111\u01b0\u1eddng ru\u1ed9t.<img decoding=\"async\" class=\"size-full wp-image-10211 aligncenter\" src=\"https:\/\/havamall.vn\/wp-content\/uploads\/2019\/03\/5aa4aad3N233a92ea.jpg\" alt=\"\" width=\"750\" height=\"540\" srcset=\"https:\/\/havamall.vn\/wp-content\/uploads\/2019\/03\/5aa4aad3N233a92ea.jpg 750w, https:\/\/havamall.vn\/wp-content\/uploads\/2019\/03\/5aa4aad3N233a92ea-430x310.jpg 430w, https:\/\/havamall.vn\/wp-content\/uploads\/2019\/03\/5aa4aad3N233a92ea-150x108.jpg 150w, https:\/\/havamall.vn\/wp-content\/uploads\/2019\/03\/5aa4aad3N233a92ea-700x504.jpg 700w\" sizes=\"(max-width: 750px) 100vw, 750px\" \/><\/p>\n<\/li>\n<li><strong>Cung c\u1ea5p n\u0103ng l\u01b0\u1ee3ng d\u1ed3i d\u00e0o:\u00a0<\/strong>S\u1eefa chu\u1ed1i ch\u1ee9a r\u1ea5t nhi\u1ec1u vitamin B, \u0111\u00e2y l\u00e0 th\u00e0nh ph\u1ea7n gi\u00fap th\u00fac \u0111\u1ea9y chuy\u1ec3n \u0111\u1ed5i carbohydrates th\u00e0nh n\u0103ng l\u01b0\u1ee3ng \u0111\u1ec3 b\u1ea1n c\u1ea3m th\u1ea5y kh\u1ecfe m\u1ea1nh v\u00e0 tr\u00e0n \u0111\u1ea7y s\u1ee9c s\u1ed1ng. V\u00ec v\u1eady, n\u1ebfu nh\u01b0 m\u1ed7i ng\u00e0y \u0111\u1ec1u u\u1ed1ng m\u1ed9t ly s\u1eefa chu\u1ed1i s\u1ebd gi\u00fap b\u1ea1n th\u1ecfa s\u1ee9c s\u00e1ng t\u1ea1o, d\u1ed3i d\u00e0o n\u0103ng l\u01b0\u1ee3ng \u0111\u1ec3 l\u00e0m vi\u1ec7c, nh\u1edd \u0111\u00f3 m\u00e0 hi\u1ec7u qu\u1ea3 c\u00f4ng vi\u1ec7c c\u0169ng t\u0103ng cao.<\/li>\n<li>\n<p class=\"body-text\"><strong>Gi\u1ea3m c\u00e2n:\u00a0<\/strong>Kh\u00f4ng ch\u1ec9 mang l\u1ea1i nhi\u1ec1u t\u00e1c d\u1ee5ng cho s\u1ee9c kh\u1ecfe, s\u1eefa chu\u1ed1i c\u00f2n l\u00e0 th\u1ee9c u\u1ed1ng gi\u00fap ch\u1ecb em gi\u1ea3m c\u00e2n hi\u1ec7u qu\u1ea3. Nh\u1eefng d\u01b0\u1ee1ng ch\u1ea5t \u0111\u1eb7c bi\u1ec7t trong s\u1eefa chu\u1ed1i s\u1ebd th\u00fac \u0111\u1ea9y qu\u00e1 tr\u00ecnh trao \u0111\u1ed5i ch\u1ea5t, t\u1eeb \u0111\u00f3 lo\u1ea1i b\u1ecf nhanh ch\u00f3ng ch\u1ea5t b\u00e9o d\u01b0 th\u1eeba trong c\u01a1 th\u1ec3.<\/p>\n<\/li>\n<\/ol>\n<p class=\"body-text\"><em><strong>Th\u01b0\u1eddng xuy\u00ean u\u1ed1ng S\u1eefa Chu\u1ed1i Binggrae s\u1ebd r\u1ea5t c\u00f3 l\u1ee3i cho h\u1ec7 ti\u00eau h\u00f3a<\/strong><\/em><\/p>","protected":false},"excerpt":{"rendered":"<p>S\u1eefa chu\u1ed1i \u0111\u01b0\u1ee3c h\u00e3ng\u00a0Binggrae\u00a0s\u1ea3n xu\u1ea5t t\u1eeb n\u0103m 1974, v\u00ec th\u1ebf \u0111\u1ed1i v\u1edbi nhi\u1ec1u ng\u01b0\u1eddi\u00a0H\u00e0n Qu\u1ed1c, \u0111\u00f3 l\u00e0 lo\u1ea1i \u0111\u1ed3 u\u1ed1ng g\u1ee3i l\u1ea1i nh\u1eefng k\u00ed \u1ee9c th\u1eddi th\u01a1 \u1ea5u.\u00a0V\u1ecb chu\u1ed1i kh\u00f4ng qu\u00e1 g\u1eaft nh\u01b0ng r\u1ea5t th\u01a1m, s\u1eefa kh\u00f4ng qu\u00e1 ng\u1ecdt nh\u01b0ng b\u00e9o ng\u1eady v\u00e0 gi\u00fap l\u00e0m \u1ea5m c\u01a1 th\u1ec3. Ng\u01b0\u1eddi\u00a0H\u00e0n Qu\u1ed1c\u00a0tin r\u1eb1ng s\u1eefa chu\u1ed1i s\u1ebd l\u00e0m b\u1ea1n c\u1ea3m th\u1ea5y th\u01b0 th\u00e1i v\u00e0 h\u1ea1nh ph\u00fac h\u01a1n.<\/p>","protected":false},"featured_media":10244,"comment_status":"open","ping_status":"closed","template":"","meta":[],"product_brand":[],"product_cat":[36,135,143],"product_tag":[],"class_list":{"0":"post-10207","1":"product","2":"type-product","3":"status-publish","4":"has-post-thumbnail","6":"product_cat-thuc-pham-tieu-dung","7":"product_cat-sua-do-uong","8":"product_cat-thuc-pham-dong-hop","9":"pa_brand-binggrae","11":"first","12":"instock","13":"sale","14":"shipping-taxable","15":"purchasable","16":"product-type-simple"},"_links":{"self":[{"href":"https:\/\/havamall.vn\/en\/wp-json\/wp\/v2\/product\/10207"}],"collection":[{"href":"https:\/\/havamall.vn\/en\/wp-json\/wp\/v2\/product"}],"about":[{"href":"https:\/\/havamall.vn\/en\/wp-json\/wp\/v2\/types\/product"}],"replies":[{"embeddable":true,"href":"https:\/\/havamall.vn\/en\/wp-json\/wp\/v2\/comments?post=10207"}],"version-history":[{"count":0,"href":"https:\/\/havamall.vn\/en\/wp-json\/wp\/v2\/product\/10207\/revisions"}],"wp:featuredmedia":[{"embeddable":true,"href":"https:\/\/havamall.vn\/en\/wp-json\/wp\/v2\/media\/10244"}],"wp:attachment":[{"href":"https:\/\/havamall.vn\/en\/wp-json\/wp\/v2\/media?parent=10207"}],"wp:term":[{"taxonomy":"product_brand","embeddable":true,"href":"https:\/\/havamall.vn\/en\/wp-json\/wp\/v2\/product_brand?post=10207"},{"taxonomy":"product_cat","embeddable":true,"href":"https:\/\/havamall.vn\/en\/wp-json\/wp\/v2\/product_cat?post=10207"},{"taxonomy":"product_tag","embeddable":true,"href":"https:\/\/havamall.vn\/en\/wp-json\/wp\/v2\/product_tag?post=10207"}],"curies":[{"name":"wp","href":"https:\/\/api.w.org\/{rel}","templated":true}]}}