{"id":10185,"date":"2019-03-16T10:39:10","date_gmt":"2019-03-16T03:39:10","guid":{"rendered":"https:\/\/havamall.vn\/?post_type=product&#038;p=10185"},"modified":"2021-07-09T15:31:43","modified_gmt":"2021-07-09T08:31:43","slug":"sua-dau-nanh-dau-den-soy-milk-black-binggrae-thung-10-chai","status":"publish","type":"product","link":"https:\/\/havamall.vn\/en\/shop\/sua-dau-nanh-dau-den-soy-milk-black-binggrae-thung-10-chai\/","title":{"rendered":"S\u1eefa \u0110\u1eadu N\u00e0nh \u0110\u1eadu \u0110en Soy Milk Black Binggrae Th\u00f9ng 10 Chai"},"content":{"rendered":"<p>\u0110\u1eadu \u0111en t\u1eeb l\u00e2u \u0111\u01b0\u1ee3c bi\u1ebft \u0111\u1ebfn l\u00e0 m\u1ed9t lo\u1ea1i th\u1ef1c ph\u1ea9m c\u00f3 t\u00ednh thanh nhi\u1ec7t, gi\u1ea3i \u0111\u1ed9c v\u00e0 gi\u00e0u ch\u1ea5t dinh d\u01b0\u1ee1ng t\u1ed1t cho s\u1ee9c kh\u1ecfe con ng\u01b0\u1eddi. \u0110\u1eadu \u0111en \u0111\u01b0\u1ee3c coi nh\u01b0 m\u1ed9t lo\u1ea1i th\u1ef1c ph\u1ea9m c\u1ee7a thi\u00ean nhi\u00ean kh\u00f4ng nh\u1eefng t\u1ed1t cho c\u01a1 th\u1ec3 m\u00e0 c\u00f2n c\u00f3 t\u00e1c d\u1ee5ng l\u00e0m \u0111\u1eb9p. Nay Binggrae \u0111\u00e3 cho ra \u0111\u1eddi d\u00f2ng s\u1eefa Soy Milk Black \u0111\u1ec3 k\u1ebft h\u1ee3p nh\u1eefng y\u1ebfu t\u1ed1 tr\u00ean.<\/p>\n<p><img fetchpriority=\"high\" decoding=\"async\" class=\"wp-image-9972 aligncenter\" src=\"https:\/\/havamall.vn\/wp-content\/uploads\/2019\/03\/325-Is-Soy-Healthy-.png\" alt=\"\" width=\"841\" height=\"561\" srcset=\"https:\/\/havamall.vn\/wp-content\/uploads\/2019\/03\/325-Is-Soy-Healthy-.png 1200w, https:\/\/havamall.vn\/wp-content\/uploads\/2019\/03\/325-Is-Soy-Healthy--430x287.png 430w, https:\/\/havamall.vn\/wp-content\/uploads\/2019\/03\/325-Is-Soy-Healthy--150x100.png 150w, https:\/\/havamall.vn\/wp-content\/uploads\/2019\/03\/325-Is-Soy-Healthy--700x467.png 700w\" sizes=\"(max-width: 841px) 100vw, 841px\" \/><\/p>\n<p>&nbsp;<\/p>\n<p><strong>S\u1eefa \u0111\u1eadu n\u00e0nh v\u00e0 \u0111\u1eadu \u0111en Binggrae<\/strong>\u00a0\u0111\u01b0\u1ee3c l\u00e0m t\u1eeb c\u00e1c th\u00e0nh ph\u1ea7n h\u1ea1t t\u1ef1 nhi\u00ean nh\u01b0 h\u1ea1t \u0111\u1eadu n\u00e0nh, \u0111\u1eadu \u0111en, n\u01b0\u1edbc, \u0111\u01b0\u1eddng&#8230; kh\u00f4ng ch\u1ee9a h\u00f3a ch\u1ea5t b\u1ea3o qu\u1ea3n, an to\u00e0n cho s\u1ee9c kh\u1ecfe ng\u01b0\u1eddi d\u00f9ng.\u00a0S\u1ea3n ph\u1ea9m gi\u00e0u \u0111\u1ea1m t\u1eeb \u0111\u1eadu n\u00e0nh t\u1ef1 nhi\u00ean v\u00e0 gi\u00e0u isoflavones, gi\u00fap c\u00e2n b\u1eb1ng n\u1ed9i ti\u1ebft t\u1ed1 estrogen v\u00e0 ch\u1ed1ng oxy h\u00f3a, cho b\u1ea1n v\u00f3c d\u00e1ng c\u00e2n \u0111\u1ed1i v\u00e0 l\u00e0n da m\u1ecbn m\u00e0ng. B\u00ean c\u1ea1nh \u0111\u00f3, protein \u0111\u1eadu n\u00e0nh c\u00f3 t\u00e1c d\u1ee5ng h\u1ea1 th\u1ea5p l\u01b0\u1ee3ng cholesterol trong c\u01a1 th\u1ec3, ng\u0103n ng\u1eeba b\u00e9o ph\u00ec, x\u00e2y d\u1ef1ng v\u00e0 duy tr\u00ec m\u1ed9t v\u00f3c d\u00e1ng c\u00e2n \u0111\u1ed1i, l\u00e0n da s\u0103n ch\u1eafc.\u00a0<strong>S\u1eefa \u0111\u1eadu n\u00e0nh v\u00e0 \u0111\u1eadu \u0111en Binggrae\u00a0<\/strong>c\u00f3 h\u01b0\u01a1ng v\u1ecb th\u01a1m ngon t\u1ef1 nhi\u00ean c\u1ee7a h\u1ea1t \u0111\u1eadu n\u00e0nh h\u00f2a c\u00f9ng v\u1ecb s\u00e1nh m\u1ecbn nguy\u00ean ch\u1ea5t. S\u1ea3n ph\u1ea9m c\u00f3 v\u1ecb ng\u1ecdt d\u1ecbu nh\u1eb9 n\u00ean ph\u00f9 h\u1ee3p v\u1edbi t\u1ea5t c\u1ea3 th\u00e0nh vi\u00ean trong gia \u0111\u00ecnh b\u1ea1n. S\u1ea3n ph\u1ea9m \u0111\u01b0\u1ee3c \u0111\u00f3ng chai th\u1ee7y tinh an to\u00e0n, ti\u1ec7n l\u1ee3i khi mang theo \u0111\u1ec3 s\u1eed d\u1ee5ng b\u1ea5t c\u1ee9 khi n\u00e0o.<\/p>","protected":false},"excerpt":{"rendered":"<p>S\u1eefa \u0111\u1eadu n\u00e0nh t\u1eeb H\u00e0n Qu\u1ed1c Binggrae\u00a0l\u00e0 m\u1ed9t th\u1ee9c u\u1ed1ng r\u1ea5t b\u1ed5 d\u01b0\u1ee1ng g\u1ed3m c\u00e1c axit b\u00e9o thi\u1ebft y\u1ebfu, protein, ch\u1ea5t x\u01a1, vitamin v\u00e0 kho\u00e1ng ch\u1ea5t. Nh\u1eefng ch\u1ea5t dinh d\u01b0\u1ee1ng cung c\u1ea5p n\u0103ng l\u01b0\u1ee3ng v\u00e0 gi\u1eef cho c\u01a1 th\u1ec3 c\u1ee7a b\u1ea1n ho\u1ea1t \u0111\u1ed9ng \u1edf m\u1ee9c t\u1ed1i \u01b0u.<\/p>\n<p>\u0110\u1eadu \u0111en t\u1eeb l\u00e2u \u0111\u01b0\u1ee3c bi\u1ebft \u0111\u1ebfn l\u00e0 m\u1ed9t lo\u1ea1i th\u1ef1c ph\u1ea9m c\u00f3 t\u00ednh thanh nhi\u1ec7t, gi\u1ea3i \u0111\u1ed9c v\u00e0 gi\u00e0u ch\u1ea5t dinh d\u01b0\u1ee1ng t\u1ed1t cho s\u1ee9c kh\u1ecfe con ng\u01b0\u1eddi. \u0110\u1eadu \u0111en \u0111\u01b0\u1ee3c coi nh\u01b0 m\u1ed9t lo\u1ea1i th\u1ef1c ph\u1ea9m c\u1ee7a thi\u00ean nhi\u00ean kh\u00f4ng nh\u1eefng t\u1ed1t cho c\u01a1 th\u1ec3 m\u00e0 c\u00f2n c\u00f3 t\u00e1c d\u1ee5ng l\u00e0m \u0111\u1eb9p. Nay Binggrae \u0111\u00e3 cho ra \u0111\u1eddi d\u00f2ng s\u1eefa Soy Milk Black \u0111\u1ec3 k\u1ebft h\u1ee3p nh\u1eefng y\u1ebfu t\u1ed1 tr\u00ean.<\/p>","protected":false},"featured_media":10189,"comment_status":"open","ping_status":"closed","template":"","meta":[],"product_brand":[],"product_cat":[36,135,143],"product_tag":[],"class_list":{"0":"post-10185","1":"product","2":"type-product","3":"status-publish","4":"has-post-thumbnail","6":"product_cat-thuc-pham-tieu-dung","7":"product_cat-sua-do-uong","8":"product_cat-thuc-pham-dong-hop","9":"pa_brand-binggrae","11":"first","12":"outofstock","13":"sale","14":"shipping-taxable","15":"purchasable","16":"product-type-simple"},"_links":{"self":[{"href":"https:\/\/havamall.vn\/en\/wp-json\/wp\/v2\/product\/10185"}],"collection":[{"href":"https:\/\/havamall.vn\/en\/wp-json\/wp\/v2\/product"}],"about":[{"href":"https:\/\/havamall.vn\/en\/wp-json\/wp\/v2\/types\/product"}],"replies":[{"embeddable":true,"href":"https:\/\/havamall.vn\/en\/wp-json\/wp\/v2\/comments?post=10185"}],"version-history":[{"count":0,"href":"https:\/\/havamall.vn\/en\/wp-json\/wp\/v2\/product\/10185\/revisions"}],"wp:featuredmedia":[{"embeddable":true,"href":"https:\/\/havamall.vn\/en\/wp-json\/wp\/v2\/media\/10189"}],"wp:attachment":[{"href":"https:\/\/havamall.vn\/en\/wp-json\/wp\/v2\/media?parent=10185"}],"wp:term":[{"taxonomy":"product_brand","embeddable":true,"href":"https:\/\/havamall.vn\/en\/wp-json\/wp\/v2\/product_brand?post=10185"},{"taxonomy":"product_cat","embeddable":true,"href":"https:\/\/havamall.vn\/en\/wp-json\/wp\/v2\/product_cat?post=10185"},{"taxonomy":"product_tag","embeddable":true,"href":"https:\/\/havamall.vn\/en\/wp-json\/wp\/v2\/product_tag?post=10185"}],"curies":[{"name":"wp","href":"https:\/\/api.w.org\/{rel}","templated":true}]}}