{"id":10174,"date":"2019-03-15T17:26:14","date_gmt":"2019-03-15T10:26:14","guid":{"rendered":"https:\/\/havamall.vn\/?post_type=product&#038;p=10174"},"modified":"2023-04-10T14:03:46","modified_gmt":"2023-04-10T07:03:46","slug":"ha-cao-tom-shrimp-dumpling-dongwon","status":"publish","type":"product","link":"https:\/\/havamall.vn\/en\/shop\/ha-cao-tom-shrimp-dumpling-dongwon\/","title":{"rendered":"H\u00e1 C\u1ea3o T\u00f4m Shrimp Dumpling Dongwon"},"content":{"rendered":"<p>Ngo\u00e0i h\u01b0\u01a1ng v\u1ecb H\u00e1 c\u1ea3o th\u1ecbt th\u00e2n quen m\u00e0 Dongwon mang \u0111\u1ebfn th\u00ec b\u00ean c\u1ea1nh \u0111\u00f3 H\u00e1 C\u1ea3o T\u00f4m l\u00e0 m\u00f3n kh\u00f4ng th\u1ec3 thi\u1ebfu trong b\u1ed9 s\u01b0u t\u1eadp H\u00e1 c\u1ea3o c\u1ee7a Dongwon mu\u1ed1n mang \u0111\u1ebfn cho m\u1ecdi ng\u01b0\u1eddi th\u01b0\u1edfng th\u1ee9c.<\/p>\n<p><strong>3 \u0110I\u1ec2M KH\u00c1C BI\u1ec6T H\u00c1 C\u1ea2O DONG WON<\/strong><\/p>\n<p>&#8211; Ch\u1ee9a 3 lo\u1ea1i h\u1ea1t ng\u0169 c\u1ed1c dinh d\u01b0\u1ee1ng h\u00e0ng \u0111\u1ea7u: Trong th\u00e0nh ph\u1ea7n v\u1ecf h\u00e1 c\u1ea3o \u0111\u01b0\u1ee3c l\u00e0m t\u1eeb g\u1ea1o n\u1ebfp, l\u00faa m\u1ea1ch d\u00ednh, khoai t\u00e2y, mang \u0111\u1ebfn h\u01b0\u01a1ng v\u1ecb thi\u00ean nhi\u00ean d\u01b0\u1ee1ng ch\u1ea5t, kh\u00e1c bi\u1ec7t c\u00e1c lo\u1ea1i h\u00e1 c\u1ea3o s\u1eed d\u1ee5ng b\u1ed9t m\u00ec th\u00f4ng th\u01b0\u1eddng. Khi h\u1ea5p chin, h\u01b0\u01a1ng s\u1ea3n ph\u1ea9m d\u1eady m\u00f9i, k\u00edch th\u00edch v\u1ecb gi\u00e1c v\u00e0 s\u1ef1 th\u00e8m \u0103n.<\/p>\n<p>&#8211; T\u00edch h\u1ee3p 5 lo\u1ea1i rau c\u1ee7 \u0111\u1eadm v\u1ecb: nguy\u00ean v\u1eadt li\u1ec7u ch\u1ebf bi\u1ebfn tinh t\u00fay nh\u1ea5t trong c\u00e1c m\u00f3n \u0103n \u0111\u01b0\u1ee3c t\u1ed5ng h\u00f2a trong h\u00e1 c\u1ea3o Dongwon v\u1edbi 5 v\u1ecb : h\u00e0nh t\u00e2y, \u1edbt \u0111\u1ecf, ti\u00eau xanh, t\u1ecfi t\u00e2y, t\u1ecfi. Nh\u1eefng gia v\u1ecb c\u1ee7 n\u00e0y \u0111\u01b0\u1ee3c xem l\u00e0 b\u00ed thu\u1eadt t\u1ea1o n\u00ean h\u01b0\u01a1ng v\u1ecb m\u00f3n \u0103n \u0111\u1eadm \u0111\u00e0.<\/p>\n<p>&#8211; 100% th\u1ecbt heo t\u01b0\u01a1i H\u00e0n Qu\u1ed1c : s\u1eed d\u1ee5ng ngu\u1ed3n th\u1ecbt t\u01b0\u01a1i nguy\u00ean t\u1eeb H\u00e0n Qu\u1ed1c, \u0111\u01b0\u1ee3c nu\u00f4i v\u00e0 ki\u1ec3m so\u00e1t theo quy tr\u00ecnh v\u1ec7 sinh ch\u1eb7t ch\u1ebd, b\u1ea3o \u0111\u1ea3m an to\u00e0n th\u1ef1c ph\u1ea9m.<\/p>\n<p><img fetchpriority=\"high\" decoding=\"async\" class=\"aligncenter\" src=\"https:\/\/havamall.vn\/wp-content\/uploads\/2019\/03\/sui-cao-tom-1558.jpg\" alt=\"K\u00e1\u00ba\u00bft qu\u00e1\u00ba\u00a3 h\u00c3\u00acnh \u00e1\u00ba\u00a3nh cho h\u00c3\u00a1 c\u00e1\u00ba\u00a3o t\u00c3\u00b4m\" width=\"803\" height=\"511\" \/><\/p>\n<p>Th\u00e0nh ph\u1ea7n: Th\u1ecbt heo, b\u1ed9t l\u00faa m\u00ec, chieves, Protein th\u1ecbt heo, t\u00f4m, c\u00e0 r\u1ed1t, h\u00e0nh t\u00e2y, b\u1eafp c\u1ea3i, m\u00ec Cellophane, m\u1ef1c, n\u1ea5m, tinh b\u1ed9t ng\u00f4, chi\u1ebft xu\u1ea5t t\u00f4m, d\u1ea7u m\u00e8, b\u1ed9t h\u1ea1t ti\u00eau \u0111en, Gluten, Dextrin, b\u1ed9t l\u00faa m\u1ea1ch d\u1ebbo, b\u1ed9t khoai t\u00e2y, g\u1ea1o n\u1ebfp,\u2026<\/p>\n<p>\u0110\u1eb7c \u0111i\u1ec3m: \u0110\u1eadm v\u1ecb th\u1ecbt, ng\u1ecdt v\u1ecb t\u00f4m, th\u01a1m h\u01b0\u01a1ng rau c\u1ee7 h\u1ed7n h\u1ee3p, ngu\u1ed3n dinh d\u01b0\u1ee1ng cao, th\u00edch h\u1ee3p cho tr\u1ebb em, ng\u01b0\u1eddi gi\u00e0, \u2026<\/p>\n<p>C\u00c1CH CH\u1ebe BI\u1ebeN M\u00d3N H\u00c1 C\u1ea2O CH\u1ec8 T\u1eea 5 -8 PH\u00daT<\/p>\n<p>&#8211; Ch\u1ebf bi\u1ebfn m\u00f3n H\u1ea5p: \u0110\u1ed5 l\u01b0\u1ee3ng n\u01b0\u1edbc th\u00edch h\u1ee3p v\u00e0o n\u1ed3i v\u00e0 l\u00e0m n\u00f3ng, n\u01b0\u1edbc b\u1eaft \u0111\u1ea7u s\u00f4i b\u1ed1 tr\u00ed kh\u00f4ng \u0111\u1ec3 H\u00e1 C\u1ea3o tr\u00ean khay b\u1ecb ch\u1ed3ng ch\u00e9o, n\u1ea5u kho\u1ea3ng 7-8 ph\u00fat<\/p>\n<p>&#8211; Ch\u1ebf bi\u1ebfn m\u00f3n S\u00fap: L\u00e0m s\u00fap H\u00e1 C\u1ea3o, Rau &amp; Th\u1ecbt. S\u00fap s\u00f4i cho H\u00e1 C\u1ea3o \u0111\u00f4ng l\u1ea1nh v\u00e0o v\u00e0 n\u1ea5u 4-5 ph\u00fat. Th\u00eam t\u1ecfi, h\u00e0nh t\u00e2y, c\u00e0 r\u1ed1t,&#8230;<\/p>","protected":false},"excerpt":{"rendered":"<p>H\u00e1 c\u1ea3o t\u00f4m \u0111\u01b0\u1ee3c k\u1ebft h\u1ee3p gi\u1eefa nh\u00e2n t\u00f4m t\u01b0\u01a1i v\u00e0 l\u1edbp b\u1ed9t h\u00e1 c\u1ea3o m\u1ec1m m\u1ecbn l\u00e0m n\u00ean vi\u00ean H\u00e1 c\u1ea3o dai d\u1ebbo m\u00e0 \u0111\u1eb7c tr\u01b0ng m\u00f9i th\u01a1m t\u1eeb t\u00f4m m\u00e0 Dongwon mu\u1ed1n mang l\u1ea1i cho kh\u00e1ch h\u00e0ng.<\/p>","protected":false},"featured_media":10179,"comment_status":"open","ping_status":"closed","template":"","meta":[],"product_brand":[],"product_cat":[275,36],"product_tag":[],"class_list":{"0":"post-10174","1":"product","2":"type-product","3":"status-publish","4":"has-post-thumbnail","6":"product_cat-thuc-pham-dong-lanh","7":"product_cat-thuc-pham-tieu-dung","9":"first","10":"outofstock","11":"sale","12":"shipping-taxable","13":"purchasable","14":"product-type-simple"},"_links":{"self":[{"href":"https:\/\/havamall.vn\/en\/wp-json\/wp\/v2\/product\/10174"}],"collection":[{"href":"https:\/\/havamall.vn\/en\/wp-json\/wp\/v2\/product"}],"about":[{"href":"https:\/\/havamall.vn\/en\/wp-json\/wp\/v2\/types\/product"}],"replies":[{"embeddable":true,"href":"https:\/\/havamall.vn\/en\/wp-json\/wp\/v2\/comments?post=10174"}],"version-history":[{"count":0,"href":"https:\/\/havamall.vn\/en\/wp-json\/wp\/v2\/product\/10174\/revisions"}],"wp:featuredmedia":[{"embeddable":true,"href":"https:\/\/havamall.vn\/en\/wp-json\/wp\/v2\/media\/10179"}],"wp:attachment":[{"href":"https:\/\/havamall.vn\/en\/wp-json\/wp\/v2\/media?parent=10174"}],"wp:term":[{"taxonomy":"product_brand","embeddable":true,"href":"https:\/\/havamall.vn\/en\/wp-json\/wp\/v2\/product_brand?post=10174"},{"taxonomy":"product_cat","embeddable":true,"href":"https:\/\/havamall.vn\/en\/wp-json\/wp\/v2\/product_cat?post=10174"},{"taxonomy":"product_tag","embeddable":true,"href":"https:\/\/havamall.vn\/en\/wp-json\/wp\/v2\/product_tag?post=10174"}],"curies":[{"name":"wp","href":"https:\/\/api.w.org\/{rel}","templated":true}]}}