{"id":10166,"date":"2019-03-15T17:17:35","date_gmt":"2019-03-15T10:17:35","guid":{"rendered":"https:\/\/havamall.vn\/?post_type=product&#038;p=10166"},"modified":"2023-04-10T14:03:50","modified_gmt":"2023-04-10T07:03:50","slug":"ha-cao-thit-meat-dumpling-dongwon","status":"publish","type":"product","link":"https:\/\/havamall.vn\/en\/shop\/ha-cao-thit-meat-dumpling-dongwon\/","title":{"rendered":"H\u00e1 C\u1ea3o Th\u1ecbt Meat Dumpling Dongwon"},"content":{"rendered":"<p>H\u00e1 c\u1ea3o th\u1ecbt m\u1ed9t m\u00f3n \u0103n kh\u00f4ng h\u1ec1 xa l\u1ea1 v\u1edbi ch\u00fang ta, nay \u0111\u00e3 \u0111\u01b0\u1ee3c Dongwon cho ra \u0111\u1eddi v\u1edbi h\u01b0\u01a1ng v\u1ecb \u0111\u1eb7c bi\u1ec7t h\u01a1n, th\u01a1m ngon h\u01a1n.<\/p>\n<p><img fetchpriority=\"high\" decoding=\"async\" class=\"aligncenter\" src=\"https:\/\/havamall.vn\/wp-content\/uploads\/2019\/03\/c07bdbd398dd4ac563358e095fc5d2e0_XL.jpg\" alt=\"H\u00c3\u00acnh \u00e1\u00ba\u00a3nh c\u00c3\u00b3 li\u00c3\u00aan quan\" width=\"798\" height=\"532\" \/><\/p>\n<p><strong>3 \u0110I\u1ec2M KH\u00c1C BI\u1ec6T H\u00c1 C\u1ea2O DONG WON<\/strong><\/p>\n<p>\u2013 Ch\u1ee9a 3 lo\u1ea1i h\u1ea1t ng\u0169 c\u1ed1c dinh d\u01b0\u1ee1ng h\u00e0ng \u0111\u1ea7u: Trong th\u00e0nh ph\u1ea7n v\u1ecf h\u00e1 c\u1ea3o \u0111\u01b0\u1ee3c l\u00e0m t\u1eeb g\u1ea1o n\u1ebfp, l\u00faa m\u1ea1ch d\u00ednh, khoai t\u00e2y, mang \u0111\u1ebfn h\u01b0\u01a1ng v\u1ecb thi\u00ean nhi\u00ean d\u01b0\u1ee1ng ch\u1ea5t, kh\u00e1c bi\u1ec7t c\u00e1c lo\u1ea1i h\u00e1 c\u1ea3o s\u1eed d\u1ee5ng b\u1ed9t m\u00ec th\u00f4ng th\u01b0\u1eddng. Khi h\u1ea5p chin, h\u01b0\u01a1ng s\u1ea3n ph\u1ea9m d\u1eady m\u00f9i, k\u00edch th\u00edch v\u1ecb gi\u00e1c v\u00e0 s\u1ef1 th\u00e8m \u0103n.<\/p>\n<p>\u2013 T\u00edch h\u1ee3p 5 lo\u1ea1i rau c\u1ee7 \u0111\u1eadm v\u1ecb: nguy\u00ean v\u1eadt li\u1ec7u ch\u1ebf bi\u1ebfn tinh t\u00fay nh\u1ea5t trong c\u00e1c m\u00f3n \u0103n \u0111\u01b0\u1ee3c t\u1ed5ng h\u00f2a trong h\u00e1 c\u1ea3o Dongwon v\u1edbi 5 v\u1ecb : h\u00e0nh t\u00e2y, \u1edbt \u0111\u1ecf, ti\u00eau xanh, t\u1ecfi t\u00e2y, t\u1ecfi. Nh\u1eefng gia v\u1ecb c\u1ee7 n\u00e0y \u0111\u01b0\u1ee3c xem l\u00e0 b\u00ed thu\u1eadt t\u1ea1o n\u00ean h\u01b0\u01a1ng v\u1ecb m\u00f3n \u0103n \u0111\u1eadm \u0111\u00e0.<\/p>\n<p>\u2013 100% th\u1ecbt heo t\u01b0\u01a1i H\u00e0n Qu\u1ed1c : s\u1eed d\u1ee5ng ngu\u1ed3n th\u1ecbt t\u01b0\u01a1i nguy\u00ean t\u1eeb H\u00e0n Qu\u1ed1c, \u0111\u01b0\u1ee3c nu\u00f4i v\u00e0 ki\u1ec3m so\u00e1t theo quy tr\u00ecnh v\u1ec7 sinh ch\u1eb7t ch\u1ebd, b\u1ea3o \u0111\u1ea3m an to\u00e0n th\u1ef1c ph\u1ea9m.<\/p>\n<p>B\u1ed9t m\u00ec, th\u1ecbt l\u1ee3n, b\u1eafp c\u1ea3i, t\u1ecfi t\u00e2y, \u0111\u1eadu ph\u1ee5, protein \u0111\u1eadu n\u00e0nh, h\u00e0nh t\u00e2y Welsh, r\u01b0\u1ee3u Konjak, n\u01b0\u1edbc s\u1ed1t b\u00e1nh bao, m\u00ec ng\u00f4 cellophane, b\u1ed9t gia v\u1ecb b\u00e1nh bao, \u0111\u01b0\u1eddng tinh luy\u1ec7n, mu\u1ed1i tinh ch\u1ebf, t\u1ecfi, d\u1ea7u m\u00e8, d\u1ea7u gia v\u1ecb, ti\u00eau \u0111en, b\u1ed9t g\u1eebng, b\u1ed9t n\u1ebfp, b\u1ea1ch m\u1ea1ch d\u1ebbo, b\u1ed9t khoai t\u00e2y,..<\/p>\n<p><img decoding=\"async\" class=\"aligncenter\" src=\"https:\/\/havamall.vn\/wp-content\/uploads\/2019\/03\/ha-cao-hap.png\" alt=\"H\u00c3\u00acnh \u00e1\u00ba\u00a3nh c\u00c3\u00b3 li\u00c3\u00aan quan\" width=\"658\" height=\"474\" \/><\/p>\n<p>&nbsp;<\/p>\n<p>Th\u00e0nh ph\u1ea7n: B\u1ed9t m\u00ec, th\u1ecbt l\u1ee3n, b\u1eafp c\u1ea3i, t\u1ecfi t\u00e2y, \u0111\u1eadu ph\u1ee5, protein \u0111\u1eadu n\u00e0nh, h\u00e0nh t\u00e2y Welsh, r\u01b0\u1ee3u Konjak, n\u01b0\u1edbc s\u1ed1t b\u00e1nh bao, m\u00ec ng\u00f4 cellophane, b\u1ed9t gia v\u1ecb b\u00e1nh bao, \u0111\u01b0\u1eddng tinh luy\u1ec7n, mu\u1ed1i tinh ch\u1ebf, t\u1ecfi, d\u1ea7u m\u00e8, d\u1ea7u gia v\u1ecb, ti\u00eau \u0111en, b\u1ed9t g\u1eebng, b\u1ed9t n\u1ebfp, b\u1ea1ch m\u1ea1ch d\u1ebbo, b\u1ed9t khoai t\u00e2y,&#8230;<\/p>\n<p>\u0110\u1eb7c \u0111i\u1ec3m : S\u1ef1 pha tr\u1ed9n h\u01b0\u01a1ng r\u01b0\u1ee3u t\u1ea1o \u0111\u1ed9 th\u01a1m \u0111\u1ed9c \u0111\u00e1o cho m\u00f3n h\u00e1 c\u1ea3o, d\u1eady m\u00f9i m\u00f3n \u0103n ng\u1ecdt b\u00f9i.<\/p>","protected":false},"excerpt":{"rendered":"<p>H\u00e1 c\u1ea3o th\u1ecbt h\u01b0\u01a1ng v\u1ecb quen thu\u1ed9c nay \u0111\u01b0\u1ee3c Dongwon mang \u0111\u1ebfn v\u1edbi h\u01b0\u01a1ng v\u1ecb ho\u00e0n to\u00e0n m\u1edbi l\u1ea1 v\u00e0 th\u01a1m ngon theo c\u00e1ch ri\u00eang c\u1ee7a x\u1ee9 H\u00e0n.<\/p>","protected":false},"featured_media":10170,"comment_status":"open","ping_status":"closed","template":"","meta":[],"product_brand":[],"product_cat":[275,36],"product_tag":[],"class_list":{"0":"post-10166","1":"product","2":"type-product","3":"status-publish","4":"has-post-thumbnail","6":"product_cat-thuc-pham-dong-lanh","7":"product_cat-thuc-pham-tieu-dung","9":"first","10":"outofstock","11":"sale","12":"shipping-taxable","13":"purchasable","14":"product-type-simple"},"_links":{"self":[{"href":"https:\/\/havamall.vn\/en\/wp-json\/wp\/v2\/product\/10166"}],"collection":[{"href":"https:\/\/havamall.vn\/en\/wp-json\/wp\/v2\/product"}],"about":[{"href":"https:\/\/havamall.vn\/en\/wp-json\/wp\/v2\/types\/product"}],"replies":[{"embeddable":true,"href":"https:\/\/havamall.vn\/en\/wp-json\/wp\/v2\/comments?post=10166"}],"version-history":[{"count":0,"href":"https:\/\/havamall.vn\/en\/wp-json\/wp\/v2\/product\/10166\/revisions"}],"wp:featuredmedia":[{"embeddable":true,"href":"https:\/\/havamall.vn\/en\/wp-json\/wp\/v2\/media\/10170"}],"wp:attachment":[{"href":"https:\/\/havamall.vn\/en\/wp-json\/wp\/v2\/media?parent=10166"}],"wp:term":[{"taxonomy":"product_brand","embeddable":true,"href":"https:\/\/havamall.vn\/en\/wp-json\/wp\/v2\/product_brand?post=10166"},{"taxonomy":"product_cat","embeddable":true,"href":"https:\/\/havamall.vn\/en\/wp-json\/wp\/v2\/product_cat?post=10166"},{"taxonomy":"product_tag","embeddable":true,"href":"https:\/\/havamall.vn\/en\/wp-json\/wp\/v2\/product_tag?post=10166"}],"curies":[{"name":"wp","href":"https:\/\/api.w.org\/{rel}","templated":true}]}}