{"id":10146,"date":"2019-03-15T16:46:47","date_gmt":"2019-03-15T09:46:47","guid":{"rendered":"https:\/\/havamall.vn\/?post_type=product&#038;p=10146"},"modified":"2021-12-23T11:41:11","modified_gmt":"2021-12-23T04:41:11","slug":"ha-cao-chien-dumpling-frying-dongwon","status":"publish","type":"product","link":"https:\/\/havamall.vn\/en\/shop\/ha-cao-chien-dumpling-frying-dongwon\/","title":{"rendered":"H\u00e1 C\u1ea3o Chi\u00ean Dumpling frying Dongwon"},"content":{"rendered":"<p>\u0110\u00e2y l\u00e0 m\u00f3n \u0103n ph\u00f9 h\u1ee3p v\u1edbi m\u1ecdi l\u1ee9a tu\u1ed5i, \u0111\u1eb7c bi\u1ec7t \u0111\u01b0\u1ee3c c\u00e1c b\u1ea1n tr\u1ebb y\u00eau th\u00edch. V\u1edbi s\u1ef1 k\u1ebft h\u1ee3p gi\u1eefa th\u1ecbt v\u00e0 t\u00f4m n\u00f5n, l\u1edbp v\u1ecf ngo\u00e0i gi\u00f2n tan \u0111\u00e3 cho ra m\u00f3n \u0103n v\u1edbi h\u01b0\u01a1ng v\u1ecb r\u1ea5t \u0111\u1eb7c tr\u01b0ng l\u00e0m say \u0111\u1eafm bi\u1ebft bao th\u1ef1c kh\u00e1ch. H\u01a1n n\u1eefa, m\u00f3n \u0103n n\u00e0y c\u00f2n \u0111em l\u1ea1i h\u00e0m l\u01b0\u1ee3ng gi\u00e1 tr\u1ecb dinh d\u01b0\u1ee1ng cao r\u1ea5t t\u1ed1t cho s\u1ee9c kh\u1ecfe n\u00ean kh\u00f4ng c\u00f3 l\u00fd do g\u00ec \u0111\u1ec3 b\u1ea1n c\u00f3 th\u1ec3 t\u1eeb ch\u1ed1i.<\/p>\n<p><img fetchpriority=\"high\" decoding=\"async\" class=\"aligncenter\" src=\"https:\/\/havamall.vn\/wp-content\/uploads\/2019\/03\/maxresdefault.jpg\" alt=\"K\u00e1\u00ba\u00bft qu\u00e1\u00ba\u00a3 h\u00c3\u00acnh \u00e1\u00ba\u00a3nh cho h\u00c3\u00a1 c\u00e1\u00ba\u00a3o chi\u00c3\u00aan\" width=\"850\" height=\"478\" \/><\/p>\n<p><strong>3 \u0110I\u1ec2M KH\u00c1C BI\u1ec6T H\u00c1 C\u1ea2O DONG WON<\/strong><\/p>\n<p>&#8211; Ch\u1ee9a 3 lo\u1ea1i h\u1ea1t ng\u0169 c\u1ed1c dinh d\u01b0\u1ee1ng h\u00e0ng \u0111\u1ea7u: Trong th\u00e0nh ph\u1ea7n v\u1ecf h\u00e1 c\u1ea3o \u0111\u01b0\u1ee3c l\u00e0m t\u1eeb g\u1ea1o n\u1ebfp, l\u00faa m\u1ea1ch d\u00ednh, khoai t\u00e2y, mang \u0111\u1ebfn h\u01b0\u01a1ng v\u1ecb thi\u00ean nhi\u00ean d\u01b0\u1ee1ng ch\u1ea5t, kh\u00e1c bi\u1ec7t c\u00e1c lo\u1ea1i h\u00e1 c\u1ea3o s\u1eed d\u1ee5ng b\u1ed9t m\u00ec th\u00f4ng th\u01b0\u1eddng. Khi h\u1ea5p chin, h\u01b0\u01a1ng s\u1ea3n ph\u1ea9m d\u1eady m\u00f9i, k\u00edch th\u00edch v\u1ecb gi\u00e1c v\u00e0 s\u1ef1 th\u00e8m \u0103n.<\/p>\n<p>&#8211; T\u00edch h\u1ee3p 5 lo\u1ea1i rau c\u1ee7 \u0111\u1eadm v\u1ecb: nguy\u00ean v\u1eadt li\u1ec7u ch\u1ebf bi\u1ebfn tinh t\u00fay nh\u1ea5t trong c\u00e1c m\u00f3n \u0103n \u0111\u01b0\u1ee3c t\u1ed5ng h\u00f2a trong h\u00e1 c\u1ea3o Dongwon v\u1edbi 5 v\u1ecb : h\u00e0nh t\u00e2y, \u1edbt \u0111\u1ecf, ti\u00eau xanh, t\u1ecfi t\u00e2y, t\u1ecfi. Nh\u1eefng gia v\u1ecb c\u1ee7 n\u00e0y \u0111\u01b0\u1ee3c xem l\u00e0 b\u00ed thu\u1eadt t\u1ea1o n\u00ean h\u01b0\u01a1ng v\u1ecb m\u00f3n \u0103n \u0111\u1eadm \u0111\u00e0.<\/p>\n<p>&#8211; 100% th\u1ecbt heo t\u01b0\u01a1i H\u00e0n Qu\u1ed1c : s\u1eed d\u1ee5ng ngu\u1ed3n th\u1ecbt t\u01b0\u01a1i nguy\u00ean t\u1eeb H\u00e0n Qu\u1ed1c, \u0111\u01b0\u1ee3c nu\u00f4i v\u00e0 ki\u1ec3m so\u00e1t theo quy tr\u00ecnh v\u1ec7 sinh ch\u1eb7t ch\u1ebd, b\u1ea3o \u0111\u1ea3m an to\u00e0n th\u1ef1c ph\u1ea9m.<\/p>\n<p><img decoding=\"async\" class=\"aligncenter\" src=\"https:\/\/havamall.vn\/wp-content\/uploads\/2019\/03\/pan-fried-pork-water-chestnut-dumplings-taste-135077-1.jpg\" alt=\"K\u00e1\u00ba\u00bft qu\u00e1\u00ba\u00a3 h\u00c3\u00acnh \u00e1\u00ba\u00a3nh cho dumpling fried\" width=\"803\" height=\"535\" \/><\/p>\n<p>Th\u00e0nh ph\u1ea7n: Th\u1ecbt heo, b\u1ed9t l\u00faa m\u00ec, chieves, protein th\u1ecbt heo, t\u00f4m, c\u00e0 r\u1ed1t, h\u00e0nh t\u00e2y, b\u1eafp c\u1ea3i, m\u1ef1c, n\u1ea5m, tinh b\u1ed9t ng\u00f4, b\u1ed9t h\u1ea1t ti\u00eau \u0111en, b\u1ed9t g\u1ea1o n\u1ebfp, b\u1ed9t l\u00faa m\u1ea1ch d\u1ebbo, b\u1ed9t khoai t\u00e2y, Gluten, Dextrin, m\u00ec Cellophane,&#8230;<\/p>\n<p>\u0110\u1eb7c \u0111i\u1ec3m : Gi\u00f2n dai, h\u01b0\u01a1ng th\u1ecbt t\u01b0\u01a1i h\u00f2a tr\u1ed9n rau c\u1ee7, kh\u00f4ng b\u1ecb ng\u1ea5y, d\u1ec5 \u0103n, th\u00edch h\u1ee3p cho nh\u1eefng ng\u00e0y l\u1ea1nh.<\/p>","protected":false},"excerpt":{"rendered":"<p>N\u1ebfu \u0111\u00e3 th\u01b0\u1edfng th\u1ee9c nh\u1eefng lo\u1ea1i H\u00e1 c\u1ea3o h\u1ea5p c\u1ee7a Dongwon r\u1ed3i th\u00ec b\u00e2y gi\u1edd Dongwon l\u1ea1i cho ra \u0111\u1eddi s\u1ea3n ph\u1ea9m th\u01a1m ngon m\u1edbi \u0111\u00f3 ch\u00ednh l\u00e0 H\u00e1 c\u1ea3o chi\u00ean, m\u1ed9t h\u00ecnh th\u1ee9c ch\u1ebf bi\u1ebfn m\u1edbi s\u1ebd l\u00e0m cho ng\u01b0\u1eddi th\u01b0\u1edfng th\u1ee9c th\u00fa v\u1ecb h\u01a1n v\u1edbi h\u01b0\u01a1ng v\u1ecb chi\u00ean c\u1ee7a t\u1eebng vi\u00ean H\u00e1 c\u1ea3o m\u00e0 Dongwon mang l\u1ea1i.<\/p>","protected":false},"featured_media":10156,"comment_status":"open","ping_status":"closed","template":"","meta":[],"product_brand":[],"product_cat":[275,36],"product_tag":[],"class_list":{"0":"post-10146","1":"product","2":"type-product","3":"status-publish","4":"has-post-thumbnail","6":"product_cat-thuc-pham-dong-lanh","7":"product_cat-thuc-pham-tieu-dung","9":"first","10":"outofstock","11":"sale","12":"shipping-taxable","13":"purchasable","14":"product-type-simple"},"_links":{"self":[{"href":"https:\/\/havamall.vn\/en\/wp-json\/wp\/v2\/product\/10146"}],"collection":[{"href":"https:\/\/havamall.vn\/en\/wp-json\/wp\/v2\/product"}],"about":[{"href":"https:\/\/havamall.vn\/en\/wp-json\/wp\/v2\/types\/product"}],"replies":[{"embeddable":true,"href":"https:\/\/havamall.vn\/en\/wp-json\/wp\/v2\/comments?post=10146"}],"version-history":[{"count":0,"href":"https:\/\/havamall.vn\/en\/wp-json\/wp\/v2\/product\/10146\/revisions"}],"wp:featuredmedia":[{"embeddable":true,"href":"https:\/\/havamall.vn\/en\/wp-json\/wp\/v2\/media\/10156"}],"wp:attachment":[{"href":"https:\/\/havamall.vn\/en\/wp-json\/wp\/v2\/media?parent=10146"}],"wp:term":[{"taxonomy":"product_brand","embeddable":true,"href":"https:\/\/havamall.vn\/en\/wp-json\/wp\/v2\/product_brand?post=10146"},{"taxonomy":"product_cat","embeddable":true,"href":"https:\/\/havamall.vn\/en\/wp-json\/wp\/v2\/product_cat?post=10146"},{"taxonomy":"product_tag","embeddable":true,"href":"https:\/\/havamall.vn\/en\/wp-json\/wp\/v2\/product_tag?post=10146"}],"curies":[{"name":"wp","href":"https:\/\/api.w.org\/{rel}","templated":true}]}}