{"id":10109,"date":"2019-03-15T16:15:36","date_gmt":"2019-03-15T09:15:36","guid":{"rendered":"https:\/\/havamall.vn\/?post_type=product&#038;p=10109"},"modified":"2021-12-23T11:41:21","modified_gmt":"2021-12-23T04:41:21","slug":"ha-cao-rau-cu-dumpling-vegetables-dongwon","status":"publish","type":"product","link":"https:\/\/havamall.vn\/en\/shop\/ha-cao-rau-cu-dumpling-vegetables-dongwon\/","title":{"rendered":"H\u00e1 C\u1ea3o Rau C\u1ee7 Dumpling Vegetables Dongwon"},"content":{"rendered":"<p>H\u00e1 c\u1ea3o l\u00e0 1 trong nh\u1eefng bi\u1ebfn th\u1ec3 t\u1eeb Dimsum.\u00a0\u00a0Dimsum n\u00f3i chung v\u00e0 h\u00e1 c\u1ea3o n\u00f3i ri\u00eang \u0111\u01b0\u1ee3c \u0111\u00e1nh gi\u00e1 quy t\u1ee5 3 y\u1ebfu t\u1ed1 c\u1ee7a m\u1ed9t m\u00f3n \u0103n ngon: H\u01b0\u01a1ng \u2013 S\u1eafc \u2013 V\u1ecb. S\u1ef1 c\u1ea7u k\u1ef3 kh\u00e9o l\u00e9o khi t\u1ea1o h\u00ecnh v\u1ecf b\u00e1nh, c\u00e1ch ph\u1ed1i tr\u1ed9n nguy\u00ean li\u1ec7u v\u00e0 n\u00eam n\u1ebfm gia v\u1ecb \u0111\u1eb7c th\u00f9. Th\u00e0nh ph\u1ea9m l\u00e0 s\u1ef1 t\u1ed5ng h\u00f2a n\u1ed9i t\u1ea1i ch\u1ea5t l\u01b0\u1ee3ng v\u00e0 s\u1edf h\u1eefu v\u1ebb ngo\u00e0i tinh t\u1ebf, c\u00e1ch b\u00e0i tr\u00ed t\u1eebng chi\u1ebfc h\u00e1 c\u1ea3o tr\u00ean x\u1eedng tre, sao cho khi d\u1ecdn m\u00f3n l\u00ean, b\u00ean d\u01b0\u1edbi l\u00e0n kh\u00f3i m\u1edd m\u1edd h\u01b0 \u1ea3o l\u00e0 t\u1eebng chi\u1ebfc h\u00e1 c\u1ea3o th\u01a1m m\u1ec1m hi\u1ec7n ra, khi\u1ebfn bao th\u1ef1c kh\u00e1ch ph\u1ea3i m\u00ea m\u1ea9n.<\/p>\n<p><img fetchpriority=\"high\" decoding=\"async\" class=\"aligncenter\" src=\"https:\/\/havamall.vn\/wp-content\/uploads\/2019\/03\/di_an_dim_sum_va_thuong_tra_2.jpg\" alt=\"K\u00e1\u00ba\u00bft qu\u00e1\u00ba\u00a3 h\u00c3\u00acnh \u00e1\u00ba\u00a3nh cho dimsum rau c\u00e1\u00bb\u00a7\" width=\"859\" height=\"430\" \/><\/p>\n<p>H\u00e1 c\u1ea3o \u0111\u00e3 tr\u1edf th\u00e0nh m\u00f3n \u0103n quen thu\u1ed9c, ph\u1ed5 bi\u1ebfn \u1edf h\u1ea7u h\u1ebft c\u00e1c qu\u1ed1c gia Ch\u00e2u \u00c1 nh\u01b0\u00a0H\u00e0n Qu\u1ed1c, Nh\u1eadt B\u1ea3n, Trung Qu\u1ed1c.\u00a0H\u00e1 c\u1ea3o \u0111\u00f3ng g\u00f3i th\u01b0\u01a1ng hi\u1ec7u DongWon \u0111\u01b0\u1ee3c nh\u1eadp kh\u1ea9u tr\u1ef1c ti\u1ebfp t\u1eeb H\u00e0n Qu\u1ed1c v\u1edbi ch\u1ea5t l\u01b0\u1ee3ng s\u1ea3n ph\u1ea9m h\u00e0ng \u0111\u1ea7u v\u1edbi 5 v\u1ecb si\u00eau ngon t\u00f9y s\u1edf th\u00edch.<\/p>\n<p><strong>3 \u0110I\u1ec2M KH\u00c1C BI\u1ec6T H\u00c1 C\u1ea2O DONGWON<\/strong><\/p>\n<p>&#8211; Ch\u1ee9a 3 lo\u1ea1i h\u1ea1t ng\u0169 c\u1ed1c dinh d\u01b0\u1ee1ng h\u00e0ng \u0111\u1ea7u: Trong th\u00e0nh ph\u1ea7n v\u1ecf h\u00e1 c\u1ea3o \u0111\u01b0\u1ee3c l\u00e0m t\u1eeb g\u1ea1o n\u1ebfp, l\u00faa m\u1ea1ch d\u00ednh, khoai t\u00e2y, mang \u0111\u1ebfn h\u01b0\u01a1ng v\u1ecb thi\u00ean nhi\u00ean d\u01b0\u1ee1ng ch\u1ea5t, kh\u00e1c bi\u1ec7t c\u00e1c lo\u1ea1i h\u00e1 c\u1ea3o s\u1eed d\u1ee5ng b\u1ed9t m\u00ec th\u00f4ng th\u01b0\u1eddng. Khi h\u1ea5p ch\u00edn, h\u01b0\u01a1ng s\u1ea3n ph\u1ea9m d\u1eady m\u00f9i, k\u00edch th\u00edch v\u1ecb gi\u00e1c v\u00e0 s\u1ef1 th\u00e8m \u0103n.<\/p>\n<p>&#8211; T\u00edch h\u1ee3p 5 lo\u1ea1i rau c\u1ee7 \u0111\u1eadm v\u1ecb: nguy\u00ean v\u1eadt li\u1ec7u ch\u1ebf bi\u1ebfn tinh t\u00fay nh\u1ea5t trong c\u00e1c m\u00f3n \u0103n \u0111\u01b0\u1ee3c t\u1ed5ng h\u00f2a trong h\u00e1 c\u1ea3o Dongwon v\u1edbi 5 v\u1ecb : h\u00e0nh t\u00e2y, \u1edbt \u0111\u1ecf, ti\u00eau xanh, t\u1ecfi t\u00e2y, t\u1ecfi. Nh\u1eefng gia v\u1ecb c\u1ee7 n\u00e0y \u0111\u01b0\u1ee3c xem l\u00e0 b\u00ed thu\u1eadt t\u1ea1o n\u00ean h\u01b0\u01a1ng v\u1ecb m\u00f3n \u0103n \u0111\u1eadm \u0111\u00e0.<\/p>\n<p>&#8211; 100% th\u1ecbt heo t\u01b0\u01a1i H\u00e0n Qu\u1ed1c : s\u1eed d\u1ee5ng ngu\u1ed3n th\u1ecbt t\u01b0\u01a1i nguy\u00ean t\u1eeb H\u00e0n Qu\u1ed1c, \u0111\u01b0\u1ee3c nu\u00f4i v\u00e0 ki\u1ec3m so\u00e1t theo quy tr\u00ecnh v\u1ec7 sinh ch\u1eb7t ch\u1ebd, b\u1ea3o \u0111\u1ea3m an to\u00e0n th\u1ef1c ph\u1ea9m<\/p>\n<p><img decoding=\"async\" class=\"aligncenter\" src=\"https:\/\/havamall.vn\/wp-content\/uploads\/2019\/03\/47214661f55f49ee9f61ee56b32b8282.jpg\" alt=\"H\u00c3\u00acnh \u00e1\u00ba\u00a3nh c\u00c3\u00b3 li\u00c3\u00aan quan\" width=\"775\" height=\"447\" \/><\/p>\n<p>B\u1ecdc b\u00ean ngo\u00e0i m\u1ed9t l\u1edbp b\u1ed9t m\u1ecfng, H\u00e1 c\u1ea3o \u0111\u01b0\u1ee3c h\u1ea5p ch\u00edn ho\u1eb7c r\u00e1n, sau \u0111\u00f3 \u0111\u1eb7t trong nh\u1eefng chi\u1ebfc x\u1eedng nh\u1ecf nh\u1eafn, h\u01b0\u01a1ng v\u1ecb th\u1ee9c \u0103n ng\u1ea5m s\u00e2u v\u00e0o t\u1eebng th\u1edb tre to\u1ea3 h\u01b0\u01a1ng m\u1ed9c m\u1ea1c l\u00e0m d\u1eady kh\u1ea9u v\u1ecb. N\u00f3ng v\u00e0 ph\u1ea3i gi\u1eef h\u01b0\u01a1ng v\u1ecb nh\u01b0 l\u00fac m\u1edbi ch\u1ebf bi\u1ebfn xong, \u0111\u00f3 l\u00e0 y\u00eau c\u1ea7u \u0111\u1ed1i v\u1edbi m\u00f3n \u0103n n\u00e0y.M\u1ed7i m\u1ed9t chi\u1ebfc H\u00e1 c\u1ea3o tuy nh\u1ecf nh\u1eefng l\u1ea1i g\u00f3i g\u00e9m tr\u1ecdn v\u1eb9n nh\u1eefng tinh tu\u00fd c\u1ee7a \u1ea9m th\u1ef1c. S\u1ef1 \u0111a d\u1ea1ng \u1edf h\u01b0\u01a1ng v\u1ecb, c\u1ea7u k\u00ec trong c\u00e1ch ch\u1ebf bi\u1ebfn v\u00e0 th\u01b0\u1edfng th\u1ee9c c\u00f9ng v\u1edbi v\u0103n ho\u00e1 \u1ea9m th\u1ef1c l\u00e2u \u0111\u1eddi, H\u00e1 c\u1ea3o kh\u00f4ng ch\u1ec9 l\u00e0 m\u00f3n \u0103n truy\u1ec1n th\u1ed1ng th\u1ec3 hi\u1ec7n tinh th\u1ea7n ng\u01b0\u1eddi Trung Qu\u1ed1c m\u00e0 c\u00f2n th\u1ef1c s\u1ef1 ch\u1ea1m \u0111\u1ebfn tr\u00e1i tim c\u1ee7a th\u1ef1c kh\u00e1ch b\u1ed1n ph\u01b0\u01a1ng. Ng\u00e0y nay, H\u00e1 c\u1ea3o \u0111\u00e3 \u0111\u01b0\u1ee3c y\u00eau th\u00edch r\u1ed9ng r\u00e3i kh\u1eafp m\u1ecdi n\u01a1i.<\/p>","protected":false},"excerpt":{"rendered":"<p>B\u1ea1n l\u00e0 t\u00edn \u0111\u1ed3 c\u1ee7a m\u00f3n Dim Sum, b\u1ea1n th\u01b0\u1eddng l\u00f9ng s\u1ee5c t\u1ea5t c\u1ea3 nh\u1eefng n\u01a1i b\u00e1n Dim Sum \u0111\u1ec3 t\u1edbi th\u01b0\u1eddng th\u1ee9c, v\u1eady th\u00ec H\u00e1 C\u1ea3o Rau C\u1ee7 Dongwon l\u00e0 s\u1ea3n ph\u1ea9m b\u1ea1n n\u00ean th\u1eed v\u00ec ch\u1eafc ch\u1eafc n\u00f3 s\u1ebd mang l\u1ea1i cho b\u1ea1n c\u1ea3m gi\u00e1c h\u00e0i l\u00f2ng khi th\u01b0\u1edfng th\u1ee9c.<\/p>","protected":false},"featured_media":10133,"comment_status":"open","ping_status":"closed","template":"","meta":[],"product_brand":[],"product_cat":[275,36],"product_tag":[],"class_list":{"0":"post-10109","1":"product","2":"type-product","3":"status-publish","4":"has-post-thumbnail","6":"product_cat-thuc-pham-dong-lanh","7":"product_cat-thuc-pham-tieu-dung","9":"first","10":"outofstock","11":"sale","12":"shipping-taxable","13":"purchasable","14":"product-type-simple"},"_links":{"self":[{"href":"https:\/\/havamall.vn\/en\/wp-json\/wp\/v2\/product\/10109"}],"collection":[{"href":"https:\/\/havamall.vn\/en\/wp-json\/wp\/v2\/product"}],"about":[{"href":"https:\/\/havamall.vn\/en\/wp-json\/wp\/v2\/types\/product"}],"replies":[{"embeddable":true,"href":"https:\/\/havamall.vn\/en\/wp-json\/wp\/v2\/comments?post=10109"}],"version-history":[{"count":0,"href":"https:\/\/havamall.vn\/en\/wp-json\/wp\/v2\/product\/10109\/revisions"}],"wp:featuredmedia":[{"embeddable":true,"href":"https:\/\/havamall.vn\/en\/wp-json\/wp\/v2\/media\/10133"}],"wp:attachment":[{"href":"https:\/\/havamall.vn\/en\/wp-json\/wp\/v2\/media?parent=10109"}],"wp:term":[{"taxonomy":"product_brand","embeddable":true,"href":"https:\/\/havamall.vn\/en\/wp-json\/wp\/v2\/product_brand?post=10109"},{"taxonomy":"product_cat","embeddable":true,"href":"https:\/\/havamall.vn\/en\/wp-json\/wp\/v2\/product_cat?post=10109"},{"taxonomy":"product_tag","embeddable":true,"href":"https:\/\/havamall.vn\/en\/wp-json\/wp\/v2\/product_tag?post=10109"}],"curies":[{"name":"wp","href":"https:\/\/api.w.org\/{rel}","templated":true}]}}