{"id":10096,"date":"2019-03-15T15:47:14","date_gmt":"2019-03-15T08:47:14","guid":{"rendered":"https:\/\/havamall.vn\/?post_type=product&#038;p=10096"},"modified":"2019-10-17T13:57:58","modified_gmt":"2019-10-17T06:57:58","slug":"sua-ca-phe-coffee-milk-binggrae","status":"publish","type":"product","link":"https:\/\/havamall.vn\/en\/shop\/sua-ca-phe-coffee-milk-binggrae\/","title":{"rendered":"S\u1eefa C\u00e0 ph\u00ea Coffee Milk Binggrae"},"content":{"rendered":"<p>S\u1eefa Binggrae H\u00e0n Qu\u1ed1c \u0111\u01b0\u1ee3c \u0111\u00f4ng \u0111\u1ea3o ng\u01b0\u1eddi ti\u00eau d\u00f9ng \u1edf m\u1ecdi l\u1ee9a tu\u1ed5i y\u00eau th\u00edch. S\u1ea3n ph\u1ea9m c\u00f3 h\u00e0m l\u01b0\u1ee3ng s\u1eefa t\u01b0\u01a1i l\u00ean \u0111\u1ebfn 80% n\u00ean c\u00f3 v\u1ecb ng\u1ecdt b\u00f9i v\u00e0 \u0111\u1eadm \u0111\u00e0, th\u01a1m ngon h\u01a1n c\u00e1c s\u1ea3n ph\u1ea9m kh\u00e1c, h\u00f2a quy\u1ec7n v\u1edbi h\u01b0\u01a1ng v\u1ecb tr\u00e1i c\u00e2y t\u1ea1o ra s\u1ef1 kh\u00e1c bi\u1ec7t so v\u1edbi c\u00e1c s\u1ea3n ph\u1ea9m s\u1eefa t\u01b0\u01a1i th\u00f4ng th\u01b0\u1eddng, k\u00edch th\u00edch v\u1ecb gi\u00e1c c\u1ee7a b\u1ea1n.Trong s\u1ed1 c\u00e1c ch\u1ebf ph\u1ea9m t\u1eeb s\u1eefa th\u00ec \u0111\u00e2y l\u00e0 m\u1ed9t trong s\u1ed1 \u00edt c\u00e1c s\u1ea3n ph\u1ea9m c\u00f3 h\u00e0m l\u01b0\u1ee3ng s\u1eefa cao.<\/p>\n<p><img fetchpriority=\"high\" decoding=\"async\" class=\"wp-image-12120 aligncenter\" src=\"https:\/\/havamall.vn\/wp-content\/uploads\/2019\/03\/sua-chuoi-dau-dua-gang-han-quoc-1507962566-1-4026021-1507962566-300x300.jpg\" alt=\"\" width=\"674\" height=\"674\" \/><\/p>\n<p>&nbsp;<\/p>\n<p>S\u1eefa Cafe Binggrae l\u00e0 m\u1ed9t lo\u1ea1i \u0111\u1ed3 u\u1ed1ng kh\u00f4ng c\u00f3 c\u1ed3n nh\u01b0ng l\u1ea1i \u0111\u01b0\u1ee3c cho r\u1eb1ng c\u00f3 kh\u1ea3 n\u0103ng g\u00e2y nghi\u1ec1n \u0111\u1ed1i v\u1edbi b\u1ea5t c\u1ee9 ai u\u1ed1ng th\u1eed n\u00f3 m\u1ed9t l\u1ea7n. \u0110\u1ed1i v\u1edbi nhi\u1ec1u ng\u01b0\u1eddi H\u00e0n Qu\u1ed1c, s\u1eefa l\u00e0 lo\u1ea1i \u0111\u1ed3 u\u1ed1ng g\u1ee3i l\u1ea1i nh\u1eefng k\u00fd \u1ee9c th\u1eddi th\u01a1 \u1ea5u v\u00e0 n\u1ebfu b\u1ea1n th\u1eed n\u00f3, b\u1ea1n s\u1ebd hi\u1ec3u l\u00fd do t\u1ea1i sao: b\u1edfi n\u00f3 \u0111\u01a1n gi\u1ea3n mang \u0111\u1ebfn cho b\u1ea1n m\u1ed9t c\u1ea3m gi\u00e1c nh\u1eb9 nh\u00e0ng v\u1edbi v\u1ecb ng\u1ecdt d\u1ecbu.<\/p>\n<p>Ng\u01b0\u1eddi H\u00e0n Qu\u1ed1c th\u1eadt s\u1ef1 tin r\u1eb1ng u\u1ed1ng s\u1eefa d\u00e2u (chu\u1ed1i, d\u01b0a l\u01b0\u1edbi, c\u00e0 ph\u00ea) s\u1ebd l\u00e0m cho b\u1ea1n c\u1ea3m th\u1ea5y th\u01b0 th\u00e1i v\u00e0 h\u1ea1nh ph\u00fac h\u01a1n. V\u1edbi h\u01b0\u01a1ng v\u1ecb ng\u1ecdt ng\u00e0o \u1edf H\u00e0n Qu\u1ed1c\u00a0d\u01b0\u1eddng nh\u01b0 \u0111\u00e3 tr\u1edf th\u00e0nh th\u1ee9c u\u1ed1ng kh\u00f4ng th\u1ec3 thi\u1ebfu khi \u0103n \u0111\u1ed3 n\u01b0\u1edbng hay b\u1ea5t c\u1ee9 m\u00f3n cay n\u00f3ng n\u00e0o c\u1ee7a x\u1ee9 s\u1edf n\u00e0y. S\u1eefa Cafe Binggrae\u00a0\u0111\u01b0\u1ee3c ng\u01b0\u1eddi H\u00e0n Qu\u1ed1c s\u1eed d\u1ee5ng kh\u00e1 th\u01b0\u1eddng xuy\u00ean b\u1edfi n\u00f3 c\u00f3 t\u00e1c d\u1ee5ng t\u1ed1t cho s\u1ee9c kh\u1ecfe<\/p>\n<p>&nbsp;<\/p>","protected":false},"excerpt":{"rendered":"<p>S\u1eefa Cafe Binggrae d\u00f2ng s\u1eefa m\u1edbi ho\u00e0n to\u00e0n \u0111\u01b0\u1ee3c h\u00f2a quy\u1ec7n c\u00f9ng v\u1ecb th\u01a1m c\u1ee7a c\u00e0 ph\u00ea v\u00e0 k\u1ebft h\u1ee3p v\u1edbi 80 % l\u01b0\u1ee3ng s\u1eefa m\u1ec1m m\u1ecbn, s\u1ebd cho ta c\u1ea3m gi\u00e1c kh\u00f3 c\u01b0\u1ee1ng khi d\u00f9ng, \u0111\u1eb7c bi\u1ec7t h\u01b0\u01a1ng th\u01a1m h\u00f2a quy\u1ec7n l\u00e0 k\u1ebft h\u1ee3p kh\u00f4ng c\u0169 nh\u01b0ng \u0111\u1ee7 m\u1edbi m\u1ebb \u0111\u1ec3 cho ng\u01b0\u1eddi u\u1ed1ng c\u00f3 th\u1ec3 c\u1ea3m nh\u1eadn \u0111\u01b0\u1ee3c t\u1eebng v\u1ecb \u0111\u1eb7c tr\u01b0ng.<\/p>","protected":false},"featured_media":10106,"comment_status":"open","ping_status":"closed","template":"","meta":[],"product_brand":[],"product_cat":[626],"product_tag":[],"class_list":{"0":"post-10096","1":"product","2":"type-product","3":"status-publish","4":"has-post-thumbnail","6":"product_cat-het-hang","7":"pa_brand-binggrae","9":"first","10":"outofstock","11":"sale","12":"shipping-taxable","13":"purchasable","14":"product-type-simple"},"_links":{"self":[{"href":"https:\/\/havamall.vn\/en\/wp-json\/wp\/v2\/product\/10096"}],"collection":[{"href":"https:\/\/havamall.vn\/en\/wp-json\/wp\/v2\/product"}],"about":[{"href":"https:\/\/havamall.vn\/en\/wp-json\/wp\/v2\/types\/product"}],"replies":[{"embeddable":true,"href":"https:\/\/havamall.vn\/en\/wp-json\/wp\/v2\/comments?post=10096"}],"version-history":[{"count":0,"href":"https:\/\/havamall.vn\/en\/wp-json\/wp\/v2\/product\/10096\/revisions"}],"wp:featuredmedia":[{"embeddable":true,"href":"https:\/\/havamall.vn\/en\/wp-json\/wp\/v2\/media\/10106"}],"wp:attachment":[{"href":"https:\/\/havamall.vn\/en\/wp-json\/wp\/v2\/media?parent=10096"}],"wp:term":[{"taxonomy":"product_brand","embeddable":true,"href":"https:\/\/havamall.vn\/en\/wp-json\/wp\/v2\/product_brand?post=10096"},{"taxonomy":"product_cat","embeddable":true,"href":"https:\/\/havamall.vn\/en\/wp-json\/wp\/v2\/product_cat?post=10096"},{"taxonomy":"product_tag","embeddable":true,"href":"https:\/\/havamall.vn\/en\/wp-json\/wp\/v2\/product_tag?post=10096"}],"curies":[{"name":"wp","href":"https:\/\/api.w.org\/{rel}","templated":true}]}}