{"id":10064,"date":"2019-03-15T14:05:37","date_gmt":"2019-03-15T07:05:37","guid":{"rendered":"https:\/\/havamall.vn\/?post_type=product&#038;p=10064"},"modified":"2019-05-10T15:29:30","modified_gmt":"2019-05-10T08:29:30","slug":"nuoc-ep-viet-quat-blueberry-water-woongjin","status":"publish","type":"product","link":"https:\/\/havamall.vn\/en\/shop\/nuoc-ep-viet-quat-blueberry-water-woongjin\/","title":{"rendered":"N\u01b0\u1edbc \u00c9p Vi\u1ec7t Qu\u1ea5t Blueberry Water Woongjin"},"content":{"rendered":"<p>Tr\u00e1i vi\u1ec7t qu\u1ea5t Blueberry hay c\u00f2n g\u1ecdi l\u00e0 Sim \u00dac l\u00e0 m\u1ed9t lo\u1ea1i qu\u1ea3 c\u00f3 nhi\u1ec1u ch\u1ea5t b\u1ed5 d\u01b0\u1ee1ng gi\u00fap ch\u1ed1ng l\u1ea1i b\u1ec7nh ti\u1ec3u \u0111\u01b0\u1eddng, b\u1ec7nh tim m\u1ea1ch, gi\u1ea3m cholesterol v\u00e0 nh\u1ea5t l\u00e0 hi\u1ec7n t\u01b0\u1ee3ng l\u00e3o h\u00f3a c\u1ee7a c\u00e1c t\u1ebf b\u00e0o trong c\u01a1 th\u1ec3. \u0110\u00e2y c\u00f2n \u0111\u01b0\u1ee3c m\u1ec7nh danh l\u00e0 m\u1ed9t lo\u1ea1i qu\u1ea3 \u0111\u1ec3 ch\u1ebf thu\u1ed1c tr\u01b0\u1eddng sinh, mang l\u1ea1i tu\u1ed5i th\u1ecd l\u00fd t\u01b0\u1edfng cho con ng\u01b0\u1eddi.\u00a0Qu\u1ea3 vi\u1ec7t qu\u1ea5t ch\u1ee9a \u0111\u1ea7y \u0111\u1ee7 c\u00e1c d\u01b0\u1ee1ng ch\u1ea5t m\u00e0 c\u01a1 th\u1ec3 c\u1ea7n \u0111\u1ec3 ho\u1ea1t \u0111\u1ed9ng kh\u1ecfe m\u1ea1nh. Ch\u00fang c\u0169ng l\u00e0 ngu\u1ed3n cung c\u1ea5p d\u1ed3i d\u00e0o vitamin A, vitamin K, ma gi\u00ea v\u00e0 ch\u1ea5t x\u01a1 quan tr\u1ecdng. M\u1ed9t \u0111i\u1ec1u tuy\u1ec7t v\u1eddi kh\u00e1c t\u1eeb qu\u1ea3 vi\u1ec7t qu\u1ea5t \u0111\u00f3 l\u00e0 ch\u00fang c\u00f3 l\u01b0\u1ee3ng \u0111\u01b0\u1eddng th\u1ea5p. C\u00f3 ngh\u0129a l\u00e0 lo\u1ea1i qu\u1ea3 n\u00e0y kh\u00f4ng l\u00e0m t\u0103ng n\u1ed3ng \u0111\u1ed9 \u0111\u01b0\u1eddng trong m\u00e1u c\u1ee7a b\u1ea1n sau khi \u0103n.<\/p>\n<p><img fetchpriority=\"high\" decoding=\"async\" class=\"aligncenter\" src=\"https:\/\/havamall.vn\/wp-content\/uploads\/2019\/03\/shutterstock_214714027.jpg\" alt=\"K\u00e1\u00ba\u00bft qu\u00e1\u00ba\u00a3 h\u00c3\u00acnh \u00e1\u00ba\u00a3nh cho blueberry juice\" width=\"798\" height=\"532\" \/><\/p>\n<p>Nay v\u1edbi N\u01b0\u1edbc \u00e9p vi\u1ec7t qu\u1ea5t Woongjin th\u00ec c\u00f2n nhi\u1ec1u dinh d\u01b0\u1ee1ng h\u01a1n v\u1edbi :<\/p>\n<ol>\n<li>C\u1ea3i thi\u1ec7n tr\u00ed nh\u1edb:\u00a0Ch\u00fang gi\u00fap b\u1ed9 n\u00e3o ch\u1ed1ng l\u1ea1i stress oxy h\u00f3a v\u00e0 gi\u1ea3m c\u00e1c v\u1ea5n \u0111\u1ec1 v\u1ec1 tr\u00ed nh\u1edb li\u00ean quan \u0111\u1ebfn tu\u1ed5i t\u00e1c nh\u01b0 ch\u1ee9ng m\u1ea5t tr\u00ed v\u00e0 b\u1ec7nh alzheimer.<\/li>\n<li>Duy tr\u00ec th\u1ecb l\u1ef1c t\u1ed1t:\u00a0 Qu\u1ea3 vi\u1ec7t qu\u1ea5t l\u00e0 ngu\u1ed3n cung c\u1ea5p vitamin A tuy\u1ec7t v\u1eddi, m\u1ed9t lo\u1ea1i ch\u1ea5t dinh d\u01b0\u1ee1ng c\u1ea7n thi\u1ebft cho th\u1ecb l\u1ef1c.<\/li>\n<li>H\u1ea1 cholesterol<\/li>\n<li>Ng\u0103n ng\u1eeba b\u1ec7nh tim:\u00a0Qu\u1ea3 vi\u1ec7t qu\u1ea5t c\u00f3 t\u00e1c d\u1ee5ng gi\u1eef cholesterol d\u01b0\u1edbi m\u1ee9c cho ph\u00e9p, do \u0111\u00f3 m\u00e0 ch\u00fang c\u00f3 t\u00e1c d\u1ee5ng c\u1ea3i thi\u1ec7n s\u1ee9c kh\u1ecfe tim m\u1ea1ch.<\/li>\n<li>Gi\u1ea3m m\u1ee1 b\u1ee5ng, h\u1ed7 tr\u1ee3 qu\u00e1 tr\u00ecnh gi\u1ea3m c\u00e2n.<\/li>\n<li>T\u0103ng c\u01b0\u1eddng h\u1ec7 mi\u1ec5n d\u1ecbch:\u00a0C\u00e1c ch\u1ea5t ch\u1ed1ng oxy h\u00f3a nh\u01b0 vitamin A, vitamin B ph\u1ee9c t\u1ea1p, vitamin C, vitamin E, anthocyanin, \u0111\u1ed3ng, s\u1eaft, selen, k\u1ebdm ch\u1ee9a trong qu\u1ea3 vi\u1ec7t qu\u1ea5t gi\u00fap t\u0103ng c\u01b0\u1eddng h\u1ec7 th\u1ed1ng mi\u1ec5n d\u1ecbch.<\/li>\n<\/ol>\n<p><img decoding=\"async\" class=\"aligncenter\" src=\"https:\/\/havamall.vn\/wp-content\/uploads\/2019\/03\/GettyImages-503244025-5a9060ef3037130037066903.jpg\" alt=\"H\u00c3\u00acnh \u00e1\u00ba\u00a3nh c\u00c3\u00b3 li\u00c3\u00aan quan\" \/><\/p>\n<p>N\u01b0\u1edbc \u00e9p vi\u1ec7t qu\u1ea5t Woongjin :<\/p>\n<ul>\n<li>\u0110\u1ea3m b\u1ea3o v\u1ec7 sinh an to\u00e0n th\u1ef1c ph\u1ea9m:\u00a0N\u01b0\u1edbc \u00e9p vi\u1ec7t qu\u1ea5t 10% Pfanner l\u00e0 s\u1ea3n ph\u1ea9m ch\u1ea5t l\u01b0\u1ee3ng cao, \u0111\u01b0\u1ee3c s\u1ea3n xu\u1ea5t v\u00e0 \u0111\u00f3ng h\u1ed9p tr\u00ean d\u00e2y chuy\u1ec1n hi\u1ec7n \u0111\u1ea1i theo c\u00f4ng ngh\u1ec7 ti\u00ean ti\u1ebfn.<\/li>\n<li>S\u1ea3n ph\u1ea9m kh\u00f4ng s\u1eed d\u1ee5ng h\u00f3a ch\u1ea5t, ch\u1ea5t b\u1ea3o qu\u1ea3n \u0111\u1ed9c h\u1ea1i, \u0111\u1ea3m b\u1ea3o an to\u00e0n cho s\u1ee9c kh\u1ecfe ng\u01b0\u1eddi ti\u00eau d\u00f9ng.<\/li>\n<li>L\u00e0 lo\u1ea1i th\u1ee9c u\u1ed1ng v\u1eeba th\u01a1m ngon, t\u1ed1t cho s\u1ee9c kho\u1ebb v\u00e0 ph\u00f9 h\u1ee3p cho t\u1ea5t c\u1ea3 m\u1ecdi ng\u01b0\u1eddi.<\/li>\n<li>Th\u00e0nh ph\u1ea7n ho\u00e0n to\u00e0n t\u1ef1 nhi\u00ean:\u00a0 n\u01b0\u1edbc u\u1ed1ng, n\u01b0\u1edbc \u00e9p vi\u1ec7t qu\u1ea5t, \u0111\u01b0\u1eddng\u2026 \u0111\u01b0\u1ee3c ch\u1ebf bi\u1ebfn theo c\u00f4ng th\u1ee9c \u0111\u1eb7c bi\u1ec7t, mang t\u1edbi h\u01b0\u01a1ng v\u1ecb t\u1ef1 nhi\u00ean c\u1ee7a tr\u00e1i c\u00e2y th\u01a1m ngon h\u1ea5p d\u1eabn, chua ng\u1ecdt, thanh m\u00e1t gi\u00fap b\u1ea1n gi\u1ea3i kh\u00e1t ngay t\u1ee9c th\u00ec.<\/li>\n<\/ul>","protected":false},"excerpt":{"rendered":"<p>N\u01b0\u1edbc \u00e9p vi\u1ec7t qu\u1ea5t Woongjin l\u00e0 lo\u1ea1i th\u1ee9c u\u1ed1ng b\u1ea1n n\u00ean b\u1ed5 sung m\u1ed7i ng\u00e0y cho c\u01a1 th\u1ec3, \u0111\u1ec3 t\u0103ng c\u01b0\u1eddng s\u1ee9c kho\u1ebb. N\u01b0\u1edbc \u00e9p vi\u1ec7t qu\u1ea5t l\u00e0 c\u00e1ch d\u1ec5 d\u00e0ng \u0111\u1ec3 mang l\u1ea1i d\u01b0\u1ee1ng ch\u1ea5t quan tr\u1ecdng cho c\u01a1 th\u1ec3 c\u1ee7a b\u1ea1n c\u1ea3 m\u1ed9t ng\u00e0y d\u00e0i.<\/p>","protected":false},"featured_media":10067,"comment_status":"open","ping_status":"closed","template":"","meta":[],"product_brand":[],"product_cat":[135,143],"product_tag":[],"class_list":{"0":"post-10064","1":"product","2":"type-product","3":"status-publish","4":"has-post-thumbnail","6":"product_cat-sua-do-uong","7":"product_cat-thuc-pham-dong-hop","9":"first","10":"outofstock","11":"sale","12":"shipping-taxable","13":"purchasable","14":"product-type-simple"},"_links":{"self":[{"href":"https:\/\/havamall.vn\/en\/wp-json\/wp\/v2\/product\/10064"}],"collection":[{"href":"https:\/\/havamall.vn\/en\/wp-json\/wp\/v2\/product"}],"about":[{"href":"https:\/\/havamall.vn\/en\/wp-json\/wp\/v2\/types\/product"}],"replies":[{"embeddable":true,"href":"https:\/\/havamall.vn\/en\/wp-json\/wp\/v2\/comments?post=10064"}],"version-history":[{"count":0,"href":"https:\/\/havamall.vn\/en\/wp-json\/wp\/v2\/product\/10064\/revisions"}],"wp:featuredmedia":[{"embeddable":true,"href":"https:\/\/havamall.vn\/en\/wp-json\/wp\/v2\/media\/10067"}],"wp:attachment":[{"href":"https:\/\/havamall.vn\/en\/wp-json\/wp\/v2\/media?parent=10064"}],"wp:term":[{"taxonomy":"product_brand","embeddable":true,"href":"https:\/\/havamall.vn\/en\/wp-json\/wp\/v2\/product_brand?post=10064"},{"taxonomy":"product_cat","embeddable":true,"href":"https:\/\/havamall.vn\/en\/wp-json\/wp\/v2\/product_cat?post=10064"},{"taxonomy":"product_tag","embeddable":true,"href":"https:\/\/havamall.vn\/en\/wp-json\/wp\/v2\/product_tag?post=10064"}],"curies":[{"name":"wp","href":"https:\/\/api.w.org\/{rel}","templated":true}]}}