{"id":10056,"date":"2019-03-15T13:46:47","date_gmt":"2019-03-15T06:46:47","guid":{"rendered":"https:\/\/havamall.vn\/?post_type=product&#038;p=10056"},"modified":"2019-05-10T15:29:40","modified_gmt":"2019-05-10T08:29:40","slug":"nuoc-nho-grape-water-woongjin","status":"publish","type":"product","link":"https:\/\/havamall.vn\/en\/shop\/nuoc-nho-grape-water-woongjin\/","title":{"rendered":"N\u01b0\u1edbc Nho Grape Water Woongjin"},"content":{"rendered":"<p>T\u1ea5t c\u1ea3 nh\u1eefng l\u1ee3i \u00edch t\u00ecm th\u1ea5y trong nho c\u0169ng \u0111\u01b0\u1ee3c t\u00ecm th\u1ea5y trong N\u01b0\u1edbc \u00e9p nho Woongjin, v\u1eady t\u1ea1i sao b\u1ea1n ch\u01b0a b\u1eaft \u0111\u1ea7u u\u1ed1ng n\u01b0\u1edbc \u00e9p nho ngay b\u00e2y gi\u1edd?\u00a0N\u01b0\u1edbc \u00e9p lu\u00f4n t\u1ed1t h\u01a1n l\u00e0 \u0103n\u00a0tr\u00e1i c\u00e2y v\u00ec n\u00f3 c\u1ea7n nhi\u1ec1u tr\u00e1i c\u00e2y h\u01a1n \u0111\u1ec3 l\u1ea5y m\u1ed9t ly n\u01b0\u1edbc tr\u00e1i c\u00e2y h\u01a1n s\u1ed1 l\u01b0\u1ee3ng tr\u00e1i c\u00e2y m\u00e0 b\u1ea1n \u0103n.<\/p>\n<p><img fetchpriority=\"high\" decoding=\"async\" class=\"aligncenter\" src=\"https:\/\/havamall.vn\/wp-content\/uploads\/2019\/03\/1477553486087_8600214.jpg\" alt=\"K\u00e1\u00ba\u00bft qu\u00e1\u00ba\u00a3 h\u00c3\u00acnh \u00e1\u00ba\u00a3nh cho n\u00c6\u00b0\u00e1\u00bb\u009bc \u00c3\u00a9p nho\" width=\"636\" height=\"449\" \/><\/p>\n<p>N\u01b0\u1edbc \u00e9p t\u1eeb c\u00e1c lo\u1ea1i tr\u00e1i c\u00e2y, rau c\u1ee7 lu\u00f4n \u0111\u01b0\u1ee3c nhi\u1ec1u ng\u01b0\u1eddi y\u00eau th\u00edch b\u1edfi h\u01b0\u01a1ng v\u1ecb c\u0169ng nh\u01b0 nh\u1eefng l\u1ee3i \u00edch m\u00e0 ch\u00fang mang l\u1ea1i. S\u1ea3n ph\u1ea9m\u00a0N\u01b0\u1edbc \u00e9p nho\u00a0Woongjin\u00a0\u0111\u01b0\u1ee3c s\u1ea3n xu\u1ea5t tr\u00ean d\u00e2y chuy\u1ec1n c\u00f4ng ngh\u1ec7 hi\u1ec7n \u0111\u1ea1i c\u00f9ng ngu\u1ed3n nguy\u00ean li\u1ec7u \u0111\u01b0\u1ee3c ch\u1ecdn l\u1ecdc m\u1ed9t c\u00e1ch nghi\u00eam ng\u1eb7t s\u1ebd mang \u0111\u1ebfn cho gia \u0111\u00ecnh b\u1ea1n nh\u1eefng chai\u00a0n\u01b0\u1edbc \u00e9p tr\u00e1i c\u00e2y\u00a0th\u01a1m ngon nh\u1ea5t. B\u00ean c\u1ea1nh \u0111\u00f3, s\u1ea3n ph\u1ea9m \u0111\u01b0\u1ee3c l\u00e0m t\u1eeb c\u00e1c th\u00e0nh ph\u1ea7n t\u1ef1 nhi\u00ean r\u1ea5t an to\u00e0n cho s\u1ee9c kh\u1ecfe ng\u01b0\u1eddi ti\u00eau d\u00f9ng.<\/p>\n<p>Nho l\u00e0 lo\u1ea1i qu\u1ea3 r\u1ea5t t\u1ed1t cho s\u1ee9c kh\u1ecfe. N\u01b0\u1edbc \u00e9p t\u1eeb nho ch\u1ee9a h\u00e0m l\u01b0\u1ee3ng vitamin C cao l\u00e0m t\u0103ng s\u1ee9c \u0111\u1ec1 kh\u00e1ng cho c\u01a1 th\u1ec3. Ngo\u00e0i ra, nho\u00a0c\u00f2n ch\u1ee9a ch\u1ea5t Polyphenol c\u00f3 t\u00e1c d\u1ee5ng ch\u1ed1ng oxy h\u00f3a, b\u1ea3o v\u1ec7 c\u00e1c t\u1ebf b\u00e0o v\u00e0 c\u00e1c nguy\u00ean sinh ch\u1ea5t trong c\u01a1 th\u1ec3, ch\u1ed1ng l\u1ea1i s\u1ef1 h\u00ecnh th\u00e0nh c\u00e1c g\u1ed1c t\u1ef1 do. L\u01b0\u1ee3ng n\u01b0\u1edbc v\u00e0 kali trong nho cao (c\u00f3 t\u00e1c d\u1ee5ng l\u1ee3i ti\u1ec3u), gi\u00e0u ch\u1ea5t x\u01a1 (th\u00fac \u0111\u1ea9y qu\u00e1 tr\u00ecnh ti\u00eau h\u00f3a) l\u00e0m t\u0103ng kh\u1ea3 n\u0103ng th\u1ea3i \u0111\u1ed9c, c\u00f3 \u00edch trong qu\u00e1 tr\u00ecnh t\u00e1i t\u1ea1o m\u00e1u. S\u1ea3n ph\u1ea9m c\u00f3 h\u01b0\u01a1ng v\u1ecb th\u01a1m ngon, h\u1ea5p d\u1eabn, th\u00edch h\u1ee3p cho m\u1ecdi th\u00e0nh vi\u00ean trong gia \u0111\u00ecnh b\u1ea1n.<\/p>\n<p><img decoding=\"async\" class=\"aligncenter\" src=\"https:\/\/havamall.vn\/wp-content\/uploads\/2019\/03\/grape-juice-leaves.jpg\" alt=\"K\u00e1\u00ba\u00bft qu\u00e1\u00ba\u00a3 h\u00c3\u00acnh \u00e1\u00ba\u00a3nh cho grape juice\" width=\"774\" height=\"435\" \/><\/p>\n<p>N\u01b0\u1edbc \u00e9p\u00a0 nho Woongjin \u0111\u01b0\u1ee3c bi\u1ebft \u0111\u1ebfn v\u1edbi nh\u1eefng l\u1ee3i \u00edch:<\/p>\n<ol>\n<li>C\u00e1c ch\u1ea5t ch\u1ed1ng oxy h\u00f3a \u0111\u01b0\u1ee3c t\u00ecm th\u1ea5y trong n\u01b0\u1edbc nho \u0111\u01b0\u1ee3c bi\u1ebft \u0111\u1ebfn c\u00f3 t\u00e1c d\u1ee5ng gi\u00fap s\u1eeda ch\u1eefa c\u00e1c t\u1ebf b\u00e0o v\u00e0 ng\u0103n ch\u1eb7n b\u1ea5t k\u1ef3 thi\u1ec7t h\u1ea1i n\u00e0o x\u1ea3y ra th\u00eam n\u1eefa. \u0110i\u1ec1u n\u00e0y c\u00f3 ngh\u0129a l\u00e0 n\u01b0\u1edbc \u00e9p\u00a0nho l\u00e0m t\u0103ng c\u01b0\u1eddng h\u1ec7 th\u1ed1ng mi\u1ec5n d\u1ecbch c\u1ee7a b\u1ea1n. Ch\u1ea5t ch\u1ed1ng oxy h\u00f3a c\u00f3 t\u00ednh ch\u1ed1ng vi khu\u1ea9n v\u00e0 ch\u1ed1ng virut. T\u1ea5t c\u1ea3 c\u00e1c \u0111\u1eb7c t\u00ednh n\u00e0y ho\u1ea1t \u0111\u1ed9ng nh\u01b0 m\u1ed9t l\u00e1 ch\u1eafn ph\u00f2ng ch\u1ed1ng c\u00fam, l\u1ea1nh v\u00e0 virus.<\/li>\n<li>N\u1ebfu b\u1ea1n kh\u00f4ng mu\u1ed1n qu\u00ean b\u1ea5t k\u1ef3 k\u00fd \u1ee9c c\u0169 n\u00e0o c\u1ee7a m\u00ecnh, b\u1ea1n n\u00ean ng\u0103n kh\u00f4ng cho m\u00ecnh \u0111i b\u1ed9 tr\u00ean \u0111\u01b0\u1eddng \u0111\u1ebfn g\u1eb7p c\u0103n\u00a0b\u1ec7nh Alzheimer. N\u01b0\u1edbc \u00e9p\u00a0nho b\u1ea3o v\u1ec7 cho ch\u00fang ta kh\u1ecfi nhi\u1ec1u v\u1ea5n \u0111\u1ec1 li\u00ean quan \u0111\u1ebfn tu\u1ed5i t\u00e1c. N\u00f3 gi\u1eef cho n\u00e3o b\u1ea1n tr\u1ebb v\u00e0 kh\u1ecfe m\u1ea1nh.<\/li>\n<li>N\u00f3 chi\u1ebfn \u0111\u1ea5u ch\u1ed1ng l\u1ea1i nh\u1eefng c\u0103n b\u1ec7nh nguy hi\u1ec3m nh\u1ea5t nh\u01b0 l\u00e0 ung th\u01b0. N\u00f3 c\u00f3 c\u00e1c lo\u1ea1i h\u1ee3p ch\u1ea5t kh\u00f4ng ch\u1ec9 ng\u0103n ng\u1eeba ung th\u01b0 v\u00fa m\u00e0 c\u00f2n b\u1ea3o v\u1ec7 c\u01a1 th\u1ec3 kh\u1ecfi t\u1ea1o th\u00e0nh nh\u1eefng kh\u1ed1i u kh\u00f4ng mong mu\u1ed1n. C\u00e1c phenol t\u1ef1 nhi\u00ean c\u00f3 trong n\u01b0\u1edbc \u00e9p nho ho\u1ea1t \u0111\u1ed9ng nh\u01b0 m\u1ed9t\u00a0l\u00e1 ch\u1eafn sinh h\u1ecdc.<img decoding=\"async\" class=\"aligncenter\" src=\"https:\/\/havamall.vn\/wp-content\/uploads\/2019\/03\/nuoc-ep-nho-thuc-uong-giau-dinh-duong-giup-giam-can-hieu-qua.jpg\" alt=\"H\u00c3\u00acnh \u00e1\u00ba\u00a3nh c\u00c3\u00b3 li\u00c3\u00aan quan\" \/><\/li>\n<li>N\u01b0\u1edbc \u00e9p nho l\u00e0 m\u1ed9t bi\u1ec7n ph\u00e1p h\u1eefu hi\u1ec7u gi\u00fap gi\u1ea3m\u00a0\u0111au\u00a0\u0111\u1ea7u, c\u0103ng th\u1eb3ng m\u1ec7t m\u1ecfi v\u00e0 nhi\u1ec1u v\u1ea5n\u00a0\u0111\u1ec1 li\u00ean quan\u00a0\u0111\u1ebfn Stress. Vi\u1ec7c c\u1ea7n l\u00e0m c\u1ee7a b\u1ea1n l\u00e0 u\u1ed1ng m\u1ed9t ly n\u01b0\u1edbc\u00a0\u00e9p nho v\u00e0o m\u1ed7i bu\u1ed5i s\u00e1ng.<\/li>\n<li>N\u01b0\u1edbc \u00e9p\u00a0nho c\u00f3 cholesterol t\u1ed1t gi\u00fap ng\u0103n ng\u1eeba ch\u1ee9ng x\u01a1 v\u1eefa \u0111\u1ed9ng m\u1ea1ch, t\u1eafc ngh\u1ebdn \u0111\u1ed9ng m\u1ea1ch v\u00e0 c\u1ea3i thi\u1ec7n s\u1ee9c kh\u1ecfe\u00a0tim m\u1ea1ch.<\/li>\n<li>N\u00f3 l\u1ecdc t\u1ea5t c\u1ea3 c\u00e1c \u0111\u1ed9c t\u1ed1 \u0111\u1ed9c h\u1ea1i ra kh\u1ecfi m\u00e1u, l\u00e0m s\u1ea1ch c\u01a1 th\u1ec3\u00a0v\u00e0 h\u1ed7 tr\u1ee3\u00a0ch\u1eefa tr\u1ecb ch\u1ee9ng r\u1ed1i lo\u1ea1n m\u00e1u.<\/li>\n<\/ol>\n<p><img decoding=\"async\" class=\"aligncenter\" src=\"https:\/\/havamall.vn\/wp-content\/uploads\/2019\/03\/2_158627.jpg\" alt=\"K\u00e1\u00ba\u00bft qu\u00e1\u00ba\u00a3 h\u00c3\u00acnh \u00e1\u00ba\u00a3nh cho n\u00c6\u00b0\u00e1\u00bb\u009bc \u00c3\u00a9p nho\" width=\"789\" height=\"604\" \/><\/p>\n<p>S\u1ea3n ph\u1ea9m \u0111\u01b0\u1ee3c s\u1ea3n xu\u1ea5t t\u1eeb tr\u00e1i c\u00e2y nguy\u00ean ch\u1ea5t, kh\u00f4ng ph\u1ea9m m\u00e0u, kh\u00f4ng ch\u1ee9a ch\u1ea5t b\u1ea3o qu\u1ea3n, \u0111\u1ea1t ti\u00eau chu\u1ea9n an to\u00e0n v\u1ec7 sinh th\u1ef1c ph\u1ea9m.\u00a0N\u01b0\u1edbc \u00e9p nho nguy\u00ean ch\u1ea5t d\u00e0nh cho m\u1ecdi gia \u0111\u00ecnh v\u00f4 c\u00f9ng b\u1ed5 d\u01b0\u1ee1ng v\u00e0 thu\u1eadn ti\u1ec7n.<\/p>","protected":false},"excerpt":{"rendered":"<p>N\u01b0\u1edbc \u00e9p nho Woongjin xu\u1ea5t x\u1ee9 t\u1eeb H\u00e0n Qu\u1ed1c v\u1edbi h\u01b0\u01a1ng v\u1ecb th\u01a1m ngon gi\u00fap b\u1ed5 sung n\u0103ng l\u01b0\u1ee3ng v\u00e0 vitamin thi\u1ebft y\u1ebfu, cho c\u01a1 th\u1ec3 thanh nhi\u1ec7t trong nh\u1eefng ng\u00e0y n\u1eafng n\u00f3ng.<\/p>","protected":false},"featured_media":10059,"comment_status":"open","ping_status":"closed","template":"","meta":[],"product_brand":[],"product_cat":[36,135,143],"product_tag":[],"class_list":{"0":"post-10056","1":"product","2":"type-product","3":"status-publish","4":"has-post-thumbnail","6":"product_cat-thuc-pham-tieu-dung","7":"product_cat-sua-do-uong","8":"product_cat-thuc-pham-dong-hop","10":"first","11":"outofstock","12":"sale","13":"shipping-taxable","14":"purchasable","15":"product-type-simple"},"_links":{"self":[{"href":"https:\/\/havamall.vn\/en\/wp-json\/wp\/v2\/product\/10056"}],"collection":[{"href":"https:\/\/havamall.vn\/en\/wp-json\/wp\/v2\/product"}],"about":[{"href":"https:\/\/havamall.vn\/en\/wp-json\/wp\/v2\/types\/product"}],"replies":[{"embeddable":true,"href":"https:\/\/havamall.vn\/en\/wp-json\/wp\/v2\/comments?post=10056"}],"version-history":[{"count":0,"href":"https:\/\/havamall.vn\/en\/wp-json\/wp\/v2\/product\/10056\/revisions"}],"wp:featuredmedia":[{"embeddable":true,"href":"https:\/\/havamall.vn\/en\/wp-json\/wp\/v2\/media\/10059"}],"wp:attachment":[{"href":"https:\/\/havamall.vn\/en\/wp-json\/wp\/v2\/media?parent=10056"}],"wp:term":[{"taxonomy":"product_brand","embeddable":true,"href":"https:\/\/havamall.vn\/en\/wp-json\/wp\/v2\/product_brand?post=10056"},{"taxonomy":"product_cat","embeddable":true,"href":"https:\/\/havamall.vn\/en\/wp-json\/wp\/v2\/product_cat?post=10056"},{"taxonomy":"product_tag","embeddable":true,"href":"https:\/\/havamall.vn\/en\/wp-json\/wp\/v2\/product_tag?post=10056"}],"curies":[{"name":"wp","href":"https:\/\/api.w.org\/{rel}","templated":true}]}}